	{"id":7652066,"date":"2024-12-06T18:08:47","date_gmt":"2024-12-06T17:08:47","guid":{"rendered":"https:\/\/hepsi-markt.de\/produkt\/atc-schwarzkuemmeloel-100ml\/"},"modified":"2026-04-04T03:25:01","modified_gmt":"2026-04-04T01:25:01","slug":"atc-schwarzkuemmeloel-100ml","status":"publish","type":"product","link":"https:\/\/hepsi-markt.de\/tr\/produkt\/atc-schwarzkuemmeloel-100ml\/","title":{"rendered":"Atc Schwarzk\u00fcmmel\u00f6l 100ml"},"content":{"rendered":"<p>Atc Schwarzk\u00fcmmel\u00f6l 100ml<\/p>\n","protected":false},"excerpt":{"rendered":"<p>100 ML<br \/>100 Milliliter = 11,49<\/p>\n","protected":false},"featured_media":7745904,"template":"","meta":{"_acf_changed":false},"product_brand":[],"product_cat":[400],"product_tag":[],"class_list":{"0":"post-7652066","1":"product","2":"type-product","3":"status-publish","4":"has-post-thumbnail","6":"product_cat-oele-sossen-gewuerze","8":"first","9":"outofstock","10":"shipping-taxable","11":"product-type-simple"},"acf":[],"_links":{"self":[{"href":"https:\/\/hepsi-markt.de\/tr\/wp-json\/wp\/v2\/product\/7652066","targetHints":{"allow":["GET"]}}],"collection":[{"href":"https:\/\/hepsi-markt.de\/tr\/wp-json\/wp\/v2\/product"}],"about":[{"href":"https:\/\/hepsi-markt.de\/tr\/wp-json\/wp\/v2\/types\/product"}],"wp:featuredmedia":[{"embeddable":true,"href":"https:\/\/hepsi-markt.de\/tr\/wp-json\/wp\/v2\/media\/7745904"}],"wp:attachment":[{"href":"https:\/\/hepsi-markt.de\/tr\/wp-json\/wp\/v2\/media?parent=7652066"}],"wp:term":[{"taxonomy":"product_brand","embeddable":true,"href":"https:\/\/hepsi-markt.de\/tr\/wp-json\/wp\/v2\/product_brand?post=7652066"},{"taxonomy":"product_cat","embeddable":true,"href":"https:\/\/hepsi-markt.de\/tr\/wp-json\/wp\/v2\/product_cat?post=7652066"},{"taxonomy":"product_tag","embeddable":true,"href":"https:\/\/hepsi-markt.de\/tr\/wp-json\/wp\/v2\/product_tag?post=7652066"}],"curies":[{"name":"wp","href":"https:\/\/api.w.org\/{rel}","templated":true}]}}