	{"id":7651740,"date":"2024-12-06T18:04:26","date_gmt":"2024-12-06T17:04:26","guid":{"rendered":"https:\/\/hepsi-markt.de\/produkt\/oencue-tomatenmark-370g\/"},"modified":"2026-04-04T03:20:07","modified_gmt":"2026-04-04T01:20:07","slug":"oencue-tomatenmark-370g","status":"publish","type":"product","link":"https:\/\/hepsi-markt.de\/tr\/produkt\/oencue-tomatenmark-370g\/","title":{"rendered":"\u00d6nc\u00fc Tomatenmark 370g"},"content":{"rendered":"<p>\u00d6nc\u00fc Tomatenmark 370g<\/p>\n","protected":false},"excerpt":{"rendered":"<p>370 G<br \/>1000 Gramm = 3,22<\/p>\n","protected":false},"featured_media":7738422,"template":"","meta":{"_acf_changed":false},"product_brand":[],"product_cat":[395],"product_tag":[],"class_list":{"0":"post-7651740","1":"product","2":"type-product","3":"status-publish","4":"has-post-thumbnail","6":"product_cat-kochen-backen","8":"first","9":"outofstock","10":"shipping-taxable","11":"product-type-simple"},"acf":[],"_links":{"self":[{"href":"https:\/\/hepsi-markt.de\/tr\/wp-json\/wp\/v2\/product\/7651740","targetHints":{"allow":["GET"]}}],"collection":[{"href":"https:\/\/hepsi-markt.de\/tr\/wp-json\/wp\/v2\/product"}],"about":[{"href":"https:\/\/hepsi-markt.de\/tr\/wp-json\/wp\/v2\/types\/product"}],"wp:featuredmedia":[{"embeddable":true,"href":"https:\/\/hepsi-markt.de\/tr\/wp-json\/wp\/v2\/media\/7738422"}],"wp:attachment":[{"href":"https:\/\/hepsi-markt.de\/tr\/wp-json\/wp\/v2\/media?parent=7651740"}],"wp:term":[{"taxonomy":"product_brand","embeddable":true,"href":"https:\/\/hepsi-markt.de\/tr\/wp-json\/wp\/v2\/product_brand?post=7651740"},{"taxonomy":"product_cat","embeddable":true,"href":"https:\/\/hepsi-markt.de\/tr\/wp-json\/wp\/v2\/product_cat?post=7651740"},{"taxonomy":"product_tag","embeddable":true,"href":"https:\/\/hepsi-markt.de\/tr\/wp-json\/wp\/v2\/product_tag?post=7651740"}],"curies":[{"name":"wp","href":"https:\/\/api.w.org\/{rel}","templated":true}]}}