	{"id":7651502,"date":"2024-12-06T18:01:15","date_gmt":"2024-12-06T17:01:15","guid":{"rendered":"https:\/\/hepsi-markt.de\/produkt\/oez-yil-uecgen-yufka-360g\/"},"modified":"2026-04-04T03:14:47","modified_gmt":"2026-04-04T01:14:47","slug":"oez-yil-uecgen-yufka-360g","status":"publish","type":"product","link":"https:\/\/hepsi-markt.de\/tr\/produkt\/oez-yil-uecgen-yufka-360g\/","title":{"rendered":"\u00d6z-Yil \u00dccgen Yufka 360g"},"content":{"rendered":"<p> \u00d6z-Yil \u00dccgen Yufka 360g<\/p>\n","protected":false},"excerpt":{"rendered":"<p>360 g<br \/>1000 Gramm = 4,97<\/p>\n","protected":false},"featured_media":7733167,"template":"","meta":{"_acf_changed":false},"product_brand":[],"product_cat":[395],"product_tag":[],"class_list":{"0":"post-7651502","1":"product","2":"type-product","3":"status-publish","4":"has-post-thumbnail","6":"product_cat-kochen-backen","8":"first","9":"instock","10":"shipping-taxable","11":"product-type-simple"},"acf":[],"_links":{"self":[{"href":"https:\/\/hepsi-markt.de\/tr\/wp-json\/wp\/v2\/product\/7651502","targetHints":{"allow":["GET"]}}],"collection":[{"href":"https:\/\/hepsi-markt.de\/tr\/wp-json\/wp\/v2\/product"}],"about":[{"href":"https:\/\/hepsi-markt.de\/tr\/wp-json\/wp\/v2\/types\/product"}],"wp:featuredmedia":[{"embeddable":true,"href":"https:\/\/hepsi-markt.de\/tr\/wp-json\/wp\/v2\/media\/7733167"}],"wp:attachment":[{"href":"https:\/\/hepsi-markt.de\/tr\/wp-json\/wp\/v2\/media?parent=7651502"}],"wp:term":[{"taxonomy":"product_brand","embeddable":true,"href":"https:\/\/hepsi-markt.de\/tr\/wp-json\/wp\/v2\/product_brand?post=7651502"},{"taxonomy":"product_cat","embeddable":true,"href":"https:\/\/hepsi-markt.de\/tr\/wp-json\/wp\/v2\/product_cat?post=7651502"},{"taxonomy":"product_tag","embeddable":true,"href":"https:\/\/hepsi-markt.de\/tr\/wp-json\/wp\/v2\/product_tag?post=7651502"}],"curies":[{"name":"wp","href":"https:\/\/api.w.org\/{rel}","templated":true}]}}