	{"id":6618,"date":"2022-02-24T15:59:55","date_gmt":"2022-02-24T14:59:55","guid":{"rendered":"https:\/\/hepsi-markt.de\/hediye-karti\/"},"modified":"2024-12-11T09:40:52","modified_gmt":"2024-12-11T08:40:52","slug":"hediye-karti","status":"publish","type":"page","link":"https:\/\/hepsi-markt.de\/tr\/hediye-karti\/","title":{"rendered":"Hediye kart\u0131"},"content":{"rendered":"\t\t<div data-elementor-type=\"wp-page\" data-elementor-id=\"6618\" class=\"elementor elementor-6618 elementor-3370\" data-elementor-post-type=\"page\">\n\t\t\t\t\t\t<section class=\"elementor-section elementor-top-section elementor-element elementor-element-2370ac01 elementor-section-full_width elementor-section-height-default elementor-section-height-default\" data-id=\"2370ac01\" data-element_type=\"section\">\n\t\t\t\t\t\t<div class=\"elementor-container elementor-column-gap-default\">\n\t\t\t\t\t<div class=\"elementor-column elementor-col-100 elementor-top-column elementor-element elementor-element-38de9ee2\" data-id=\"38de9ee2\" data-element_type=\"column\">\n\t\t\t<div class=\"elementor-widget-wrap\">\n\t\t\t\t\t\t\t<\/div>\n\t\t<\/div>\n\t\t\t\t\t<\/div>\n\t\t<\/section>\n\t\t\t\t<section class=\"elementor-section elementor-top-section elementor-element elementor-element-4efe565 elementor-section-full_width elementor-section-stretched elementor-section-height-default elementor-section-height-default\" data-id=\"4efe565\" data-element_type=\"section\" data-settings=\"{&quot;stretch_section&quot;:&quot;section-stretched&quot;}\">\n\t\t\t\t\t\t<div class=\"elementor-container elementor-column-gap-default\">\n\t\t\t\t\t<div class=\"elementor-column elementor-col-100 elementor-top-column elementor-element elementor-element-9472e8c\" data-id=\"9472e8c\" data-element_type=\"column\">\n\t\t\t<div class=\"elementor-widget-wrap elementor-element-populated\">\n\t\t\t\t\t\t<div class=\"elementor-element elementor-element-2e418f6 elementor-widget elementor-widget-heading\" data-id=\"2e418f6\" data-element_type=\"widget\" data-widget_type=\"heading.default\">\n\t\t\t\t<div class=\"elementor-widget-container\">\n\t\t\t\t\t<h1 class=\"elementor-heading-title elementor-size-default\">Hepsi-Hediye kart\u0131<\/h1>\t\t\t\t<\/div>\n\t\t\t\t<\/div>\n\t\t\t\t<div class=\"elementor-element elementor-element-3653f52 elementor-widget elementor-widget-spacer\" data-id=\"3653f52\" data-element_type=\"widget\" data-widget_type=\"spacer.default\">\n\t\t\t\t<div class=\"elementor-widget-container\">\n\t\t\t\t\t\t\t<div class=\"elementor-spacer\">\n\t\t\t<div class=\"elementor-spacer-inner\"><\/div>\n\t\t<\/div>\n\t\t\t\t\t\t<\/div>\n\t\t\t\t<\/div>\n\t\t\t\t\t<\/div>\n\t\t<\/div>\n\t\t\t\t\t<\/div>\n\t\t<\/section>\n\t\t\t\t<section class=\"elementor-section elementor-top-section elementor-element elementor-element-6a399a98 elementor-section-boxed elementor-section-height-default elementor-section-height-default\" data-id=\"6a399a98\" data-element_type=\"section\">\n\t\t\t\t\t\t<div class=\"elementor-container elementor-column-gap-default\">\n\t\t\t\t\t<div class=\"elementor-column elementor-col-100 elementor-top-column elementor-element elementor-element-50c549f3\" data-id=\"50c549f3\" data-element_type=\"column\">\n\t\t\t<div class=\"elementor-widget-wrap elementor-element-populated\">\n\t\t\t\t\t\t<div class=\"elementor-element elementor-element-304b6f13 elementor-widget elementor-widget-text-editor\" data-id=\"304b6f13\" data-element_type=\"widget\" data-widget_type=\"text-editor.default\">\n\t\t\t\t<div class=\"elementor-widget-container\">\n\t\t\t\t\t\t\t\t\t<h4><b>HepsiHediye kart\u0131 bunu m\u00fcmk\u00fcn k\u0131l\u0131yor: art\u0131k t\u00fcm \u00fcr\u00fcn yelpazesi cebinize s\u0131\u011f\u0131yor.<\/b><\/h4>\n<h4>HepsiPara vermek ge\u00e7mi\u015fte kald\u0131 &#8211; hediye kart\u0131 ile tazelik, kalite ve keyif hediye edebilirsiniz. \u0130ster akrabalara, ister arkada\u015flara veya \u00e7al\u0131\u015fanlara &#8211; her durum i\u00e7in uygun! Kullan\u0131\u015fl\u0131 kartvizit format\u0131ndaki Hepsi, her ma\u011fazada kasada mevcuttur.<br \/>\nVe t\u00fcm Hepsi bununla \u00f6deme yapabilirsiniz.  Hediye vermek ve al\u0131\u015fveri\u015f yapmak \u00e7ok kolay!<\/h4>\n<p>\u0130ki versiyon vard\u0131r: biri 20 \u20ac sabit kredi bakiyesi ve di\u011feri 5 \u20ac ile 250 \u20ac aras\u0131nda de\u011fi\u015fken kredi bakiyesi.<\/p>\n\t\t\t\t\t\t\t\t<\/div>\n\t\t\t\t<\/div>\n\t\t\t\t\t<\/div>\n\t\t<\/div>\n\t\t\t\t\t<\/div>\n\t\t<\/section>\n\t\t\t\t<section class=\"elementor-section elementor-top-section elementor-element elementor-element-9b33496 elementor-section-boxed elementor-section-height-default elementor-section-height-default\" data-id=\"9b33496\" data-element_type=\"section\">\n\t\t\t\t\t\t<div class=\"elementor-container elementor-column-gap-default\">\n\t\t\t\t\t<div class=\"elementor-column elementor-col-100 elementor-top-column elementor-element elementor-element-4167da9\" data-id=\"4167da9\" data-element_type=\"column\">\n\t\t\t<div class=\"elementor-widget-wrap elementor-element-populated\">\n\t\t\t\t\t\t<div class=\"elementor-element elementor-element-73c9ebd elementor-widget elementor-widget-spacer\" data-id=\"73c9ebd\" data-element_type=\"widget\" data-widget_type=\"spacer.default\">\n\t\t\t\t<div class=\"elementor-widget-container\">\n\t\t\t\t\t\t\t<div class=\"elementor-spacer\">\n\t\t\t<div class=\"elementor-spacer-inner\"><\/div>\n\t\t<\/div>\n\t\t\t\t\t\t<\/div>\n\t\t\t\t<\/div>\n\t\t\t\t\t<\/div>\n\t\t<\/div>\n\t\t\t\t\t<\/div>\n\t\t<\/section>\n\t\t\t\t<section class=\"elementor-section elementor-top-section elementor-element elementor-element-5721233 elementor-section-boxed elementor-section-height-default elementor-section-height-default\" data-id=\"5721233\" data-element_type=\"section\">\n\t\t\t\t\t\t<div class=\"elementor-container elementor-column-gap-default\">\n\t\t\t\t\t<div class=\"elementor-column elementor-col-50 elementor-top-column elementor-element elementor-element-da0cd9c\" data-id=\"da0cd9c\" data-element_type=\"column\">\n\t\t\t<div class=\"elementor-widget-wrap elementor-element-populated\">\n\t\t\t\t\t\t<div class=\"elementor-element elementor-element-1c71bf9 elementor-widget elementor-widget-image\" data-id=\"1c71bf9\" data-element_type=\"widget\" data-widget_type=\"image.default\">\n\t\t\t\t<div class=\"elementor-widget-container\">\n\t\t\t\t\t\t\t\t\t\t\t\t\t\t\t<img fetchpriority=\"high\" decoding=\"async\" width=\"693\" height=\"1024\" src=\"https:\/\/hepsi-markt.de\/wp-content\/uploads\/2023\/07\/Geschenkkarte-20-693x1024.webp\" class=\"attachment-large size-large wp-image-5577\" alt=\"\" srcset=\"https:\/\/hepsi-markt.de\/wp-content\/uploads\/2023\/07\/Geschenkkarte-20-693x1024.webp 693w, https:\/\/hepsi-markt.de\/wp-content\/uploads\/2023\/07\/Geschenkkarte-20-500x738.webp 500w, https:\/\/hepsi-markt.de\/wp-content\/uploads\/2023\/07\/Geschenkkarte-20-203x300.webp 203w, https:\/\/hepsi-markt.de\/wp-content\/uploads\/2023\/07\/Geschenkkarte-20-768x1134.webp 768w, https:\/\/hepsi-markt.de\/wp-content\/uploads\/2023\/07\/Geschenkkarte-20.webp 1040w\" sizes=\"(max-width: 693px) 100vw, 693px\" \/>\t\t\t\t\t\t\t\t\t\t\t\t\t\t\t<\/div>\n\t\t\t\t<\/div>\n\t\t\t\t\t<\/div>\n\t\t<\/div>\n\t\t\t\t<div class=\"elementor-column elementor-col-50 elementor-top-column elementor-element elementor-element-937fa6d\" data-id=\"937fa6d\" data-element_type=\"column\">\n\t\t\t<div class=\"elementor-widget-wrap elementor-element-populated\">\n\t\t\t\t\t\t<div class=\"elementor-element elementor-element-e7365e2 elementor-widget elementor-widget-image\" data-id=\"e7365e2\" data-element_type=\"widget\" data-widget_type=\"image.default\">\n\t\t\t\t<div class=\"elementor-widget-container\">\n\t\t\t\t\t\t\t\t\t\t\t\t\t\t\t<img decoding=\"async\" width=\"693\" height=\"1024\" src=\"https:\/\/hepsi-markt.de\/wp-content\/uploads\/2023\/07\/Geschenkkarte-250-693x1024.webp\" class=\"attachment-large size-large wp-image-5576\" alt=\"\" srcset=\"https:\/\/hepsi-markt.de\/wp-content\/uploads\/2023\/07\/Geschenkkarte-250-693x1024.webp 693w, https:\/\/hepsi-markt.de\/wp-content\/uploads\/2023\/07\/Geschenkkarte-250-500x738.webp 500w, https:\/\/hepsi-markt.de\/wp-content\/uploads\/2023\/07\/Geschenkkarte-250-203x300.webp 203w, https:\/\/hepsi-markt.de\/wp-content\/uploads\/2023\/07\/Geschenkkarte-250-768x1134.webp 768w, https:\/\/hepsi-markt.de\/wp-content\/uploads\/2023\/07\/Geschenkkarte-250.webp 1040w\" sizes=\"(max-width: 693px) 100vw, 693px\" \/>\t\t\t\t\t\t\t\t\t\t\t\t\t\t\t<\/div>\n\t\t\t\t<\/div>\n\t\t\t\t\t<\/div>\n\t\t<\/div>\n\t\t\t\t\t<\/div>\n\t\t<\/section>\n\t\t\t\t<section class=\"elementor-section elementor-top-section elementor-element elementor-element-bf062ea elementor-section-boxed elementor-section-height-default elementor-section-height-default\" data-id=\"bf062ea\" data-element_type=\"section\">\n\t\t\t\t\t\t<div class=\"elementor-container elementor-column-gap-default\">\n\t\t\t\t\t<div class=\"elementor-column elementor-col-100 elementor-top-column elementor-element elementor-element-5fe37cf\" data-id=\"5fe37cf\" data-element_type=\"column\">\n\t\t\t<div class=\"elementor-widget-wrap elementor-element-populated\">\n\t\t\t\t\t\t<div class=\"elementor-element elementor-element-cf041f9 elementor-widget elementor-widget-spacer\" data-id=\"cf041f9\" data-element_type=\"widget\" data-widget_type=\"spacer.default\">\n\t\t\t\t<div class=\"elementor-widget-container\">\n\t\t\t\t\t\t\t<div class=\"elementor-spacer\">\n\t\t\t<div class=\"elementor-spacer-inner\"><\/div>\n\t\t<\/div>\n\t\t\t\t\t\t<\/div>\n\t\t\t\t<\/div>\n\t\t\t\t\t<\/div>\n\t\t<\/div>\n\t\t\t\t\t<\/div>\n\t\t<\/section>\n\t\t\t\t<section class=\"elementor-section elementor-top-section elementor-element elementor-element-cb50428 elementor-section-boxed elementor-section-height-default elementor-section-height-default\" data-id=\"cb50428\" data-element_type=\"section\">\n\t\t\t\t\t\t<div class=\"elementor-container elementor-column-gap-default\">\n\t\t\t\t\t<div class=\"elementor-column elementor-col-100 elementor-top-column elementor-element elementor-element-5e69d08\" data-id=\"5e69d08\" data-element_type=\"column\">\n\t\t\t<div class=\"elementor-widget-wrap elementor-element-populated\">\n\t\t\t\t\t\t<div class=\"elementor-element elementor-element-d1d8efa elementor-widget elementor-widget-text-editor\" data-id=\"d1d8efa\" data-element_type=\"widget\" data-widget_type=\"text-editor.default\">\n\t\t\t\t<div class=\"elementor-widget-container\">\n\t\t\t\t\t\t\t\t\t<h2>HepsiHediye kartlar\u0131 hakk\u0131nda bilgi<\/h2>\n<p>Hepsi HepsiA\u015fa\u011f\u0131dakiler, Almanya&#8217;daki ma\u011fazalardan sat\u0131n al\u0131nabilen hediye kartlar\u0131 i\u00e7in ge\u00e7erlidir:<\/p>\n<ul>\n<li>her si\u0307pari\u0307\u015f i\u0307\u015flemi\u0307nde sadece bi\u0307r hedi\u0307ye karti kullanilabi\u0307li\u0307r<\/li>\n<li>kartta kalan herhangi bir tutar<\/li>\n<li>nakit \u00f6deme ne yaz\u0131k ki m\u00fcmk\u00fcn de\u011fildir<\/li>\n<\/ul>\n\t\t\t\t\t\t\t\t<\/div>\n\t\t\t\t<\/div>\n\t\t\t\t\t<\/div>\n\t\t<\/div>\n\t\t\t\t\t<\/div>\n\t\t<\/section>\n\t\t\t\t<section class=\"elementor-section elementor-top-section elementor-element elementor-element-7e09809 elementor-section-boxed elementor-section-height-default elementor-section-height-default\" data-id=\"7e09809\" data-element_type=\"section\">\n\t\t\t\t\t\t<div class=\"elementor-container elementor-column-gap-default\">\n\t\t\t\t\t<div class=\"elementor-column elementor-col-100 elementor-top-column elementor-element elementor-element-804fa64\" data-id=\"804fa64\" data-element_type=\"column\">\n\t\t\t<div class=\"elementor-widget-wrap elementor-element-populated\">\n\t\t\t\t\t\t<div class=\"elementor-element elementor-element-b9208d0 elementor-widget elementor-widget-text-editor\" data-id=\"b9208d0\" data-element_type=\"widget\" data-widget_type=\"text-editor.default\">\n\t\t\t\t<div class=\"elementor-widget-container\">\n\t\t\t\t\t\t\t\t\t<h3>L\u00fctfen kart\u0131, kart numaras\u0131n\u0131 ve sat\u0131n alma belgesini g\u00fcvenli bir yerde saklay\u0131n.<\/h3>\n<p>Yay\u0131nc\u0131: Hepsi Markt K\u00fcppersteger Str. 3, 51373 Leverkusen.\nKart, t\u00fcm Hepsi \u015fubelerinde istenilen say\u0131da \u00f6deme i\u00e7in de\u011feri kadar kullan\u0131labiliyor.   <br>\u00d6deme s\u0131ras\u0131nda kredi sorgusu m\u00fcmk\u00fcnd\u00fcr. Kart hakk\u0131nda herhangi bir sorunuz varsa veya kart ar\u0131zal\u0131 ya da kay\u0131psa, l\u00fctfen personelimizle ileti\u015fime ge\u00e7in veya info@hepsi-markt.de adresini ziyaret edin. Etkinle\u015ftirilmi\u015f bir kart\u0131 iade etme hakk\u0131 yok, (kalan) kredinin \u00f6denmesi yok. Kart, aktivasyon tarihinden itibaren 36 ay boyunca ge\u00e7erlidir.<\/p>\t\t\t\t\t\t\t\t<\/div>\n\t\t\t\t<\/div>\n\t\t\t\t\t<\/div>\n\t\t<\/div>\n\t\t\t\t\t<\/div>\n\t\t<\/section>\n\t\t\t\t<section class=\"elementor-section elementor-top-section elementor-element elementor-element-5210859 elementor-section-boxed elementor-section-height-default elementor-section-height-default\" data-id=\"5210859\" data-element_type=\"section\">\n\t\t\t\t\t\t<div class=\"elementor-container elementor-column-gap-default\">\n\t\t\t\t\t<div class=\"elementor-column elementor-col-100 elementor-top-column elementor-element elementor-element-3c9360d\" data-id=\"3c9360d\" data-element_type=\"column\">\n\t\t\t<div class=\"elementor-widget-wrap elementor-element-populated\">\n\t\t\t\t\t\t<div class=\"elementor-element elementor-element-c356def elementor-widget elementor-widget-image\" data-id=\"c356def\" data-element_type=\"widget\" data-widget_type=\"image.default\">\n\t\t\t\t<div class=\"elementor-widget-container\">\n\t\t\t\t\t\t\t\t\t\t\t\t<figure class=\"wp-caption\">\n\t\t\t\t\t\t\t\t\t\t\t<a href=\"https:\/\/hepsi-markt.de\/wp-content\/uploads\/2023\/07\/AGBs-Hepsi-Geschenkkarten.pdf\" target=\"_blank\">\n\t\t\t\t\t\t\t<img decoding=\"async\" width=\"300\" height=\"300\" src=\"https:\/\/hepsi-markt.de\/wp-content\/uploads\/2023\/07\/pdf-icon-2-300x300.png\" class=\"attachment-medium size-medium wp-image-5578\" alt=\"\" srcset=\"https:\/\/hepsi-markt.de\/wp-content\/uploads\/2023\/07\/pdf-icon-2-300x300.png 300w, https:\/\/hepsi-markt.de\/wp-content\/uploads\/2023\/07\/pdf-icon-2-500x500.png 500w, https:\/\/hepsi-markt.de\/wp-content\/uploads\/2023\/07\/pdf-icon-2-100x100.png 100w, https:\/\/hepsi-markt.de\/wp-content\/uploads\/2023\/07\/pdf-icon-2-150x150.png 150w, https:\/\/hepsi-markt.de\/wp-content\/uploads\/2023\/07\/pdf-icon-2.png 512w\" sizes=\"(max-width: 300px) 100vw, 300px\" \/>\t\t\t\t\t\t\t\t<\/a>\n\t\t\t\t\t\t\t\t\t\t\t<figcaption class=\"widget-image-caption wp-caption-text\">Hepsi\u015eartlar ve ko\u015fullar -Hediye kartlar\u0131<\/figcaption>\n\t\t\t\t\t\t\t\t\t\t<\/figure>\n\t\t\t\t\t\t\t\t\t<\/div>\n\t\t\t\t<\/div>\n\t\t\t\t<div class=\"elementor-element elementor-element-18ca206 elementor-widget elementor-widget-spacer\" data-id=\"18ca206\" data-element_type=\"widget\" data-widget_type=\"spacer.default\">\n\t\t\t\t<div class=\"elementor-widget-container\">\n\t\t\t\t\t\t\t<div class=\"elementor-spacer\">\n\t\t\t<div class=\"elementor-spacer-inner\"><\/div>\n\t\t<\/div>\n\t\t\t\t\t\t<\/div>\n\t\t\t\t<\/div>\n\t\t\t\t\t<\/div>\n\t\t<\/div>\n\t\t\t\t\t<\/div>\n\t\t<\/section>\n\t\t\t\t<\/div>\n\t\t","protected":false},"excerpt":{"rendered":"<p>Hepsi-Hediye kart\u0131 HepsiHediye kart\u0131 bunu m\u00fcmk\u00fcn k\u0131l\u0131yor: art\u0131k t\u00fcm \u00fcr\u00fcn yelpazesi cebinize s\u0131\u011f\u0131yor. HepsiPara vermek ge\u00e7mi\u015fte kald\u0131 &#8211; hediye kart\u0131 ile tazelik, kalite ve keyif hediye edebilirsiniz. \u0130ster akrabalara, ister arkada\u015flara veya \u00e7al\u0131\u015fanlara &#8211; her durum i\u00e7in uygun! Kullan\u0131\u015fl\u0131 kartvizit format\u0131ndaki Hepsi, her ma\u011fazada kasada mevcuttur. Ve t\u00fcm Hepsi bununla \u00f6deme yapabilirsiniz. Hediye vermek ve [&hellip;]<\/p>\n","protected":false},"author":1,"featured_media":0,"parent":0,"menu_order":0,"comment_status":"closed","ping_status":"closed","template":"elementor_header_footer","meta":{"_acf_changed":false,"footnotes":""},"class_list":["post-6618","page","type-page","status-publish","hentry"],"acf":[],"_links":{"self":[{"href":"https:\/\/hepsi-markt.de\/tr\/wp-json\/wp\/v2\/pages\/6618","targetHints":{"allow":["GET"]}}],"collection":[{"href":"https:\/\/hepsi-markt.de\/tr\/wp-json\/wp\/v2\/pages"}],"about":[{"href":"https:\/\/hepsi-markt.de\/tr\/wp-json\/wp\/v2\/types\/page"}],"author":[{"embeddable":true,"href":"https:\/\/hepsi-markt.de\/tr\/wp-json\/wp\/v2\/users\/1"}],"replies":[{"embeddable":true,"href":"https:\/\/hepsi-markt.de\/tr\/wp-json\/wp\/v2\/comments?post=6618"}],"version-history":[{"count":2,"href":"https:\/\/hepsi-markt.de\/tr\/wp-json\/wp\/v2\/pages\/6618\/revisions"}],"predecessor-version":[{"id":7660786,"href":"https:\/\/hepsi-markt.de\/tr\/wp-json\/wp\/v2\/pages\/6618\/revisions\/7660786"}],"wp:attachment":[{"href":"https:\/\/hepsi-markt.de\/tr\/wp-json\/wp\/v2\/media?parent=6618"}],"curies":[{"name":"wp","href":"https:\/\/api.w.org\/{rel}","templated":true}]}}