	{"id":6341,"date":"2021-04-29T15:16:21","date_gmt":"2021-04-29T13:16:21","guid":{"rendered":"https:\/\/hepsi-markt.de\/kariyer\/kariyer-egitimi\/"},"modified":"2024-12-11T09:43:55","modified_gmt":"2024-12-11T08:43:55","slug":"kariyer-egitimi","status":"publish","type":"page","link":"https:\/\/hepsi-markt.de\/tr\/kariyer\/kariyer-egitimi\/","title":{"rendered":"Kariyer e\u011fitimi"},"content":{"rendered":"\t\t<div data-elementor-type=\"wp-page\" data-elementor-id=\"6341\" class=\"elementor elementor-6341 elementor-979\" data-elementor-post-type=\"page\">\n\t\t\t\t\t\t<section class=\"elementor-section elementor-top-section elementor-element elementor-element-48f48d0 elementor-section-full_width elementor-section-height-default elementor-section-height-default\" data-id=\"48f48d0\" data-element_type=\"section\">\n\t\t\t\t\t\t<div class=\"elementor-container elementor-column-gap-default\">\n\t\t\t\t\t<div class=\"elementor-column elementor-col-100 elementor-top-column elementor-element elementor-element-60270c0\" data-id=\"60270c0\" data-element_type=\"column\">\n\t\t\t<div class=\"elementor-widget-wrap\">\n\t\t\t\t\t\t\t<\/div>\n\t\t<\/div>\n\t\t\t\t\t<\/div>\n\t\t<\/section>\n\t\t\t\t<section class=\"elementor-section elementor-top-section elementor-element elementor-element-25fe2d43 elementor-section-full_width elementor-section-stretched elementor-section-height-default elementor-section-height-default\" data-id=\"25fe2d43\" data-element_type=\"section\" data-settings=\"{&quot;stretch_section&quot;:&quot;section-stretched&quot;}\">\n\t\t\t\t\t\t<div class=\"elementor-container elementor-column-gap-default\">\n\t\t\t\t\t<div class=\"elementor-column elementor-col-100 elementor-top-column elementor-element elementor-element-6b8828f\" data-id=\"6b8828f\" data-element_type=\"column\">\n\t\t\t<div class=\"elementor-widget-wrap elementor-element-populated\">\n\t\t\t\t\t\t<div class=\"elementor-element elementor-element-52b5a3dc elementor-widget elementor-widget-heading\" data-id=\"52b5a3dc\" data-element_type=\"widget\" data-widget_type=\"heading.default\">\n\t\t\t\t<div class=\"elementor-widget-container\">\n\t\t\t\t\t<h1 class=\"elementor-heading-title elementor-size-default\">Sat\u0131\u015f e\u011fitimi<\/h1>\t\t\t\t<\/div>\n\t\t\t\t<\/div>\n\t\t\t\t\t<\/div>\n\t\t<\/div>\n\t\t\t\t\t<\/div>\n\t\t<\/section>\n\t\t\t\t<section class=\"elementor-section elementor-top-section elementor-element elementor-element-51bf2141 elementor-section-boxed elementor-section-height-default elementor-section-height-default\" data-id=\"51bf2141\" data-element_type=\"section\">\n\t\t\t\t\t\t<div class=\"elementor-container elementor-column-gap-default\">\n\t\t\t\t\t<div class=\"elementor-column elementor-col-100 elementor-top-column elementor-element elementor-element-ed99733\" data-id=\"ed99733\" data-element_type=\"column\">\n\t\t\t<div class=\"elementor-widget-wrap elementor-element-populated\">\n\t\t\t\t\t\t<div class=\"elementor-element elementor-element-3ce5266 elementor-widget elementor-widget-spacer\" data-id=\"3ce5266\" data-element_type=\"widget\" data-widget_type=\"spacer.default\">\n\t\t\t\t<div class=\"elementor-widget-container\">\n\t\t\t\t\t\t\t<div class=\"elementor-spacer\">\n\t\t\t<div class=\"elementor-spacer-inner\"><\/div>\n\t\t<\/div>\n\t\t\t\t\t\t<\/div>\n\t\t\t\t<\/div>\n\t\t\t\t<div class=\"elementor-element elementor-element-30c5253e elementor-widget elementor-widget-text-editor\" data-id=\"30c5253e\" data-element_type=\"widget\" data-widget_type=\"text-editor.default\">\n\t\t\t\t<div class=\"elementor-widget-container\">\n\t\t\t\t\t\t\t\t\t<h3>E\u011fitim ba\u015flang\u0131c\u0131: 1 A\u011fustos<\/h3>\n<\/p>\n<h4><strong> Hepsi Kariyerinize ba\u015flamak<\/strong>, sadece orada olmak yerine en ba\u015f\u0131ndan itibaren i\u015flerin i\u00e7inde olmak, sorumluluk almak ve s\u00fcrekli yeni \u015feyler \u00f6\u011frenmek <strong> anlam\u0131na gelir.<\/strong>  Bizimle, kendiniz ve gelece\u011finiz i\u00e7in her g\u00fcn biraz daha fazlas\u0131n\u0131 m\u00fcmk\u00fcn k\u0131labilir ve ayn\u0131 zamanda \u00e7ok e\u011flenebilirsiniz. Birlikte \u00e7al\u0131\u015fmak, elini ta\u015f\u0131n alt\u0131na koymak ve her zaman fazladan yol kat etmek &#8211; ve bunun i\u00e7in adil bir \u015fekilde \u00f6deme almak: Hepsi Ekip b\u00f6yle \u00e7al\u0131\u015f\u0131r.<\/h4>\n\t\t\t\t\t\t\t\t<\/div>\n\t\t\t\t<\/div>\n\t\t\t\t<div class=\"elementor-element elementor-element-7b2da0f8 elementor-widget elementor-widget-image\" data-id=\"7b2da0f8\" data-element_type=\"widget\" data-widget_type=\"image.default\">\n\t\t\t\t<div class=\"elementor-widget-container\">\n\t\t\t\t\t\t\t\t\t\t\t\t\t\t\t<img fetchpriority=\"high\" decoding=\"async\" width=\"1600\" height=\"800\" src=\"https:\/\/hepsi-markt.de\/wp-content\/uploads\/2024\/11\/Hepsi-Azubi.jpg\" class=\"attachment-full size-full wp-image-7639304\" alt=\"Hepsi-Azubi\" srcset=\"https:\/\/hepsi-markt.de\/wp-content\/uploads\/2024\/11\/Hepsi-Azubi.jpg 1600w, https:\/\/hepsi-markt.de\/wp-content\/uploads\/2024\/11\/Hepsi-Azubi-300x150.jpg 300w, https:\/\/hepsi-markt.de\/wp-content\/uploads\/2024\/11\/Hepsi-Azubi-1024x512.jpg 1024w, https:\/\/hepsi-markt.de\/wp-content\/uploads\/2024\/11\/Hepsi-Azubi-768x384.jpg 768w, https:\/\/hepsi-markt.de\/wp-content\/uploads\/2024\/11\/Hepsi-Azubi-1536x768.jpg 1536w, https:\/\/hepsi-markt.de\/wp-content\/uploads\/2024\/11\/Hepsi-Azubi-500x250.jpg 500w\" sizes=\"(max-width: 1600px) 100vw, 1600px\" \/>\t\t\t\t\t\t\t\t\t\t\t\t\t\t\t<\/div>\n\t\t\t\t<\/div>\n\t\t\t\t\t<\/div>\n\t\t<\/div>\n\t\t\t\t\t<\/div>\n\t\t<\/section>\n\t\t\t\t<section class=\"elementor-section elementor-top-section elementor-element elementor-element-26ac7e5e elementor-section-boxed elementor-section-height-default elementor-section-height-default\" data-id=\"26ac7e5e\" data-element_type=\"section\">\n\t\t\t\t\t\t<div class=\"elementor-container elementor-column-gap-default\">\n\t\t\t\t\t<div class=\"elementor-column elementor-col-100 elementor-top-column elementor-element elementor-element-5f5e375d\" data-id=\"5f5e375d\" data-element_type=\"column\">\n\t\t\t<div class=\"elementor-widget-wrap elementor-element-populated\">\n\t\t\t\t\t\t<div class=\"elementor-element elementor-element-803e96a elementor-widget elementor-widget-spacer\" data-id=\"803e96a\" data-element_type=\"widget\" data-widget_type=\"spacer.default\">\n\t\t\t\t<div class=\"elementor-widget-container\">\n\t\t\t\t\t\t\t<div class=\"elementor-spacer\">\n\t\t\t<div class=\"elementor-spacer-inner\"><\/div>\n\t\t<\/div>\n\t\t\t\t\t\t<\/div>\n\t\t\t\t<\/div>\n\t\t\t\t<div class=\"elementor-element elementor-element-74e0295b elementor-widget elementor-widget-text-editor\" data-id=\"74e0295b\" data-element_type=\"widget\" data-widget_type=\"text-editor.default\">\n\t\t\t\t<div class=\"elementor-widget-container\">\n\t\t\t\t\t\t\t\t\t<h2>\u0130\u00e7inde Hepsi-Markt a\u015fa\u011f\u0131daki e\u011fitim programlar\u0131n\u0131 yapabilirsiniz:<\/h2>\n\t\t\t\t\t\t\t\t<\/div>\n\t\t\t\t<\/div>\n\t\t\t\t\t<\/div>\n\t\t<\/div>\n\t\t\t\t\t<\/div>\n\t\t<\/section>\n\t\t\t\t<section class=\"elementor-section elementor-top-section elementor-element elementor-element-5d520002 elementor-section-boxed elementor-section-height-default elementor-section-height-default\" data-id=\"5d520002\" data-element_type=\"section\">\n\t\t\t\t\t\t<div class=\"elementor-container elementor-column-gap-default\">\n\t\t\t\t\t<div class=\"elementor-column elementor-col-100 elementor-top-column elementor-element elementor-element-4749ffb6\" data-id=\"4749ffb6\" data-element_type=\"column\">\n\t\t\t<div class=\"elementor-widget-wrap elementor-element-populated\">\n\t\t\t\t\t\t<div class=\"elementor-element elementor-element-45c71890 elementor-widget elementor-widget-toggle\" data-id=\"45c71890\" data-element_type=\"widget\" data-widget_type=\"toggle.default\">\n\t\t\t\t<div class=\"elementor-widget-container\">\n\t\t\t\t\t\t\t<div class=\"elementor-toggle\">\n\t\t\t\t\t\t\t<div class=\"elementor-toggle-item\">\n\t\t\t\t\t<div id=\"elementor-tab-title-1171\" class=\"elementor-tab-title\" data-tab=\"1\" role=\"button\" aria-controls=\"elementor-tab-content-1171\" aria-expanded=\"false\">\n\t\t\t\t\t\t\t\t\t\t\t\t<span class=\"elementor-toggle-icon elementor-toggle-icon-left\" aria-hidden=\"true\">\n\t\t\t\t\t\t\t\t\t\t\t\t\t\t\t<span class=\"elementor-toggle-icon-closed\"><i class=\"fas fa-info-circle\"><\/i><\/span>\n\t\t\t\t\t\t\t\t<span class=\"elementor-toggle-icon-opened\"><i class=\"elementor-toggle-icon-opened fas fa-arrow-alt-circle-down\"><\/i><\/span>\n\t\t\t\t\t\t\t\t\t\t\t\t\t<\/span>\n\t\t\t\t\t\t\t\t\t\t\t\t<a class=\"elementor-toggle-title\" tabindex=\"0\">Sat\u0131\u015f Eleman\u0131 (e\/k\/d), s\u00fcre: 2 y\u0131l  <\/a>\n\t\t\t\t\t<\/div>\n\n\t\t\t\t\t<div id=\"elementor-tab-content-1171\" class=\"elementor-tab-content elementor-clearfix\" data-tab=\"1\" role=\"region\" aria-labelledby=\"elementor-tab-title-1171\"><h3> <\/h3>\n<div class=\"jobsub\">G\u00f6revleriniz<\/div>\n<h4>Hepsi2 y\u0131ll\u0131k staj\u0131n\u0131z boyunca perakendecilikte nelerin \u00f6nemli oldu\u011funu ve ma\u011fazalar\u0131m\u0131zda kalite, tazelik ve temizlik ile ba\u015far\u0131l\u0131 bir al\u0131\u015fveri\u015f deneyimini nas\u0131l sa\u011flad\u0131\u011f\u0131m\u0131z\u0131 \u00f6\u011freneceksiniz. \u0130ster mallar\u0131 temizleyip sunun, ister pi\u015firin ya da paraya \u00e7evirin: \u0130\u015fin i\u00e7ine giriyor ve elinizden geleni yap\u0131yorsunuz. Gelen mallar\u0131 kontrol edecek, stok say\u0131m\u0131na yard\u0131mc\u0131 olacak ve m\u00fc\u015fterilerimize tavsiye ve destek sa\u011flayacaks\u0131n\u0131z. Becerilerinizi daha da geli\u015ftirmek i\u00e7in e\u011fitim kurslar\u0131na ve heyecan verici stajyer projelerine kat\u0131lacaks\u0131n\u0131z.<\/h4>\n<h3> <\/h3>\n<div class=\"jobsub\">Profiliniz<\/div>\n<ul>\n<li>Ba\u015far\u0131l\u0131 mezuniyet<\/li>\n<li>G\u00fcvenilir ve kararl\u0131 \u00e7al\u0131\u015fma \u015fekli<\/li>\n<li>Tak\u0131m ruhu, samimiyet ve insanlarla ilgilenmekten keyif alma<\/li>\n<li>\u015eubenizin \u00e7al\u0131\u015fma saatleri i\u00e7inde zaman esnekli\u011fi<\/li>\n<\/ul>\n<div class=\"jobsub\">Avantajlar\u0131n\u0131z<\/div>\n<ul>\n<li>1.100 \u20ac\/ay i\u00e7inde 1. y\u0131l, ayl\u0131k 1.200 \u20ac 2. y\u0131l, (tam zamanl\u0131)<\/li>\n<li>Deneyimli e\u011fitmenler taraf\u0131ndan bireysel destek, te\u015fvik ve g\u00f6zetim<\/li>\n<li>Giderek daha fazla sorumluluk alarak mesleki ve ki\u015fisel geli\u015fim<\/li>\n<li>\u00c7e\u015fitli g\u00f6revler ve projeler<\/li>\n<li>Final s\u0131nav\u0131n\u0131 ba\u015far\u0131yla ge\u00e7tikten sonra daha y\u00fcksek pozisyonlara al\u0131nma ve terfi etme konusunda m\u00fckemmel beklentiler<\/li>\n<\/ul>\n<\/div>\n\t\t\t\t<\/div>\n\t\t\t\t\t\t\t<div class=\"elementor-toggle-item\">\n\t\t\t\t\t<div id=\"elementor-tab-title-1172\" class=\"elementor-tab-title\" data-tab=\"2\" role=\"button\" aria-controls=\"elementor-tab-content-1172\" aria-expanded=\"false\">\n\t\t\t\t\t\t\t\t\t\t\t\t<span class=\"elementor-toggle-icon elementor-toggle-icon-left\" aria-hidden=\"true\">\n\t\t\t\t\t\t\t\t\t\t\t\t\t\t\t<span class=\"elementor-toggle-icon-closed\"><i class=\"fas fa-info-circle\"><\/i><\/span>\n\t\t\t\t\t\t\t\t<span class=\"elementor-toggle-icon-opened\"><i class=\"elementor-toggle-icon-opened fas fa-arrow-alt-circle-down\"><\/i><\/span>\n\t\t\t\t\t\t\t\t\t\t\t\t\t<\/span>\n\t\t\t\t\t\t\t\t\t\t\t\t<a class=\"elementor-toggle-title\" tabindex=\"0\">Perakende sat\u0131\u015f eleman\u0131 (e\/k\/d), s\u00fcre: 3 y\u0131l  <\/a>\n\t\t\t\t\t<\/div>\n\n\t\t\t\t\t<div id=\"elementor-tab-content-1172\" class=\"elementor-tab-content elementor-clearfix\" data-tab=\"2\" role=\"region\" aria-labelledby=\"elementor-tab-title-1172\"><h3> <\/h3>\n<div class=\"jobsub\">G\u00f6revleriniz<\/div>\n<h4>Hepsi3 y\u0131ll\u0131k staj\u0131n\u0131z boyunca perakendecilikte nelerin \u00f6nemli oldu\u011funu ve ma\u011fazalar\u0131m\u0131zda kalite, tazelik ve temizlik ile ba\u015far\u0131l\u0131 bir al\u0131\u015fveri\u015f deneyimini nas\u0131l sa\u011flad\u0131\u011f\u0131m\u0131z\u0131 \u00f6\u011freneceksiniz. \u0130ster mallar\u0131 temizleyip sunun, ister pi\u015firin ya da paraya \u00e7evirin: \u0130\u015fin i\u00e7ine giriyor ve elinizden geleni yap\u0131yorsunuz. Gelen mallar\u0131 kontrol edecek, stok say\u0131m\u0131na yard\u0131mc\u0131 olacak ve m\u00fc\u015fterilerimize tavsiye ve destek sa\u011flayacaks\u0131n\u0131z. E\u011fitiminizin \u00fc\u00e7\u00fcnc\u00fc y\u0131l\u0131nda, personel \u00e7izelgelerini nas\u0131l olu\u015fturaca\u011f\u0131n\u0131z\u0131 ve ilk vardiyan\u0131z\u0131 nas\u0131l y\u00f6netece\u011finizi \u00f6\u011freneceksiniz. Becerilerinizi daha da geli\u015ftirmek i\u00e7in e\u011fitim kurslar\u0131na ve heyecan verici stajyer projelerine kat\u0131lacaks\u0131n\u0131z.<\/h4>\n<h3> <\/h3>\n<div class=\"jobsub\">Profiliniz<\/div>\n<ul>\n<li>Ba\u015far\u0131l\u0131 mezuniyet<\/li>\n<li>Perakendenin dinamik d\u00fcnyas\u0131 i\u00e7in bir i\u015ftah<\/li>\n<li>Azim ve kararl\u0131 bir \u00e7al\u0131\u015fma \u015fekli<\/li>\n<li>Tak\u0131m ruhu, samimiyet ve insanlarla ilgilenmekten keyif alma<\/li>\n<li>\u015eubenizin \u00e7al\u0131\u015fma saatleri i\u00e7inde zaman esnekli\u011fi<\/li>\n<\/ul>\n<h3> <\/h3>\n<div class=\"jobsub\">Avantajlar\u0131n\u0131z<\/div>\n<ul>\n<li>Maa\u015f: Ayda 1.100 \u20ac 1. y\u0131l, ayl\u0131k 1.200 \u20ac 2. y\u0131l, ayl\u0131k 1.350 \u20ac 3. y\u0131l (tam zamanl\u0131)<\/li>\n<\/ul>\n<ul>\n<li>Deneyimli e\u011fitmenler taraf\u0131ndan bireysel destek, te\u015fvik ve g\u00f6zetim<\/li>\n<li>Giderek daha fazla sorumluluk alarak mesleki ve ki\u015fisel geli\u015fim<\/li>\n<li>\u00c7e\u015fitli g\u00f6revler ve projeler<\/li>\n<li>Final s\u0131nav\u0131n\u0131 ba\u015far\u0131yla ge\u00e7tikten sonra daha y\u00fcksek pozisyonlara al\u0131nma ve terfi etme konusunda m\u00fckemmel beklentiler<\/li>\n<\/ul>\n<\/div>\n\t\t\t\t<\/div>\n\t\t\t\t\t\t\t\t<\/div>\n\t\t\t\t\t\t<\/div>\n\t\t\t\t<\/div>\n\t\t\t\t\t<\/div>\n\t\t<\/div>\n\t\t\t\t\t<\/div>\n\t\t<\/section>\n\t\t\t\t<section class=\"elementor-section elementor-top-section elementor-element elementor-element-4f77b16 elementor-section-boxed elementor-section-height-default elementor-section-height-default\" data-id=\"4f77b16\" data-element_type=\"section\">\n\t\t\t\t\t\t<div class=\"elementor-container elementor-column-gap-default\">\n\t\t\t\t\t<div class=\"elementor-column elementor-col-100 elementor-top-column elementor-element elementor-element-2cd813f\" data-id=\"2cd813f\" data-element_type=\"column\">\n\t\t\t<div class=\"elementor-widget-wrap elementor-element-populated\">\n\t\t\t\t\t\t<div class=\"elementor-element elementor-element-91d1a72 elementor-align-center elementor-widget elementor-widget-button\" data-id=\"91d1a72\" data-element_type=\"widget\" data-widget_type=\"button.default\">\n\t\t\t\t<div class=\"elementor-widget-container\">\n\t\t\t\t\t\t\t\t\t<div class=\"elementor-button-wrapper\">\n\t\t\t\t\t<a class=\"elementor-button elementor-button-link elementor-size-lg elementor-animation-shrink\" href=\"#elementor-action%3Aaction%3Dpopup%3Aopen%26settings%3DeyJpZCI6NzA3MCwidG9nZ2xlIjpmYWxzZX0%3D\">\n\t\t\t\t\t\t<span class=\"elementor-button-content-wrapper\">\n\t\t\t\t\t\t\t\t\t<span class=\"elementor-button-text\">\u015eimdi ba\u015fvurun<\/span>\n\t\t\t\t\t<\/span>\n\t\t\t\t\t<\/a>\n\t\t\t\t<\/div>\n\t\t\t\t\t\t\t\t<\/div>\n\t\t\t\t<\/div>\n\t\t\t\t\t<\/div>\n\t\t<\/div>\n\t\t\t\t\t<\/div>\n\t\t<\/section>\n\t\t\t\t<section class=\"elementor-section elementor-top-section elementor-element elementor-element-4084d922 elementor-section-boxed elementor-section-height-default elementor-section-height-default\" data-id=\"4084d922\" data-element_type=\"section\">\n\t\t\t\t\t\t<div class=\"elementor-container elementor-column-gap-default\">\n\t\t\t\t\t<div class=\"elementor-column elementor-col-100 elementor-top-column elementor-element elementor-element-2dc47e3e\" data-id=\"2dc47e3e\" data-element_type=\"column\">\n\t\t\t<div class=\"elementor-widget-wrap elementor-element-populated\">\n\t\t\t\t\t\t<div class=\"elementor-element elementor-element-4829455f elementor-widget elementor-widget-spacer\" data-id=\"4829455f\" data-element_type=\"widget\" data-widget_type=\"spacer.default\">\n\t\t\t\t<div class=\"elementor-widget-container\">\n\t\t\t\t\t\t\t<div class=\"elementor-spacer\">\n\t\t\t<div class=\"elementor-spacer-inner\"><\/div>\n\t\t<\/div>\n\t\t\t\t\t\t<\/div>\n\t\t\t\t<\/div>\n\t\t\t\t\t<\/div>\n\t\t<\/div>\n\t\t\t\t\t<\/div>\n\t\t<\/section>\n\t\t\t\t<section class=\"elementor-section elementor-top-section elementor-element elementor-element-5e9458ae elementor-section-boxed elementor-section-height-default elementor-section-height-default\" data-id=\"5e9458ae\" data-element_type=\"section\">\n\t\t\t\t\t\t<div class=\"elementor-container elementor-column-gap-default\">\n\t\t\t\t\t<div class=\"elementor-column elementor-col-100 elementor-top-column elementor-element elementor-element-8f7124a\" data-id=\"8f7124a\" data-element_type=\"column\">\n\t\t\t<div class=\"elementor-widget-wrap elementor-element-populated\">\n\t\t\t\t\t\t<div class=\"elementor-element elementor-element-4f4e165e elementor-blockquote--skin-quotation elementor-widget elementor-widget-blockquote\" data-id=\"4f4e165e\" data-element_type=\"widget\" data-widget_type=\"blockquote.default\">\n\t\t\t\t<div class=\"elementor-widget-container\">\n\t\t\t\t\t\t\t<blockquote class=\"elementor-blockquote\">\n\t\t\t<p class=\"elementor-blockquote__content\">\n\t\t\t\tHepsi Ben 3 y\u0131ld\u0131r birlikteyim ve tamamen memnunum. B\u00f6l\u00fcm m\u00fcd\u00fcrleri biz \u00e7al\u0131\u015fanlar\u0131n her g\u00fcn neler ba\u015fard\u0131\u011f\u0131n\u0131 g\u00f6r\u00fcyor ve bizi \u00f6v\u00fcyor, kendileri de yard\u0131m ediyor ve anlay\u0131\u015fla dinliyor.\t\t\t<\/p>\n\t\t\t\t\t<\/blockquote>\n\t\t\t\t\t\t<\/div>\n\t\t\t\t<\/div>\n\t\t\t\t<div class=\"elementor-element elementor-element-772a0e0 elementor-blockquote--skin-quotation elementor-widget elementor-widget-blockquote\" data-id=\"772a0e0\" data-element_type=\"widget\" data-widget_type=\"blockquote.default\">\n\t\t\t\t<div class=\"elementor-widget-container\">\n\t\t\t\t\t\t\t<blockquote class=\"elementor-blockquote\">\n\t\t\t<p class=\"elementor-blockquote__content\">\n\t\t\t\tHepsi 'de kariyer yapabilece\u011finiz ger\u00e7e\u011fini seviyorum. B\u00f6l\u00fcm m\u00fcd\u00fcr\u00fcm, kendimi tamamen i\u015fime adad\u0131\u011f\u0131m\u0131 ve sorumluluk almaya istekli oldu\u011fumu g\u00f6rd\u00fc. Daha fazla e\u011fitim alabildim ve yak\u0131nda bir y\u00f6netim pozisyonuna ge\u00e7ece\u011fim.\t\t\t<\/p>\n\t\t\t\t\t<\/blockquote>\n\t\t\t\t\t\t<\/div>\n\t\t\t\t<\/div>\n\t\t\t\t\t<\/div>\n\t\t<\/div>\n\t\t\t\t\t<\/div>\n\t\t<\/section>\n\t\t\t\t<section class=\"elementor-section elementor-top-section elementor-element elementor-element-00d7b9c elementor-section-boxed elementor-section-height-default elementor-section-height-default\" data-id=\"00d7b9c\" data-element_type=\"section\">\n\t\t\t\t\t\t<div class=\"elementor-container elementor-column-gap-default\">\n\t\t\t\t\t<div class=\"elementor-column elementor-col-100 elementor-top-column elementor-element elementor-element-8f887cc\" data-id=\"8f887cc\" data-element_type=\"column\">\n\t\t\t<div class=\"elementor-widget-wrap elementor-element-populated\">\n\t\t\t\t\t\t<div class=\"elementor-element elementor-element-a82576d elementor-widget elementor-widget-spacer\" data-id=\"a82576d\" data-element_type=\"widget\" data-widget_type=\"spacer.default\">\n\t\t\t\t<div class=\"elementor-widget-container\">\n\t\t\t\t\t\t\t<div class=\"elementor-spacer\">\n\t\t\t<div class=\"elementor-spacer-inner\"><\/div>\n\t\t<\/div>\n\t\t\t\t\t\t<\/div>\n\t\t\t\t<\/div>\n\t\t\t\t<div class=\"elementor-element elementor-element-69ad3a2 elementor-widget elementor-widget-text-editor\" data-id=\"69ad3a2\" data-element_type=\"widget\" data-widget_type=\"text-editor.default\">\n\t\t\t\t<div class=\"elementor-widget-container\">\n\t\t\t\t\t\t\t\t\t<h2 style=\"text-align: center;\">Hepsi De\u011ferli bir kariyer<\/h2>\n\t\t\t\t\t\t\t\t<\/div>\n\t\t\t\t<\/div>\n\t\t\t\t\t<\/div>\n\t\t<\/div>\n\t\t\t\t\t<\/div>\n\t\t<\/section>\n\t\t\t\t<section class=\"elementor-section elementor-top-section elementor-element elementor-element-b67f475 elementor-section-boxed elementor-section-height-default elementor-section-height-default\" data-id=\"b67f475\" data-element_type=\"section\">\n\t\t\t\t\t\t<div class=\"elementor-container elementor-column-gap-default\">\n\t\t\t\t\t<div class=\"elementor-column elementor-col-50 elementor-top-column elementor-element elementor-element-68f0752\" data-id=\"68f0752\" data-element_type=\"column\">\n\t\t\t<div class=\"elementor-widget-wrap elementor-element-populated\">\n\t\t\t\t\t\t<div class=\"elementor-element elementor-element-423d82b elementor-widget elementor-widget-spacer\" data-id=\"423d82b\" data-element_type=\"widget\" data-widget_type=\"spacer.default\">\n\t\t\t\t<div class=\"elementor-widget-container\">\n\t\t\t\t\t\t\t<div class=\"elementor-spacer\">\n\t\t\t<div class=\"elementor-spacer-inner\"><\/div>\n\t\t<\/div>\n\t\t\t\t\t\t<\/div>\n\t\t\t\t<\/div>\n\t\t\t\t<div class=\"elementor-element elementor-element-4e0c988 elementor-view-default elementor-position-top elementor-mobile-position-top elementor-widget elementor-widget-icon-box\" data-id=\"4e0c988\" data-element_type=\"widget\" data-widget_type=\"icon-box.default\">\n\t\t\t\t<div class=\"elementor-widget-container\">\n\t\t\t\t\t\t\t<div class=\"elementor-icon-box-wrapper\">\n\n\t\t\t\t\t\t<div class=\"elementor-icon-box-icon\">\n\t\t\t\t<a href=\"https:\/\/hepsi-markt.de\/tr\/kariyer\/lojistik-isleri\/\" class=\"elementor-icon\" tabindex=\"-1\" aria-label=\"Lojistik alan\u0131nda g\u00fcncel i\u015fler\">\n\t\t\t\t\t\t\t\t<\/a>\n\t\t\t<\/div>\n\t\t\t\n\t\t\t\t\t\t<div class=\"elementor-icon-box-content\">\n\n\t\t\t\t\t\t\t\t\t<h3 class=\"elementor-icon-box-title\">\n\t\t\t\t\t\t<a href=\"https:\/\/hepsi-markt.de\/tr\/kariyer\/lojistik-isleri\/\" >\n\t\t\t\t\t\t\tLojistik alan\u0131nda g\u00fcncel i\u015fler\t\t\t\t\t\t<\/a>\n\t\t\t\t\t<\/h3>\n\t\t\t\t\n\t\t\t\t\t\t\t\t\t<p class=\"elementor-icon-box-description\">\n\t\t\t\t\t\tDaha fazlas\u0131n\u0131 \u00f6\u011frenin ve hemen ba\u015fvurun!\t\t\t\t\t<\/p>\n\t\t\t\t\n\t\t\t<\/div>\n\t\t\t\n\t\t<\/div>\n\t\t\t\t\t\t<\/div>\n\t\t\t\t<\/div>\n\t\t\t\t\t<\/div>\n\t\t<\/div>\n\t\t\t\t<div class=\"elementor-column elementor-col-50 elementor-top-column elementor-element elementor-element-f38ede2\" data-id=\"f38ede2\" data-element_type=\"column\">\n\t\t\t<div class=\"elementor-widget-wrap elementor-element-populated\">\n\t\t\t\t\t\t<div class=\"elementor-element elementor-element-88a0985 elementor-widget elementor-widget-spacer\" data-id=\"88a0985\" data-element_type=\"widget\" data-widget_type=\"spacer.default\">\n\t\t\t\t<div class=\"elementor-widget-container\">\n\t\t\t\t\t\t\t<div class=\"elementor-spacer\">\n\t\t\t<div class=\"elementor-spacer-inner\"><\/div>\n\t\t<\/div>\n\t\t\t\t\t\t<\/div>\n\t\t\t\t<\/div>\n\t\t\t\t<div class=\"elementor-element elementor-element-217ee0e elementor-view-default elementor-position-top elementor-mobile-position-top elementor-widget elementor-widget-icon-box\" data-id=\"217ee0e\" data-element_type=\"widget\" data-widget_type=\"icon-box.default\">\n\t\t\t\t<div class=\"elementor-widget-container\">\n\t\t\t\t\t\t\t<div class=\"elementor-icon-box-wrapper\">\n\n\t\t\t\t\t\t<div class=\"elementor-icon-box-icon\">\n\t\t\t\t<a href=\"https:\/\/hepsi-markt.de\/tr\/kariyer\/satis-kariyeri\/\" class=\"elementor-icon\" tabindex=\"-1\" aria-label=\"Sat\u0131\u015f alan\u0131nda \u00e7al\u0131\u015fmak\">\n\t\t\t\t\t\t\t\t<\/a>\n\t\t\t<\/div>\n\t\t\t\n\t\t\t\t\t\t<div class=\"elementor-icon-box-content\">\n\n\t\t\t\t\t\t\t\t\t<h3 class=\"elementor-icon-box-title\">\n\t\t\t\t\t\t<a href=\"https:\/\/hepsi-markt.de\/tr\/kariyer\/satis-kariyeri\/\" >\n\t\t\t\t\t\t\tSat\u0131\u015f alan\u0131nda \u00e7al\u0131\u015fmak\t\t\t\t\t\t<\/a>\n\t\t\t\t\t<\/h3>\n\t\t\t\t\n\t\t\t\t\t\t\t\t\t<p class=\"elementor-icon-box-description\">\n\t\t\t\t\t\tDaha fazlas\u0131n\u0131 \u00f6\u011frenin ve hemen ba\u015fvurun!\t\t\t\t\t<\/p>\n\t\t\t\t\n\t\t\t<\/div>\n\t\t\t\n\t\t<\/div>\n\t\t\t\t\t\t<\/div>\n\t\t\t\t<\/div>\n\t\t\t\t\t<\/div>\n\t\t<\/div>\n\t\t\t\t\t<\/div>\n\t\t<\/section>\n\t\t\t\t<section class=\"elementor-section elementor-top-section elementor-element elementor-element-150fd3db elementor-section-boxed elementor-section-height-default elementor-section-height-default\" data-id=\"150fd3db\" data-element_type=\"section\">\n\t\t\t\t\t\t<div class=\"elementor-container elementor-column-gap-default\">\n\t\t\t\t\t<div class=\"elementor-column elementor-col-100 elementor-top-column elementor-element elementor-element-4a1e21c8\" data-id=\"4a1e21c8\" data-element_type=\"column\">\n\t\t\t<div class=\"elementor-widget-wrap elementor-element-populated\">\n\t\t\t\t\t\t<div class=\"elementor-element elementor-element-6b10a575 elementor-widget elementor-widget-spacer\" data-id=\"6b10a575\" data-element_type=\"widget\" data-widget_type=\"spacer.default\">\n\t\t\t\t<div class=\"elementor-widget-container\">\n\t\t\t\t\t\t\t<div class=\"elementor-spacer\">\n\t\t\t<div class=\"elementor-spacer-inner\"><\/div>\n\t\t<\/div>\n\t\t\t\t\t\t<\/div>\n\t\t\t\t<\/div>\n\t\t\t\t\t<\/div>\n\t\t<\/div>\n\t\t\t\t\t<\/div>\n\t\t<\/section>\n\t\t\t\t<\/div>\n\t\t","protected":false},"excerpt":{"rendered":"<p>Sat\u0131\u015f e\u011fitimi E\u011fitim ba\u015flang\u0131c\u0131: 1 A\u011fustos Hepsi Kariyerinize ba\u015flamak, sadece orada olmak yerine en ba\u015f\u0131ndan itibaren i\u015flerin i\u00e7inde olmak, sorumluluk almak ve s\u00fcrekli yeni \u015feyler \u00f6\u011frenmek anlam\u0131na gelir. Bizimle, kendiniz ve gelece\u011finiz i\u00e7in her g\u00fcn biraz daha fazlas\u0131n\u0131 m\u00fcmk\u00fcn k\u0131labilir ve ayn\u0131 zamanda \u00e7ok e\u011flenebilirsiniz. Birlikte \u00e7al\u0131\u015fmak, elini ta\u015f\u0131n alt\u0131na koymak ve her zaman fazladan [&hellip;]<\/p>\n","protected":false},"author":1,"featured_media":0,"parent":6132,"menu_order":0,"comment_status":"closed","ping_status":"closed","template":"elementor_header_footer","meta":{"_acf_changed":false,"footnotes":""},"class_list":["post-6341","page","type-page","status-publish","hentry"],"acf":[],"_links":{"self":[{"href":"https:\/\/hepsi-markt.de\/tr\/wp-json\/wp\/v2\/pages\/6341","targetHints":{"allow":["GET"]}}],"collection":[{"href":"https:\/\/hepsi-markt.de\/tr\/wp-json\/wp\/v2\/pages"}],"about":[{"href":"https:\/\/hepsi-markt.de\/tr\/wp-json\/wp\/v2\/types\/page"}],"author":[{"embeddable":true,"href":"https:\/\/hepsi-markt.de\/tr\/wp-json\/wp\/v2\/users\/1"}],"replies":[{"embeddable":true,"href":"https:\/\/hepsi-markt.de\/tr\/wp-json\/wp\/v2\/comments?post=6341"}],"version-history":[{"count":2,"href":"https:\/\/hepsi-markt.de\/tr\/wp-json\/wp\/v2\/pages\/6341\/revisions"}],"predecessor-version":[{"id":7661255,"href":"https:\/\/hepsi-markt.de\/tr\/wp-json\/wp\/v2\/pages\/6341\/revisions\/7661255"}],"up":[{"embeddable":true,"href":"https:\/\/hepsi-markt.de\/tr\/wp-json\/wp\/v2\/pages\/6132"}],"wp:attachment":[{"href":"https:\/\/hepsi-markt.de\/tr\/wp-json\/wp\/v2\/media?parent=6341"}],"curies":[{"name":"wp","href":"https:\/\/api.w.org\/{rel}","templated":true}]}}