	{"id":6132,"date":"2021-04-26T11:37:26","date_gmt":"2021-04-26T09:37:26","guid":{"rendered":"https:\/\/hepsi-markt.de\/kariyer\/"},"modified":"2024-12-11T09:43:29","modified_gmt":"2024-12-11T08:43:29","slug":"kariyer","status":"publish","type":"page","link":"https:\/\/hepsi-markt.de\/tr\/kariyer\/","title":{"rendered":"Kariyer"},"content":{"rendered":"\t\t<div data-elementor-type=\"wp-page\" data-elementor-id=\"6132\" class=\"elementor elementor-6132 elementor-684\" data-elementor-post-type=\"page\">\n\t\t\t\t\t\t<section class=\"elementor-section elementor-top-section elementor-element elementor-element-04e7d8d elementor-section-full_width elementor-section-height-default elementor-section-height-default\" data-id=\"04e7d8d\" data-element_type=\"section\">\n\t\t\t\t\t\t<div class=\"elementor-container elementor-column-gap-default\">\n\t\t\t\t\t<div class=\"elementor-column elementor-col-100 elementor-top-column elementor-element elementor-element-244805d\" data-id=\"244805d\" data-element_type=\"column\">\n\t\t\t<div class=\"elementor-widget-wrap\">\n\t\t\t\t\t\t\t<\/div>\n\t\t<\/div>\n\t\t\t\t\t<\/div>\n\t\t<\/section>\n\t\t\t\t<section class=\"elementor-section elementor-top-section elementor-element elementor-element-7518a9a8 elementor-section-full_width elementor-section-stretched elementor-section-height-default elementor-section-height-default\" data-id=\"7518a9a8\" data-element_type=\"section\" data-settings=\"{&quot;stretch_section&quot;:&quot;section-stretched&quot;}\">\n\t\t\t\t\t\t<div class=\"elementor-container elementor-column-gap-default\">\n\t\t\t\t\t<div class=\"elementor-column elementor-col-100 elementor-top-column elementor-element elementor-element-1fcf0c13\" data-id=\"1fcf0c13\" data-element_type=\"column\">\n\t\t\t<div class=\"elementor-widget-wrap elementor-element-populated\">\n\t\t\t\t\t\t<div class=\"elementor-element elementor-element-3387d7e7 elementor-widget elementor-widget-heading\" data-id=\"3387d7e7\" data-element_type=\"widget\" data-widget_type=\"heading.default\">\n\t\t\t\t<div class=\"elementor-widget-container\">\n\t\t\t\t\t<h1 class=\"elementor-heading-title elementor-size-default\">Hepsi De\u011ferli bir kariyer<\/h1>\t\t\t\t<\/div>\n\t\t\t\t<\/div>\n\t\t\t\t<div class=\"elementor-element elementor-element-9c33601 elementor-widget elementor-widget-html\" data-id=\"9c33601\" data-element_type=\"widget\" data-widget_type=\"html.default\">\n\t\t\t\t<div class=\"elementor-widget-container\">\n\t\t\t\t\t[conversion-pixel pixel=\"meta\" meta-event=\"ViewCareer\"]\t\t\t\t<\/div>\n\t\t\t\t<\/div>\n\t\t\t\t\t<\/div>\n\t\t<\/div>\n\t\t\t\t\t<\/div>\n\t\t<\/section>\n\t\t\t\t<section class=\"elementor-section elementor-top-section elementor-element elementor-element-7f2aaa5a elementor-section-boxed elementor-section-height-default elementor-section-height-default\" data-id=\"7f2aaa5a\" data-element_type=\"section\">\n\t\t\t\t\t\t<div class=\"elementor-container elementor-column-gap-default\">\n\t\t\t\t\t<div class=\"elementor-column elementor-col-33 elementor-top-column elementor-element elementor-element-5dcfc6ec\" data-id=\"5dcfc6ec\" data-element_type=\"column\">\n\t\t\t<div class=\"elementor-widget-wrap elementor-element-populated\">\n\t\t\t\t\t\t<div class=\"elementor-element elementor-element-6a2e1a91 elementor-widget elementor-widget-spacer\" data-id=\"6a2e1a91\" data-element_type=\"widget\" data-widget_type=\"spacer.default\">\n\t\t\t\t<div class=\"elementor-widget-container\">\n\t\t\t\t\t\t\t<div class=\"elementor-spacer\">\n\t\t\t<div class=\"elementor-spacer-inner\"><\/div>\n\t\t<\/div>\n\t\t\t\t\t\t<\/div>\n\t\t\t\t<\/div>\n\t\t\t\t<div class=\"elementor-element elementor-element-d953970 elementor-view-default elementor-position-top elementor-mobile-position-top elementor-widget elementor-widget-icon-box\" data-id=\"d953970\" data-element_type=\"widget\" data-widget_type=\"icon-box.default\">\n\t\t\t\t<div class=\"elementor-widget-container\">\n\t\t\t\t\t\t\t<div class=\"elementor-icon-box-wrapper\">\n\n\t\t\t\t\t\t<div class=\"elementor-icon-box-icon\">\n\t\t\t\t<a href=\"https:\/\/hepsi-markt.de\/tr\/kariyer\/lojistik-isleri\/\" class=\"elementor-icon\" tabindex=\"-1\" aria-label=\"Lojistik alan\u0131ndaki i\u015fler\">\n\t\t\t\t<svg xmlns=\"http:\/\/www.w3.org\/2000\/svg\" viewBox=\"0 0 51.02 51.02\"><defs><style>.cls-1{fill:#a5c400;}<\/style><\/defs><g id=\"Ebene_2\" data-name=\"Ebene 2\"><path class=\"cls-1\" d=\"M35.77,31.72a47.92,47.92,0,0,0,3.79-19A34.71,34.71,0,0,0,29.14,26.66a48,48,0,0,0-3.79-19,48.44,48.44,0,0,0-3.81,19.06,34.77,34.77,0,0,0-10.41-14,48.37,48.37,0,0,0,3.81,19A23.33,23.33,0,0,0,.72,26.67C6,38.82,15.51,45.61,25.3,45.65l0,0v0h0v0l0,0a23.1,23.1,0,0,0,14.21-5.09A34.74,34.74,0,0,0,50,26.65,23.07,23.07,0,0,0,35.77,31.72ZM25.33,45.63Z\"><\/path><\/g><\/svg>\t\t\t\t<\/a>\n\t\t\t<\/div>\n\t\t\t\n\t\t\t\t\t\t<div class=\"elementor-icon-box-content\">\n\n\t\t\t\t\t\t\t\t\t<h3 class=\"elementor-icon-box-title\">\n\t\t\t\t\t\t<a href=\"https:\/\/hepsi-markt.de\/tr\/kariyer\/lojistik-isleri\/\" >\n\t\t\t\t\t\t\tLojistik alan\u0131ndaki i\u015fler\t\t\t\t\t\t<\/a>\n\t\t\t\t\t<\/h3>\n\t\t\t\t\n\t\t\t\t\t\t\t\t\t<p class=\"elementor-icon-box-description\">\n\t\t\t\t\t\tDaha fazlas\u0131n\u0131 \u00f6\u011frenin ve hemen ba\u015fvurun!\t\t\t\t\t<\/p>\n\t\t\t\t\n\t\t\t<\/div>\n\t\t\t\n\t\t<\/div>\n\t\t\t\t\t\t<\/div>\n\t\t\t\t<\/div>\n\t\t\t\t\t<\/div>\n\t\t<\/div>\n\t\t\t\t<div class=\"elementor-column elementor-col-33 elementor-top-column elementor-element elementor-element-06c4090\" data-id=\"06c4090\" data-element_type=\"column\">\n\t\t\t<div class=\"elementor-widget-wrap elementor-element-populated\">\n\t\t\t\t\t\t<div class=\"elementor-element elementor-element-6ee9db0 elementor-widget elementor-widget-spacer\" data-id=\"6ee9db0\" data-element_type=\"widget\" data-widget_type=\"spacer.default\">\n\t\t\t\t<div class=\"elementor-widget-container\">\n\t\t\t\t\t\t\t<div class=\"elementor-spacer\">\n\t\t\t<div class=\"elementor-spacer-inner\"><\/div>\n\t\t<\/div>\n\t\t\t\t\t\t<\/div>\n\t\t\t\t<\/div>\n\t\t\t\t<div class=\"elementor-element elementor-element-3be9da2 elementor-view-default elementor-position-top elementor-mobile-position-top elementor-widget elementor-widget-icon-box\" data-id=\"3be9da2\" data-element_type=\"widget\" data-widget_type=\"icon-box.default\">\n\t\t\t\t<div class=\"elementor-widget-container\">\n\t\t\t\t\t\t\t<div class=\"elementor-icon-box-wrapper\">\n\n\t\t\t\t\t\t<div class=\"elementor-icon-box-icon\">\n\t\t\t\t<a href=\"https:\/\/hepsi-markt.de\/tr\/kariyer\/satis-kariyeri\/\" class=\"elementor-icon\" tabindex=\"-1\" aria-label=\"Sat\u0131\u015f alan\u0131nda \u00e7al\u0131\u015fmak\">\n\t\t\t\t<svg xmlns=\"http:\/\/www.w3.org\/2000\/svg\" viewBox=\"0 0 51.02 51.02\"><defs><style>.cls-1{fill:#a5c400;}<\/style><\/defs><g id=\"Ebene_2\" data-name=\"Ebene 2\"><path class=\"cls-1\" d=\"M35.77,31.72a47.92,47.92,0,0,0,3.79-19A34.71,34.71,0,0,0,29.14,26.66a48,48,0,0,0-3.79-19,48.44,48.44,0,0,0-3.81,19.06,34.77,34.77,0,0,0-10.41-14,48.37,48.37,0,0,0,3.81,19A23.33,23.33,0,0,0,.72,26.67C6,38.82,15.51,45.61,25.3,45.65l0,0v0h0v0l0,0a23.1,23.1,0,0,0,14.21-5.09A34.74,34.74,0,0,0,50,26.65,23.07,23.07,0,0,0,35.77,31.72ZM25.33,45.63Z\"><\/path><\/g><\/svg>\t\t\t\t<\/a>\n\t\t\t<\/div>\n\t\t\t\n\t\t\t\t\t\t<div class=\"elementor-icon-box-content\">\n\n\t\t\t\t\t\t\t\t\t<h3 class=\"elementor-icon-box-title\">\n\t\t\t\t\t\t<a href=\"https:\/\/hepsi-markt.de\/tr\/kariyer\/satis-kariyeri\/\" >\n\t\t\t\t\t\t\tSat\u0131\u015f alan\u0131nda \u00e7al\u0131\u015fmak\t\t\t\t\t\t<\/a>\n\t\t\t\t\t<\/h3>\n\t\t\t\t\n\t\t\t\t\t\t\t\t\t<p class=\"elementor-icon-box-description\">\n\t\t\t\t\t\tDaha fazlas\u0131n\u0131 \u00f6\u011frenin ve hemen ba\u015fvurun!\t\t\t\t\t<\/p>\n\t\t\t\t\n\t\t\t<\/div>\n\t\t\t\n\t\t<\/div>\n\t\t\t\t\t\t<\/div>\n\t\t\t\t<\/div>\n\t\t\t\t\t<\/div>\n\t\t<\/div>\n\t\t\t\t<div class=\"elementor-column elementor-col-33 elementor-top-column elementor-element elementor-element-576ed14\" data-id=\"576ed14\" data-element_type=\"column\">\n\t\t\t<div class=\"elementor-widget-wrap elementor-element-populated\">\n\t\t\t\t\t\t<div class=\"elementor-element elementor-element-dac2b76 elementor-widget elementor-widget-spacer\" data-id=\"dac2b76\" data-element_type=\"widget\" data-widget_type=\"spacer.default\">\n\t\t\t\t<div class=\"elementor-widget-container\">\n\t\t\t\t\t\t\t<div class=\"elementor-spacer\">\n\t\t\t<div class=\"elementor-spacer-inner\"><\/div>\n\t\t<\/div>\n\t\t\t\t\t\t<\/div>\n\t\t\t\t<\/div>\n\t\t\t\t<div class=\"elementor-element elementor-element-341f518 elementor-view-default elementor-position-top elementor-mobile-position-top elementor-widget elementor-widget-icon-box\" data-id=\"341f518\" data-element_type=\"widget\" data-widget_type=\"icon-box.default\">\n\t\t\t\t<div class=\"elementor-widget-container\">\n\t\t\t\t\t\t\t<div class=\"elementor-icon-box-wrapper\">\n\n\t\t\t\t\t\t<div class=\"elementor-icon-box-icon\">\n\t\t\t\t<a href=\"https:\/\/hepsi-markt.de\/tr\/kariyer\/kariyer-egitimi\/\" class=\"elementor-icon\" tabindex=\"-1\" aria-label=\"\u015eurada \u00e7\u0131rak olun Hepsi\">\n\t\t\t\t<svg xmlns=\"http:\/\/www.w3.org\/2000\/svg\" viewBox=\"0 0 51.02 51.02\"><defs><style>.cls-1{fill:#a5c400;}<\/style><\/defs><g id=\"Ebene_2\" data-name=\"Ebene 2\"><path class=\"cls-1\" d=\"M35.77,31.72a47.92,47.92,0,0,0,3.79-19A34.71,34.71,0,0,0,29.14,26.66a48,48,0,0,0-3.79-19,48.44,48.44,0,0,0-3.81,19.06,34.77,34.77,0,0,0-10.41-14,48.37,48.37,0,0,0,3.81,19A23.33,23.33,0,0,0,.72,26.67C6,38.82,15.51,45.61,25.3,45.65l0,0v0h0v0l0,0a23.1,23.1,0,0,0,14.21-5.09A34.74,34.74,0,0,0,50,26.65,23.07,23.07,0,0,0,35.77,31.72ZM25.33,45.63Z\"><\/path><\/g><\/svg>\t\t\t\t<\/a>\n\t\t\t<\/div>\n\t\t\t\n\t\t\t\t\t\t<div class=\"elementor-icon-box-content\">\n\n\t\t\t\t\t\t\t\t\t<h3 class=\"elementor-icon-box-title\">\n\t\t\t\t\t\t<a href=\"https:\/\/hepsi-markt.de\/tr\/kariyer\/kariyer-egitimi\/\" >\n\t\t\t\t\t\t\t\u015eurada \u00e7\u0131rak olun Hepsi\t\t\t\t\t\t<\/a>\n\t\t\t\t\t<\/h3>\n\t\t\t\t\n\t\t\t\t\t\t\t\t\t<p class=\"elementor-icon-box-description\">\n\t\t\t\t\t\tDaha fazlas\u0131n\u0131 \u00f6\u011frenin ve hemen ba\u015fvurun!\t\t\t\t\t<\/p>\n\t\t\t\t\n\t\t\t<\/div>\n\t\t\t\n\t\t<\/div>\n\t\t\t\t\t\t<\/div>\n\t\t\t\t<\/div>\n\t\t\t\t\t<\/div>\n\t\t<\/div>\n\t\t\t\t\t<\/div>\n\t\t<\/section>\n\t\t\t\t<section class=\"elementor-section elementor-top-section elementor-element elementor-element-3f1262c elementor-section-boxed elementor-section-height-default elementor-section-height-default\" data-id=\"3f1262c\" data-element_type=\"section\">\n\t\t\t\t\t\t<div class=\"elementor-container elementor-column-gap-default\">\n\t\t\t\t\t<div class=\"elementor-column elementor-col-100 elementor-top-column elementor-element elementor-element-2309679\" data-id=\"2309679\" data-element_type=\"column\">\n\t\t\t<div class=\"elementor-widget-wrap elementor-element-populated\">\n\t\t\t\t\t\t<div class=\"elementor-element elementor-element-5a2d1c4 elementor-widget elementor-widget-spacer\" data-id=\"5a2d1c4\" data-element_type=\"widget\" data-widget_type=\"spacer.default\">\n\t\t\t\t<div class=\"elementor-widget-container\">\n\t\t\t\t\t\t\t<div class=\"elementor-spacer\">\n\t\t\t<div class=\"elementor-spacer-inner\"><\/div>\n\t\t<\/div>\n\t\t\t\t\t\t<\/div>\n\t\t\t\t<\/div>\n\t\t\t\t\t<\/div>\n\t\t<\/div>\n\t\t\t\t\t<\/div>\n\t\t<\/section>\n\t\t\t\t<section class=\"elementor-section elementor-top-section elementor-element elementor-element-3d5677e6 elementor-section-boxed elementor-section-height-default elementor-section-height-default\" data-id=\"3d5677e6\" data-element_type=\"section\">\n\t\t\t\t\t\t<div class=\"elementor-container elementor-column-gap-default\">\n\t\t\t\t\t<div class=\"elementor-column elementor-col-100 elementor-top-column elementor-element elementor-element-3d226e99\" data-id=\"3d226e99\" data-element_type=\"column\">\n\t\t\t<div class=\"elementor-widget-wrap elementor-element-populated\">\n\t\t\t\t\t\t<div class=\"elementor-element elementor-element-11490d1a elementor-widget elementor-widget-text-editor\" data-id=\"11490d1a\" data-element_type=\"widget\" data-widget_type=\"text-editor.default\">\n\t\t\t\t<div class=\"elementor-widget-container\">\n\t\t\t\t\t\t\t\t\t<h2><strong>Hepsi-Markt &#8211; G\u00fcvenli bir gelecek i\u00e7in cazip i\u015fveren<\/strong><\/h2>\n<p>Hepsi Sorumluluk almak ve neler yapabileceklerini g\u00f6stermek isteyen herkes, &#8230;&#8217;de ilerleme ve y\u00fckselme f\u0131rsatlar\u0131yla dolu bir gelecek bekleyebilir. Sat\u0131\u015f g\u00f6revlisinden ma\u011faza m\u00fcd\u00fcr\u00fcne kadar bir\u00e7ok yol d\u00fc\u015f\u00fcn\u00fclebilir. Hepsi \u00c7al\u0131\u015fanlar\u0131m\u0131z\u0131n yeni g\u00f6revlere ad\u0131m ad\u0131m al\u0131\u015fmalar\u0131na ve onlarla birlikte b\u00fcy\u00fcmelerine yard\u0131mc\u0131 oluyoruz. Genel olarak, herkes tercih etti\u011fi ve performans\u0131n\u0131 en iyi geli\u015ftirebilece\u011fi yerde geli\u015fme f\u0131rsat\u0131na sahiptir. S\u00fcrd\u00fcr\u00fclebilir i\u015fbirli\u011fi ve ortak ba\u015far\u0131 ile kastetti\u011fimiz budur.<\/p>\n\t\t\t\t\t\t\t\t<\/div>\n\t\t\t\t<\/div>\n\t\t\t\t<div class=\"elementor-element elementor-element-4f2567ca elementor-widget elementor-widget-spacer\" data-id=\"4f2567ca\" data-element_type=\"widget\" data-widget_type=\"spacer.default\">\n\t\t\t\t<div class=\"elementor-widget-container\">\n\t\t\t\t\t\t\t<div class=\"elementor-spacer\">\n\t\t\t<div class=\"elementor-spacer-inner\"><\/div>\n\t\t<\/div>\n\t\t\t\t\t\t<\/div>\n\t\t\t\t<\/div>\n\t\t\t\t\t<\/div>\n\t\t<\/div>\n\t\t\t\t\t<\/div>\n\t\t<\/section>\n\t\t\t\t<section class=\"elementor-section elementor-top-section elementor-element elementor-element-2f83fb7c elementor-section-boxed elementor-section-height-default elementor-section-height-default\" data-id=\"2f83fb7c\" data-element_type=\"section\">\n\t\t\t\t\t\t<div class=\"elementor-container elementor-column-gap-default\">\n\t\t\t\t\t<div class=\"elementor-column elementor-col-100 elementor-top-column elementor-element elementor-element-7ffe08a5\" data-id=\"7ffe08a5\" data-element_type=\"column\">\n\t\t\t<div class=\"elementor-widget-wrap elementor-element-populated\">\n\t\t\t\t\t\t<div class=\"elementor-element elementor-element-49673fa1 elementor-widget elementor-widget-image\" data-id=\"49673fa1\" data-element_type=\"widget\" data-widget_type=\"image.default\">\n\t\t\t\t<div class=\"elementor-widget-container\">\n\t\t\t\t\t\t\t\t\t\t\t\t\t\t\t<img fetchpriority=\"high\" decoding=\"async\" width=\"2560\" height=\"1280\" src=\"https:\/\/hepsi-markt.de\/wp-content\/uploads\/2024\/12\/Hepsi-Filialleiter-2.jpg\" class=\"attachment-full size-full wp-image-7644978\" alt=\"Hepsi Karriere\" srcset=\"https:\/\/hepsi-markt.de\/wp-content\/uploads\/2024\/12\/Hepsi-Filialleiter-2.jpg 2560w, https:\/\/hepsi-markt.de\/wp-content\/uploads\/2024\/12\/Hepsi-Filialleiter-2-300x150.jpg 300w, https:\/\/hepsi-markt.de\/wp-content\/uploads\/2024\/12\/Hepsi-Filialleiter-2-1024x512.jpg 1024w, https:\/\/hepsi-markt.de\/wp-content\/uploads\/2024\/12\/Hepsi-Filialleiter-2-768x384.jpg 768w, https:\/\/hepsi-markt.de\/wp-content\/uploads\/2024\/12\/Hepsi-Filialleiter-2-1536x768.jpg 1536w, https:\/\/hepsi-markt.de\/wp-content\/uploads\/2024\/12\/Hepsi-Filialleiter-2-2048x1024.jpg 2048w, https:\/\/hepsi-markt.de\/wp-content\/uploads\/2024\/12\/Hepsi-Filialleiter-2-500x250.jpg 500w\" sizes=\"(max-width: 2560px) 100vw, 2560px\" \/>\t\t\t\t\t\t\t\t\t\t\t\t\t\t\t<\/div>\n\t\t\t\t<\/div>\n\t\t\t\t<div class=\"elementor-element elementor-element-64bd6c2c bu elementor-widget elementor-widget-text-editor\" data-id=\"64bd6c2c\" data-element_type=\"widget\" data-widget_type=\"text-editor.default\">\n\t\t\t\t<div class=\"elementor-widget-container\">\n\t\t\t\t\t\t\t\t\t<p>Ekibin bir par\u00e7as\u0131 olun Hepsi<\/p>\n\t\t\t\t\t\t\t\t<\/div>\n\t\t\t\t<\/div>\n\t\t\t\t\t<\/div>\n\t\t<\/div>\n\t\t\t\t\t<\/div>\n\t\t<\/section>\n\t\t\t\t<section class=\"elementor-section elementor-top-section elementor-element elementor-element-7b67cac elementor-section-boxed elementor-section-height-default elementor-section-height-default\" data-id=\"7b67cac\" data-element_type=\"section\">\n\t\t\t\t\t\t<div class=\"elementor-container elementor-column-gap-default\">\n\t\t\t\t\t<div class=\"elementor-column elementor-col-100 elementor-top-column elementor-element elementor-element-2a922dfb\" data-id=\"2a922dfb\" data-element_type=\"column\">\n\t\t\t<div class=\"elementor-widget-wrap elementor-element-populated\">\n\t\t\t\t\t\t<div class=\"elementor-element elementor-element-594864b1 elementor-widget elementor-widget-text-editor\" data-id=\"594864b1\" data-element_type=\"widget\" data-widget_type=\"text-editor.default\">\n\t\t\t\t<div class=\"elementor-widget-container\">\n\t\t\t\t\t\t\t\t\t<h2><strong>Adil \u00fccretler<\/strong><\/h2>\n<p>Hepsi Herkes ki\u015fisel ve profesyonel olarak geli\u015fmek i\u00e7in ayn\u0131 f\u0131rsata sahiptir ve ayn\u0131 pozisyondaki herkes ayn\u0131 maa\u015f\u0131 al\u0131r. Standart \u00fccret skalas\u0131ndan daha y\u00fcksek olan en az 14 \u20ac\/saatlik bir ba\u015flang\u0131\u00e7 \u00fccreti veya mesleki deneyiminize ba\u011fl\u0131 olarak \u00f6nemli \u00f6l\u00e7\u00fcde daha fazla \u00fccret \u00f6d\u00fcyoruz. Hepsi &#8216;nde tam zamanl\u0131 bir i\u015fte, b\u00f6lgeden ba\u011f\u0131ms\u0131z olarak ayda 2.400 \u20ac&#8217;dan fazla kazanabilirsiniz.\nMesleki e\u011fitimini tamamlamam\u0131\u015f \u00e7al\u0131\u015fanlar, yar\u0131 zamanl\u0131 \u00e7al\u0131\u015fanlar ve ge\u00e7ici personel bile Hepsi&#8217;nin cazip asgari ba\u015flang\u0131\u00e7 \u00fccretinden yararlanmaktad\u0131r. <\/p>\n<h2>Adil \u00e7al\u0131\u015fma ko\u015fullar\u0131<\/h2>\n<p>Hepsi \u00c7al\u0131\u015fanlar\u0131m\u0131z\u0131n tamamen i\u015flerine konsantre olabilmelerini ve gelecekleri hakk\u0131nda endi\u015felenmek zorunda kalmamalar\u0131n\u0131 istiyoruz. Bu nedenle genellikle kal\u0131c\u0131 i\u015f s\u00f6zle\u015fmeleri sunuyoruz. Toplu i\u015f s\u00f6zle\u015fmeleri kapsam\u0131ndaki \u00e7al\u0131\u015fanlar\u0131m\u0131z, dakikas\u0131 dakikas\u0131na hesaplanan \u00e7al\u0131\u015fma saatlerinden yararlanmaktad\u0131r. Fazla mesai yap\u0131lmas\u0131 halinde, bu do\u011frudan kaydedilir ve \u00f6denebilir ya da anla\u015fmaya var\u0131larak fazla mesai s\u00fcreleri azalt\u0131labilir.<\/p>\n<h2>Harika bir ekipte sayg\u0131 ve takdir<\/h2>\n<p>\u0130\u00e7inde Hepsi-Markt eki\u0307p i\u0307\u00e7i\u0307nde ho\u015f bi\u0307r atmosfere, saygili etki\u0307le\u015fi\u0307me ve kar\u015filikli takdi\u0307re b\u00fcy\u00fck \u00f6nem veri\u0307yoruz. \u00c7\u00fcnk\u00fc ancak i\u015f yerinde kendini rahat hisseden \u00e7al\u0131\u015fanlar iyi performans g\u00f6sterebilir ve bulunduklar\u0131 ortamda olumlu deneyimler kazanabilir. Farkl\u0131 k\u00fclt\u00fcrel veya etnik k\u00f6kenlere sahip \u00e7al\u0131\u015fanlar\u0131m\u0131z\u0131n becerilerine ve fikirlerine de\u011fer veriyor ve bir\u00e7ok milletten insan\u0131 istihdam etmekten gurur duyuyoruz. Bizim i\u00e7in, cinsiyet, k\u00f6ken veya din ayr\u0131m\u0131 g\u00f6zetmeksizin herkese sayg\u0131l\u0131 davrand\u0131\u011f\u0131m\u0131z\u0131 s\u00f6ylemeye gerek yok.<\/p>\t\t\t\t\t\t\t\t<\/div>\n\t\t\t\t<\/div>\n\t\t\t\t<div class=\"elementor-element elementor-element-b9c55fd elementor-blockquote--skin-quotation elementor-blockquote--align-left elementor-widget elementor-widget-blockquote\" data-id=\"b9c55fd\" data-element_type=\"widget\" data-widget_type=\"blockquote.default\">\n\t\t\t\t<div class=\"elementor-widget-container\">\n\t\t\t\t\t\t\t<blockquote class=\"elementor-blockquote\">\n\t\t\t<p class=\"elementor-blockquote__content\">\n\t\t\t\tHepsi \"Bir kariyer yapabilece\u011finiz ger\u00e7e\u011fini seviyorum. B\u00f6l\u00fcm m\u00fcd\u00fcr\u00fcm, kendimi tamamen i\u015fime adad\u0131\u011f\u0131m\u0131 ve sorumluluk almaya istekli oldu\u011fumu g\u00f6rd\u00fc. Daha fazla e\u011fitim alabildim ve yak\u0131nda bir y\u00f6netim pozisyonuna ge\u00e7ece\u011fim.\n\t\t\t<\/p>\n\t\t\t\t\t<\/blockquote>\n\t\t\t\t\t\t<\/div>\n\t\t\t\t<\/div>\n\t\t\t\t<div class=\"elementor-element elementor-element-7109db2 elementor-widget elementor-widget-spacer\" data-id=\"7109db2\" data-element_type=\"widget\" data-widget_type=\"spacer.default\">\n\t\t\t\t<div class=\"elementor-widget-container\">\n\t\t\t\t\t\t\t<div class=\"elementor-spacer\">\n\t\t\t<div class=\"elementor-spacer-inner\"><\/div>\n\t\t<\/div>\n\t\t\t\t\t\t<\/div>\n\t\t\t\t<\/div>\n\t\t\t\t\t<\/div>\n\t\t<\/div>\n\t\t\t\t\t<\/div>\n\t\t<\/section>\n\t\t\t\t<\/div>\n\t\t","protected":false},"excerpt":{"rendered":"<p>Hepsi De\u011ferli bir kariyer [conversion-pixel pixel=&#8221;meta&#8221; meta-event=&#8221;ViewCareer&#8221;] Lojistik alan\u0131ndaki i\u015fler Daha fazlas\u0131n\u0131 \u00f6\u011frenin ve hemen ba\u015fvurun! Sat\u0131\u015f alan\u0131nda \u00e7al\u0131\u015fmak Daha fazlas\u0131n\u0131 \u00f6\u011frenin ve hemen ba\u015fvurun! \u015eurada \u00e7\u0131rak olun Hepsi Daha fazlas\u0131n\u0131 \u00f6\u011frenin ve hemen ba\u015fvurun! Hepsi-Markt &#8211; G\u00fcvenli bir gelecek i\u00e7in cazip i\u015fveren Hepsi Sorumluluk almak ve neler yapabileceklerini g\u00f6stermek isteyen herkes, &#8230;&#8217;de ilerleme ve [&hellip;]<\/p>\n","protected":false},"author":1,"featured_media":0,"parent":0,"menu_order":0,"comment_status":"closed","ping_status":"closed","template":"elementor_header_footer","meta":{"_acf_changed":false,"footnotes":""},"class_list":["post-6132","page","type-page","status-publish","hentry"],"acf":[],"_links":{"self":[{"href":"https:\/\/hepsi-markt.de\/tr\/wp-json\/wp\/v2\/pages\/6132","targetHints":{"allow":["GET"]}}],"collection":[{"href":"https:\/\/hepsi-markt.de\/tr\/wp-json\/wp\/v2\/pages"}],"about":[{"href":"https:\/\/hepsi-markt.de\/tr\/wp-json\/wp\/v2\/types\/page"}],"author":[{"embeddable":true,"href":"https:\/\/hepsi-markt.de\/tr\/wp-json\/wp\/v2\/users\/1"}],"replies":[{"embeddable":true,"href":"https:\/\/hepsi-markt.de\/tr\/wp-json\/wp\/v2\/comments?post=6132"}],"version-history":[{"count":2,"href":"https:\/\/hepsi-markt.de\/tr\/wp-json\/wp\/v2\/pages\/6132\/revisions"}],"predecessor-version":[{"id":7661168,"href":"https:\/\/hepsi-markt.de\/tr\/wp-json\/wp\/v2\/pages\/6132\/revisions\/7661168"}],"wp:attachment":[{"href":"https:\/\/hepsi-markt.de\/tr\/wp-json\/wp\/v2\/media?parent=6132"}],"curies":[{"name":"wp","href":"https:\/\/api.w.org\/{rel}","templated":true}]}}