	{"id":7826726,"date":"2026-03-24T02:50:22","date_gmt":"2026-03-24T01:50:22","guid":{"rendered":"https:\/\/hepsi-markt.de\/produkt\/yayla-cig-koefte-dueruem\/"},"modified":"2026-04-05T04:02:49","modified_gmt":"2026-04-05T02:02:49","slug":"yayla-cig-koefte-dueruem","status":"publish","type":"product","link":"https:\/\/hepsi-markt.de\/sq\/produkt\/yayla-cig-koefte-dueruem\/","title":{"rendered":"Yayla Cig K\u00f6fte D\u00fcr\u00fcm"},"content":{"rendered":"","protected":false},"excerpt":{"rendered":"<p>180g<br \/>1000 Gramm = 8,83<\/p>\n","protected":false},"featured_media":7825618,"template":"","meta":{"_acf_changed":false},"product_brand":[],"product_cat":[407],"product_tag":[],"class_list":{"0":"post-7826726","1":"product","2":"type-product","3":"status-publish","4":"has-post-thumbnail","6":"product_cat-neuheiten","8":"first","9":"outofstock","10":"shipping-taxable","11":"product-type-simple"},"acf":[],"_links":{"self":[{"href":"https:\/\/hepsi-markt.de\/sq\/wp-json\/wp\/v2\/product\/7826726","targetHints":{"allow":["GET"]}}],"collection":[{"href":"https:\/\/hepsi-markt.de\/sq\/wp-json\/wp\/v2\/product"}],"about":[{"href":"https:\/\/hepsi-markt.de\/sq\/wp-json\/wp\/v2\/types\/product"}],"wp:featuredmedia":[{"embeddable":true,"href":"https:\/\/hepsi-markt.de\/sq\/wp-json\/wp\/v2\/media\/7825618"}],"wp:attachment":[{"href":"https:\/\/hepsi-markt.de\/sq\/wp-json\/wp\/v2\/media?parent=7826726"}],"wp:term":[{"taxonomy":"product_brand","embeddable":true,"href":"https:\/\/hepsi-markt.de\/sq\/wp-json\/wp\/v2\/product_brand?post=7826726"},{"taxonomy":"product_cat","embeddable":true,"href":"https:\/\/hepsi-markt.de\/sq\/wp-json\/wp\/v2\/product_cat?post=7826726"},{"taxonomy":"product_tag","embeddable":true,"href":"https:\/\/hepsi-markt.de\/sq\/wp-json\/wp\/v2\/product_tag?post=7826726"}],"curies":[{"name":"wp","href":"https:\/\/api.w.org\/{rel}","templated":true}]}}