	{"id":7335,"date":"2021-07-07T09:47:53","date_gmt":"2021-07-07T07:47:53","guid":{"rendered":"https:\/\/hepsi-markt.de\/oferta-pa-liste\/"},"modified":"2024-01-16T18:23:35","modified_gmt":"2024-01-16T17:23:35","slug":"oferta-pa-liste","status":"publish","type":"page","link":"https:\/\/hepsi-markt.de\/sq\/oferta-pa-liste\/","title":{"rendered":"Oferta pa list\u00eb"},"content":{"rendered":"\t\t<div data-elementor-type=\"wp-page\" data-elementor-id=\"7335\" class=\"elementor elementor-7335\" data-elementor-post-type=\"page\">\n\t\t\t\t\t\t<section class=\"elementor-section elementor-top-section elementor-element elementor-element-33120580 elementor-section-full_width elementor-section-height-default elementor-section-height-default\" data-id=\"33120580\" data-element_type=\"section\">\n\t\t\t\t\t\t<div class=\"elementor-container elementor-column-gap-default\">\n\t\t\t\t\t<div class=\"elementor-column elementor-col-100 elementor-top-column elementor-element elementor-element-736db6cc\" data-id=\"736db6cc\" data-element_type=\"column\">\n\t\t\t<div class=\"elementor-widget-wrap elementor-element-populated\">\n\t\t\t\t\t\t<div class=\"elementor-element elementor-element-67804298 elementor-widget elementor-widget-image\" data-id=\"67804298\" data-element_type=\"widget\" data-widget_type=\"image.default\">\n\t\t\t\t<div class=\"elementor-widget-container\">\n\t\t\t\t\t\t\t\t\t\t\t\t\t\t\t\t<a href=\"https:\/\/hepsi-markt.de\/sonraki-aksiyonlar\/\">\n\t\t\t\t\t\t\t<img decoding=\"async\" src=\"https:\/\/hepsi-markt.de\/wp-content\/uploads\/06\/Lang-button-green-29.png\" title=\"\" alt=\"\" loading=\"lazy\" \/>\t\t\t\t\t\t\t\t<\/a>\n\t\t\t\t\t\t\t\t\t\t\t\t\t\t\t<\/div>\n\t\t\t\t<\/div>\n\t\t\t\t\t<\/div>\n\t\t<\/div>\n\t\t\t\t\t<\/div>\n\t\t<\/section>\n\t\t\t\t<section class=\"elementor-section elementor-top-section elementor-element elementor-element-367190bf elementor-section-full_width elementor-section-stretched elementor-section-height-default elementor-section-height-default\" data-id=\"367190bf\" data-element_type=\"section\" data-settings=\"{&quot;stretch_section&quot;:&quot;section-stretched&quot;}\">\n\t\t\t\t\t\t<div class=\"elementor-container elementor-column-gap-default\">\n\t\t\t\t\t<div class=\"elementor-column elementor-col-100 elementor-top-column elementor-element elementor-element-75c9e487\" data-id=\"75c9e487\" data-element_type=\"column\">\n\t\t\t<div class=\"elementor-widget-wrap elementor-element-populated\">\n\t\t\t\t\t\t<div class=\"elementor-element elementor-element-5e6ef1a4 elementor-widget elementor-widget-heading\" data-id=\"5e6ef1a4\" data-element_type=\"widget\" data-widget_type=\"heading.default\">\n\t\t\t\t<div class=\"elementor-widget-container\">\n\t\t\t\t\t<h1 class=\"elementor-heading-title elementor-size-default\">Ofertat aktuale t\u00eb deg\u00ebve nga Hepsi-Markt<\/h1>\t\t\t\t<\/div>\n\t\t\t\t<\/div>\n\t\t\t\t<div class=\"elementor-element elementor-element-1764ab7f elementor-widget elementor-widget-spacer\" data-id=\"1764ab7f\" data-element_type=\"widget\" data-widget_type=\"spacer.default\">\n\t\t\t\t<div class=\"elementor-widget-container\">\n\t\t\t\t\t\t\t<div class=\"elementor-spacer\">\n\t\t\t<div class=\"elementor-spacer-inner\"><\/div>\n\t\t<\/div>\n\t\t\t\t\t\t<\/div>\n\t\t\t\t<\/div>\n\t\t\t\t\t<\/div>\n\t\t<\/div>\n\t\t\t\t\t<\/div>\n\t\t<\/section>\n\t\t\t\t<section class=\"elementor-section elementor-top-section elementor-element elementor-element-57a16f30 elementor-section-boxed elementor-section-height-default elementor-section-height-default\" data-id=\"57a16f30\" data-element_type=\"section\">\n\t\t\t\t\t\t<div class=\"elementor-container elementor-column-gap-default\">\n\t\t\t\t\t<div class=\"elementor-column elementor-col-100 elementor-top-column elementor-element elementor-element-148e6a13\" data-id=\"148e6a13\" data-element_type=\"column\">\n\t\t\t<div class=\"elementor-widget-wrap elementor-element-populated\">\n\t\t\t\t\t\t<div class=\"elementor-element elementor-element-4fe9c203 elementor-widget elementor-widget-text-editor\" data-id=\"4fe9c203\" data-element_type=\"widget\" data-widget_type=\"text-editor.default\">\n\t\t\t\t<div class=\"elementor-widget-container\">\n\t\t\t\t\t\t\t\t\t<h4><strong>Ejani<\/strong> n\u00eb Black Friday n\u00eb datat 24 dhe 25 n\u00ebntor.<\/h4>\n\t\t\t\t\t\t\t\t<\/div>\n\t\t\t\t<\/div>\n\t\t\t\t<div class=\"elementor-element elementor-element-266f0ca5 elementor-widget elementor-widget-spacer\" data-id=\"266f0ca5\" data-element_type=\"widget\" data-widget_type=\"spacer.default\">\n\t\t\t\t<div class=\"elementor-widget-container\">\n\t\t\t\t\t\t\t<div class=\"elementor-spacer\">\n\t\t\t<div class=\"elementor-spacer-inner\"><\/div>\n\t\t<\/div>\n\t\t\t\t\t\t<\/div>\n\t\t\t\t<\/div>\n\t\t\t\t\t<\/div>\n\t\t<\/div>\n\t\t\t\t\t<\/div>\n\t\t<\/section>\n\t\t\t\t<section class=\"elementor-section elementor-top-section elementor-element elementor-element-4867e2e5 elementor-section-boxed elementor-section-height-default elementor-section-height-default\" data-id=\"4867e2e5\" data-element_type=\"section\">\n\t\t\t\t\t\t<div class=\"elementor-container elementor-column-gap-default\">\n\t\t\t\t\t<div class=\"elementor-column elementor-col-100 elementor-top-column elementor-element elementor-element-579035c3\" data-id=\"579035c3\" data-element_type=\"column\">\n\t\t\t<div class=\"elementor-widget-wrap elementor-element-populated\">\n\t\t\t\t\t\t<div class=\"elementor-element elementor-element-950cd5d elementor-widget elementor-widget-image\" data-id=\"950cd5d\" data-element_type=\"widget\" data-widget_type=\"image.default\">\n\t\t\t\t<div class=\"elementor-widget-container\">\n\t\t\t\t\t\t\t\t\t\t\t\t\t\t\t<img fetchpriority=\"high\" decoding=\"async\" width=\"1920\" height=\"1182\" src=\"https:\/\/hepsi-markt.de\/wp-content\/uploads\/2022\/02\/Hepsi-Kasse-Angebote.webp\" class=\"attachment-full size-full wp-image-3400\" alt=\"Sonderangebote im Hepsi-Markt\" srcset=\"https:\/\/hepsi-markt.de\/wp-content\/uploads\/2022\/02\/Hepsi-Kasse-Angebote.webp 1920w, https:\/\/hepsi-markt.de\/wp-content\/uploads\/2022\/02\/Hepsi-Kasse-Angebote-500x308.webp 500w, https:\/\/hepsi-markt.de\/wp-content\/uploads\/2022\/02\/Hepsi-Kasse-Angebote-300x185.webp 300w, https:\/\/hepsi-markt.de\/wp-content\/uploads\/2022\/02\/Hepsi-Kasse-Angebote-1024x630.webp 1024w, https:\/\/hepsi-markt.de\/wp-content\/uploads\/2022\/02\/Hepsi-Kasse-Angebote-768x473.webp 768w, https:\/\/hepsi-markt.de\/wp-content\/uploads\/2022\/02\/Hepsi-Kasse-Angebote-1536x946.webp 1536w, https:\/\/hepsi-markt.de\/wp-content\/uploads\/2022\/02\/Hepsi-Kasse-Angebote-200x123.webp 200w\" sizes=\"(max-width: 1920px) 100vw, 1920px\" \/>\t\t\t\t\t\t\t\t\t\t\t\t\t\t\t<\/div>\n\t\t\t\t<\/div>\n\t\t\t\t<div class=\"elementor-element elementor-element-d437c75 bu elementor-widget elementor-widget-text-editor\" data-id=\"d437c75\" data-element_type=\"widget\" data-widget_type=\"text-editor.default\">\n\t\t\t\t<div class=\"elementor-widget-container\">\n\t\t\t\t\t\t\t\t\t<h6 style=\"text-align: left;\">\u00c7far\u00eb mund t\u00eb rekomandojm\u00eb? Blerja \u00ebsht\u00eb arg\u00ebtuese n\u00eb Hepsi . N\u00eb gam\u00ebn e madhe do t\u00eb gjeni shum\u00eb produkte nd\u00ebrkomb\u00ebtare me \u00e7mime t\u00eb shk\u00eblqyera &#8211; ne do t&#8217;ju k\u00ebshillojm\u00eb me k\u00ebnaq\u00ebsi.<\/h6>\n\t\t\t\t\t\t\t\t<\/div>\n\t\t\t\t<\/div>\n\t\t\t\t\t<\/div>\n\t\t<\/div>\n\t\t\t\t\t<\/div>\n\t\t<\/section>\n\t\t\t\t<section class=\"elementor-section elementor-top-section elementor-element elementor-element-ffa3dff elementor-section-boxed elementor-section-height-default elementor-section-height-default\" data-id=\"ffa3dff\" data-element_type=\"section\">\n\t\t\t\t\t\t<div class=\"elementor-container elementor-column-gap-default\">\n\t\t\t\t\t<div class=\"elementor-column elementor-col-100 elementor-top-column elementor-element elementor-element-7f11744c\" data-id=\"7f11744c\" data-element_type=\"column\">\n\t\t\t<div class=\"elementor-widget-wrap elementor-element-populated\">\n\t\t\t\t\t\t<div class=\"elementor-element elementor-element-395f5868 elementor-widget elementor-widget-text-editor\" data-id=\"395f5868\" data-element_type=\"widget\" data-widget_type=\"text-editor.default\">\n\t\t\t\t<div class=\"elementor-widget-container\">\n\t\t\t\t\t\t\t\t\t<h2>Hepsi \u00ebsht\u00eb p\u00ebrgjithmon\u00eb i lir\u00eb<\/h2>\n<p>Ka shum\u00eb produkte me \u00e7mime t\u00eb p\u00ebrhershme t\u00eb ul\u00ebta n\u00eb Hepsi-Markt . Krahasoni veten. Markat tona dhe shum\u00eb produkte t\u00eb markave turke kan\u00eb \u00e7mime t\u00eb pakrahasueshme n\u00eb Hepsi .<\/p>\n<\/p>\n<h2>Paguani pa kontakt dhe t\u00ebrhiqni para<\/h2>\n<p>Mund t\u00eb paguani edhe pa kontakt n\u00eb Hepsi-Markt . Ne pranojm\u00eb Girocard, MasterCard dhe VISA.<\/p>\n\t\t\t\t\t\t\t\t<\/div>\n\t\t\t\t<\/div>\n\t\t\t\t\t<\/div>\n\t\t<\/div>\n\t\t\t\t\t<\/div>\n\t\t<\/section>\n\t\t\t\t<section class=\"elementor-section elementor-top-section elementor-element elementor-element-7d566956 elementor-section-boxed elementor-section-height-default elementor-section-height-default\" data-id=\"7d566956\" data-element_type=\"section\">\n\t\t\t\t\t\t<div class=\"elementor-container elementor-column-gap-default\">\n\t\t\t\t\t<div class=\"elementor-column elementor-col-20 elementor-top-column elementor-element elementor-element-7b75c90\" data-id=\"7b75c90\" data-element_type=\"column\">\n\t\t\t<div class=\"elementor-widget-wrap elementor-element-populated\">\n\t\t\t\t\t\t<div class=\"elementor-element elementor-element-7d49b882 elementor-widget elementor-widget-image\" data-id=\"7d49b882\" data-element_type=\"widget\" data-widget_type=\"image.default\">\n\t\t\t\t<div class=\"elementor-widget-container\">\n\t\t\t\t\t\t\t\t\t\t\t\t\t\t\t<img decoding=\"async\" src=\"https:\/\/hepsi-markt.de\/wp-content\/uploads\/04\/Label-kontaktlos-bezahlen-e1620817163474.jpg\" title=\"\" alt=\"\" loading=\"lazy\" \/>\t\t\t\t\t\t\t\t\t\t\t\t\t\t\t<\/div>\n\t\t\t\t<\/div>\n\t\t\t\t\t<\/div>\n\t\t<\/div>\n\t\t\t\t<div class=\"elementor-column elementor-col-20 elementor-top-column elementor-element elementor-element-2ad6e332\" data-id=\"2ad6e332\" data-element_type=\"column\">\n\t\t\t<div class=\"elementor-widget-wrap elementor-element-populated\">\n\t\t\t\t\t\t<div class=\"elementor-element elementor-element-7882ea3e elementor-widget elementor-widget-image\" data-id=\"7882ea3e\" data-element_type=\"widget\" data-widget_type=\"image.default\">\n\t\t\t\t<div class=\"elementor-widget-container\">\n\t\t\t\t\t\t\t\t\t\t\t\t\t\t\t<img decoding=\"async\" src=\"https:\/\/hepsi-markt.de\/wp-content\/uploads\/04\/Label-girocard-e1620817191143.png\" title=\"\" alt=\"\" loading=\"lazy\" \/>\t\t\t\t\t\t\t\t\t\t\t\t\t\t\t<\/div>\n\t\t\t\t<\/div>\n\t\t\t\t\t<\/div>\n\t\t<\/div>\n\t\t\t\t<div class=\"elementor-column elementor-col-20 elementor-top-column elementor-element elementor-element-4ca44488\" data-id=\"4ca44488\" data-element_type=\"column\">\n\t\t\t<div class=\"elementor-widget-wrap\">\n\t\t\t\t\t\t\t<\/div>\n\t\t<\/div>\n\t\t\t\t<div class=\"elementor-column elementor-col-20 elementor-top-column elementor-element elementor-element-5e373ce4\" data-id=\"5e373ce4\" data-element_type=\"column\">\n\t\t\t<div class=\"elementor-widget-wrap\">\n\t\t\t\t\t\t\t<\/div>\n\t\t<\/div>\n\t\t\t\t<div class=\"elementor-column elementor-col-20 elementor-top-column elementor-element elementor-element-70dd235e\" data-id=\"70dd235e\" data-element_type=\"column\">\n\t\t\t<div class=\"elementor-widget-wrap\">\n\t\t\t\t\t\t\t<\/div>\n\t\t<\/div>\n\t\t\t\t\t<\/div>\n\t\t<\/section>\n\t\t\t\t<section class=\"elementor-section elementor-top-section elementor-element elementor-element-2dc32817 elementor-section-boxed elementor-section-height-default elementor-section-height-default\" data-id=\"2dc32817\" data-element_type=\"section\">\n\t\t\t\t\t\t<div class=\"elementor-container elementor-column-gap-default\">\n\t\t\t\t\t<div class=\"elementor-column elementor-col-100 elementor-top-column elementor-element elementor-element-3ef60d79\" data-id=\"3ef60d79\" data-element_type=\"column\">\n\t\t\t<div class=\"elementor-widget-wrap elementor-element-populated\">\n\t\t\t\t\t\t<div class=\"elementor-element elementor-element-2abdf79e elementor-widget elementor-widget-text-editor\" data-id=\"2abdf79e\" data-element_type=\"widget\" data-widget_type=\"text-editor.default\">\n\t\t\t\t<div class=\"elementor-widget-container\">\n\t\t\t\t\t\t\t\t\t<p>P\u00ebrdorni sh\u00ebrbimin ton\u00eb t\u00eb kthimit t\u00eb parave: Me nj\u00eb vler\u00eb blerjeje prej 5 euro ose m\u00eb shum\u00eb, mund t\u00eb t\u00ebrhiqni para me kart\u00ebn tuaj t\u00eb debitit pa pages\u00eb. Thjesht tregoni shum\u00ebn q\u00eb d\u00ebshironi n\u00eb ark\u00ebn Hepsi , shkruani PIN-in e Girocard-it dhe merrni para direkt.<\/p>\n\t\t\t\t\t\t\t\t<\/div>\n\t\t\t\t<\/div>\n\t\t\t\t<div class=\"elementor-element elementor-element-4893a890 elementor-widget elementor-widget-spacer\" data-id=\"4893a890\" data-element_type=\"widget\" data-widget_type=\"spacer.default\">\n\t\t\t\t<div class=\"elementor-widget-container\">\n\t\t\t\t\t\t\t<div class=\"elementor-spacer\">\n\t\t\t<div class=\"elementor-spacer-inner\"><\/div>\n\t\t<\/div>\n\t\t\t\t\t\t<\/div>\n\t\t\t\t<\/div>\n\t\t\t\t\t<\/div>\n\t\t<\/div>\n\t\t\t\t\t<\/div>\n\t\t<\/section>\n\t\t\t\t<\/div>\n\t\t","protected":false},"excerpt":{"rendered":"<p>Ofertat aktuale t\u00eb deg\u00ebve nga Hepsi-Markt Ejani n\u00eb Black Friday n\u00eb datat 24 dhe 25 n\u00ebntor. \u00c7far\u00eb mund t\u00eb rekomandojm\u00eb? Blerja \u00ebsht\u00eb arg\u00ebtuese n\u00eb Hepsi . N\u00eb gam\u00ebn e madhe do t\u00eb gjeni shum\u00eb produkte nd\u00ebrkomb\u00ebtare me \u00e7mime t\u00eb shk\u00eblqyera &#8211; ne do t&#8217;ju k\u00ebshillojm\u00eb me k\u00ebnaq\u00ebsi. Hepsi \u00ebsht\u00eb p\u00ebrgjithmon\u00eb i lir\u00eb Ka shum\u00eb produkte [&hellip;]<\/p>\n","protected":false},"author":1,"featured_media":0,"parent":0,"menu_order":0,"comment_status":"closed","ping_status":"closed","template":"elementor_header_footer","meta":{"_acf_changed":false,"footnotes":""},"class_list":["post-7335","page","type-page","status-publish","hentry"],"acf":[],"_links":{"self":[{"href":"https:\/\/hepsi-markt.de\/sq\/wp-json\/wp\/v2\/pages\/7335","targetHints":{"allow":["GET"]}}],"collection":[{"href":"https:\/\/hepsi-markt.de\/sq\/wp-json\/wp\/v2\/pages"}],"about":[{"href":"https:\/\/hepsi-markt.de\/sq\/wp-json\/wp\/v2\/types\/page"}],"author":[{"embeddable":true,"href":"https:\/\/hepsi-markt.de\/sq\/wp-json\/wp\/v2\/users\/1"}],"replies":[{"embeddable":true,"href":"https:\/\/hepsi-markt.de\/sq\/wp-json\/wp\/v2\/comments?post=7335"}],"version-history":[{"count":0,"href":"https:\/\/hepsi-markt.de\/sq\/wp-json\/wp\/v2\/pages\/7335\/revisions"}],"wp:attachment":[{"href":"https:\/\/hepsi-markt.de\/sq\/wp-json\/wp\/v2\/media?parent=7335"}],"curies":[{"name":"wp","href":"https:\/\/api.w.org\/{rel}","templated":true}]}}