	{"id":6698,"date":"2023-12-06T09:48:59","date_gmt":"2023-12-06T08:48:59","guid":{"rendered":"https:\/\/hepsi-markt.de\/testi-i-buletinit\/"},"modified":"2024-01-16T18:21:56","modified_gmt":"2024-01-16T17:21:56","slug":"testi-i-buletinit","status":"publish","type":"page","link":"https:\/\/hepsi-markt.de\/sq\/testi-i-buletinit\/","title":{"rendered":"Testi i buletinit"},"content":{"rendered":"\t\t<div data-elementor-type=\"wp-page\" data-elementor-id=\"6698\" class=\"elementor elementor-6698 elementor-4613\" data-elementor-post-type=\"page\">\n\t\t\t\t\t\t<section class=\"elementor-section elementor-top-section elementor-element elementor-element-504420c elementor-section-full_width elementor-section-height-default elementor-section-height-default\" data-id=\"504420c\" data-element_type=\"section\">\n\t\t\t\t\t\t<div class=\"elementor-container elementor-column-gap-default\">\n\t\t\t\t\t<div class=\"elementor-column elementor-col-100 elementor-top-column elementor-element elementor-element-a156378\" data-id=\"a156378\" data-element_type=\"column\">\n\t\t\t<div class=\"elementor-widget-wrap elementor-element-populated\">\n\t\t\t\t\t\t<div class=\"elementor-element elementor-element-a9f9698 elementor-widget elementor-widget-image\" data-id=\"a9f9698\" data-element_type=\"widget\" data-widget_type=\"image.default\">\n\t\t\t\t<div class=\"elementor-widget-container\">\n\t\t\t\t\t\t\t\t\t\t\t\t\t\t\t\t<a href=\"https:\/\/hepsi-markt.de\/impressum-turk\/\">\n\t\t\t\t\t\t\t<img decoding=\"async\" src=\"https:\/\/hepsi-markt.de\/wp-content\/uploads\/06\/Lang-button-green-29.png\" title=\"\" alt=\"\" loading=\"lazy\" \/>\t\t\t\t\t\t\t\t<\/a>\n\t\t\t\t\t\t\t\t\t\t\t\t\t\t\t<\/div>\n\t\t\t\t<\/div>\n\t\t\t\t\t<\/div>\n\t\t<\/div>\n\t\t\t\t\t<\/div>\n\t\t<\/section>\n\t\t\t\t<section class=\"elementor-section elementor-top-section elementor-element elementor-element-caedbbf elementor-section-full_width elementor-section-height-default elementor-section-height-default\" data-id=\"caedbbf\" data-element_type=\"section\">\n\t\t\t\t\t\t<div class=\"elementor-container elementor-column-gap-default\">\n\t\t\t\t\t<div class=\"elementor-column elementor-col-100 elementor-top-column elementor-element elementor-element-dca88dd raven-column-flex-horizontal\" data-id=\"dca88dd\" data-element_type=\"column\">\n\t\t\t<div class=\"elementor-widget-wrap elementor-element-populated\">\n\t\t\t\t\t\t<div class=\"elementor-element elementor-element-914c590 elementor-fixed newsletter elementor-widget__width-auto elementor-widget elementor-widget-image\" data-id=\"914c590\" data-element_type=\"widget\" data-settings=\"{&quot;_position&quot;:&quot;fixed&quot;}\" data-widget_type=\"image.default\">\n\t\t\t\t<div class=\"elementor-widget-container\">\n\t\t\t\t\t\t\t\t\t\t\t\t\t\t\t\t<a href=\"\">\n\t\t\t\t\t\t\t<img decoding=\"async\" width=\"46\" height=\"306\" src=\"https:\/\/hepsi-markt.de\/wp-content\/uploads\/2023\/12\/Newsletter-Button-Hepsi-Insider.png\" class=\"attachment-full size-full wp-image-4816\" alt=\"Hepsi Newsletter abonnieren\" srcset=\"https:\/\/hepsi-markt.de\/wp-content\/uploads\/2023\/12\/Newsletter-Button-Hepsi-Insider.png 46w, https:\/\/hepsi-markt.de\/wp-content\/uploads\/2023\/12\/Newsletter-Button-Hepsi-Insider-45x300.png 45w\" sizes=\"(max-width: 46px) 100vw, 46px\" \/>\t\t\t\t\t\t\t\t<\/a>\n\t\t\t\t\t\t\t\t\t\t\t\t\t\t\t<\/div>\n\t\t\t\t<\/div>\n\t\t\t\t\t<\/div>\n\t\t<\/div>\n\t\t\t\t\t<\/div>\n\t\t<\/section>\n\t\t\t\t<section class=\"elementor-section elementor-top-section elementor-element elementor-element-10a80ad elementor-section-full_width elementor-section-height-default elementor-section-height-default\" data-id=\"10a80ad\" data-element_type=\"section\">\n\t\t\t\t\t\t<div class=\"elementor-container elementor-column-gap-default\">\n\t\t\t\t\t<div class=\"elementor-column elementor-col-100 elementor-top-column elementor-element elementor-element-48d733c\" data-id=\"48d733c\" data-element_type=\"column\">\n\t\t\t<div class=\"elementor-widget-wrap elementor-element-populated\">\n\t\t\t\t\t\t<div class=\"elementor-element elementor-element-5638b7c elementor-widget elementor-widget-heading\" data-id=\"5638b7c\" data-element_type=\"widget\" data-widget_type=\"heading.default\">\n\t\t\t\t<div class=\"elementor-widget-container\">\n\t\t\t\t\t<h1 class=\"elementor-heading-title elementor-size-default\">Buletini Thingy<\/h1>\t\t\t\t<\/div>\n\t\t\t\t<\/div>\n\t\t\t\t<div class=\"elementor-element elementor-element-5fd1501 elementor-widget elementor-widget-html\" data-id=\"5fd1501\" data-element_type=\"widget\" data-widget_type=\"html.default\">\n\t\t\t\t<div class=\"elementor-widget-container\">\n\t\t\t\t\t<div id=\"mc_embed_shell\">\n      <link href=\"\/\/cdn-images.mailchimp.com\/embedcode\/classic-061523.css\" rel=\"stylesheet\" type=\"text\/css\">\n  <style type=\"text\/css\">\n        #mc_embed_signup{background:#fff; false;clear:left; font:14px Helvetica,Arial,sans-serif; width: 600px;}\n        \/* Add your own Mailchimp form style overrides in your site stylesheet or in this style block.\n           We recommend moving this block and the preceding CSS link to the HEAD of your HTML file. *\/\n<\/style>\n<div id=\"mc_embed_signup\">\n    <form action=\"https:\/\/hepsi-markt.us21.list-manage.com\/subscribe\/post?u=432fddcc9f05f2304dad6f8e8&amp;id=fbef454c8d&amp;f_id=0032e9e6f0\" method=\"post\" id=\"mc-embedded-subscribe-form\" name=\"mc-embedded-subscribe-form\" class=\"validate\" target=\"_blank\">\n        <div id=\"mc_embed_signup_scroll\"><h2>Abonohuni n\u00eb<\/h2>\n            <div class=\"indicates-required\"><span class=\"asterisk\">*<\/span> tregon se k\u00ebrkohet<\/div>\n            <div class=\"mc-field-group\"><label for=\"mce-EMAIL\">Adresa e emailit <span class=\"asterisk\">*<\/span><\/label><input type=\"email\" name=\"EMAIL\" class=\"required email\" id=\"mce-EMAIL\" required=\"\" value=\"\"><span id=\"mce-EMAIL-HELPERTEXT\" class=\"helper_text\"><\/span><\/div>\n        <div id=\"mce-responses\" class=\"clear foot\">\n            <div class=\"response\" id=\"mce-error-response\" style=\"display: none;\"><\/div>\n            <div class=\"response\" id=\"mce-success-response\" style=\"display: none;\"><\/div>\n        <\/div>\n    <div style=\"position: absolute; left: -5000px;\" aria-hidden=\"true\">\n  \/* njer\u00ebzit e v\u00ebrtet\u00eb nuk duhet ta plot\u00ebsojn\u00eb k\u00ebt\u00eb dhe t\u00eb presin gj\u00ebra t\u00eb mira - mos e hiqni k\u00ebt\u00eb ose mos rrezikoni regjistrimet n\u00eb bot *\/\n        <input type=\"text\" name=\"b_432fddcc9f05f2304dad6f8e8_fbef454c8d\" tabindex=\"-1\" value=\"\">\n    <\/div>\n        <div class=\"optionalParent\">\n            <div class=\"clear foot\">\n                <input type=\"submit\" name=\"subscribe\" id=\"mc-embedded-subscribe\" class=\"button\" value=\"Abonohu\">\n                <p style=\"margin: 0px auto;\"><a href=\"http:\/\/eepurl.com\/iFS8hk\" title=\"Mailchimp \u2013 Marketing i thjesht\u00eb dhe i shpejt\u00eb me email\" target=\"_blank\" rel=\"noopener\"><span style=\"display: inline-block; background-color: transparent; border-radius: 4px;\"><img decoding=\"async\" class=\"refferal_badge\" src=\"https:\/\/digitalasset.intuit.com\/render\/content\/dam\/intuit\/mc-fe\/en_us\/images\/intuit-mc-rewards-text-dark.svg\" alt=\"Intuit Mailchimp\" style=\"width: 220px; height: 40px; display: flex; padding: 2px 0px; justify-content: center; align-items: center;\"><\/span><\/a><\/p>\n            <\/div>\n        <\/div>\n    <\/div>\n<\/form>\n<\/div>\n<script type=\"text\/javascript\" src=\"\/\/s3.amazonaws.com\/downloads.mailchimp.com\/js\/mc-validate.js\"><\/script><script type=\"text\/javascript\">(function($) {window.fnames = new Array(); window.ftypes = new Array();fnames[0]='EMAIL';ftypes[0]='email';fnames[1]='FNAME';ftypes[1]='text';fnames[2]='LNAME';ftypes[2]='text';fnames[3]='ADDRESS';ftypes[3]='address';fnames[4]='PHONE';ftypes[4]='phone';fnames[5]='BIRTHDAY';ftypes[5]='birthday';}(jQuery));var $mcj = jQuery.noConflict(true);<\/script><\/div>\t\t\t\t<\/div>\n\t\t\t\t<\/div>\n\t\t\t\t\t<\/div>\n\t\t<\/div>\n\t\t\t\t\t<\/div>\n\t\t<\/section>\n\t\t\t\t<section class=\"elementor-section elementor-top-section elementor-element elementor-element-59e5c094 elementor-section-boxed elementor-section-height-default elementor-section-height-default\" data-id=\"59e5c094\" data-element_type=\"section\">\n\t\t\t\t\t\t<div class=\"elementor-container elementor-column-gap-default\">\n\t\t\t\t\t<div class=\"elementor-column elementor-col-100 elementor-top-column elementor-element elementor-element-7d2b9679\" data-id=\"7d2b9679\" data-element_type=\"column\">\n\t\t\t<div class=\"elementor-widget-wrap elementor-element-populated\">\n\t\t\t\t\t\t<div class=\"elementor-element elementor-element-bf8af4c newsletter-popup elementor-widget elementor-widget-text-editor\" data-id=\"bf8af4c\" data-element_type=\"widget\" data-widget_type=\"text-editor.default\">\n\t\t\t\t<div class=\"elementor-widget-container\">\n\t\t\t\t\t\t\t\t\t<p>Hape veten<\/p>\n\t\t\t\t\t\t\t\t<\/div>\n\t\t\t\t<\/div>\n\t\t\t\t<div class=\"elementor-element elementor-element-c3ca49c elementor-widget elementor-widget-spacer\" data-id=\"c3ca49c\" data-element_type=\"widget\" data-widget_type=\"spacer.default\">\n\t\t\t\t<div class=\"elementor-widget-container\">\n\t\t\t\t\t\t\t<div class=\"elementor-spacer\">\n\t\t\t<div class=\"elementor-spacer-inner\"><\/div>\n\t\t<\/div>\n\t\t\t\t\t\t<\/div>\n\t\t\t\t<\/div>\n\t\t\t\t\t<\/div>\n\t\t<\/div>\n\t\t\t\t\t<\/div>\n\t\t<\/section>\n\t\t\t\t<section class=\"elementor-section elementor-top-section elementor-element elementor-element-5e85ead elementor-section-boxed elementor-section-height-default elementor-section-height-default\" data-id=\"5e85ead\" data-element_type=\"section\">\n\t\t\t\t\t\t<div class=\"elementor-container elementor-column-gap-default\">\n\t\t\t\t\t<div class=\"elementor-column elementor-col-100 elementor-top-column elementor-element elementor-element-4af789c\" data-id=\"4af789c\" data-element_type=\"column\">\n\t\t\t<div class=\"elementor-widget-wrap\">\n\t\t\t\t\t\t\t<\/div>\n\t\t<\/div>\n\t\t\t\t\t<\/div>\n\t\t<\/section>\n\t\t\t\t<\/div>\n\t\t","protected":false},"excerpt":{"rendered":"<p>Buletini Thingy Abonohuni n\u00eb * tregon se k\u00ebrkohet Adresa e emailit * \/* njer\u00ebzit e v\u00ebrtet\u00eb nuk duhet ta plot\u00ebsojn\u00eb k\u00ebt\u00eb dhe t\u00eb presin gj\u00ebra t\u00eb mira &#8211; mos e hiqni k\u00ebt\u00eb ose mos rrezikoni regjistrimet n\u00eb bot *\/ Hape veten<\/p>\n","protected":false},"author":1,"featured_media":0,"parent":0,"menu_order":0,"comment_status":"closed","ping_status":"closed","template":"full-width.php","meta":{"_acf_changed":false,"footnotes":""},"class_list":["post-6698","page","type-page","status-publish","hentry"],"acf":[],"_links":{"self":[{"href":"https:\/\/hepsi-markt.de\/sq\/wp-json\/wp\/v2\/pages\/6698","targetHints":{"allow":["GET"]}}],"collection":[{"href":"https:\/\/hepsi-markt.de\/sq\/wp-json\/wp\/v2\/pages"}],"about":[{"href":"https:\/\/hepsi-markt.de\/sq\/wp-json\/wp\/v2\/types\/page"}],"author":[{"embeddable":true,"href":"https:\/\/hepsi-markt.de\/sq\/wp-json\/wp\/v2\/users\/1"}],"replies":[{"embeddable":true,"href":"https:\/\/hepsi-markt.de\/sq\/wp-json\/wp\/v2\/comments?post=6698"}],"version-history":[{"count":0,"href":"https:\/\/hepsi-markt.de\/sq\/wp-json\/wp\/v2\/pages\/6698\/revisions"}],"wp:attachment":[{"href":"https:\/\/hepsi-markt.de\/sq\/wp-json\/wp\/v2\/media?parent=6698"}],"curies":[{"name":"wp","href":"https:\/\/api.w.org\/{rel}","templated":true}]}}