	{"id":6603,"date":"2022-02-24T15:59:55","date_gmt":"2022-02-24T14:59:55","guid":{"rendered":"https:\/\/hepsi-markt.de\/karte-dhurate\/"},"modified":"2024-12-11T09:40:59","modified_gmt":"2024-12-11T08:40:59","slug":"karte-dhurate","status":"publish","type":"page","link":"https:\/\/hepsi-markt.de\/sq\/karte-dhurate\/","title":{"rendered":"kart\u00eb dhurat\u00eb"},"content":{"rendered":"\t\t<div data-elementor-type=\"wp-page\" data-elementor-id=\"6603\" class=\"elementor elementor-6603 elementor-3370\" data-elementor-post-type=\"page\">\n\t\t\t\t\t\t<section class=\"elementor-section elementor-top-section elementor-element elementor-element-2370ac01 elementor-section-full_width elementor-section-height-default elementor-section-height-default\" data-id=\"2370ac01\" data-element_type=\"section\">\n\t\t\t\t\t\t<div class=\"elementor-container elementor-column-gap-default\">\n\t\t\t\t\t<div class=\"elementor-column elementor-col-100 elementor-top-column elementor-element elementor-element-38de9ee2\" data-id=\"38de9ee2\" data-element_type=\"column\">\n\t\t\t<div class=\"elementor-widget-wrap\">\n\t\t\t\t\t\t\t<\/div>\n\t\t<\/div>\n\t\t\t\t\t<\/div>\n\t\t<\/section>\n\t\t\t\t<section class=\"elementor-section elementor-top-section elementor-element elementor-element-4efe565 elementor-section-full_width elementor-section-stretched elementor-section-height-default elementor-section-height-default\" data-id=\"4efe565\" data-element_type=\"section\" data-settings=\"{&quot;stretch_section&quot;:&quot;section-stretched&quot;}\">\n\t\t\t\t\t\t<div class=\"elementor-container elementor-column-gap-default\">\n\t\t\t\t\t<div class=\"elementor-column elementor-col-100 elementor-top-column elementor-element elementor-element-9472e8c\" data-id=\"9472e8c\" data-element_type=\"column\">\n\t\t\t<div class=\"elementor-widget-wrap elementor-element-populated\">\n\t\t\t\t\t\t<div class=\"elementor-element elementor-element-2e418f6 elementor-widget elementor-widget-heading\" data-id=\"2e418f6\" data-element_type=\"widget\" data-widget_type=\"heading.default\">\n\t\t\t\t<div class=\"elementor-widget-container\">\n\t\t\t\t\t<h1 class=\"elementor-heading-title elementor-size-default\">Kart\u00eb dhurat\u00eb Hepsi<\/h1>\t\t\t\t<\/div>\n\t\t\t\t<\/div>\n\t\t\t\t<div class=\"elementor-element elementor-element-3653f52 elementor-widget elementor-widget-spacer\" data-id=\"3653f52\" data-element_type=\"widget\" data-widget_type=\"spacer.default\">\n\t\t\t\t<div class=\"elementor-widget-container\">\n\t\t\t\t\t\t\t<div class=\"elementor-spacer\">\n\t\t\t<div class=\"elementor-spacer-inner\"><\/div>\n\t\t<\/div>\n\t\t\t\t\t\t<\/div>\n\t\t\t\t<\/div>\n\t\t\t\t\t<\/div>\n\t\t<\/div>\n\t\t\t\t\t<\/div>\n\t\t<\/section>\n\t\t\t\t<section class=\"elementor-section elementor-top-section elementor-element elementor-element-6a399a98 elementor-section-boxed elementor-section-height-default elementor-section-height-default\" data-id=\"6a399a98\" data-element_type=\"section\">\n\t\t\t\t\t\t<div class=\"elementor-container elementor-column-gap-default\">\n\t\t\t\t\t<div class=\"elementor-column elementor-col-100 elementor-top-column elementor-element elementor-element-50c549f3\" data-id=\"50c549f3\" data-element_type=\"column\">\n\t\t\t<div class=\"elementor-widget-wrap elementor-element-populated\">\n\t\t\t\t\t\t<div class=\"elementor-element elementor-element-304b6f13 elementor-widget elementor-widget-text-editor\" data-id=\"304b6f13\" data-element_type=\"widget\" data-widget_type=\"text-editor.default\">\n\t\t\t\t<div class=\"elementor-widget-container\">\n\t\t\t\t\t\t\t\t\t<h4><b>Karta dhurat\u00eb Hepsi e b\u00ebn t\u00eb mundur: tani e gjith\u00eb gama futet n\u00eb xhepin tuaj.<\/b><\/h4>\n<h4>Dh\u00ebnia e parave i p\u00ebrket s\u00eb shkuar\u00ebs &#8211; me kart\u00ebn dhurat\u00eb Hepsi ju jepni dhurat\u00ebn e freskis\u00eb, cil\u00ebsis\u00eb dhe g\u00ebzimit. Qoft\u00eb p\u00ebr t\u00eb af\u00ebrmit, miqt\u00eb apo punonj\u00ebsit &#8211; i p\u00ebrshtatsh\u00ebm p\u00ebr \u00e7do rast! Karta dhurat\u00eb Hepsi , n\u00eb nj\u00eb format t\u00eb dobish\u00ebm kart\u00ebvizitash, \u00ebsht\u00eb e disponueshme n\u00eb ark\u00eb n\u00eb \u00e7do deg\u00eb.<br \/>\nDhe mund ta p\u00ebrdorni p\u00ebr t\u00eb paguar n\u00eb t\u00eb gjitha deg\u00ebt Hepsi .  Kjo e b\u00ebn t\u00eb leht\u00eb dh\u00ebnien dhe blerjen!<\/h4>\n<p>Ai \u00ebsht\u00eb i disponuesh\u00ebm n\u00eb dy versione: nj\u00eb me bilanc fiks 20 \u20ac dhe nj\u00eb me bilanc t\u00eb ndryshuesh\u00ebm nd\u00ebrmjet 5 \u20ac dhe 250 \u20ac.<\/p>\n\t\t\t\t\t\t\t\t<\/div>\n\t\t\t\t<\/div>\n\t\t\t\t\t<\/div>\n\t\t<\/div>\n\t\t\t\t\t<\/div>\n\t\t<\/section>\n\t\t\t\t<section class=\"elementor-section elementor-top-section elementor-element elementor-element-9b33496 elementor-section-boxed elementor-section-height-default elementor-section-height-default\" data-id=\"9b33496\" data-element_type=\"section\">\n\t\t\t\t\t\t<div class=\"elementor-container elementor-column-gap-default\">\n\t\t\t\t\t<div class=\"elementor-column elementor-col-100 elementor-top-column elementor-element elementor-element-4167da9\" data-id=\"4167da9\" data-element_type=\"column\">\n\t\t\t<div class=\"elementor-widget-wrap elementor-element-populated\">\n\t\t\t\t\t\t<div class=\"elementor-element elementor-element-73c9ebd elementor-widget elementor-widget-spacer\" data-id=\"73c9ebd\" data-element_type=\"widget\" data-widget_type=\"spacer.default\">\n\t\t\t\t<div class=\"elementor-widget-container\">\n\t\t\t\t\t\t\t<div class=\"elementor-spacer\">\n\t\t\t<div class=\"elementor-spacer-inner\"><\/div>\n\t\t<\/div>\n\t\t\t\t\t\t<\/div>\n\t\t\t\t<\/div>\n\t\t\t\t\t<\/div>\n\t\t<\/div>\n\t\t\t\t\t<\/div>\n\t\t<\/section>\n\t\t\t\t<section class=\"elementor-section elementor-top-section elementor-element elementor-element-5721233 elementor-section-boxed elementor-section-height-default elementor-section-height-default\" data-id=\"5721233\" data-element_type=\"section\">\n\t\t\t\t\t\t<div class=\"elementor-container elementor-column-gap-default\">\n\t\t\t\t\t<div class=\"elementor-column elementor-col-50 elementor-top-column elementor-element elementor-element-da0cd9c\" data-id=\"da0cd9c\" data-element_type=\"column\">\n\t\t\t<div class=\"elementor-widget-wrap elementor-element-populated\">\n\t\t\t\t\t\t<div class=\"elementor-element elementor-element-1c71bf9 elementor-widget elementor-widget-image\" data-id=\"1c71bf9\" data-element_type=\"widget\" data-widget_type=\"image.default\">\n\t\t\t\t<div class=\"elementor-widget-container\">\n\t\t\t\t\t\t\t\t\t\t\t\t\t\t\t<img fetchpriority=\"high\" decoding=\"async\" width=\"693\" height=\"1024\" src=\"https:\/\/hepsi-markt.de\/wp-content\/uploads\/2023\/07\/Geschenkkarte-20-693x1024.webp\" class=\"attachment-large size-large wp-image-4145\" alt=\"Geschenkkarte 20 Euro\" srcset=\"https:\/\/hepsi-markt.de\/wp-content\/uploads\/2023\/07\/Geschenkkarte-20-693x1024.webp 693w, https:\/\/hepsi-markt.de\/wp-content\/uploads\/2023\/07\/Geschenkkarte-20-500x738.webp 500w, https:\/\/hepsi-markt.de\/wp-content\/uploads\/2023\/07\/Geschenkkarte-20-203x300.webp 203w, https:\/\/hepsi-markt.de\/wp-content\/uploads\/2023\/07\/Geschenkkarte-20-768x1134.webp 768w, https:\/\/hepsi-markt.de\/wp-content\/uploads\/2023\/07\/Geschenkkarte-20.webp 1040w\" sizes=\"(max-width: 693px) 100vw, 693px\" \/>\t\t\t\t\t\t\t\t\t\t\t\t\t\t\t<\/div>\n\t\t\t\t<\/div>\n\t\t\t\t\t<\/div>\n\t\t<\/div>\n\t\t\t\t<div class=\"elementor-column elementor-col-50 elementor-top-column elementor-element elementor-element-937fa6d\" data-id=\"937fa6d\" data-element_type=\"column\">\n\t\t\t<div class=\"elementor-widget-wrap elementor-element-populated\">\n\t\t\t\t\t\t<div class=\"elementor-element elementor-element-e7365e2 elementor-widget elementor-widget-image\" data-id=\"e7365e2\" data-element_type=\"widget\" data-widget_type=\"image.default\">\n\t\t\t\t<div class=\"elementor-widget-container\">\n\t\t\t\t\t\t\t\t\t\t\t\t\t\t\t<img decoding=\"async\" width=\"693\" height=\"1024\" src=\"https:\/\/hepsi-markt.de\/wp-content\/uploads\/2023\/07\/Geschenkkarte-250-693x1024.webp\" class=\"attachment-large size-large wp-image-4144\" alt=\"Geschenkkarte 250 Euro\" srcset=\"https:\/\/hepsi-markt.de\/wp-content\/uploads\/2023\/07\/Geschenkkarte-250-693x1024.webp 693w, https:\/\/hepsi-markt.de\/wp-content\/uploads\/2023\/07\/Geschenkkarte-250-500x738.webp 500w, https:\/\/hepsi-markt.de\/wp-content\/uploads\/2023\/07\/Geschenkkarte-250-203x300.webp 203w, https:\/\/hepsi-markt.de\/wp-content\/uploads\/2023\/07\/Geschenkkarte-250-768x1134.webp 768w, https:\/\/hepsi-markt.de\/wp-content\/uploads\/2023\/07\/Geschenkkarte-250.webp 1040w\" sizes=\"(max-width: 693px) 100vw, 693px\" \/>\t\t\t\t\t\t\t\t\t\t\t\t\t\t\t<\/div>\n\t\t\t\t<\/div>\n\t\t\t\t\t<\/div>\n\t\t<\/div>\n\t\t\t\t\t<\/div>\n\t\t<\/section>\n\t\t\t\t<section class=\"elementor-section elementor-top-section elementor-element elementor-element-bf062ea elementor-section-boxed elementor-section-height-default elementor-section-height-default\" data-id=\"bf062ea\" data-element_type=\"section\">\n\t\t\t\t\t\t<div class=\"elementor-container elementor-column-gap-default\">\n\t\t\t\t\t<div class=\"elementor-column elementor-col-100 elementor-top-column elementor-element elementor-element-5fe37cf\" data-id=\"5fe37cf\" data-element_type=\"column\">\n\t\t\t<div class=\"elementor-widget-wrap elementor-element-populated\">\n\t\t\t\t\t\t<div class=\"elementor-element elementor-element-cf041f9 elementor-widget elementor-widget-spacer\" data-id=\"cf041f9\" data-element_type=\"widget\" data-widget_type=\"spacer.default\">\n\t\t\t\t<div class=\"elementor-widget-container\">\n\t\t\t\t\t\t\t<div class=\"elementor-spacer\">\n\t\t\t<div class=\"elementor-spacer-inner\"><\/div>\n\t\t<\/div>\n\t\t\t\t\t\t<\/div>\n\t\t\t\t<\/div>\n\t\t\t\t\t<\/div>\n\t\t<\/div>\n\t\t\t\t\t<\/div>\n\t\t<\/section>\n\t\t\t\t<section class=\"elementor-section elementor-top-section elementor-element elementor-element-cb50428 elementor-section-boxed elementor-section-height-default elementor-section-height-default\" data-id=\"cb50428\" data-element_type=\"section\">\n\t\t\t\t\t\t<div class=\"elementor-container elementor-column-gap-default\">\n\t\t\t\t\t<div class=\"elementor-column elementor-col-100 elementor-top-column elementor-element elementor-element-5e69d08\" data-id=\"5e69d08\" data-element_type=\"column\">\n\t\t\t<div class=\"elementor-widget-wrap elementor-element-populated\">\n\t\t\t\t\t\t<div class=\"elementor-element elementor-element-d1d8efa elementor-widget elementor-widget-text-editor\" data-id=\"d1d8efa\" data-element_type=\"widget\" data-widget_type=\"text-editor.default\">\n\t\t\t\t<div class=\"elementor-widget-container\">\n\t\t\t\t\t\t\t\t\t<h2>Informacion n\u00eb lidhje me kartat e dhuratave Hepsi<\/h2>\n<p>Sa m\u00eb posht\u00eb vlen p\u00ebr kartat e dhuratave Hepsi , t\u00eb cilat mund t&#8217;i blini n\u00eb deg\u00ebt e Hepsi n\u00eb Gjermani:<\/p>\n<ul>\n<li>Vet\u00ebm nj\u00eb kart\u00eb dhurat\u00eb mund t\u00eb p\u00ebrdoret p\u00ebr porosi<\/li>\n<li>\u00c7do bilanc i mbetur mbetet n\u00eb kart\u00eb<\/li>\n<li>Fatkeq\u00ebsisht, pagesa me para n\u00eb dor\u00eb nuk \u00ebsht\u00eb e mundur<\/li>\n<\/ul>\n\t\t\t\t\t\t\t\t<\/div>\n\t\t\t\t<\/div>\n\t\t\t\t\t<\/div>\n\t\t<\/div>\n\t\t\t\t\t<\/div>\n\t\t<\/section>\n\t\t\t\t<section class=\"elementor-section elementor-top-section elementor-element elementor-element-7e09809 elementor-section-boxed elementor-section-height-default elementor-section-height-default\" data-id=\"7e09809\" data-element_type=\"section\">\n\t\t\t\t\t\t<div class=\"elementor-container elementor-column-gap-default\">\n\t\t\t\t\t<div class=\"elementor-column elementor-col-100 elementor-top-column elementor-element elementor-element-804fa64\" data-id=\"804fa64\" data-element_type=\"column\">\n\t\t\t<div class=\"elementor-widget-wrap elementor-element-populated\">\n\t\t\t\t\t\t<div class=\"elementor-element elementor-element-b9208d0 elementor-widget elementor-widget-text-editor\" data-id=\"b9208d0\" data-element_type=\"widget\" data-widget_type=\"text-editor.default\">\n\t\t\t\t<div class=\"elementor-widget-container\">\n\t\t\t\t\t\t\t\t\t<h3>Ju lutemi mbani me kujdes kart\u00ebn, numrin e kart\u00ebs dhe d\u00ebshmin\u00eb e blerjes.<\/h3>\n<p>Botues: Hepsi Markt K\u00fcppersteger 3, 51373 Leverkusen. Karta mund t\u00eb p\u00ebrdoret p\u00ebr \u00e7do num\u00ebr pagesash n\u00eb \u00e7do deg\u00eb Hepsi deri n\u00eb vler\u00ebn e saj.   <br>K\u00ebrkimi i bilancit i mundsh\u00ebm n\u00eb ark\u00eb. N\u00ebse keni ndonj\u00eb pyetje n\u00eb lidhje me kart\u00ebn, defektin ose humbjen, punonj\u00ebsit tan\u00eb jan\u00eb n\u00eb dispozicion ose n\u00eb info@hepsi-markt.de. Nuk ka t\u00eb drejt\u00eb p\u00ebr t\u00eb kthyer nj\u00eb kart\u00eb t\u00eb aktivizuar, pa pages\u00eb t\u00eb bilancit (t\u00eb mbetur). Karta \u00ebsht\u00eb e vlefshme p\u00ebr 36 muaj nga data e aktivizimit.<\/p>\t\t\t\t\t\t\t\t<\/div>\n\t\t\t\t<\/div>\n\t\t\t\t\t<\/div>\n\t\t<\/div>\n\t\t\t\t\t<\/div>\n\t\t<\/section>\n\t\t\t\t<section class=\"elementor-section elementor-top-section elementor-element elementor-element-5210859 elementor-section-boxed elementor-section-height-default elementor-section-height-default\" data-id=\"5210859\" data-element_type=\"section\">\n\t\t\t\t\t\t<div class=\"elementor-container elementor-column-gap-default\">\n\t\t\t\t\t<div class=\"elementor-column elementor-col-100 elementor-top-column elementor-element elementor-element-3c9360d\" data-id=\"3c9360d\" data-element_type=\"column\">\n\t\t\t<div class=\"elementor-widget-wrap elementor-element-populated\">\n\t\t\t\t\t\t<div class=\"elementor-element elementor-element-c356def elementor-widget elementor-widget-image\" data-id=\"c356def\" data-element_type=\"widget\" data-widget_type=\"image.default\">\n\t\t\t\t<div class=\"elementor-widget-container\">\n\t\t\t\t\t\t\t\t\t\t\t\t<figure class=\"wp-caption\">\n\t\t\t\t\t\t\t\t\t\t\t<a href=\"https:\/\/hepsi-markt.de\/wp-content\/uploads\/2023\/07\/AGBs-Hepsi-Geschenkkarten.pdf\" target=\"_blank\">\n\t\t\t\t\t\t\t<img decoding=\"async\" width=\"300\" height=\"300\" src=\"https:\/\/hepsi-markt.de\/wp-content\/uploads\/2023\/07\/pdf-icon-2-300x300.png\" class=\"attachment-medium size-medium wp-image-4187\" alt=\"PDF Datei herunterladen\" srcset=\"https:\/\/hepsi-markt.de\/wp-content\/uploads\/2023\/07\/pdf-icon-2-300x300.png 300w, https:\/\/hepsi-markt.de\/wp-content\/uploads\/2023\/07\/pdf-icon-2-500x500.png 500w, https:\/\/hepsi-markt.de\/wp-content\/uploads\/2023\/07\/pdf-icon-2-100x100.png 100w, https:\/\/hepsi-markt.de\/wp-content\/uploads\/2023\/07\/pdf-icon-2-150x150.png 150w, https:\/\/hepsi-markt.de\/wp-content\/uploads\/2023\/07\/pdf-icon-2.png 512w\" sizes=\"(max-width: 300px) 100vw, 300px\" \/>\t\t\t\t\t\t\t\t<\/a>\n\t\t\t\t\t\t\t\t\t\t\t<figcaption class=\"widget-image-caption wp-caption-text\">Termat dhe Kushtet Kartat e dhuratave Hepsi<\/figcaption>\n\t\t\t\t\t\t\t\t\t\t<\/figure>\n\t\t\t\t\t\t\t\t\t<\/div>\n\t\t\t\t<\/div>\n\t\t\t\t<div class=\"elementor-element elementor-element-18ca206 elementor-widget elementor-widget-spacer\" data-id=\"18ca206\" data-element_type=\"widget\" data-widget_type=\"spacer.default\">\n\t\t\t\t<div class=\"elementor-widget-container\">\n\t\t\t\t\t\t\t<div class=\"elementor-spacer\">\n\t\t\t<div class=\"elementor-spacer-inner\"><\/div>\n\t\t<\/div>\n\t\t\t\t\t\t<\/div>\n\t\t\t\t<\/div>\n\t\t\t\t\t<\/div>\n\t\t<\/div>\n\t\t\t\t\t<\/div>\n\t\t<\/section>\n\t\t\t\t<\/div>\n\t\t","protected":false},"excerpt":{"rendered":"<p>Kart\u00eb dhurat\u00eb Hepsi Karta dhurat\u00eb Hepsi e b\u00ebn t\u00eb mundur: tani e gjith\u00eb gama futet n\u00eb xhepin tuaj. Dh\u00ebnia e parave i p\u00ebrket s\u00eb shkuar\u00ebs &#8211; me kart\u00ebn dhurat\u00eb Hepsi ju jepni dhurat\u00ebn e freskis\u00eb, cil\u00ebsis\u00eb dhe g\u00ebzimit. Qoft\u00eb p\u00ebr t\u00eb af\u00ebrmit, miqt\u00eb apo punonj\u00ebsit &#8211; i p\u00ebrshtatsh\u00ebm p\u00ebr \u00e7do rast! Karta dhurat\u00eb Hepsi , [&hellip;]<\/p>\n","protected":false},"author":1,"featured_media":0,"parent":0,"menu_order":0,"comment_status":"closed","ping_status":"closed","template":"elementor_header_footer","meta":{"_acf_changed":false,"footnotes":""},"class_list":["post-6603","page","type-page","status-publish","hentry"],"acf":[],"_links":{"self":[{"href":"https:\/\/hepsi-markt.de\/sq\/wp-json\/wp\/v2\/pages\/6603","targetHints":{"allow":["GET"]}}],"collection":[{"href":"https:\/\/hepsi-markt.de\/sq\/wp-json\/wp\/v2\/pages"}],"about":[{"href":"https:\/\/hepsi-markt.de\/sq\/wp-json\/wp\/v2\/types\/page"}],"author":[{"embeddable":true,"href":"https:\/\/hepsi-markt.de\/sq\/wp-json\/wp\/v2\/users\/1"}],"replies":[{"embeddable":true,"href":"https:\/\/hepsi-markt.de\/sq\/wp-json\/wp\/v2\/comments?post=6603"}],"version-history":[{"count":2,"href":"https:\/\/hepsi-markt.de\/sq\/wp-json\/wp\/v2\/pages\/6603\/revisions"}],"predecessor-version":[{"id":7660806,"href":"https:\/\/hepsi-markt.de\/sq\/wp-json\/wp\/v2\/pages\/6603\/revisions\/7660806"}],"wp:attachment":[{"href":"https:\/\/hepsi-markt.de\/sq\/wp-json\/wp\/v2\/media?parent=6603"}],"curies":[{"name":"wp","href":"https:\/\/api.w.org\/{rel}","templated":true}]}}