	{"id":6498,"date":"2021-04-29T15:16:21","date_gmt":"2021-04-29T13:16:21","guid":{"rendered":"https:\/\/hepsi-markt.de\/karriera\/trajnimi-per-karriere\/"},"modified":"2024-12-11T09:44:00","modified_gmt":"2024-12-11T08:44:00","slug":"trajnimi-per-karriere","status":"publish","type":"page","link":"https:\/\/hepsi-markt.de\/sq\/karriera\/trajnimi-per-karriere\/","title":{"rendered":"Trajnimi p\u00ebr karrier\u00eb"},"content":{"rendered":"\t\t<div data-elementor-type=\"wp-page\" data-elementor-id=\"6498\" class=\"elementor elementor-6498 elementor-979\" data-elementor-post-type=\"page\">\n\t\t\t\t\t\t<section class=\"elementor-section elementor-top-section elementor-element elementor-element-48f48d0 elementor-section-full_width elementor-section-height-default elementor-section-height-default\" data-id=\"48f48d0\" data-element_type=\"section\">\n\t\t\t\t\t\t<div class=\"elementor-container elementor-column-gap-default\">\n\t\t\t\t\t<div class=\"elementor-column elementor-col-100 elementor-top-column elementor-element elementor-element-60270c0\" data-id=\"60270c0\" data-element_type=\"column\">\n\t\t\t<div class=\"elementor-widget-wrap\">\n\t\t\t\t\t\t\t<\/div>\n\t\t<\/div>\n\t\t\t\t\t<\/div>\n\t\t<\/section>\n\t\t\t\t<section class=\"elementor-section elementor-top-section elementor-element elementor-element-25fe2d43 elementor-section-full_width elementor-section-stretched elementor-section-height-default elementor-section-height-default\" data-id=\"25fe2d43\" data-element_type=\"section\" data-settings=\"{&quot;stretch_section&quot;:&quot;section-stretched&quot;}\">\n\t\t\t\t\t\t<div class=\"elementor-container elementor-column-gap-default\">\n\t\t\t\t\t<div class=\"elementor-column elementor-col-100 elementor-top-column elementor-element elementor-element-6b8828f\" data-id=\"6b8828f\" data-element_type=\"column\">\n\t\t\t<div class=\"elementor-widget-wrap elementor-element-populated\">\n\t\t\t\t\t\t<div class=\"elementor-element elementor-element-52b5a3dc elementor-widget elementor-widget-heading\" data-id=\"52b5a3dc\" data-element_type=\"widget\" data-widget_type=\"heading.default\">\n\t\t\t\t<div class=\"elementor-widget-container\">\n\t\t\t\t\t<h1 class=\"elementor-heading-title elementor-size-default\">Trajnim p\u00ebr shitje<\/h1>\t\t\t\t<\/div>\n\t\t\t\t<\/div>\n\t\t\t\t\t<\/div>\n\t\t<\/div>\n\t\t\t\t\t<\/div>\n\t\t<\/section>\n\t\t\t\t<section class=\"elementor-section elementor-top-section elementor-element elementor-element-51bf2141 elementor-section-boxed elementor-section-height-default elementor-section-height-default\" data-id=\"51bf2141\" data-element_type=\"section\">\n\t\t\t\t\t\t<div class=\"elementor-container elementor-column-gap-default\">\n\t\t\t\t\t<div class=\"elementor-column elementor-col-100 elementor-top-column elementor-element elementor-element-ed99733\" data-id=\"ed99733\" data-element_type=\"column\">\n\t\t\t<div class=\"elementor-widget-wrap elementor-element-populated\">\n\t\t\t\t\t\t<div class=\"elementor-element elementor-element-3ce5266 elementor-widget elementor-widget-spacer\" data-id=\"3ce5266\" data-element_type=\"widget\" data-widget_type=\"spacer.default\">\n\t\t\t\t<div class=\"elementor-widget-container\">\n\t\t\t\t\t\t\t<div class=\"elementor-spacer\">\n\t\t\t<div class=\"elementor-spacer-inner\"><\/div>\n\t\t<\/div>\n\t\t\t\t\t\t<\/div>\n\t\t\t\t<\/div>\n\t\t\t\t<div class=\"elementor-element elementor-element-30c5253e elementor-widget elementor-widget-text-editor\" data-id=\"30c5253e\" data-element_type=\"widget\" data-widget_type=\"text-editor.default\">\n\t\t\t\t<div class=\"elementor-widget-container\">\n\t\t\t\t\t\t\t\t\t<h3>Fillimi i trajnimit: 1 gusht<\/h3>\n<\/p>\n<h4><strong>T\u00eb fillosh jet\u00ebn t\u00ebnde profesionale me Hepsi do t\u00eb thot\u00eb<\/strong> t\u00eb jesh n\u00eb mes t\u00eb gj\u00ebrave q\u00eb n\u00eb fillim, n\u00eb vend q\u00eb t\u00eb jesh vet\u00ebm aty, t\u00eb marr\u00ebsh p\u00ebrgjegj\u00ebsi dhe t\u00eb m\u00ebsosh vazhdimisht gj\u00ebra t\u00eb reja. Me ne ju mund t\u00eb b\u00ebni pak m\u00eb shum\u00eb t\u00eb mundur \u00e7do dit\u00eb, p\u00ebr veten dhe t\u00eb ardhmen tuaj &#8211; dhe t\u00eb arg\u00ebtoheni shum\u00eb n\u00eb t\u00eb nj\u00ebjt\u00ebn koh\u00eb. T\u00eb trajtojm\u00eb gj\u00ebrat s\u00eb bashku, t&#8217;i b\u00ebsh gj\u00ebrat dhe t\u00eb b\u00ebsh akoma di\u00e7ka &#8211; dhe t\u00eb paguhesh n\u00eb m\u00ebnyr\u00eb t\u00eb drejt\u00eb p\u00ebr t\u00eb: K\u00ebshtu funksionon ekipi Hepsi .<\/h4>\n\t\t\t\t\t\t\t\t<\/div>\n\t\t\t\t<\/div>\n\t\t\t\t<div class=\"elementor-element elementor-element-7b2da0f8 elementor-widget elementor-widget-image\" data-id=\"7b2da0f8\" data-element_type=\"widget\" data-widget_type=\"image.default\">\n\t\t\t\t<div class=\"elementor-widget-container\">\n\t\t\t\t\t\t\t\t\t\t\t\t\t\t\t<img fetchpriority=\"high\" decoding=\"async\" width=\"1600\" height=\"800\" src=\"https:\/\/hepsi-markt.de\/wp-content\/uploads\/2024\/11\/Hepsi-Azubi.jpg\" class=\"attachment-full size-full wp-image-7639294\" alt=\"Hepsi-Azubi\" srcset=\"https:\/\/hepsi-markt.de\/wp-content\/uploads\/2024\/11\/Hepsi-Azubi.jpg 1600w, https:\/\/hepsi-markt.de\/wp-content\/uploads\/2024\/11\/Hepsi-Azubi-300x150.jpg 300w, https:\/\/hepsi-markt.de\/wp-content\/uploads\/2024\/11\/Hepsi-Azubi-1024x512.jpg 1024w, https:\/\/hepsi-markt.de\/wp-content\/uploads\/2024\/11\/Hepsi-Azubi-768x384.jpg 768w, https:\/\/hepsi-markt.de\/wp-content\/uploads\/2024\/11\/Hepsi-Azubi-1536x768.jpg 1536w, https:\/\/hepsi-markt.de\/wp-content\/uploads\/2024\/11\/Hepsi-Azubi-500x250.jpg 500w\" sizes=\"(max-width: 1600px) 100vw, 1600px\" \/>\t\t\t\t\t\t\t\t\t\t\t\t\t\t\t<\/div>\n\t\t\t\t<\/div>\n\t\t\t\t\t<\/div>\n\t\t<\/div>\n\t\t\t\t\t<\/div>\n\t\t<\/section>\n\t\t\t\t<section class=\"elementor-section elementor-top-section elementor-element elementor-element-26ac7e5e elementor-section-boxed elementor-section-height-default elementor-section-height-default\" data-id=\"26ac7e5e\" data-element_type=\"section\">\n\t\t\t\t\t\t<div class=\"elementor-container elementor-column-gap-default\">\n\t\t\t\t\t<div class=\"elementor-column elementor-col-100 elementor-top-column elementor-element elementor-element-5f5e375d\" data-id=\"5f5e375d\" data-element_type=\"column\">\n\t\t\t<div class=\"elementor-widget-wrap elementor-element-populated\">\n\t\t\t\t\t\t<div class=\"elementor-element elementor-element-803e96a elementor-widget elementor-widget-spacer\" data-id=\"803e96a\" data-element_type=\"widget\" data-widget_type=\"spacer.default\">\n\t\t\t\t<div class=\"elementor-widget-container\">\n\t\t\t\t\t\t\t<div class=\"elementor-spacer\">\n\t\t\t<div class=\"elementor-spacer-inner\"><\/div>\n\t\t<\/div>\n\t\t\t\t\t\t<\/div>\n\t\t\t\t<\/div>\n\t\t\t\t<div class=\"elementor-element elementor-element-74e0295b elementor-widget elementor-widget-text-editor\" data-id=\"74e0295b\" data-element_type=\"widget\" data-widget_type=\"text-editor.default\">\n\t\t\t\t<div class=\"elementor-widget-container\">\n\t\t\t\t\t\t\t\t\t<h2>N\u00eb Hepsi-Markt mund t\u00eb b\u00ebni trajnimet e m\u00ebposhtme:<\/h2>\n\t\t\t\t\t\t\t\t<\/div>\n\t\t\t\t<\/div>\n\t\t\t\t\t<\/div>\n\t\t<\/div>\n\t\t\t\t\t<\/div>\n\t\t<\/section>\n\t\t\t\t<section class=\"elementor-section elementor-top-section elementor-element elementor-element-5d520002 elementor-section-boxed elementor-section-height-default elementor-section-height-default\" data-id=\"5d520002\" data-element_type=\"section\">\n\t\t\t\t\t\t<div class=\"elementor-container elementor-column-gap-default\">\n\t\t\t\t\t<div class=\"elementor-column elementor-col-100 elementor-top-column elementor-element elementor-element-4749ffb6\" data-id=\"4749ffb6\" data-element_type=\"column\">\n\t\t\t<div class=\"elementor-widget-wrap elementor-element-populated\">\n\t\t\t\t\t\t<div class=\"elementor-element elementor-element-45c71890 elementor-widget elementor-widget-toggle\" data-id=\"45c71890\" data-element_type=\"widget\" data-widget_type=\"toggle.default\">\n\t\t\t\t<div class=\"elementor-widget-container\">\n\t\t\t\t\t\t\t<div class=\"elementor-toggle\">\n\t\t\t\t\t\t\t<div class=\"elementor-toggle-item\">\n\t\t\t\t\t<div id=\"elementor-tab-title-1171\" class=\"elementor-tab-title\" data-tab=\"1\" role=\"button\" aria-controls=\"elementor-tab-content-1171\" aria-expanded=\"false\">\n\t\t\t\t\t\t\t\t\t\t\t\t<span class=\"elementor-toggle-icon elementor-toggle-icon-left\" aria-hidden=\"true\">\n\t\t\t\t\t\t\t\t\t\t\t\t\t\t\t<span class=\"elementor-toggle-icon-closed\"><i class=\"fas fa-info-circle\"><\/i><\/span>\n\t\t\t\t\t\t\t\t<span class=\"elementor-toggle-icon-opened\"><i class=\"elementor-toggle-icon-opened fas fa-arrow-alt-circle-down\"><\/i><\/span>\n\t\t\t\t\t\t\t\t\t\t\t\t\t<\/span>\n\t\t\t\t\t\t\t\t\t\t\t\t<a class=\"elementor-toggle-title\" tabindex=\"0\">Shit\u00ebs (m\/f\/d), koh\u00ebzgjatja: 2 vjet  <\/a>\n\t\t\t\t\t<\/div>\n\n\t\t\t\t\t<div id=\"elementor-tab-content-1171\" class=\"elementor-tab-content elementor-clearfix\" data-tab=\"1\" role=\"region\" aria-labelledby=\"elementor-tab-title-1171\"><h3> <\/h3>\n<div class=\"jobsub\">Detyrat tuaja<\/div>\n<h4>Gjat\u00eb trajnimit tuaj 2-vje\u00e7ar do t\u00eb m\u00ebsoni se \u00e7far\u00eb \u00ebsht\u00eb e r\u00ebnd\u00ebsishme n\u00eb shitjen me pakic\u00eb dhe si ne sigurojm\u00eb nj\u00eb p\u00ebrvoj\u00eb t\u00eb suksesshme blerjeje n\u00eb deg\u00ebt tona Hepsi me cil\u00ebsi, freski dhe past\u00ebrti. Pavar\u00ebsisht n\u00ebse b\u00ebhet fjal\u00eb p\u00ebr pastrimin dhe paraqitjen e mallrave, pjekjen ose ark\u00ebimin: ju vendosni dhe b\u00ebni p\u00ebrpjekjet tuaja t\u00eb plota. Ju kontrolloni mallrat q\u00eb vijn\u00eb, mb\u00ebshtesni me pun\u00ebn e inventarit dhe jeni n\u00eb dispozicion t\u00eb klient\u00ebve tan\u00eb me k\u00ebshilla dhe mb\u00ebshtetje. P\u00ebr t\u00eb zhvilluar m\u00eb tej aft\u00ebsit\u00eb tuaja, ju do t\u00eb merrni pjes\u00eb n\u00eb kurse trajnimi dhe projekte emocionuese praktikante.<\/h4>\n<h3> <\/h3>\n<div class=\"jobsub\">profilin tuaj<\/div>\n<ul>\n<li>Diplomimi i suksessh\u00ebm i shkoll\u00ebs<\/li>\n<li>M\u00ebnyra e besueshme dhe e p\u00ebrkushtuar e pun\u00ebs<\/li>\n<li>Shpirti i ekipit, miq\u00ebsia dhe arg\u00ebtimi duke u marr\u00eb me njer\u00ebzit<\/li>\n<li>Fleksibilitet kohor brenda orarit t\u00eb hapjes s\u00eb deg\u00ebs suaj<\/li>\n<\/ul>\n<div class=\"jobsub\">avantazhet tuaja<\/div>\n<ul>\n<li>1100 \u20ac\/muaj n\u00eb Viti i par\u00eb, 1200 \u20ac\/muaj Viti i dyt\u00eb, (me koh\u00eb t\u00eb plot\u00eb)<\/li>\n<li>Mb\u00ebshtetje, inkurajim dhe mbik\u00ebqyrje individuale nga trajner\u00eb me p\u00ebrvoj\u00eb<\/li>\n<li>Zhvillimi profesional dhe personal duke marr\u00eb gjithnj\u00eb e m\u00eb shum\u00eb p\u00ebrgjegj\u00ebsi<\/li>\n<li>Detyra dhe projekte t\u00eb ndryshme<\/li>\n<li>Pas provimeve t\u00eb suksesshme p\u00ebrfundimtare, ju keni perspektivat m\u00eb t\u00eb mira p\u00ebr t&#8217;u marr\u00eb dhe promovuar n\u00eb pozicione m\u00eb t\u00eb larta<\/li>\n<\/ul>\n<\/div>\n\t\t\t\t<\/div>\n\t\t\t\t\t\t\t<div class=\"elementor-toggle-item\">\n\t\t\t\t\t<div id=\"elementor-tab-title-1172\" class=\"elementor-tab-title\" data-tab=\"2\" role=\"button\" aria-controls=\"elementor-tab-content-1172\" aria-expanded=\"false\">\n\t\t\t\t\t\t\t\t\t\t\t\t<span class=\"elementor-toggle-icon elementor-toggle-icon-left\" aria-hidden=\"true\">\n\t\t\t\t\t\t\t\t\t\t\t\t\t\t\t<span class=\"elementor-toggle-icon-closed\"><i class=\"fas fa-info-circle\"><\/i><\/span>\n\t\t\t\t\t\t\t\t<span class=\"elementor-toggle-icon-opened\"><i class=\"elementor-toggle-icon-opened fas fa-arrow-alt-circle-down\"><\/i><\/span>\n\t\t\t\t\t\t\t\t\t\t\t\t\t<\/span>\n\t\t\t\t\t\t\t\t\t\t\t\t<a class=\"elementor-toggle-title\" tabindex=\"0\">N\u00ebpun\u00ebs me pakic\u00eb (m\/f\/d), koh\u00ebzgjatja: 3 vjet  <\/a>\n\t\t\t\t\t<\/div>\n\n\t\t\t\t\t<div id=\"elementor-tab-content-1172\" class=\"elementor-tab-content elementor-clearfix\" data-tab=\"2\" role=\"region\" aria-labelledby=\"elementor-tab-title-1172\"><h3> <\/h3>\n<div class=\"jobsub\">Detyrat tuaja<\/div>\n<h4>Gjat\u00eb trajnimit tuaj 3-vje\u00e7ar do t\u00eb m\u00ebsoni se \u00e7far\u00eb \u00ebsht\u00eb e r\u00ebnd\u00ebsishme n\u00eb shitjen me pakic\u00eb dhe si ne sigurojm\u00eb nj\u00eb p\u00ebrvoj\u00eb t\u00eb suksesshme blerjeje n\u00eb deg\u00ebt tona Hepsi me cil\u00ebsi, freski dhe past\u00ebrti. Pavar\u00ebsisht n\u00ebse b\u00ebhet fjal\u00eb p\u00ebr pastrimin dhe paraqitjen e mallrave, pjekjen ose ark\u00ebimin: ju vendosni dhe b\u00ebni p\u00ebrpjekjet tuaja t\u00eb plota. Ju kontrolloni mallrat q\u00eb vijn\u00eb, mb\u00ebshtesni me pun\u00ebn e inventarit dhe jeni n\u00eb dispozicion t\u00eb klient\u00ebve tan\u00eb me k\u00ebshilla dhe mb\u00ebshtetje. N\u00eb vitin e tret\u00eb t\u00eb trajnimit, do t\u00eb m\u00ebsoni se si t\u00eb krijoni plane p\u00ebr vendosjen e personelit dhe t\u00eb menaxhoni turnin tuaj t\u00eb par\u00eb. P\u00ebr t\u00eb zhvilluar m\u00eb tej aft\u00ebsit\u00eb tuaja, ju do t\u00eb merrni pjes\u00eb n\u00eb kurse trajnimi dhe projekte emocionuese praktikante.<\/h4>\n<h3> <\/h3>\n<div class=\"jobsub\">profilin tuaj<\/div>\n<ul>\n<li>Diplomimi i suksessh\u00ebm i shkoll\u00ebs<\/li>\n<li>T\u00eb interesuar n\u00eb bot\u00ebn dinamike t\u00eb tregtimit?<\/li>\n<li>Vozitje dhe nj\u00eb m\u00ebnyr\u00eb e p\u00ebrkushtuar e pun\u00ebs<\/li>\n<li>Shpirti i ekipit, miq\u00ebsia dhe arg\u00ebtimi duke u marr\u00eb me njer\u00ebzit<\/li>\n<li>Fleksibilitet kohor brenda orarit t\u00eb hapjes s\u00eb deg\u00ebs suaj<\/li>\n<\/ul>\n<h3> <\/h3>\n<div class=\"jobsub\">avantazhet tuaja<\/div>\n<ul>\n<li>Paga: 1100 \u20ac\/muaj Viti i par\u00eb, 1200 \u20ac\/muaj Viti i dyt\u00eb, 1,350 \u20ac\/muaj Viti i 3-t\u00eb (me koh\u00eb t\u00eb plot\u00eb)<\/li>\n<\/ul>\n<ul>\n<li>Mb\u00ebshtetje, inkurajim dhe mbik\u00ebqyrje individuale nga trajner\u00eb me p\u00ebrvoj\u00eb<\/li>\n<li>Zhvillimi profesional dhe personal duke marr\u00eb gjithnj\u00eb e m\u00eb shum\u00eb p\u00ebrgjegj\u00ebsi<\/li>\n<li>Detyra dhe projekte t\u00eb ndryshme<\/li>\n<li>Pas provimeve t\u00eb suksesshme p\u00ebrfundimtare, ju keni perspektivat m\u00eb t\u00eb mira p\u00ebr t&#8217;u marr\u00eb dhe promovuar n\u00eb pozicione m\u00eb t\u00eb larta<\/li>\n<\/ul>\n<\/div>\n\t\t\t\t<\/div>\n\t\t\t\t\t\t\t\t<\/div>\n\t\t\t\t\t\t<\/div>\n\t\t\t\t<\/div>\n\t\t\t\t\t<\/div>\n\t\t<\/div>\n\t\t\t\t\t<\/div>\n\t\t<\/section>\n\t\t\t\t<section class=\"elementor-section elementor-top-section elementor-element elementor-element-4f77b16 elementor-section-boxed elementor-section-height-default elementor-section-height-default\" data-id=\"4f77b16\" data-element_type=\"section\">\n\t\t\t\t\t\t<div class=\"elementor-container elementor-column-gap-default\">\n\t\t\t\t\t<div class=\"elementor-column elementor-col-100 elementor-top-column elementor-element elementor-element-2cd813f\" data-id=\"2cd813f\" data-element_type=\"column\">\n\t\t\t<div class=\"elementor-widget-wrap elementor-element-populated\">\n\t\t\t\t\t\t<div class=\"elementor-element elementor-element-91d1a72 elementor-align-center elementor-widget elementor-widget-button\" data-id=\"91d1a72\" data-element_type=\"widget\" data-widget_type=\"button.default\">\n\t\t\t\t<div class=\"elementor-widget-container\">\n\t\t\t\t\t\t\t\t\t<div class=\"elementor-button-wrapper\">\n\t\t\t\t\t<a class=\"elementor-button elementor-button-link elementor-size-lg elementor-animation-shrink\" href=\"#elementor-action%3Aaction%3Dpopup%3Aopen%26settings%3DeyJpZCI6NzA2MiwidG9nZ2xlIjpmYWxzZX0%3D\">\n\t\t\t\t\t\t<span class=\"elementor-button-content-wrapper\">\n\t\t\t\t\t\t\t\t\t<span class=\"elementor-button-text\">Apliko tani<\/span>\n\t\t\t\t\t<\/span>\n\t\t\t\t\t<\/a>\n\t\t\t\t<\/div>\n\t\t\t\t\t\t\t\t<\/div>\n\t\t\t\t<\/div>\n\t\t\t\t\t<\/div>\n\t\t<\/div>\n\t\t\t\t\t<\/div>\n\t\t<\/section>\n\t\t\t\t<section class=\"elementor-section elementor-top-section elementor-element elementor-element-4084d922 elementor-section-boxed elementor-section-height-default elementor-section-height-default\" data-id=\"4084d922\" data-element_type=\"section\">\n\t\t\t\t\t\t<div class=\"elementor-container elementor-column-gap-default\">\n\t\t\t\t\t<div class=\"elementor-column elementor-col-100 elementor-top-column elementor-element elementor-element-2dc47e3e\" data-id=\"2dc47e3e\" data-element_type=\"column\">\n\t\t\t<div class=\"elementor-widget-wrap elementor-element-populated\">\n\t\t\t\t\t\t<div class=\"elementor-element elementor-element-4829455f elementor-widget elementor-widget-spacer\" data-id=\"4829455f\" data-element_type=\"widget\" data-widget_type=\"spacer.default\">\n\t\t\t\t<div class=\"elementor-widget-container\">\n\t\t\t\t\t\t\t<div class=\"elementor-spacer\">\n\t\t\t<div class=\"elementor-spacer-inner\"><\/div>\n\t\t<\/div>\n\t\t\t\t\t\t<\/div>\n\t\t\t\t<\/div>\n\t\t\t\t\t<\/div>\n\t\t<\/div>\n\t\t\t\t\t<\/div>\n\t\t<\/section>\n\t\t\t\t<section class=\"elementor-section elementor-top-section elementor-element elementor-element-5e9458ae elementor-section-boxed elementor-section-height-default elementor-section-height-default\" data-id=\"5e9458ae\" data-element_type=\"section\">\n\t\t\t\t\t\t<div class=\"elementor-container elementor-column-gap-default\">\n\t\t\t\t\t<div class=\"elementor-column elementor-col-100 elementor-top-column elementor-element elementor-element-8f7124a\" data-id=\"8f7124a\" data-element_type=\"column\">\n\t\t\t<div class=\"elementor-widget-wrap elementor-element-populated\">\n\t\t\t\t\t\t<div class=\"elementor-element elementor-element-4f4e165e elementor-blockquote--skin-quotation elementor-widget elementor-widget-blockquote\" data-id=\"4f4e165e\" data-element_type=\"widget\" data-widget_type=\"blockquote.default\">\n\t\t\t\t<div class=\"elementor-widget-container\">\n\t\t\t\t\t\t\t<blockquote class=\"elementor-blockquote\">\n\t\t\t<p class=\"elementor-blockquote__content\">\n\t\t\t\tUn\u00eb jam me Hepsi p\u00ebr 3 vjet dhe jam plot\u00ebsisht i k\u00ebnaqur. Epror\u00ebt shohin se \u00e7far\u00eb b\u00ebjm\u00eb ne si punonj\u00ebs \u00e7do dit\u00eb dhe na lavd\u00ebrojn\u00eb, p\u00ebrfshihen vet\u00eb dhe e kan\u00eb veshin hapur.\t\t\t<\/p>\n\t\t\t\t\t<\/blockquote>\n\t\t\t\t\t\t<\/div>\n\t\t\t\t<\/div>\n\t\t\t\t<div class=\"elementor-element elementor-element-772a0e0 elementor-blockquote--skin-quotation elementor-widget elementor-widget-blockquote\" data-id=\"772a0e0\" data-element_type=\"widget\" data-widget_type=\"blockquote.default\">\n\t\t\t\t<div class=\"elementor-widget-container\">\n\t\t\t\t\t\t\t<blockquote class=\"elementor-blockquote\">\n\t\t\t<p class=\"elementor-blockquote__content\">\n\t\t\t\tMendoj se \u00ebsht\u00eb mir\u00eb q\u00eb mund t\u00eb kesh nj\u00eb karrier\u00eb te Hepsi . Menaxheri im e pa q\u00eb un\u00eb isha plot\u00ebsisht i p\u00ebrkushtuar dhe gati p\u00ebr t\u00eb marr\u00eb p\u00ebrgjegj\u00ebsin\u00eb. Un\u00eb kam qen\u00eb n\u00eb gjendje t\u00eb p\u00ebrfundoj trajnimin e m\u00ebtejsh\u00ebm dhe s\u00eb shpejti do t\u00eb kaloj n\u00eb nj\u00eb pozicion drejtues.\t\t\t<\/p>\n\t\t\t\t\t<\/blockquote>\n\t\t\t\t\t\t<\/div>\n\t\t\t\t<\/div>\n\t\t\t\t\t<\/div>\n\t\t<\/div>\n\t\t\t\t\t<\/div>\n\t\t<\/section>\n\t\t\t\t<section class=\"elementor-section elementor-top-section elementor-element elementor-element-00d7b9c elementor-section-boxed elementor-section-height-default elementor-section-height-default\" data-id=\"00d7b9c\" data-element_type=\"section\">\n\t\t\t\t\t\t<div class=\"elementor-container elementor-column-gap-default\">\n\t\t\t\t\t<div class=\"elementor-column elementor-col-100 elementor-top-column elementor-element elementor-element-8f887cc\" data-id=\"8f887cc\" data-element_type=\"column\">\n\t\t\t<div class=\"elementor-widget-wrap elementor-element-populated\">\n\t\t\t\t\t\t<div class=\"elementor-element elementor-element-a82576d elementor-widget elementor-widget-spacer\" data-id=\"a82576d\" data-element_type=\"widget\" data-widget_type=\"spacer.default\">\n\t\t\t\t<div class=\"elementor-widget-container\">\n\t\t\t\t\t\t\t<div class=\"elementor-spacer\">\n\t\t\t<div class=\"elementor-spacer-inner\"><\/div>\n\t\t<\/div>\n\t\t\t\t\t\t<\/div>\n\t\t\t\t<\/div>\n\t\t\t\t<div class=\"elementor-element elementor-element-69ad3a2 elementor-widget elementor-widget-text-editor\" data-id=\"69ad3a2\" data-element_type=\"widget\" data-widget_type=\"text-editor.default\">\n\t\t\t\t<div class=\"elementor-widget-container\">\n\t\t\t\t\t\t\t\t\t<h2 style=\"text-align: center;\">Nj\u00eb karrier\u00eb n\u00eb Hepsi ia vlen<\/h2>\n\t\t\t\t\t\t\t\t<\/div>\n\t\t\t\t<\/div>\n\t\t\t\t\t<\/div>\n\t\t<\/div>\n\t\t\t\t\t<\/div>\n\t\t<\/section>\n\t\t\t\t<section class=\"elementor-section elementor-top-section elementor-element elementor-element-b67f475 elementor-section-boxed elementor-section-height-default elementor-section-height-default\" data-id=\"b67f475\" data-element_type=\"section\">\n\t\t\t\t\t\t<div class=\"elementor-container elementor-column-gap-default\">\n\t\t\t\t\t<div class=\"elementor-column elementor-col-50 elementor-top-column elementor-element elementor-element-68f0752\" data-id=\"68f0752\" data-element_type=\"column\">\n\t\t\t<div class=\"elementor-widget-wrap elementor-element-populated\">\n\t\t\t\t\t\t<div class=\"elementor-element elementor-element-423d82b elementor-widget elementor-widget-spacer\" data-id=\"423d82b\" data-element_type=\"widget\" data-widget_type=\"spacer.default\">\n\t\t\t\t<div class=\"elementor-widget-container\">\n\t\t\t\t\t\t\t<div class=\"elementor-spacer\">\n\t\t\t<div class=\"elementor-spacer-inner\"><\/div>\n\t\t<\/div>\n\t\t\t\t\t\t<\/div>\n\t\t\t\t<\/div>\n\t\t\t\t<div class=\"elementor-element elementor-element-4e0c988 elementor-view-default elementor-position-top elementor-mobile-position-top elementor-widget elementor-widget-icon-box\" data-id=\"4e0c988\" data-element_type=\"widget\" data-widget_type=\"icon-box.default\">\n\t\t\t\t<div class=\"elementor-widget-container\">\n\t\t\t\t\t\t\t<div class=\"elementor-icon-box-wrapper\">\n\n\t\t\t\t\t\t<div class=\"elementor-icon-box-icon\">\n\t\t\t\t<a href=\"https:\/\/hepsi-markt.de\/sq\/karriera\/pune-logjistike\/\" class=\"elementor-icon\" tabindex=\"-1\" aria-label=\"Pun\u00eb aktuale n\u00eb logjistik\u00eb\">\n\t\t\t\t\t\t\t\t<\/a>\n\t\t\t<\/div>\n\t\t\t\n\t\t\t\t\t\t<div class=\"elementor-icon-box-content\">\n\n\t\t\t\t\t\t\t\t\t<h3 class=\"elementor-icon-box-title\">\n\t\t\t\t\t\t<a href=\"https:\/\/hepsi-markt.de\/sq\/karriera\/pune-logjistike\/\" >\n\t\t\t\t\t\t\tPun\u00eb aktuale n\u00eb logjistik\u00eb\t\t\t\t\t\t<\/a>\n\t\t\t\t\t<\/h3>\n\t\t\t\t\n\t\t\t\t\t\t\t\t\t<p class=\"elementor-icon-box-description\">\n\t\t\t\t\t\tZbuloni m\u00eb shum\u00eb dhe aplikoni tani!\t\t\t\t\t<\/p>\n\t\t\t\t\n\t\t\t<\/div>\n\t\t\t\n\t\t<\/div>\n\t\t\t\t\t\t<\/div>\n\t\t\t\t<\/div>\n\t\t\t\t\t<\/div>\n\t\t<\/div>\n\t\t\t\t<div class=\"elementor-column elementor-col-50 elementor-top-column elementor-element elementor-element-f38ede2\" data-id=\"f38ede2\" data-element_type=\"column\">\n\t\t\t<div class=\"elementor-widget-wrap elementor-element-populated\">\n\t\t\t\t\t\t<div class=\"elementor-element elementor-element-88a0985 elementor-widget elementor-widget-spacer\" data-id=\"88a0985\" data-element_type=\"widget\" data-widget_type=\"spacer.default\">\n\t\t\t\t<div class=\"elementor-widget-container\">\n\t\t\t\t\t\t\t<div class=\"elementor-spacer\">\n\t\t\t<div class=\"elementor-spacer-inner\"><\/div>\n\t\t<\/div>\n\t\t\t\t\t\t<\/div>\n\t\t\t\t<\/div>\n\t\t\t\t<div class=\"elementor-element elementor-element-217ee0e elementor-view-default elementor-position-top elementor-mobile-position-top elementor-widget elementor-widget-icon-box\" data-id=\"217ee0e\" data-element_type=\"widget\" data-widget_type=\"icon-box.default\">\n\t\t\t\t<div class=\"elementor-widget-container\">\n\t\t\t\t\t\t\t<div class=\"elementor-icon-box-wrapper\">\n\n\t\t\t\t\t\t<div class=\"elementor-icon-box-icon\">\n\t\t\t\t<a href=\"https:\/\/hepsi-markt.de\/sq\/karriera\/shitjet-e-karrieres\/\" class=\"elementor-icon\" tabindex=\"-1\" aria-label=\"Puna n\u00eb shitje\">\n\t\t\t\t\t\t\t\t<\/a>\n\t\t\t<\/div>\n\t\t\t\n\t\t\t\t\t\t<div class=\"elementor-icon-box-content\">\n\n\t\t\t\t\t\t\t\t\t<h3 class=\"elementor-icon-box-title\">\n\t\t\t\t\t\t<a href=\"https:\/\/hepsi-markt.de\/sq\/karriera\/shitjet-e-karrieres\/\" >\n\t\t\t\t\t\t\tPuna n\u00eb shitje\t\t\t\t\t\t<\/a>\n\t\t\t\t\t<\/h3>\n\t\t\t\t\n\t\t\t\t\t\t\t\t\t<p class=\"elementor-icon-box-description\">\n\t\t\t\t\t\tZbuloni m\u00eb shum\u00eb dhe aplikoni tani!\t\t\t\t\t<\/p>\n\t\t\t\t\n\t\t\t<\/div>\n\t\t\t\n\t\t<\/div>\n\t\t\t\t\t\t<\/div>\n\t\t\t\t<\/div>\n\t\t\t\t\t<\/div>\n\t\t<\/div>\n\t\t\t\t\t<\/div>\n\t\t<\/section>\n\t\t\t\t<section class=\"elementor-section elementor-top-section elementor-element elementor-element-150fd3db elementor-section-boxed elementor-section-height-default elementor-section-height-default\" data-id=\"150fd3db\" data-element_type=\"section\">\n\t\t\t\t\t\t<div class=\"elementor-container elementor-column-gap-default\">\n\t\t\t\t\t<div class=\"elementor-column elementor-col-100 elementor-top-column elementor-element elementor-element-4a1e21c8\" data-id=\"4a1e21c8\" data-element_type=\"column\">\n\t\t\t<div class=\"elementor-widget-wrap elementor-element-populated\">\n\t\t\t\t\t\t<div class=\"elementor-element elementor-element-6b10a575 elementor-widget elementor-widget-spacer\" data-id=\"6b10a575\" data-element_type=\"widget\" data-widget_type=\"spacer.default\">\n\t\t\t\t<div class=\"elementor-widget-container\">\n\t\t\t\t\t\t\t<div class=\"elementor-spacer\">\n\t\t\t<div class=\"elementor-spacer-inner\"><\/div>\n\t\t<\/div>\n\t\t\t\t\t\t<\/div>\n\t\t\t\t<\/div>\n\t\t\t\t\t<\/div>\n\t\t<\/div>\n\t\t\t\t\t<\/div>\n\t\t<\/section>\n\t\t\t\t<\/div>\n\t\t","protected":false},"excerpt":{"rendered":"<p>Trajnim p\u00ebr shitje Fillimi i trajnimit: 1 gusht T\u00eb fillosh jet\u00ebn t\u00ebnde profesionale me Hepsi do t\u00eb thot\u00eb t\u00eb jesh n\u00eb mes t\u00eb gj\u00ebrave q\u00eb n\u00eb fillim, n\u00eb vend q\u00eb t\u00eb jesh vet\u00ebm aty, t\u00eb marr\u00ebsh p\u00ebrgjegj\u00ebsi dhe t\u00eb m\u00ebsosh vazhdimisht gj\u00ebra t\u00eb reja. Me ne ju mund t\u00eb b\u00ebni pak m\u00eb shum\u00eb t\u00eb mundur [&hellip;]<\/p>\n","protected":false},"author":1,"featured_media":0,"parent":6170,"menu_order":0,"comment_status":"closed","ping_status":"closed","template":"elementor_header_footer","meta":{"_acf_changed":false,"footnotes":""},"class_list":["post-6498","page","type-page","status-publish","hentry"],"acf":[],"_links":{"self":[{"href":"https:\/\/hepsi-markt.de\/sq\/wp-json\/wp\/v2\/pages\/6498","targetHints":{"allow":["GET"]}}],"collection":[{"href":"https:\/\/hepsi-markt.de\/sq\/wp-json\/wp\/v2\/pages"}],"about":[{"href":"https:\/\/hepsi-markt.de\/sq\/wp-json\/wp\/v2\/types\/page"}],"author":[{"embeddable":true,"href":"https:\/\/hepsi-markt.de\/sq\/wp-json\/wp\/v2\/users\/1"}],"replies":[{"embeddable":true,"href":"https:\/\/hepsi-markt.de\/sq\/wp-json\/wp\/v2\/comments?post=6498"}],"version-history":[{"count":2,"href":"https:\/\/hepsi-markt.de\/sq\/wp-json\/wp\/v2\/pages\/6498\/revisions"}],"predecessor-version":[{"id":7661267,"href":"https:\/\/hepsi-markt.de\/sq\/wp-json\/wp\/v2\/pages\/6498\/revisions\/7661267"}],"up":[{"embeddable":true,"href":"https:\/\/hepsi-markt.de\/sq\/wp-json\/wp\/v2\/pages\/6170"}],"wp:attachment":[{"href":"https:\/\/hepsi-markt.de\/sq\/wp-json\/wp\/v2\/media?parent=6498"}],"curies":[{"name":"wp","href":"https:\/\/api.w.org\/{rel}","templated":true}]}}