	{"id":6434,"date":"2021-05-12T12:11:27","date_gmt":"2021-05-12T10:11:27","guid":{"rendered":"https:\/\/hepsi-markt.de\/ofertat\/"},"modified":"2026-05-10T10:41:59","modified_gmt":"2026-05-10T08:41:59","slug":"ofertat","status":"publish","type":"page","link":"https:\/\/hepsi-markt.de\/sq\/ofertat\/","title":{"rendered":"Broshura"},"content":{"rendered":"\t\t<div data-elementor-type=\"wp-page\" data-elementor-id=\"6434\" class=\"elementor elementor-6434 elementor-1375\" data-elementor-post-type=\"page\">\n\t\t\t\t\t\t<section class=\"elementor-section elementor-top-section elementor-element elementor-element-2370ac01 elementor-section-full_width elementor-section-height-default elementor-section-height-default\" data-id=\"2370ac01\" data-element_type=\"section\">\n\t\t\t\t\t\t<div class=\"elementor-container elementor-column-gap-default\">\n\t\t\t\t\t<div class=\"elementor-column elementor-col-100 elementor-top-column elementor-element elementor-element-38de9ee2\" data-id=\"38de9ee2\" data-element_type=\"column\">\n\t\t\t<div class=\"elementor-widget-wrap\">\n\t\t\t\t\t\t\t<\/div>\n\t\t<\/div>\n\t\t\t\t\t<\/div>\n\t\t<\/section>\n\t\t\t\t<section class=\"elementor-section elementor-top-section elementor-element elementor-element-f28a85a elementor-section-full_width elementor-section-stretched elementor-section-height-default elementor-section-height-default\" data-id=\"f28a85a\" data-element_type=\"section\" data-settings=\"{&quot;stretch_section&quot;:&quot;section-stretched&quot;}\">\n\t\t\t\t\t\t<div class=\"elementor-container elementor-column-gap-default\">\n\t\t\t\t\t<div class=\"elementor-column elementor-col-100 elementor-top-column elementor-element elementor-element-232a367\" data-id=\"232a367\" data-element_type=\"column\">\n\t\t\t<div class=\"elementor-widget-wrap elementor-element-populated\">\n\t\t\t\t\t\t<div class=\"elementor-element elementor-element-64b356d elementor-widget elementor-widget-heading\" data-id=\"64b356d\" data-element_type=\"widget\" data-widget_type=\"heading.default\">\n\t\t\t\t<div class=\"elementor-widget-container\">\n\t\t\t\t\t<h1 class=\"elementor-heading-title elementor-size-default\">Promovimet aktuale nga Hepsi-Markt<\/h1>\t\t\t\t<\/div>\n\t\t\t\t<\/div>\n\t\t\t\t<div class=\"elementor-element elementor-element-821a7fe elementor-widget elementor-widget-spacer\" data-id=\"821a7fe\" data-element_type=\"widget\" data-widget_type=\"spacer.default\">\n\t\t\t\t<div class=\"elementor-widget-container\">\n\t\t\t\t\t\t\t<div class=\"elementor-spacer\">\n\t\t\t<div class=\"elementor-spacer-inner\"><\/div>\n\t\t<\/div>\n\t\t\t\t\t\t<\/div>\n\t\t\t\t<\/div>\n\t\t\t\t\t<\/div>\n\t\t<\/div>\n\t\t\t\t\t<\/div>\n\t\t<\/section>\n\t\t\t\t<section class=\"elementor-section elementor-top-section elementor-element elementor-element-1e25a9f elementor-section-boxed elementor-section-height-default elementor-section-height-default\" data-id=\"1e25a9f\" data-element_type=\"section\">\n\t\t\t\t\t\t<div class=\"elementor-container elementor-column-gap-default\">\n\t\t\t\t\t<div class=\"elementor-column elementor-col-100 elementor-top-column elementor-element elementor-element-4c612b0\" data-id=\"4c612b0\" data-element_type=\"column\">\n\t\t\t<div class=\"elementor-widget-wrap elementor-element-populated\">\n\t\t\t\t\t\t<div class=\"elementor-element elementor-element-b880dcd elementor-widget elementor-widget-text-editor\" data-id=\"b880dcd\" data-element_type=\"widget\" data-widget_type=\"text-editor.default\">\n\t\t\t\t<div class=\"elementor-widget-container\">\n\t\t\t\t\t\t\t\t\t<h2 style=\"text-align: center;\"><span style=\"text-align: left;\"><b>Hepsi Super Promocion:<\/b><\/span><\/h2><h4 style=\"text-align: center;\">  Zbulo nga  <strong>Dienstag, den 11.05. bis Samstag, den 16.05.2026 <\/strong>  Oferta t\u00eb shk\u00eblqyera me \u00e7mime t\u00eb larta n\u00eb deg\u00ebt tona Hepsi-Markt n\u00eb <strong>M\u00fclheim an der Ruhr, Essen dhe Leverkusen<\/strong> .<\/h4>\t\t\t\t\t\t\t\t<\/div>\n\t\t\t\t<\/div>\n\t\t\t\t<div class=\"elementor-element elementor-element-0bf8072 elementor-arrows-position-inside elementor-pagination-position-outside elementor-widget elementor-widget-image-carousel\" data-id=\"0bf8072\" data-element_type=\"widget\" data-settings=\"{&quot;slides_to_show&quot;:&quot;2&quot;,&quot;navigation&quot;:&quot;both&quot;,&quot;autoplay&quot;:&quot;yes&quot;,&quot;pause_on_hover&quot;:&quot;yes&quot;,&quot;pause_on_interaction&quot;:&quot;yes&quot;,&quot;autoplay_speed&quot;:5000,&quot;infinite&quot;:&quot;yes&quot;,&quot;speed&quot;:500}\" data-widget_type=\"image-carousel.default\">\n\t\t\t\t<div class=\"elementor-widget-container\">\n\t\t\t\t\t\t\t<div class=\"elementor-image-carousel-wrapper swiper\" role=\"region\" aria-roledescription=\"carousel\" aria-label=\"Image Carousel\" dir=\"ltr\">\n\t\t\t<div class=\"elementor-image-carousel swiper-wrapper\" aria-live=\"off\">\n\t\t\t\t\t\t\t\t<div class=\"swiper-slide\" role=\"group\" aria-roledescription=\"slide\" aria-label=\"1 of 12\"><figure class=\"swiper-slide-inner\"><img decoding=\"async\" class=\"swiper-slide-image\" src=\"https:\/\/hepsi-markt.de\/wp-content\/uploads\/2026\/05\/01_Hepsi-Angebote_KW20-1-768x1086.webp\" alt=\"01_Hepsi-Angebote_KW20\" \/><\/figure><\/div><div class=\"swiper-slide\" role=\"group\" aria-roledescription=\"slide\" aria-label=\"2 of 12\"><figure class=\"swiper-slide-inner\"><img decoding=\"async\" class=\"swiper-slide-image\" src=\"https:\/\/hepsi-markt.de\/wp-content\/uploads\/2026\/05\/02_Hepsi-Angebote_KW20-1-768x1086.webp\" alt=\"02_Hepsi-Angebote_KW20\" \/><\/figure><\/div><div class=\"swiper-slide\" role=\"group\" aria-roledescription=\"slide\" aria-label=\"3 of 12\"><figure class=\"swiper-slide-inner\"><img decoding=\"async\" class=\"swiper-slide-image\" src=\"https:\/\/hepsi-markt.de\/wp-content\/uploads\/2026\/05\/03_Hepsi-Angebote_KW20-1-768x1086.webp\" alt=\"03_Hepsi-Angebote_KW20\" \/><\/figure><\/div><div class=\"swiper-slide\" role=\"group\" aria-roledescription=\"slide\" aria-label=\"4 of 12\"><figure class=\"swiper-slide-inner\"><img decoding=\"async\" class=\"swiper-slide-image\" src=\"https:\/\/hepsi-markt.de\/wp-content\/uploads\/2026\/05\/04_Hepsi-Angebote_KW20-1-768x1086.webp\" alt=\"04_Hepsi-Angebote_KW20\" \/><\/figure><\/div><div class=\"swiper-slide\" role=\"group\" aria-roledescription=\"slide\" aria-label=\"5 of 12\"><figure class=\"swiper-slide-inner\"><img decoding=\"async\" class=\"swiper-slide-image\" src=\"https:\/\/hepsi-markt.de\/wp-content\/uploads\/2026\/05\/05_Hepsi-Angebote_KW20-1-768x1086.webp\" alt=\"05_Hepsi-Angebote_KW20\" \/><\/figure><\/div><div class=\"swiper-slide\" role=\"group\" aria-roledescription=\"slide\" aria-label=\"6 of 12\"><figure class=\"swiper-slide-inner\"><img decoding=\"async\" class=\"swiper-slide-image\" src=\"https:\/\/hepsi-markt.de\/wp-content\/uploads\/2026\/05\/06_Hepsi-Angebote_KW20-1-768x1086.webp\" alt=\"06_Hepsi-Angebote_KW20\" \/><\/figure><\/div><div class=\"swiper-slide\" role=\"group\" aria-roledescription=\"slide\" aria-label=\"7 of 12\"><figure class=\"swiper-slide-inner\"><img decoding=\"async\" class=\"swiper-slide-image\" src=\"https:\/\/hepsi-markt.de\/wp-content\/uploads\/2026\/05\/07_Hepsi-Angebote_KW20-1-768x1086.webp\" alt=\"07_Hepsi-Angebote_KW20\" \/><\/figure><\/div><div class=\"swiper-slide\" role=\"group\" aria-roledescription=\"slide\" aria-label=\"8 of 12\"><figure class=\"swiper-slide-inner\"><img decoding=\"async\" class=\"swiper-slide-image\" src=\"https:\/\/hepsi-markt.de\/wp-content\/uploads\/2026\/05\/08_Hepsi-Angebote_KW20-1-768x1086.webp\" alt=\"08_Hepsi-Angebote_KW20\" \/><\/figure><\/div><div class=\"swiper-slide\" role=\"group\" aria-roledescription=\"slide\" aria-label=\"9 of 12\"><figure class=\"swiper-slide-inner\"><img decoding=\"async\" class=\"swiper-slide-image\" src=\"https:\/\/hepsi-markt.de\/wp-content\/uploads\/2026\/05\/09_Hepsi-Angebote_KW20-1-768x1086.webp\" alt=\"09_Hepsi-Angebote_KW20\" \/><\/figure><\/div><div class=\"swiper-slide\" role=\"group\" aria-roledescription=\"slide\" aria-label=\"10 of 12\"><figure class=\"swiper-slide-inner\"><img decoding=\"async\" class=\"swiper-slide-image\" src=\"https:\/\/hepsi-markt.de\/wp-content\/uploads\/2026\/05\/10_Hepsi-Angebote_KW20-1-768x1086.webp\" alt=\"10_Hepsi-Angebote_KW20\" \/><\/figure><\/div><div class=\"swiper-slide\" role=\"group\" aria-roledescription=\"slide\" aria-label=\"11 of 12\"><figure class=\"swiper-slide-inner\"><img decoding=\"async\" class=\"swiper-slide-image\" src=\"https:\/\/hepsi-markt.de\/wp-content\/uploads\/2026\/05\/11_Hepsi-Angebote_KW20-1-768x1086.webp\" alt=\"11_Hepsi-Angebote_KW20\" \/><\/figure><\/div><div class=\"swiper-slide\" role=\"group\" aria-roledescription=\"slide\" aria-label=\"12 of 12\"><figure class=\"swiper-slide-inner\"><img decoding=\"async\" class=\"swiper-slide-image\" src=\"https:\/\/hepsi-markt.de\/wp-content\/uploads\/2026\/05\/12_Hepsi-Angebote_KW20-1-768x1086.webp\" alt=\"12_Hepsi-Angebote_KW20\" \/><\/figure><\/div>\t\t\t<\/div>\n\t\t\t\t\t\t\t\t\t\t\t\t<div class=\"elementor-swiper-button elementor-swiper-button-prev\" role=\"button\" tabindex=\"0\">\n\t\t\t\t\t\t<svg xmlns=\"http:\/\/www.w3.org\/2000\/svg\" fill-rule=\"evenodd\" clip-rule=\"evenodd\" viewBox=\"0 0 512 485.963\"><path fill=\"#10A44E\" d=\"M238.441 171.532l256.495-19.808c9.347-.722 17.064 7.689 17.064 17.061v148.393c0 9.373-7.704 17.783-17.064 17.061l-256.495-19.808v.369l35.318 100.96c19.779 51.211-12.189 91.873-49.588 57.439L24.189 281.561c-32.252-32.255-32.252-45.759 0-78.011L224.171 11.913c36.273-32.432 69.367 6.228 49.588 57.436l-35.318 100.963v1.22z\"><\/path><\/svg>\t\t\t\t\t<\/div>\n\t\t\t\t\t<div class=\"elementor-swiper-button elementor-swiper-button-next\" role=\"button\" tabindex=\"0\">\n\t\t\t\t\t\t<svg xmlns=\"http:\/\/www.w3.org\/2000\/svg\" fill-rule=\"evenodd\" clip-rule=\"evenodd\" viewBox=\"0 0 512 485.963\"><path fill=\"#10A44E\" d=\"M273.559 171.532L17.064 151.724C7.717 151.002 0 159.413 0 168.785v148.393c0 9.372 7.704 17.783 17.064 17.06l256.495-19.807v.369l-35.318 100.959c-19.779 51.211 12.189 91.873 49.588 57.439l199.982-191.637c32.252-32.255 32.252-45.759 0-78.011L287.829 11.913c-36.273-32.432-69.367 6.228-49.588 57.436l35.318 100.962v1.221z\"><\/path><\/svg>\t\t\t\t\t<\/div>\n\t\t\t\t\n\t\t\t\t\t\t\t\t\t<div class=\"swiper-pagination\"><\/div>\n\t\t\t\t\t\t\t\t\t<\/div>\n\t\t\t\t\t\t<\/div>\n\t\t\t\t<\/div>\n\t\t\t\t<div class=\"elementor-element elementor-element-a185c55 elementor-widget elementor-widget-text-editor\" data-id=\"a185c55\" data-element_type=\"widget\" data-widget_type=\"text-editor.default\">\n\t\t\t\t<div class=\"elementor-widget-container\">\n\t\t\t\t\t\t\t\t\t<h2 style=\"text-align: center;\"><span style=\"text-align: left;\"><b>Pamja paraprake Hepsi :<\/b><\/span><\/h2><h4 style=\"text-align: center;\">  Zbulo nga  <strong>Montag, den 18.05. bis Samstag, den 23 <\/strong><strong>05.2026<\/strong> Oferta t\u00eb shk\u00eblqyera me \u00e7mimet m\u00eb t\u00eb mira n\u00eb dyqanet tona Hepsi-Markt!<\/h4>\t\t\t\t\t\t\t\t<\/div>\n\t\t\t\t<\/div>\n\t\t\t\t<div class=\"elementor-element elementor-element-32c94a0 elementor-arrows-position-inside elementor-pagination-position-outside elementor-widget elementor-widget-image-carousel\" data-id=\"32c94a0\" data-element_type=\"widget\" data-settings=\"{&quot;slides_to_show&quot;:&quot;2&quot;,&quot;navigation&quot;:&quot;both&quot;,&quot;autoplay&quot;:&quot;yes&quot;,&quot;pause_on_hover&quot;:&quot;yes&quot;,&quot;pause_on_interaction&quot;:&quot;yes&quot;,&quot;autoplay_speed&quot;:5000,&quot;infinite&quot;:&quot;yes&quot;,&quot;speed&quot;:500}\" data-widget_type=\"image-carousel.default\">\n\t\t\t\t<div class=\"elementor-widget-container\">\n\t\t\t\t\t\t\t<div class=\"elementor-image-carousel-wrapper swiper\" role=\"region\" aria-roledescription=\"carousel\" aria-label=\"Image Carousel\" dir=\"ltr\">\n\t\t\t<div class=\"elementor-image-carousel swiper-wrapper\" aria-live=\"off\">\n\t\t\t\t\t\t\t\t<div class=\"swiper-slide\" role=\"group\" aria-roledescription=\"slide\" aria-label=\"1 of 12\"><figure class=\"swiper-slide-inner\"><img decoding=\"async\" class=\"swiper-slide-image\" src=\"https:\/\/hepsi-markt.de\/wp-content\/uploads\/2026\/05\/01_Hepsi-Angebote_KW21-768x1086.webp\" alt=\"01_Hepsi-Angebote_KW21\" \/><\/figure><\/div><div class=\"swiper-slide\" role=\"group\" aria-roledescription=\"slide\" aria-label=\"2 of 12\"><figure class=\"swiper-slide-inner\"><img decoding=\"async\" class=\"swiper-slide-image\" src=\"https:\/\/hepsi-markt.de\/wp-content\/uploads\/2026\/05\/02_Hepsi-Angebote_KW21-768x1086.webp\" alt=\"02_Hepsi-Angebote_KW21\" \/><\/figure><\/div><div class=\"swiper-slide\" role=\"group\" aria-roledescription=\"slide\" aria-label=\"3 of 12\"><figure class=\"swiper-slide-inner\"><img decoding=\"async\" class=\"swiper-slide-image\" src=\"https:\/\/hepsi-markt.de\/wp-content\/uploads\/2026\/05\/03_Hepsi-Angebote_KW21-768x1086.webp\" alt=\"03_Hepsi-Angebote_KW21\" \/><\/figure><\/div><div class=\"swiper-slide\" role=\"group\" aria-roledescription=\"slide\" aria-label=\"4 of 12\"><figure class=\"swiper-slide-inner\"><img decoding=\"async\" class=\"swiper-slide-image\" src=\"https:\/\/hepsi-markt.de\/wp-content\/uploads\/2026\/05\/04_Hepsi-Angebote_KW21-768x1086.webp\" alt=\"04_Hepsi-Angebote_KW21\" \/><\/figure><\/div><div class=\"swiper-slide\" role=\"group\" aria-roledescription=\"slide\" aria-label=\"5 of 12\"><figure class=\"swiper-slide-inner\"><img decoding=\"async\" class=\"swiper-slide-image\" src=\"https:\/\/hepsi-markt.de\/wp-content\/uploads\/2026\/05\/05_Hepsi-Angebote_KW21-768x1086.webp\" alt=\"05_Hepsi-Angebote_KW21\" \/><\/figure><\/div><div class=\"swiper-slide\" role=\"group\" aria-roledescription=\"slide\" aria-label=\"6 of 12\"><figure class=\"swiper-slide-inner\"><img decoding=\"async\" class=\"swiper-slide-image\" src=\"https:\/\/hepsi-markt.de\/wp-content\/uploads\/2026\/05\/06_Hepsi-Angebote_KW21-768x1086.webp\" alt=\"06_Hepsi-Angebote_KW21\" \/><\/figure><\/div><div class=\"swiper-slide\" role=\"group\" aria-roledescription=\"slide\" aria-label=\"7 of 12\"><figure class=\"swiper-slide-inner\"><img decoding=\"async\" class=\"swiper-slide-image\" src=\"https:\/\/hepsi-markt.de\/wp-content\/uploads\/2026\/05\/07_Hepsi-Angebote_KW21-768x1086.webp\" alt=\"07_Hepsi-Angebote_KW21\" \/><\/figure><\/div><div class=\"swiper-slide\" role=\"group\" aria-roledescription=\"slide\" aria-label=\"8 of 12\"><figure class=\"swiper-slide-inner\"><img decoding=\"async\" class=\"swiper-slide-image\" src=\"https:\/\/hepsi-markt.de\/wp-content\/uploads\/2026\/05\/08_Hepsi-Angebote_KW21-768x1086.webp\" alt=\"08_Hepsi-Angebote_KW21\" \/><\/figure><\/div><div class=\"swiper-slide\" role=\"group\" aria-roledescription=\"slide\" aria-label=\"9 of 12\"><figure class=\"swiper-slide-inner\"><img decoding=\"async\" class=\"swiper-slide-image\" src=\"https:\/\/hepsi-markt.de\/wp-content\/uploads\/2026\/05\/09_Hepsi-Angebote_KW21-768x1086.webp\" alt=\"09_Hepsi-Angebote_KW21\" \/><\/figure><\/div><div class=\"swiper-slide\" role=\"group\" aria-roledescription=\"slide\" aria-label=\"10 of 12\"><figure class=\"swiper-slide-inner\"><img decoding=\"async\" class=\"swiper-slide-image\" src=\"https:\/\/hepsi-markt.de\/wp-content\/uploads\/2026\/05\/10_Hepsi-Angebote_KW21-768x1086.webp\" alt=\"10_Hepsi-Angebote_KW21\" \/><\/figure><\/div><div class=\"swiper-slide\" role=\"group\" aria-roledescription=\"slide\" aria-label=\"11 of 12\"><figure class=\"swiper-slide-inner\"><img decoding=\"async\" class=\"swiper-slide-image\" src=\"https:\/\/hepsi-markt.de\/wp-content\/uploads\/2026\/05\/11_Hepsi-Angebote_KW21-768x1086.webp\" alt=\"11_Hepsi-Angebote_KW21\" \/><\/figure><\/div><div class=\"swiper-slide\" role=\"group\" aria-roledescription=\"slide\" aria-label=\"12 of 12\"><figure class=\"swiper-slide-inner\"><img decoding=\"async\" class=\"swiper-slide-image\" src=\"https:\/\/hepsi-markt.de\/wp-content\/uploads\/2026\/05\/12_Hepsi-Angebote_KW21-768x1086.webp\" alt=\"12_Hepsi-Angebote_KW21\" \/><\/figure><\/div>\t\t\t<\/div>\n\t\t\t\t\t\t\t\t\t\t\t\t<div class=\"elementor-swiper-button elementor-swiper-button-prev\" role=\"button\" tabindex=\"0\">\n\t\t\t\t\t\t<svg xmlns=\"http:\/\/www.w3.org\/2000\/svg\" fill-rule=\"evenodd\" clip-rule=\"evenodd\" viewBox=\"0 0 512 485.963\"><path fill=\"#10A44E\" d=\"M238.441 171.532l256.495-19.808c9.347-.722 17.064 7.689 17.064 17.061v148.393c0 9.373-7.704 17.783-17.064 17.061l-256.495-19.808v.369l35.318 100.96c19.779 51.211-12.189 91.873-49.588 57.439L24.189 281.561c-32.252-32.255-32.252-45.759 0-78.011L224.171 11.913c36.273-32.432 69.367 6.228 49.588 57.436l-35.318 100.963v1.22z\"><\/path><\/svg>\t\t\t\t\t<\/div>\n\t\t\t\t\t<div class=\"elementor-swiper-button elementor-swiper-button-next\" role=\"button\" tabindex=\"0\">\n\t\t\t\t\t\t<svg xmlns=\"http:\/\/www.w3.org\/2000\/svg\" fill-rule=\"evenodd\" clip-rule=\"evenodd\" viewBox=\"0 0 512 485.963\"><path fill=\"#10A44E\" d=\"M273.559 171.532L17.064 151.724C7.717 151.002 0 159.413 0 168.785v148.393c0 9.372 7.704 17.783 17.064 17.06l256.495-19.807v.369l-35.318 100.959c-19.779 51.211 12.189 91.873 49.588 57.439l199.982-191.637c32.252-32.255 32.252-45.759 0-78.011L287.829 11.913c-36.273-32.432-69.367 6.228-49.588 57.436l35.318 100.962v1.221z\"><\/path><\/svg>\t\t\t\t\t<\/div>\n\t\t\t\t\n\t\t\t\t\t\t\t\t\t<div class=\"swiper-pagination\"><\/div>\n\t\t\t\t\t\t\t\t\t<\/div>\n\t\t\t\t\t\t<\/div>\n\t\t\t\t<\/div>\n\t\t\t\t\t<\/div>\n\t\t<\/div>\n\t\t\t\t\t<\/div>\n\t\t<\/section>\n\t\t\t\t<section class=\"elementor-section elementor-top-section elementor-element elementor-element-9dbeab8 elementor-section-boxed elementor-section-height-default elementor-section-height-default\" data-id=\"9dbeab8\" data-element_type=\"section\">\n\t\t\t\t\t\t<div class=\"elementor-container elementor-column-gap-default\">\n\t\t\t\t\t<div class=\"elementor-column elementor-col-100 elementor-top-column elementor-element elementor-element-d7fa21e\" data-id=\"d7fa21e\" data-element_type=\"column\">\n\t\t\t<div class=\"elementor-widget-wrap\">\n\t\t\t\t\t\t\t<\/div>\n\t\t<\/div>\n\t\t\t\t\t<\/div>\n\t\t<\/section>\n\t\t\t\t<section class=\"elementor-section elementor-top-section elementor-element elementor-element-ad1931a elementor-section-boxed elementor-section-height-default elementor-section-height-default\" data-id=\"ad1931a\" data-element_type=\"section\">\n\t\t\t\t\t\t<div class=\"elementor-container elementor-column-gap-default\">\n\t\t\t\t\t<div class=\"elementor-column elementor-col-100 elementor-top-column elementor-element elementor-element-e72f3d7\" data-id=\"e72f3d7\" data-element_type=\"column\">\n\t\t\t<div class=\"elementor-widget-wrap elementor-element-populated\">\n\t\t\t\t\t\t<div class=\"elementor-element elementor-element-161ca91 elementor-widget elementor-widget-spacer\" data-id=\"161ca91\" data-element_type=\"widget\" data-widget_type=\"spacer.default\">\n\t\t\t\t<div class=\"elementor-widget-container\">\n\t\t\t\t\t\t\t<div class=\"elementor-spacer\">\n\t\t\t<div class=\"elementor-spacer-inner\"><\/div>\n\t\t<\/div>\n\t\t\t\t\t\t<\/div>\n\t\t\t\t<\/div>\n\t\t\t\t<div class=\"elementor-element elementor-element-67c32fe elementor-widget elementor-widget-text-editor\" data-id=\"67c32fe\" data-element_type=\"widget\" data-widget_type=\"text-editor.default\">\n\t\t\t\t<div class=\"elementor-widget-container\">\n\t\t\t\t\t\t\t\t\t<h2>Hepsi \u00ebsht\u00eb p\u00ebrgjithmon\u00eb i lir\u00eb<\/h2><p>Ka shum\u00eb produkte me \u00e7mime t\u00eb p\u00ebrhershme t\u00eb ul\u00ebta n\u00eb Hepsi-Markt . Krahasoni veten. Markat tona dhe shum\u00eb produkte t\u00eb markave turke kan\u00eb \u00e7mime t\u00eb pakrahasueshme n\u00eb Hepsi .<\/p><h2>Paguani pa kontakt dhe t\u00ebrhiqni para<\/h2><p>Mund t\u00eb paguani edhe pa kontakt n\u00eb Hepsi-Markt . Ne pranojm\u00eb Girocard, MasterCard, American Express dhe VISA.<\/p>\t\t\t\t\t\t\t\t<\/div>\n\t\t\t\t<\/div>\n\t\t\t\t\t<\/div>\n\t\t<\/div>\n\t\t\t\t\t<\/div>\n\t\t<\/section>\n\t\t\t\t<section class=\"elementor-section elementor-top-section elementor-element elementor-element-dde7a26 elementor-section-boxed elementor-section-height-default elementor-section-height-default\" data-id=\"dde7a26\" data-element_type=\"section\">\n\t\t\t\t\t\t<div class=\"elementor-container elementor-column-gap-default\">\n\t\t\t\t\t<div class=\"elementor-column elementor-col-20 elementor-top-column elementor-element elementor-element-2368f76\" data-id=\"2368f76\" data-element_type=\"column\">\n\t\t\t<div class=\"elementor-widget-wrap elementor-element-populated\">\n\t\t\t\t\t\t<div class=\"elementor-element elementor-element-6f58633 elementor-widget elementor-widget-image\" data-id=\"6f58633\" data-element_type=\"widget\" data-widget_type=\"image.default\">\n\t\t\t\t<div class=\"elementor-widget-container\">\n\t\t\t\t\t\t\t\t\t\t\t\t\t\t\t<img decoding=\"async\" src=\"https:\/\/hepsi-markt.de\/wp-content\/uploads\/04\/Label-kontaktlos-bezahlen-e1620817163474.jpg\" title=\"\" alt=\"\" loading=\"lazy\" \/>\t\t\t\t\t\t\t\t\t\t\t\t\t\t\t<\/div>\n\t\t\t\t<\/div>\n\t\t\t\t\t<\/div>\n\t\t<\/div>\n\t\t\t\t<div class=\"elementor-column elementor-col-20 elementor-top-column elementor-element elementor-element-3a8ae3c\" data-id=\"3a8ae3c\" data-element_type=\"column\">\n\t\t\t<div class=\"elementor-widget-wrap elementor-element-populated\">\n\t\t\t\t\t\t<div class=\"elementor-element elementor-element-ed065f3 elementor-widget elementor-widget-image\" data-id=\"ed065f3\" data-element_type=\"widget\" data-widget_type=\"image.default\">\n\t\t\t\t<div class=\"elementor-widget-container\">\n\t\t\t\t\t\t\t\t\t\t\t\t\t\t\t<img decoding=\"async\" src=\"https:\/\/hepsi-markt.de\/wp-content\/uploads\/04\/Label-girocard.png\" title=\"\" alt=\"\" loading=\"lazy\" \/>\t\t\t\t\t\t\t\t\t\t\t\t\t\t\t<\/div>\n\t\t\t\t<\/div>\n\t\t\t\t\t<\/div>\n\t\t<\/div>\n\t\t\t\t<div class=\"elementor-column elementor-col-20 elementor-top-column elementor-element elementor-element-cecc66e\" data-id=\"cecc66e\" data-element_type=\"column\">\n\t\t\t<div class=\"elementor-widget-wrap\">\n\t\t\t\t\t\t\t<\/div>\n\t\t<\/div>\n\t\t\t\t<div class=\"elementor-column elementor-col-20 elementor-top-column elementor-element elementor-element-7e1197a\" data-id=\"7e1197a\" data-element_type=\"column\">\n\t\t\t<div class=\"elementor-widget-wrap\">\n\t\t\t\t\t\t\t<\/div>\n\t\t<\/div>\n\t\t\t\t<div class=\"elementor-column elementor-col-20 elementor-top-column elementor-element elementor-element-464be97\" data-id=\"464be97\" data-element_type=\"column\">\n\t\t\t<div class=\"elementor-widget-wrap\">\n\t\t\t\t\t\t\t<\/div>\n\t\t<\/div>\n\t\t\t\t\t<\/div>\n\t\t<\/section>\n\t\t\t\t<section class=\"elementor-section elementor-top-section elementor-element elementor-element-7f1e6b3 elementor-section-boxed elementor-section-height-default elementor-section-height-default\" data-id=\"7f1e6b3\" data-element_type=\"section\">\n\t\t\t\t\t\t<div class=\"elementor-container elementor-column-gap-default\">\n\t\t\t\t\t<div class=\"elementor-column elementor-col-100 elementor-top-column elementor-element elementor-element-e1a8f32\" data-id=\"e1a8f32\" data-element_type=\"column\">\n\t\t\t<div class=\"elementor-widget-wrap elementor-element-populated\">\n\t\t\t\t\t\t<div class=\"elementor-element elementor-element-5634620 elementor-widget elementor-widget-text-editor\" data-id=\"5634620\" data-element_type=\"widget\" data-widget_type=\"text-editor.default\">\n\t\t\t\t<div class=\"elementor-widget-container\">\n\t\t\t\t\t\t\t\t\t<p>P\u00ebrdorni sh\u00ebrbimin ton\u00eb t\u00eb kthimit t\u00eb parave: Me nj\u00eb vler\u00eb blerjeje prej 5 euro ose m\u00eb shum\u00eb, mund t\u00eb t\u00ebrhiqni para me kart\u00ebn tuaj t\u00eb debitit pa pages\u00eb. Thjesht tregoni shum\u00ebn e d\u00ebshiruar n\u00eb ark\u00ebn Hepsi , futni PIN-in e Girocard-it dhe merrni para direkt.<\/p>\t\t\t\t\t\t\t\t<\/div>\n\t\t\t\t<\/div>\n\t\t\t\t<div class=\"elementor-element elementor-element-ae2c0b7 elementor-widget elementor-widget-spacer\" data-id=\"ae2c0b7\" data-element_type=\"widget\" data-widget_type=\"spacer.default\">\n\t\t\t\t<div class=\"elementor-widget-container\">\n\t\t\t\t\t\t\t<div class=\"elementor-spacer\">\n\t\t\t<div class=\"elementor-spacer-inner\"><\/div>\n\t\t<\/div>\n\t\t\t\t\t\t<\/div>\n\t\t\t\t<\/div>\n\t\t\t\t\t<\/div>\n\t\t<\/div>\n\t\t\t\t\t<\/div>\n\t\t<\/section>\n\t\t\t\t<section class=\"elementor-section elementor-top-section elementor-element elementor-element-e202342 elementor-section-boxed elementor-section-height-default elementor-section-height-default\" data-id=\"e202342\" data-element_type=\"section\">\n\t\t\t\t\t\t<div class=\"elementor-container elementor-column-gap-default\">\n\t\t\t\t\t<div class=\"elementor-column elementor-col-100 elementor-top-column elementor-element elementor-element-e9518a8\" data-id=\"e9518a8\" data-element_type=\"column\">\n\t\t\t<div class=\"elementor-widget-wrap\">\n\t\t\t\t\t\t\t<\/div>\n\t\t<\/div>\n\t\t\t\t\t<\/div>\n\t\t<\/section>\n\t\t\t\t<\/div>\n\t\t","protected":false},"excerpt":{"rendered":"<p>Promovimet aktuale nga Hepsi-Markt Hepsi Super Promocion: Zbulo nga Dienstag, den 11.05. bis Samstag, den 16.05.2026 Oferta t\u00eb shk\u00eblqyera me \u00e7mime t\u00eb larta n\u00eb deg\u00ebt tona Hepsi-Markt n\u00eb M\u00fclheim an der Ruhr, Essen dhe Leverkusen . Pamja paraprake Hepsi : Zbulo nga Montag, den 18.05. bis Samstag, den 23 05.2026 Oferta t\u00eb shk\u00eblqyera me \u00e7mimet [&hellip;]<\/p>\n","protected":false},"author":1,"featured_media":0,"parent":0,"menu_order":0,"comment_status":"closed","ping_status":"closed","template":"elementor_header_footer","meta":{"_acf_changed":false,"footnotes":""},"class_list":["post-6434","page","type-page","status-publish","hentry"],"acf":[],"_links":{"self":[{"href":"https:\/\/hepsi-markt.de\/sq\/wp-json\/wp\/v2\/pages\/6434","targetHints":{"allow":["GET"]}}],"collection":[{"href":"https:\/\/hepsi-markt.de\/sq\/wp-json\/wp\/v2\/pages"}],"about":[{"href":"https:\/\/hepsi-markt.de\/sq\/wp-json\/wp\/v2\/types\/page"}],"author":[{"embeddable":true,"href":"https:\/\/hepsi-markt.de\/sq\/wp-json\/wp\/v2\/users\/1"}],"replies":[{"embeddable":true,"href":"https:\/\/hepsi-markt.de\/sq\/wp-json\/wp\/v2\/comments?post=6434"}],"version-history":[{"count":5,"href":"https:\/\/hepsi-markt.de\/sq\/wp-json\/wp\/v2\/pages\/6434\/revisions"}],"predecessor-version":[{"id":7832322,"href":"https:\/\/hepsi-markt.de\/sq\/wp-json\/wp\/v2\/pages\/6434\/revisions\/7832322"}],"wp:attachment":[{"href":"https:\/\/hepsi-markt.de\/sq\/wp-json\/wp\/v2\/media?parent=6434"}],"curies":[{"name":"wp","href":"https:\/\/api.w.org\/{rel}","templated":true}]}}