	{"id":6358,"date":"2021-05-11T14:44:22","date_gmt":"2021-05-11T12:44:22","guid":{"rendered":"https:\/\/hepsi-markt.de\/gjurme\/"},"modified":"2024-12-11T09:40:14","modified_gmt":"2024-12-11T08:40:14","slug":"gjurme","status":"publish","type":"page","link":"https:\/\/hepsi-markt.de\/sq\/gjurme\/","title":{"rendered":"gjurm\u00eb"},"content":{"rendered":"\t\t<div data-elementor-type=\"wp-page\" data-elementor-id=\"6358\" class=\"elementor elementor-6358 elementor-1158\" data-elementor-post-type=\"page\">\n\t\t\t\t\t\t<section class=\"elementor-section elementor-top-section elementor-element elementor-element-504420c elementor-section-full_width elementor-section-height-default elementor-section-height-default\" data-id=\"504420c\" data-element_type=\"section\">\n\t\t\t\t\t\t<div class=\"elementor-container elementor-column-gap-default\">\n\t\t\t\t\t<div class=\"elementor-column elementor-col-100 elementor-top-column elementor-element elementor-element-a156378\" data-id=\"a156378\" data-element_type=\"column\">\n\t\t\t<div class=\"elementor-widget-wrap elementor-element-populated\">\n\t\t\t\t\t\t<div class=\"elementor-element elementor-element-a9f9698 elementor-widget elementor-widget-image\" data-id=\"a9f9698\" data-element_type=\"widget\" data-widget_type=\"image.default\">\n\t\t\t\t<div class=\"elementor-widget-container\">\n\t\t\t\t\t\t\t\t\t\t\t\t\t\t\t\t<a href=\"https:\/\/hepsi-markt.de\/impressum-turk\/\">\n\t\t\t\t\t\t\t<img decoding=\"async\" src=\"https:\/\/hepsi-markt.de\/wp-content\/uploads\/06\/Lang-button-green-29.png\" title=\"\" alt=\"\" loading=\"lazy\" \/>\t\t\t\t\t\t\t\t<\/a>\n\t\t\t\t\t\t\t\t\t\t\t\t\t\t\t<\/div>\n\t\t\t\t<\/div>\n\t\t\t\t\t<\/div>\n\t\t<\/div>\n\t\t\t\t\t<\/div>\n\t\t<\/section>\n\t\t\t\t<section class=\"elementor-section elementor-top-section elementor-element elementor-element-10a80ad elementor-section-full_width elementor-section-height-default elementor-section-height-default\" data-id=\"10a80ad\" data-element_type=\"section\">\n\t\t\t\t\t\t<div class=\"elementor-container elementor-column-gap-default\">\n\t\t\t\t\t<div class=\"elementor-column elementor-col-100 elementor-top-column elementor-element elementor-element-48d733c\" data-id=\"48d733c\" data-element_type=\"column\">\n\t\t\t<div class=\"elementor-widget-wrap elementor-element-populated\">\n\t\t\t\t\t\t<div class=\"elementor-element elementor-element-5638b7c elementor-widget elementor-widget-heading\" data-id=\"5638b7c\" data-element_type=\"widget\" data-widget_type=\"heading.default\">\n\t\t\t\t<div class=\"elementor-widget-container\">\n\t\t\t\t\t<h1 class=\"elementor-heading-title elementor-size-default\">gjurm\u00eb<\/h1>\t\t\t\t<\/div>\n\t\t\t\t<\/div>\n\t\t\t\t\t<\/div>\n\t\t<\/div>\n\t\t\t\t\t<\/div>\n\t\t<\/section>\n\t\t\t\t<section class=\"elementor-section elementor-top-section elementor-element elementor-element-59e5c094 elementor-section-boxed elementor-section-height-default elementor-section-height-default\" data-id=\"59e5c094\" data-element_type=\"section\">\n\t\t\t\t\t\t<div class=\"elementor-container elementor-column-gap-default\">\n\t\t\t\t\t<div class=\"elementor-column elementor-col-100 elementor-top-column elementor-element elementor-element-7d2b9679\" data-id=\"7d2b9679\" data-element_type=\"column\">\n\t\t\t<div class=\"elementor-widget-wrap elementor-element-populated\">\n\t\t\t\t\t\t<div class=\"elementor-element elementor-element-c26c23a elementor-widget elementor-widget-spacer\" data-id=\"c26c23a\" data-element_type=\"widget\" data-widget_type=\"spacer.default\">\n\t\t\t\t<div class=\"elementor-widget-container\">\n\t\t\t\t\t\t\t<div class=\"elementor-spacer\">\n\t\t\t<div class=\"elementor-spacer-inner\"><\/div>\n\t\t<\/div>\n\t\t\t\t\t\t<\/div>\n\t\t\t\t<\/div>\n\t\t\t\t<div class=\"elementor-element elementor-element-63668535 elementor-widget elementor-widget-text-editor\" data-id=\"63668535\" data-element_type=\"widget\" data-widget_type=\"text-editor.default\">\n\t\t\t\t<div class=\"elementor-widget-container\">\n\t\t\t\t\t\t\t\t\t<h3>Informacion sipas \u00a7 5 TMG<\/h3>\n<p>Hepsi-Markt K\u00fcppersteger Stra\u00dfe 3 51373 Leverkusen<\/p>\n<h3>Kontaktoni<\/h3>\n<p>Email: info@hepsi-markt.de<\/p>\n<p>Telefoni: 0214 50083759<\/p>\n<p>Celular: 0178 3508343<\/p>\n<\/p>\n<h3>P\u00ebr klient\u00ebt<\/h3>\n<p>Ju lutemi mos ngurroni t\u00eb na d\u00ebrgoni nj\u00eb email n\u00eb \u00e7do koh\u00eb n\u00eb <a href=\"mailto:info@hepsi-markt.de\">info@hepsi-markt.de<\/a><\/p>\n<\/p>\n<h3>taks\u00eb mbi vler\u00ebn e shtuar<\/h3>\n<p>Numri i identifikimit t\u00eb tatimit mbi shitjet n\u00eb p\u00ebrputhje me seksionin 27 a t\u00eb Aktit t\u00eb Tatimit mbi Shitjet: DE206277720<\/p>\n<p>Ne nuk jemi t\u00eb gatsh\u00ebm ose t\u00eb detyruar t\u00eb marrim pjes\u00eb n\u00eb procedurat e zgjidhjes s\u00eb mosmarr\u00ebveshjeve p\u00ebrpara nj\u00eb bordi t\u00eb arbitrazhit t\u00eb konsumatorit.<\/p>\n<h3>P\u00ebrgjegj\u00ebsia p\u00ebr p\u00ebrmbajtjen<\/h3>\n<p>Si ofrues sh\u00ebrbimi, ne jemi n\u00eb p\u00ebrputhje me Seksionin 7 Paragrafi 1 TMG \u00ebsht\u00eb p\u00ebrgjegj\u00ebse p\u00ebr p\u00ebrmbajtjen e saj n\u00eb k\u00ebto faqe n\u00eb p\u00ebrputhje me ligjet e p\u00ebrgjithshme. Megjithat\u00eb, sipas seksioneve 8 deri n\u00eb 10 TMG, si ofrues sh\u00ebrbimi, ne nuk jemi t\u00eb detyruar t\u00eb monitorojm\u00eb informacionet e transmetuara ose t\u00eb ruajtura t\u00eb pal\u00ebve t\u00eb treta ose t\u00eb hetojm\u00eb rrethanat q\u00eb tregojn\u00eb aktivitet t\u00eb paligjsh\u00ebm.<\/p>\n<p>Detyrimet p\u00ebr t\u00eb hequr ose bllokuar p\u00ebrdorimin e informacionit n\u00eb p\u00ebrputhje me ligjin e p\u00ebrgjithsh\u00ebm mbeten t\u00eb paprekura. Megjithat\u00eb, p\u00ebrgjegj\u00ebsia n\u00eb k\u00ebt\u00eb drejtim \u00ebsht\u00eb e mundur vet\u00ebm nga momenti i njohjes s\u00eb nj\u00eb shkeljeje specifike ligjore. N\u00ebse marrim dijeni p\u00ebr ndonj\u00eb shkelje ligjore p\u00ebrkat\u00ebse, do ta heqim menj\u00ebher\u00eb k\u00ebt\u00eb p\u00ebrmbajtje.<\/p>\n<h3>P\u00ebrgjegj\u00ebsia p\u00ebr lidhjet<\/h3>\n<p>Oferta jon\u00eb p\u00ebrmban lidhje me uebsajte t\u00eb jashtme t\u00eb pal\u00ebve t\u00eb treta mbi p\u00ebrmbajtjen e t\u00eb cilave ne nuk kemi asnj\u00eb ndikim. Prandaj, ne nuk mund t\u00eb marrim asnj\u00eb p\u00ebrgjegj\u00ebsi p\u00ebr k\u00ebt\u00eb p\u00ebrmbajtje t\u00eb jashtme. Ofruesi ose operatori p\u00ebrkat\u00ebs i faqeve \u00ebsht\u00eb gjithmon\u00eb p\u00ebrgjegj\u00ebs p\u00ebr p\u00ebrmbajtjen e faqeve t\u00eb lidhura. Faqet e lidhura u kontrolluan p\u00ebr shkelje t\u00eb mundshme ligjore n\u00eb momentin e lidhjes. P\u00ebrmbajtja e paligjshme nuk ishte e dukshme n\u00eb koh\u00ebn e lidhjes.<\/p>\n<p>Megjithat\u00eb, kontrolli i p\u00ebrhersh\u00ebm i p\u00ebrmbajtjes s\u00eb faqeve t\u00eb lidhura \u00ebsht\u00eb i paarsyesh\u00ebm pa prova konkrete t\u00eb shkeljes ligjore. N\u00ebse marrim dijeni p\u00ebr ndonj\u00eb shkelje ligjore, ne do t\u00eb heqim menj\u00ebher\u00eb lidhje t\u00eb tilla.<\/p>\n<h3>e drejta e autorit<\/h3>\n<p>P\u00ebrmbajtja dhe veprat n\u00eb k\u00ebto faqe t\u00eb krijuara nga operator\u00ebt e faqes jan\u00eb subjekt i ligjit gjerman p\u00ebr t\u00eb drejtat e autorit. Riprodhimi, p\u00ebrpunimi, shp\u00ebrndarja dhe \u00e7do lloj shfryt\u00ebzimi jasht\u00eb kufijve t\u00eb ligjit p\u00ebr t\u00eb drejt\u00ebn e autorit k\u00ebrkon p\u00eblqimin me shkrim t\u00eb autorit ose krijuesit p\u00ebrkat\u00ebs. Shkarkimet dhe kopjet e k\u00ebsaj faqeje lejohen vet\u00ebm p\u00ebr p\u00ebrdorim privat, jo komercial.<\/p>\n<p>N\u00ebse p\u00ebrmbajtja n\u00eb k\u00ebt\u00eb faqe nuk \u00ebsht\u00eb krijuar nga operatori, t\u00eb drejtat e autorit t\u00eb pal\u00ebve t\u00eb treta respektohen. N\u00eb ve\u00e7anti p\u00ebrmbajtja e pal\u00ebve t\u00eb treta sh\u00ebnohet si e till\u00eb. N\u00ebse megjithat\u00eb viheni n\u00eb dijeni p\u00ebr nj\u00eb shkelje t\u00eb t\u00eb drejt\u00ebs s\u00eb autorit, ju k\u00ebrkojm\u00eb q\u00eb t\u00eb na njoftoni n\u00eb p\u00ebrputhje me rrethanat. N\u00ebse marrim dijeni p\u00ebr ndonj\u00eb shkelje ligjore, ne do ta heqim menj\u00ebher\u00eb k\u00ebt\u00eb p\u00ebrmbajtje.<\/p>\n<h3>realizimi<\/h3>\n<p>Koncepti\/dizajni\/zbatimi\/ fotografia: <a href=\"https:\/\/umbra.de\" target=\"_blank\" rel=\"noopener\">Umbra Corporate Design,<\/a> Solingen<br \/> Koncepti\/teksti: <a href=\"http:\/\/pilavas.de\" target=\"_blank\" rel=\"noopener\">Dorothee Pilavas,<\/a> Dortmund<\/p>\n<p>Burimi: eRecht24<\/p>\n\t\t\t\t\t\t\t\t<\/div>\n\t\t\t\t<\/div>\n\t\t\t\t<div class=\"elementor-element elementor-element-c3ca49c elementor-widget elementor-widget-spacer\" data-id=\"c3ca49c\" data-element_type=\"widget\" data-widget_type=\"spacer.default\">\n\t\t\t\t<div class=\"elementor-widget-container\">\n\t\t\t\t\t\t\t<div class=\"elementor-spacer\">\n\t\t\t<div class=\"elementor-spacer-inner\"><\/div>\n\t\t<\/div>\n\t\t\t\t\t\t<\/div>\n\t\t\t\t<\/div>\n\t\t\t\t\t<\/div>\n\t\t<\/div>\n\t\t\t\t\t<\/div>\n\t\t<\/section>\n\t\t\t\t<\/div>\n\t\t","protected":false},"excerpt":{"rendered":"<p>gjurm\u00eb Informacion sipas \u00a7 5 TMG Hepsi-Markt K\u00fcppersteger Stra\u00dfe 3 51373 Leverkusen Kontaktoni Email: info@hepsi-markt.de Telefoni: 0214 50083759 Celular: 0178 3508343 P\u00ebr klient\u00ebt Ju lutemi mos ngurroni t\u00eb na d\u00ebrgoni nj\u00eb email n\u00eb \u00e7do koh\u00eb n\u00eb info@hepsi-markt.de taks\u00eb mbi vler\u00ebn e shtuar Numri i identifikimit t\u00eb tatimit mbi shitjet n\u00eb p\u00ebrputhje me seksionin 27 a [&hellip;]<\/p>\n","protected":false},"author":1,"featured_media":0,"parent":0,"menu_order":0,"comment_status":"closed","ping_status":"closed","template":"full-width.php","meta":{"_acf_changed":false,"footnotes":""},"class_list":["post-6358","page","type-page","status-publish","hentry"],"acf":[],"_links":{"self":[{"href":"https:\/\/hepsi-markt.de\/sq\/wp-json\/wp\/v2\/pages\/6358","targetHints":{"allow":["GET"]}}],"collection":[{"href":"https:\/\/hepsi-markt.de\/sq\/wp-json\/wp\/v2\/pages"}],"about":[{"href":"https:\/\/hepsi-markt.de\/sq\/wp-json\/wp\/v2\/types\/page"}],"author":[{"embeddable":true,"href":"https:\/\/hepsi-markt.de\/sq\/wp-json\/wp\/v2\/users\/1"}],"replies":[{"embeddable":true,"href":"https:\/\/hepsi-markt.de\/sq\/wp-json\/wp\/v2\/comments?post=6358"}],"version-history":[{"count":2,"href":"https:\/\/hepsi-markt.de\/sq\/wp-json\/wp\/v2\/pages\/6358\/revisions"}],"predecessor-version":[{"id":7660635,"href":"https:\/\/hepsi-markt.de\/sq\/wp-json\/wp\/v2\/pages\/6358\/revisions\/7660635"}],"wp:attachment":[{"href":"https:\/\/hepsi-markt.de\/sq\/wp-json\/wp\/v2\/media?parent=6358"}],"curies":[{"name":"wp","href":"https:\/\/api.w.org\/{rel}","templated":true}]}}