	{"id":6170,"date":"2021-04-26T11:37:26","date_gmt":"2021-04-26T09:37:26","guid":{"rendered":"https:\/\/hepsi-markt.de\/karriera\/"},"modified":"2024-12-11T09:43:35","modified_gmt":"2024-12-11T08:43:35","slug":"karriera","status":"publish","type":"page","link":"https:\/\/hepsi-markt.de\/sq\/karriera\/","title":{"rendered":"Karriera"},"content":{"rendered":"\t\t<div data-elementor-type=\"wp-page\" data-elementor-id=\"6170\" class=\"elementor elementor-6170 elementor-684\" data-elementor-post-type=\"page\">\n\t\t\t\t\t\t<section class=\"elementor-section elementor-top-section elementor-element elementor-element-04e7d8d elementor-section-full_width elementor-section-height-default elementor-section-height-default\" data-id=\"04e7d8d\" data-element_type=\"section\">\n\t\t\t\t\t\t<div class=\"elementor-container elementor-column-gap-default\">\n\t\t\t\t\t<div class=\"elementor-column elementor-col-100 elementor-top-column elementor-element elementor-element-244805d\" data-id=\"244805d\" data-element_type=\"column\">\n\t\t\t<div class=\"elementor-widget-wrap\">\n\t\t\t\t\t\t\t<\/div>\n\t\t<\/div>\n\t\t\t\t\t<\/div>\n\t\t<\/section>\n\t\t\t\t<section class=\"elementor-section elementor-top-section elementor-element elementor-element-7518a9a8 elementor-section-full_width elementor-section-stretched elementor-section-height-default elementor-section-height-default\" data-id=\"7518a9a8\" data-element_type=\"section\" data-settings=\"{&quot;stretch_section&quot;:&quot;section-stretched&quot;}\">\n\t\t\t\t\t\t<div class=\"elementor-container elementor-column-gap-default\">\n\t\t\t\t\t<div class=\"elementor-column elementor-col-100 elementor-top-column elementor-element elementor-element-1fcf0c13\" data-id=\"1fcf0c13\" data-element_type=\"column\">\n\t\t\t<div class=\"elementor-widget-wrap elementor-element-populated\">\n\t\t\t\t\t\t<div class=\"elementor-element elementor-element-3387d7e7 elementor-widget elementor-widget-heading\" data-id=\"3387d7e7\" data-element_type=\"widget\" data-widget_type=\"heading.default\">\n\t\t\t\t<div class=\"elementor-widget-container\">\n\t\t\t\t\t<h1 class=\"elementor-heading-title elementor-size-default\">Nj\u00eb karrier\u00eb n\u00eb Hepsi ia vlen<\/h1>\t\t\t\t<\/div>\n\t\t\t\t<\/div>\n\t\t\t\t<div class=\"elementor-element elementor-element-9c33601 elementor-widget elementor-widget-html\" data-id=\"9c33601\" data-element_type=\"widget\" data-widget_type=\"html.default\">\n\t\t\t\t<div class=\"elementor-widget-container\">\n\t\t\t\t\t[conversion-pixel pixel=\"meta\" meta-event=\"ViewCareer\"]\t\t\t\t<\/div>\n\t\t\t\t<\/div>\n\t\t\t\t\t<\/div>\n\t\t<\/div>\n\t\t\t\t\t<\/div>\n\t\t<\/section>\n\t\t\t\t<section class=\"elementor-section elementor-top-section elementor-element elementor-element-7f2aaa5a elementor-section-boxed elementor-section-height-default elementor-section-height-default\" data-id=\"7f2aaa5a\" data-element_type=\"section\">\n\t\t\t\t\t\t<div class=\"elementor-container elementor-column-gap-default\">\n\t\t\t\t\t<div class=\"elementor-column elementor-col-33 elementor-top-column elementor-element elementor-element-5dcfc6ec\" data-id=\"5dcfc6ec\" data-element_type=\"column\">\n\t\t\t<div class=\"elementor-widget-wrap elementor-element-populated\">\n\t\t\t\t\t\t<div class=\"elementor-element elementor-element-6a2e1a91 elementor-widget elementor-widget-spacer\" data-id=\"6a2e1a91\" data-element_type=\"widget\" data-widget_type=\"spacer.default\">\n\t\t\t\t<div class=\"elementor-widget-container\">\n\t\t\t\t\t\t\t<div class=\"elementor-spacer\">\n\t\t\t<div class=\"elementor-spacer-inner\"><\/div>\n\t\t<\/div>\n\t\t\t\t\t\t<\/div>\n\t\t\t\t<\/div>\n\t\t\t\t<div class=\"elementor-element elementor-element-d953970 elementor-view-default elementor-position-top elementor-mobile-position-top elementor-widget elementor-widget-icon-box\" data-id=\"d953970\" data-element_type=\"widget\" data-widget_type=\"icon-box.default\">\n\t\t\t\t<div class=\"elementor-widget-container\">\n\t\t\t\t\t\t\t<div class=\"elementor-icon-box-wrapper\">\n\n\t\t\t\t\t\t<div class=\"elementor-icon-box-icon\">\n\t\t\t\t<a href=\"https:\/\/hepsi-markt.de\/sq\/karriera\/pune-logjistike\/\" class=\"elementor-icon\" tabindex=\"-1\" aria-label=\"Pun\u00eb n\u00eb logjistik\u00eb\">\n\t\t\t\t<svg xmlns=\"http:\/\/www.w3.org\/2000\/svg\" viewBox=\"0 0 51.02 51.02\"><defs><style>.cls-1{fill:#a5c400;}<\/style><\/defs><g id=\"Ebene_2\" data-name=\"Ebene 2\"><path class=\"cls-1\" d=\"M35.77,31.72a47.92,47.92,0,0,0,3.79-19A34.71,34.71,0,0,0,29.14,26.66a48,48,0,0,0-3.79-19,48.44,48.44,0,0,0-3.81,19.06,34.77,34.77,0,0,0-10.41-14,48.37,48.37,0,0,0,3.81,19A23.33,23.33,0,0,0,.72,26.67C6,38.82,15.51,45.61,25.3,45.65l0,0v0h0v0l0,0a23.1,23.1,0,0,0,14.21-5.09A34.74,34.74,0,0,0,50,26.65,23.07,23.07,0,0,0,35.77,31.72ZM25.33,45.63Z\"><\/path><\/g><\/svg>\t\t\t\t<\/a>\n\t\t\t<\/div>\n\t\t\t\n\t\t\t\t\t\t<div class=\"elementor-icon-box-content\">\n\n\t\t\t\t\t\t\t\t\t<h3 class=\"elementor-icon-box-title\">\n\t\t\t\t\t\t<a href=\"https:\/\/hepsi-markt.de\/sq\/karriera\/pune-logjistike\/\" >\n\t\t\t\t\t\t\tPun\u00eb n\u00eb logjistik\u00eb\t\t\t\t\t\t<\/a>\n\t\t\t\t\t<\/h3>\n\t\t\t\t\n\t\t\t\t\t\t\t\t\t<p class=\"elementor-icon-box-description\">\n\t\t\t\t\t\tZbuloni m\u00eb shum\u00eb dhe aplikoni tani!\t\t\t\t\t<\/p>\n\t\t\t\t\n\t\t\t<\/div>\n\t\t\t\n\t\t<\/div>\n\t\t\t\t\t\t<\/div>\n\t\t\t\t<\/div>\n\t\t\t\t\t<\/div>\n\t\t<\/div>\n\t\t\t\t<div class=\"elementor-column elementor-col-33 elementor-top-column elementor-element elementor-element-06c4090\" data-id=\"06c4090\" data-element_type=\"column\">\n\t\t\t<div class=\"elementor-widget-wrap elementor-element-populated\">\n\t\t\t\t\t\t<div class=\"elementor-element elementor-element-6ee9db0 elementor-widget elementor-widget-spacer\" data-id=\"6ee9db0\" data-element_type=\"widget\" data-widget_type=\"spacer.default\">\n\t\t\t\t<div class=\"elementor-widget-container\">\n\t\t\t\t\t\t\t<div class=\"elementor-spacer\">\n\t\t\t<div class=\"elementor-spacer-inner\"><\/div>\n\t\t<\/div>\n\t\t\t\t\t\t<\/div>\n\t\t\t\t<\/div>\n\t\t\t\t<div class=\"elementor-element elementor-element-3be9da2 elementor-view-default elementor-position-top elementor-mobile-position-top elementor-widget elementor-widget-icon-box\" data-id=\"3be9da2\" data-element_type=\"widget\" data-widget_type=\"icon-box.default\">\n\t\t\t\t<div class=\"elementor-widget-container\">\n\t\t\t\t\t\t\t<div class=\"elementor-icon-box-wrapper\">\n\n\t\t\t\t\t\t<div class=\"elementor-icon-box-icon\">\n\t\t\t\t<a href=\"https:\/\/hepsi-markt.de\/sq\/karriera\/shitjet-e-karrieres\/\" class=\"elementor-icon\" tabindex=\"-1\" aria-label=\"Puna n\u00eb shitje\">\n\t\t\t\t<svg xmlns=\"http:\/\/www.w3.org\/2000\/svg\" viewBox=\"0 0 51.02 51.02\"><defs><style>.cls-1{fill:#a5c400;}<\/style><\/defs><g id=\"Ebene_2\" data-name=\"Ebene 2\"><path class=\"cls-1\" d=\"M35.77,31.72a47.92,47.92,0,0,0,3.79-19A34.71,34.71,0,0,0,29.14,26.66a48,48,0,0,0-3.79-19,48.44,48.44,0,0,0-3.81,19.06,34.77,34.77,0,0,0-10.41-14,48.37,48.37,0,0,0,3.81,19A23.33,23.33,0,0,0,.72,26.67C6,38.82,15.51,45.61,25.3,45.65l0,0v0h0v0l0,0a23.1,23.1,0,0,0,14.21-5.09A34.74,34.74,0,0,0,50,26.65,23.07,23.07,0,0,0,35.77,31.72ZM25.33,45.63Z\"><\/path><\/g><\/svg>\t\t\t\t<\/a>\n\t\t\t<\/div>\n\t\t\t\n\t\t\t\t\t\t<div class=\"elementor-icon-box-content\">\n\n\t\t\t\t\t\t\t\t\t<h3 class=\"elementor-icon-box-title\">\n\t\t\t\t\t\t<a href=\"https:\/\/hepsi-markt.de\/sq\/karriera\/shitjet-e-karrieres\/\" >\n\t\t\t\t\t\t\tPuna n\u00eb shitje\t\t\t\t\t\t<\/a>\n\t\t\t\t\t<\/h3>\n\t\t\t\t\n\t\t\t\t\t\t\t\t\t<p class=\"elementor-icon-box-description\">\n\t\t\t\t\t\tZbuloni m\u00eb shum\u00eb dhe aplikoni tani!\t\t\t\t\t<\/p>\n\t\t\t\t\n\t\t\t<\/div>\n\t\t\t\n\t\t<\/div>\n\t\t\t\t\t\t<\/div>\n\t\t\t\t<\/div>\n\t\t\t\t\t<\/div>\n\t\t<\/div>\n\t\t\t\t<div class=\"elementor-column elementor-col-33 elementor-top-column elementor-element elementor-element-576ed14\" data-id=\"576ed14\" data-element_type=\"column\">\n\t\t\t<div class=\"elementor-widget-wrap elementor-element-populated\">\n\t\t\t\t\t\t<div class=\"elementor-element elementor-element-dac2b76 elementor-widget elementor-widget-spacer\" data-id=\"dac2b76\" data-element_type=\"widget\" data-widget_type=\"spacer.default\">\n\t\t\t\t<div class=\"elementor-widget-container\">\n\t\t\t\t\t\t\t<div class=\"elementor-spacer\">\n\t\t\t<div class=\"elementor-spacer-inner\"><\/div>\n\t\t<\/div>\n\t\t\t\t\t\t<\/div>\n\t\t\t\t<\/div>\n\t\t\t\t<div class=\"elementor-element elementor-element-341f518 elementor-view-default elementor-position-top elementor-mobile-position-top elementor-widget elementor-widget-icon-box\" data-id=\"341f518\" data-element_type=\"widget\" data-widget_type=\"icon-box.default\">\n\t\t\t\t<div class=\"elementor-widget-container\">\n\t\t\t\t\t\t\t<div class=\"elementor-icon-box-wrapper\">\n\n\t\t\t\t\t\t<div class=\"elementor-icon-box-icon\">\n\t\t\t\t<a href=\"https:\/\/hepsi-markt.de\/sq\/karriera\/trajnimi-per-karriere\/\" class=\"elementor-icon\" tabindex=\"-1\" aria-label=\"B\u00ebhuni nj\u00eb nx\u00ebn\u00ebs n\u00eb Hepsi\">\n\t\t\t\t<svg xmlns=\"http:\/\/www.w3.org\/2000\/svg\" viewBox=\"0 0 51.02 51.02\"><defs><style>.cls-1{fill:#a5c400;}<\/style><\/defs><g id=\"Ebene_2\" data-name=\"Ebene 2\"><path class=\"cls-1\" d=\"M35.77,31.72a47.92,47.92,0,0,0,3.79-19A34.71,34.71,0,0,0,29.14,26.66a48,48,0,0,0-3.79-19,48.44,48.44,0,0,0-3.81,19.06,34.77,34.77,0,0,0-10.41-14,48.37,48.37,0,0,0,3.81,19A23.33,23.33,0,0,0,.72,26.67C6,38.82,15.51,45.61,25.3,45.65l0,0v0h0v0l0,0a23.1,23.1,0,0,0,14.21-5.09A34.74,34.74,0,0,0,50,26.65,23.07,23.07,0,0,0,35.77,31.72ZM25.33,45.63Z\"><\/path><\/g><\/svg>\t\t\t\t<\/a>\n\t\t\t<\/div>\n\t\t\t\n\t\t\t\t\t\t<div class=\"elementor-icon-box-content\">\n\n\t\t\t\t\t\t\t\t\t<h3 class=\"elementor-icon-box-title\">\n\t\t\t\t\t\t<a href=\"https:\/\/hepsi-markt.de\/sq\/karriera\/trajnimi-per-karriere\/\" >\n\t\t\t\t\t\t\tB\u00ebhuni nj\u00eb nx\u00ebn\u00ebs n\u00eb Hepsi\t\t\t\t\t\t<\/a>\n\t\t\t\t\t<\/h3>\n\t\t\t\t\n\t\t\t\t\t\t\t\t\t<p class=\"elementor-icon-box-description\">\n\t\t\t\t\t\tZbuloni m\u00eb shum\u00eb dhe aplikoni tani!\t\t\t\t\t<\/p>\n\t\t\t\t\n\t\t\t<\/div>\n\t\t\t\n\t\t<\/div>\n\t\t\t\t\t\t<\/div>\n\t\t\t\t<\/div>\n\t\t\t\t\t<\/div>\n\t\t<\/div>\n\t\t\t\t\t<\/div>\n\t\t<\/section>\n\t\t\t\t<section class=\"elementor-section elementor-top-section elementor-element elementor-element-3f1262c elementor-section-boxed elementor-section-height-default elementor-section-height-default\" data-id=\"3f1262c\" data-element_type=\"section\">\n\t\t\t\t\t\t<div class=\"elementor-container elementor-column-gap-default\">\n\t\t\t\t\t<div class=\"elementor-column elementor-col-100 elementor-top-column elementor-element elementor-element-2309679\" data-id=\"2309679\" data-element_type=\"column\">\n\t\t\t<div class=\"elementor-widget-wrap elementor-element-populated\">\n\t\t\t\t\t\t<div class=\"elementor-element elementor-element-5a2d1c4 elementor-widget elementor-widget-spacer\" data-id=\"5a2d1c4\" data-element_type=\"widget\" data-widget_type=\"spacer.default\">\n\t\t\t\t<div class=\"elementor-widget-container\">\n\t\t\t\t\t\t\t<div class=\"elementor-spacer\">\n\t\t\t<div class=\"elementor-spacer-inner\"><\/div>\n\t\t<\/div>\n\t\t\t\t\t\t<\/div>\n\t\t\t\t<\/div>\n\t\t\t\t\t<\/div>\n\t\t<\/div>\n\t\t\t\t\t<\/div>\n\t\t<\/section>\n\t\t\t\t<section class=\"elementor-section elementor-top-section elementor-element elementor-element-3d5677e6 elementor-section-boxed elementor-section-height-default elementor-section-height-default\" data-id=\"3d5677e6\" data-element_type=\"section\">\n\t\t\t\t\t\t<div class=\"elementor-container elementor-column-gap-default\">\n\t\t\t\t\t<div class=\"elementor-column elementor-col-100 elementor-top-column elementor-element elementor-element-3d226e99\" data-id=\"3d226e99\" data-element_type=\"column\">\n\t\t\t<div class=\"elementor-widget-wrap elementor-element-populated\">\n\t\t\t\t\t\t<div class=\"elementor-element elementor-element-11490d1a elementor-widget elementor-widget-text-editor\" data-id=\"11490d1a\" data-element_type=\"widget\" data-widget_type=\"text-editor.default\">\n\t\t\t\t<div class=\"elementor-widget-container\">\n\t\t\t\t\t\t\t\t\t<h2><strong>Hepsi-Markt \u2013 nj\u00eb pun\u00ebdh\u00ebn\u00ebs t\u00ebrheq\u00ebs p\u00ebr nj\u00eb t\u00eb ardhme t\u00eb sigurt<\/strong><\/h2>\n<p>Kushdo q\u00eb d\u00ebshiron t\u00eb marr\u00eb p\u00ebrsip\u00ebr p\u00ebrgjegj\u00ebsin\u00eb dhe t\u00eb tregoj\u00eb se nga \u00e7far\u00eb jan\u00eb krijuar, mund t\u00eb pres\u00eb nj\u00eb t\u00eb ardhme plot perspektiva dhe mund\u00ebsi p\u00ebr avancim n\u00eb Hepsi . Nga shit\u00ebsi te menaxheri i deg\u00ebs \u2013 shum\u00eb rrug\u00eb mund t\u00eb imagjinohen. Ne mb\u00ebshtesim punonj\u00ebsit tan\u00eb q\u00eb t\u00eb familjarizohen me detyrat e reja n\u00eb Hepsi hap pas hapi dhe t\u00eb rriten prej tyre. N\u00eb p\u00ebrgjith\u00ebsi, t\u00eb gjith\u00eb kan\u00eb mund\u00ebsin\u00eb t\u00eb zhvillohen aty ku i p\u00eblqen m\u00eb shum\u00eb dhe mund t\u00eb zhvillojn\u00eb m\u00eb s\u00eb miri performanc\u00ebn e tyre. Kjo \u00ebsht\u00eb ajo q\u00eb ne kuptojm\u00eb me bashk\u00ebpunim t\u00eb q\u00ebndruesh\u00ebm dhe sukses t\u00eb p\u00ebrbashk\u00ebt.<\/p>\n\t\t\t\t\t\t\t\t<\/div>\n\t\t\t\t<\/div>\n\t\t\t\t<div class=\"elementor-element elementor-element-4f2567ca elementor-widget elementor-widget-spacer\" data-id=\"4f2567ca\" data-element_type=\"widget\" data-widget_type=\"spacer.default\">\n\t\t\t\t<div class=\"elementor-widget-container\">\n\t\t\t\t\t\t\t<div class=\"elementor-spacer\">\n\t\t\t<div class=\"elementor-spacer-inner\"><\/div>\n\t\t<\/div>\n\t\t\t\t\t\t<\/div>\n\t\t\t\t<\/div>\n\t\t\t\t\t<\/div>\n\t\t<\/div>\n\t\t\t\t\t<\/div>\n\t\t<\/section>\n\t\t\t\t<section class=\"elementor-section elementor-top-section elementor-element elementor-element-2f83fb7c elementor-section-boxed elementor-section-height-default elementor-section-height-default\" data-id=\"2f83fb7c\" data-element_type=\"section\">\n\t\t\t\t\t\t<div class=\"elementor-container elementor-column-gap-default\">\n\t\t\t\t\t<div class=\"elementor-column elementor-col-100 elementor-top-column elementor-element elementor-element-7ffe08a5\" data-id=\"7ffe08a5\" data-element_type=\"column\">\n\t\t\t<div class=\"elementor-widget-wrap elementor-element-populated\">\n\t\t\t\t\t\t<div class=\"elementor-element elementor-element-49673fa1 elementor-widget elementor-widget-image\" data-id=\"49673fa1\" data-element_type=\"widget\" data-widget_type=\"image.default\">\n\t\t\t\t<div class=\"elementor-widget-container\">\n\t\t\t\t\t\t\t\t\t\t\t\t\t\t\t<img fetchpriority=\"high\" decoding=\"async\" width=\"2560\" height=\"1280\" src=\"https:\/\/hepsi-markt.de\/wp-content\/uploads\/2024\/12\/Hepsi-Filialleiter-2.jpg\" class=\"attachment-full size-full wp-image-7644968\" alt=\"Hepsi Karriere\" srcset=\"https:\/\/hepsi-markt.de\/wp-content\/uploads\/2024\/12\/Hepsi-Filialleiter-2.jpg 2560w, https:\/\/hepsi-markt.de\/wp-content\/uploads\/2024\/12\/Hepsi-Filialleiter-2-300x150.jpg 300w, https:\/\/hepsi-markt.de\/wp-content\/uploads\/2024\/12\/Hepsi-Filialleiter-2-1024x512.jpg 1024w, https:\/\/hepsi-markt.de\/wp-content\/uploads\/2024\/12\/Hepsi-Filialleiter-2-768x384.jpg 768w, https:\/\/hepsi-markt.de\/wp-content\/uploads\/2024\/12\/Hepsi-Filialleiter-2-1536x768.jpg 1536w, https:\/\/hepsi-markt.de\/wp-content\/uploads\/2024\/12\/Hepsi-Filialleiter-2-2048x1024.jpg 2048w, https:\/\/hepsi-markt.de\/wp-content\/uploads\/2024\/12\/Hepsi-Filialleiter-2-500x250.jpg 500w\" sizes=\"(max-width: 2560px) 100vw, 2560px\" \/>\t\t\t\t\t\t\t\t\t\t\t\t\t\t\t<\/div>\n\t\t\t\t<\/div>\n\t\t\t\t<div class=\"elementor-element elementor-element-64bd6c2c bu elementor-widget elementor-widget-text-editor\" data-id=\"64bd6c2c\" data-element_type=\"widget\" data-widget_type=\"text-editor.default\">\n\t\t\t\t<div class=\"elementor-widget-container\">\n\t\t\t\t\t\t\t\t\t<p>B\u00ebhuni pjes\u00eb e Ekipit Hepsi<\/p>\n\t\t\t\t\t\t\t\t<\/div>\n\t\t\t\t<\/div>\n\t\t\t\t\t<\/div>\n\t\t<\/div>\n\t\t\t\t\t<\/div>\n\t\t<\/section>\n\t\t\t\t<section class=\"elementor-section elementor-top-section elementor-element elementor-element-7b67cac elementor-section-boxed elementor-section-height-default elementor-section-height-default\" data-id=\"7b67cac\" data-element_type=\"section\">\n\t\t\t\t\t\t<div class=\"elementor-container elementor-column-gap-default\">\n\t\t\t\t\t<div class=\"elementor-column elementor-col-100 elementor-top-column elementor-element elementor-element-2a922dfb\" data-id=\"2a922dfb\" data-element_type=\"column\">\n\t\t\t<div class=\"elementor-widget-wrap elementor-element-populated\">\n\t\t\t\t\t\t<div class=\"elementor-element elementor-element-594864b1 elementor-widget elementor-widget-text-editor\" data-id=\"594864b1\" data-element_type=\"widget\" data-widget_type=\"text-editor.default\">\n\t\t\t\t<div class=\"elementor-widget-container\">\n\t\t\t\t\t\t\t\t\t<h2><strong>Paga t\u00eb drejta<\/strong><\/h2>\n<p>N\u00eb Hepsi t\u00eb gjith\u00eb kan\u00eb t\u00eb nj\u00ebjt\u00ebn mund\u00ebsi p\u00ebr t&#8217;u zhvilluar personalisht dhe profesionalisht dhe t\u00eb gjith\u00eb marrin t\u00eb nj\u00ebjt\u00ebn pag\u00eb n\u00eb t\u00eb nj\u00ebjtin pozicion. Ne paguajm\u00eb nj\u00eb pag\u00eb fillestare mbi standarde prej t\u00eb pakt\u00ebn 14 \u20ac\/or\u00eb, ose duksh\u00ebm m\u00eb shum\u00eb n\u00eb var\u00ebsi t\u00eb p\u00ebrvoj\u00ebs profesionale. N\u00eb nj\u00eb pun\u00eb me koh\u00eb t\u00eb plot\u00eb n\u00eb Hepsi ju mund t\u00eb fitoni m\u00eb shum\u00eb se 2400 \u20ac\/muaj &#8211; pa marr\u00eb parasysh se n\u00eb cil\u00ebn zon\u00eb. Punonj\u00ebsit pa formim profesional t\u00eb p\u00ebrfunduar, si dhe pun\u00ebtor\u00ebt me koh\u00eb t\u00eb pjesshme dhe pun\u00ebtor\u00ebt e p\u00ebrkohsh\u00ebm p\u00ebrfitojn\u00eb gjithashtu nga paga fillestare t\u00ebrheq\u00ebse n\u00eb Hepsi . <\/p>\n<h2>Kushtet e drejta t\u00eb pun\u00ebs<\/h2>\n<p>Ne duam q\u00eb punonj\u00ebsit tan\u00eb t\u00eb jen\u00eb n\u00eb gjendje t\u00eb p\u00ebrqendrohen plot\u00ebsisht n\u00eb pun\u00ebn e tyre n\u00eb Hepsi dhe t\u00eb mos shqet\u00ebsohen p\u00ebr t\u00eb ardhmen e tyre. Kjo \u00ebsht\u00eb arsyeja pse ne zakonisht kemi nj\u00eb kontrat\u00eb pune t\u00eb p\u00ebrhershme. Punonj\u00ebsit tan\u00eb me marr\u00ebveshje kolektive p\u00ebrfitojn\u00eb nga faturimi minut\u00eb pas minut\u00eb i or\u00ebve t\u00eb pun\u00ebs. N\u00ebse ndodh jasht\u00eb orarit, ajo regjistrohet drejtp\u00ebrdrejt dhe mund t\u00eb paguhet ose t\u00eb reduktohet me koh\u00eb kompensuese pas konsultimit.<\/p>\n<h2>Respekt dhe vler\u00ebsim n\u00eb nj\u00eb ekip t\u00eb madh<\/h2>\n<p>N\u00eb Hepsi-Markt ne i kushtojm\u00eb r\u00ebnd\u00ebsi t\u00eb madhe nj\u00eb atmosfere t\u00eb k\u00ebndshme n\u00eb ekip, nd\u00ebrveprimit t\u00eb respektuesh\u00ebm me nj\u00ebri-tjetrin dhe vler\u00ebsimit t\u00eb nd\u00ebrsjell\u00eb. Vet\u00ebm punonj\u00ebsit q\u00eb ndihen rehat n\u00eb pun\u00eb mund t\u00eb performojn\u00eb mir\u00eb dhe t\u00eb fitojn\u00eb p\u00ebrvoja pozitive n\u00eb mjedisin e tyre. Ne vler\u00ebsojm\u00eb aft\u00ebsit\u00eb dhe idet\u00eb e punonj\u00ebsve tan\u00eb me prejardhje t\u00eb ndryshme kulturore ose etnike dhe jemi krenar\u00eb q\u00eb pun\u00ebsojm\u00eb njer\u00ebz nga shum\u00eb kombe. P\u00ebr ne, \u00ebsht\u00eb e vet\u00ebkuptueshme q\u00eb tregojm\u00eb respekt p\u00ebr t\u00eb gjith\u00eb \u2013 pavar\u00ebsisht gjinis\u00eb, origjin\u00ebs apo fes\u00eb.<\/p>\t\t\t\t\t\t\t\t<\/div>\n\t\t\t\t<\/div>\n\t\t\t\t<div class=\"elementor-element elementor-element-b9c55fd elementor-blockquote--skin-quotation elementor-blockquote--align-left elementor-widget elementor-widget-blockquote\" data-id=\"b9c55fd\" data-element_type=\"widget\" data-widget_type=\"blockquote.default\">\n\t\t\t\t<div class=\"elementor-widget-container\">\n\t\t\t\t\t\t\t<blockquote class=\"elementor-blockquote\">\n\t\t\t<p class=\"elementor-blockquote__content\">\n\t\t\t\t\u201cMendoj se \u00ebsht\u00eb mir\u00eb q\u00eb mund t\u00eb ndjek\u00ebsh nj\u00eb karrier\u00eb te Hepsi . Menaxheri im e pa q\u00eb un\u00eb isha plot\u00ebsisht i p\u00ebrkushtuar dhe gati p\u00ebr t\u00eb marr\u00eb p\u00ebrgjegj\u00ebsin\u00eb. Un\u00eb kam qen\u00eb n\u00eb gjendje t\u00eb p\u00ebrfundoj trajnimin e m\u00ebtejsh\u00ebm dhe s\u00eb shpejti do t\u00eb kaloj n\u00eb nj\u00eb pozicion drejtues.\n\t\t\t<\/p>\n\t\t\t\t\t<\/blockquote>\n\t\t\t\t\t\t<\/div>\n\t\t\t\t<\/div>\n\t\t\t\t<div class=\"elementor-element elementor-element-7109db2 elementor-widget elementor-widget-spacer\" data-id=\"7109db2\" data-element_type=\"widget\" data-widget_type=\"spacer.default\">\n\t\t\t\t<div class=\"elementor-widget-container\">\n\t\t\t\t\t\t\t<div class=\"elementor-spacer\">\n\t\t\t<div class=\"elementor-spacer-inner\"><\/div>\n\t\t<\/div>\n\t\t\t\t\t\t<\/div>\n\t\t\t\t<\/div>\n\t\t\t\t\t<\/div>\n\t\t<\/div>\n\t\t\t\t\t<\/div>\n\t\t<\/section>\n\t\t\t\t<\/div>\n\t\t","protected":false},"excerpt":{"rendered":"<p>Nj\u00eb karrier\u00eb n\u00eb Hepsi ia vlen [conversion-pixel pixel=&#8221;meta&#8221; meta-event=&#8221;ViewCareer&#8221;] Pun\u00eb n\u00eb logjistik\u00eb Zbuloni m\u00eb shum\u00eb dhe aplikoni tani! Puna n\u00eb shitje Zbuloni m\u00eb shum\u00eb dhe aplikoni tani! B\u00ebhuni nj\u00eb nx\u00ebn\u00ebs n\u00eb Hepsi Zbuloni m\u00eb shum\u00eb dhe aplikoni tani! Hepsi-Markt \u2013 nj\u00eb pun\u00ebdh\u00ebn\u00ebs t\u00ebrheq\u00ebs p\u00ebr nj\u00eb t\u00eb ardhme t\u00eb sigurt Kushdo q\u00eb d\u00ebshiron t\u00eb marr\u00eb p\u00ebrsip\u00ebr [&hellip;]<\/p>\n","protected":false},"author":1,"featured_media":0,"parent":0,"menu_order":0,"comment_status":"closed","ping_status":"closed","template":"elementor_header_footer","meta":{"_acf_changed":false,"footnotes":""},"class_list":["post-6170","page","type-page","status-publish","hentry"],"acf":[],"_links":{"self":[{"href":"https:\/\/hepsi-markt.de\/sq\/wp-json\/wp\/v2\/pages\/6170","targetHints":{"allow":["GET"]}}],"collection":[{"href":"https:\/\/hepsi-markt.de\/sq\/wp-json\/wp\/v2\/pages"}],"about":[{"href":"https:\/\/hepsi-markt.de\/sq\/wp-json\/wp\/v2\/types\/page"}],"author":[{"embeddable":true,"href":"https:\/\/hepsi-markt.de\/sq\/wp-json\/wp\/v2\/users\/1"}],"replies":[{"embeddable":true,"href":"https:\/\/hepsi-markt.de\/sq\/wp-json\/wp\/v2\/comments?post=6170"}],"version-history":[{"count":2,"href":"https:\/\/hepsi-markt.de\/sq\/wp-json\/wp\/v2\/pages\/6170\/revisions"}],"predecessor-version":[{"id":7661189,"href":"https:\/\/hepsi-markt.de\/sq\/wp-json\/wp\/v2\/pages\/6170\/revisions\/7661189"}],"wp:attachment":[{"href":"https:\/\/hepsi-markt.de\/sq\/wp-json\/wp\/v2\/media?parent=6170"}],"curies":[{"name":"wp","href":"https:\/\/api.w.org\/{rel}","templated":true}]}}