	{"id":7828900,"date":"2026-04-08T02:55:38","date_gmt":"2026-04-08T00:55:38","guid":{"rendered":"https:\/\/hepsi-markt.de\/produkt\/kahvaltilik-beyaz-peynir-55\/"},"modified":"2026-04-08T02:55:38","modified_gmt":"2026-04-08T00:55:38","slug":"kahvaltilik-beyaz-peynir-55","status":"publish","type":"product","link":"https:\/\/hepsi-markt.de\/ru\/produkt\/kahvaltilik-beyaz-peynir-55\/","title":{"rendered":"Kahvalt\u0131l\u0131k Beyaz Peynir 55%"},"content":{"rendered":"<p>Marmara K\u00e4se In Salzlake 55%<\/p>\n","protected":false},"excerpt":{"rendered":"<p>800 G<br \/>1000 Gramm = 8,74<\/p>\n","protected":false},"featured_media":7826765,"template":"","meta":{"_acf_changed":false},"product_brand":[],"product_cat":[393],"product_tag":[],"class_list":{"0":"post-7828900","1":"product","2":"type-product","3":"status-publish","4":"has-post-thumbnail","6":"product_cat-kaese-eier-molkerei","8":"first","9":"outofstock","10":"sale","11":"shipping-taxable","12":"product-type-simple"},"acf":[],"_links":{"self":[{"href":"https:\/\/hepsi-markt.de\/ru\/wp-json\/wp\/v2\/product\/7828900","targetHints":{"allow":["GET"]}}],"collection":[{"href":"https:\/\/hepsi-markt.de\/ru\/wp-json\/wp\/v2\/product"}],"about":[{"href":"https:\/\/hepsi-markt.de\/ru\/wp-json\/wp\/v2\/types\/product"}],"wp:featuredmedia":[{"embeddable":true,"href":"https:\/\/hepsi-markt.de\/ru\/wp-json\/wp\/v2\/media\/7826765"}],"wp:attachment":[{"href":"https:\/\/hepsi-markt.de\/ru\/wp-json\/wp\/v2\/media?parent=7828900"}],"wp:term":[{"taxonomy":"product_brand","embeddable":true,"href":"https:\/\/hepsi-markt.de\/ru\/wp-json\/wp\/v2\/product_brand?post=7828900"},{"taxonomy":"product_cat","embeddable":true,"href":"https:\/\/hepsi-markt.de\/ru\/wp-json\/wp\/v2\/product_cat?post=7828900"},{"taxonomy":"product_tag","embeddable":true,"href":"https:\/\/hepsi-markt.de\/ru\/wp-json\/wp\/v2\/product_tag?post=7828900"}],"curies":[{"name":"wp","href":"https:\/\/api.w.org\/{rel}","templated":true}]}}