	{"id":7669281,"date":"2025-02-24T02:34:55","date_gmt":"2025-02-24T01:34:55","guid":{"rendered":"https:\/\/hepsi-markt.de\/produkt\/boerek-spinat-300g\/"},"modified":"2026-04-09T13:21:15","modified_gmt":"2026-04-09T11:21:15","slug":"boerek-spinat-300g","status":"publish","type":"product","link":"https:\/\/hepsi-markt.de\/ru\/produkt\/boerek-spinat-300g\/","title":{"rendered":"B\u00f6rek Spinat und K\u00e4se"},"content":{"rendered":"<p>B\u00f6rek Spinat 300g<\/p>\n","protected":false},"excerpt":{"rendered":"<p>220g<br \/>100 Gramm = 1<\/p>\n","protected":false},"featured_media":7749789,"template":"","meta":{"_acf_changed":false},"product_brand":[],"product_cat":[394],"product_tag":[],"class_list":{"0":"post-7669281","1":"product","2":"type-product","3":"status-publish","4":"has-post-thumbnail","6":"product_cat-backwaren-aufstriche-cerealien","8":"first","9":"instock","10":"shipping-taxable","11":"product-type-simple"},"acf":[],"_links":{"self":[{"href":"https:\/\/hepsi-markt.de\/ru\/wp-json\/wp\/v2\/product\/7669281","targetHints":{"allow":["GET"]}}],"collection":[{"href":"https:\/\/hepsi-markt.de\/ru\/wp-json\/wp\/v2\/product"}],"about":[{"href":"https:\/\/hepsi-markt.de\/ru\/wp-json\/wp\/v2\/types\/product"}],"wp:featuredmedia":[{"embeddable":true,"href":"https:\/\/hepsi-markt.de\/ru\/wp-json\/wp\/v2\/media\/7749789"}],"wp:attachment":[{"href":"https:\/\/hepsi-markt.de\/ru\/wp-json\/wp\/v2\/media?parent=7669281"}],"wp:term":[{"taxonomy":"product_brand","embeddable":true,"href":"https:\/\/hepsi-markt.de\/ru\/wp-json\/wp\/v2\/product_brand?post=7669281"},{"taxonomy":"product_cat","embeddable":true,"href":"https:\/\/hepsi-markt.de\/ru\/wp-json\/wp\/v2\/product_cat?post=7669281"},{"taxonomy":"product_tag","embeddable":true,"href":"https:\/\/hepsi-markt.de\/ru\/wp-json\/wp\/v2\/product_tag?post=7669281"}],"curies":[{"name":"wp","href":"https:\/\/api.w.org\/{rel}","templated":true}]}}