	{"id":7659987,"date":"2024-12-09T12:04:31","date_gmt":"2024-12-09T11:04:31","guid":{"rendered":"https:\/\/hepsi-markt.de\/produkt\/uelker-kremali-biskuevi-8-li-paket-488g\/"},"modified":"2026-04-09T02:36:42","modified_gmt":"2026-04-09T00:36:42","slug":"uelker-kremali-biskuevi-8-li-paket-488g","status":"publish","type":"product","link":"https:\/\/hepsi-markt.de\/ru\/produkt\/uelker-kremali-biskuevi-8-li-paket-488g\/","title":{"rendered":"\u00dclker Kremali Bisk\u00fcvi 8 li Paket 488g"},"content":{"rendered":"<p>\u00dclker Kremali Bisk\u00fcvi 8 li Paket 488g <\/p>\n","protected":false},"excerpt":{"rendered":"<p>488g<br \/>1000 Gramm = 7,97<\/p>\n","protected":false},"featured_media":7766688,"template":"","meta":{"_acf_changed":false},"product_brand":[],"product_cat":[396],"product_tag":[],"class_list":{"0":"post-7659987","1":"product","2":"type-product","3":"status-publish","4":"has-post-thumbnail","6":"product_cat-snacks-suessigkeiten","8":"first","9":"outofstock","10":"shipping-taxable","11":"product-type-simple"},"acf":[],"_links":{"self":[{"href":"https:\/\/hepsi-markt.de\/ru\/wp-json\/wp\/v2\/product\/7659987","targetHints":{"allow":["GET"]}}],"collection":[{"href":"https:\/\/hepsi-markt.de\/ru\/wp-json\/wp\/v2\/product"}],"about":[{"href":"https:\/\/hepsi-markt.de\/ru\/wp-json\/wp\/v2\/types\/product"}],"wp:featuredmedia":[{"embeddable":true,"href":"https:\/\/hepsi-markt.de\/ru\/wp-json\/wp\/v2\/media\/7766688"}],"wp:attachment":[{"href":"https:\/\/hepsi-markt.de\/ru\/wp-json\/wp\/v2\/media?parent=7659987"}],"wp:term":[{"taxonomy":"product_brand","embeddable":true,"href":"https:\/\/hepsi-markt.de\/ru\/wp-json\/wp\/v2\/product_brand?post=7659987"},{"taxonomy":"product_cat","embeddable":true,"href":"https:\/\/hepsi-markt.de\/ru\/wp-json\/wp\/v2\/product_cat?post=7659987"},{"taxonomy":"product_tag","embeddable":true,"href":"https:\/\/hepsi-markt.de\/ru\/wp-json\/wp\/v2\/product_tag?post=7659987"}],"curies":[{"name":"wp","href":"https:\/\/api.w.org\/{rel}","templated":true}]}}