	{"id":7368,"date":"2021-07-07T09:58:59","date_gmt":"2021-07-07T07:58:59","guid":{"rendered":"https:\/\/hepsi-markt.de\/%d1%82%d1%83%d1%80%d0%b5%d1%86%d0%ba%d0%b8%d0%b5-%d0%bf%d1%80%d0%b5%d0%b4%d0%bb%d0%be%d0%b6%d0%b5%d0%bd%d0%b8%d1%8f-%d0%b1%d0%b5%d0%b7-%d1%81%d0%bf%d0%b8%d1%81%d0%ba%d0%b0\/"},"modified":"2024-01-16T18:23:37","modified_gmt":"2024-01-16T17:23:37","slug":"%d1%82%d1%83%d1%80%d0%b5%d1%86%d0%ba%d0%b8%d0%b5-%d0%bf%d1%80%d0%b5%d0%b4%d0%bb%d0%be%d0%b6%d0%b5%d0%bd%d0%b8%d1%8f-%d0%b1%d0%b5%d0%b7-%d1%81%d0%bf%d0%b8%d1%81%d0%ba%d0%b0","status":"publish","type":"page","link":"https:\/\/hepsi-markt.de\/ru\/%d1%82%d1%83%d1%80%d0%b5%d1%86%d0%ba%d0%b8%d0%b5-%d0%bf%d1%80%d0%b5%d0%b4%d0%bb%d0%be%d0%b6%d0%b5%d0%bd%d0%b8%d1%8f-%d0%b1%d0%b5%d0%b7-%d1%81%d0%bf%d0%b8%d1%81%d0%ba%d0%b0\/","title":{"rendered":"\u0422\u0443\u0440\u0435\u0446\u043a\u0438\u0435 \u043f\u0440\u0435\u0434\u043b\u043e\u0436\u0435\u043d\u0438\u044f \u0431\u0435\u0437 \u0441\u043f\u0438\u0441\u043a\u0430"},"content":{"rendered":"\t\t<div data-elementor-type=\"wp-page\" data-elementor-id=\"7368\" class=\"elementor elementor-7368 elementor-2924\" data-elementor-post-type=\"page\">\n\t\t\t\t\t\t<section class=\"elementor-section elementor-top-section elementor-element elementor-element-7e2e89e9 elementor-section-full_width elementor-section-height-default elementor-section-height-default\" data-id=\"7e2e89e9\" data-element_type=\"section\">\n\t\t\t\t\t\t<div class=\"elementor-container elementor-column-gap-default\">\n\t\t\t\t\t<div class=\"elementor-column elementor-col-100 elementor-top-column elementor-element elementor-element-53b852af\" data-id=\"53b852af\" data-element_type=\"column\">\n\t\t\t<div class=\"elementor-widget-wrap elementor-element-populated\">\n\t\t\t\t\t\t<div class=\"elementor-element elementor-element-c5ce8b6 elementor-widget elementor-widget-image\" data-id=\"c5ce8b6\" data-element_type=\"widget\" data-widget_type=\"image.default\">\n\t\t\t\t<div class=\"elementor-widget-container\">\n\t\t\t\t\t\t\t\t\t\t\t\t\t\t\t<img decoding=\"async\" src=\"https:\/\/hepsi-markt.de\/wp-content\/uploads\/06\/Lang-button-green-29.png\" title=\"\" alt=\"\" loading=\"lazy\" \/>\t\t\t\t\t\t\t\t\t\t\t\t\t\t\t<\/div>\n\t\t\t\t<\/div>\n\t\t\t\t\t<\/div>\n\t\t<\/div>\n\t\t\t\t\t<\/div>\n\t\t<\/section>\n\t\t\t\t<section class=\"elementor-section elementor-top-section elementor-element elementor-element-1e3aa8b2 elementor-section-full_width elementor-section-stretched elementor-section-height-default elementor-section-height-default\" data-id=\"1e3aa8b2\" data-element_type=\"section\" data-settings=\"{&quot;stretch_section&quot;:&quot;section-stretched&quot;}\">\n\t\t\t\t\t\t<div class=\"elementor-container elementor-column-gap-default\">\n\t\t\t\t\t<div class=\"elementor-column elementor-col-100 elementor-top-column elementor-element elementor-element-7e654822\" data-id=\"7e654822\" data-element_type=\"column\">\n\t\t\t<div class=\"elementor-widget-wrap elementor-element-populated\">\n\t\t\t\t\t\t<div class=\"elementor-element elementor-element-22890c14 elementor-widget elementor-widget-heading\" data-id=\"22890c14\" data-element_type=\"widget\" data-widget_type=\"heading.default\">\n\t\t\t\t<div class=\"elementor-widget-container\">\n\t\t\t\t\t<h1 class=\"elementor-heading-title elementor-size-default\">HepsiMarkt'ta g\u00fcncel \u015fube f\u0131rsatlar\u0131<\/h1>\t\t\t\t<\/div>\n\t\t\t\t<\/div>\n\t\t\t\t<div class=\"elementor-element elementor-element-205e4875 elementor-widget elementor-widget-spacer\" data-id=\"205e4875\" data-element_type=\"widget\" data-widget_type=\"spacer.default\">\n\t\t\t\t<div class=\"elementor-widget-container\">\n\t\t\t\t\t\t\t<div class=\"elementor-spacer\">\n\t\t\t<div class=\"elementor-spacer-inner\"><\/div>\n\t\t<\/div>\n\t\t\t\t\t\t<\/div>\n\t\t\t\t<\/div>\n\t\t\t\t\t<\/div>\n\t\t<\/div>\n\t\t\t\t\t<\/div>\n\t\t<\/section>\n\t\t\t\t<section class=\"elementor-section elementor-top-section elementor-element elementor-element-178e1709 elementor-section-boxed elementor-section-height-default elementor-section-height-default\" data-id=\"178e1709\" data-element_type=\"section\">\n\t\t\t\t\t\t<div class=\"elementor-container elementor-column-gap-default\">\n\t\t\t\t\t<div class=\"elementor-column elementor-col-100 elementor-top-column elementor-element elementor-element-2881d75b\" data-id=\"2881d75b\" data-element_type=\"column\">\n\t\t\t<div class=\"elementor-widget-wrap elementor-element-populated\">\n\t\t\t\t\t\t<div class=\"elementor-element elementor-element-1d93fcb3 elementor-widget elementor-widget-text-editor\" data-id=\"1d93fcb3\" data-element_type=\"widget\" data-widget_type=\"text-editor.default\">\n\t\t\t\t<div class=\"elementor-widget-container\">\n\t\t\t\t\t\t\t\t\t<h4><span class=\"VIiyi\" lang=\"tr\"><span class=\"JLqJ4b ChMk0b\" data-language-for-alternatives=\"tr\" data-language-to-translate-into=\"de\" data-phrase-index=\"1\" data-number-of-phrases=\"2\"><span class=\"Q4iAWc\">24 \u0438 25 Kas\u0131m tarihlerinde Black Friday&#8217;e gelin.<\/span><\/span><\/span><\/h4>\n\t\t\t\t\t\t\t\t<\/div>\n\t\t\t\t<\/div>\n\t\t\t\t<div class=\"elementor-element elementor-element-f607b5f elementor-widget elementor-widget-spacer\" data-id=\"f607b5f\" data-element_type=\"widget\" data-widget_type=\"spacer.default\">\n\t\t\t\t<div class=\"elementor-widget-container\">\n\t\t\t\t\t\t\t<div class=\"elementor-spacer\">\n\t\t\t<div class=\"elementor-spacer-inner\"><\/div>\n\t\t<\/div>\n\t\t\t\t\t\t<\/div>\n\t\t\t\t<\/div>\n\t\t\t\t\t<\/div>\n\t\t<\/div>\n\t\t\t\t\t<\/div>\n\t\t<\/section>\n\t\t\t\t<section class=\"elementor-section elementor-top-section elementor-element elementor-element-7d298c0 elementor-section-boxed elementor-section-height-default elementor-section-height-default\" data-id=\"7d298c0\" data-element_type=\"section\">\n\t\t\t\t\t\t<div class=\"elementor-container elementor-column-gap-default\">\n\t\t\t\t\t<div class=\"elementor-column elementor-col-100 elementor-top-column elementor-element elementor-element-9f21d3d\" data-id=\"9f21d3d\" data-element_type=\"column\">\n\t\t\t<div class=\"elementor-widget-wrap elementor-element-populated\">\n\t\t\t\t\t\t<div class=\"elementor-element elementor-element-1d07979 elementor-widget elementor-widget-image\" data-id=\"1d07979\" data-element_type=\"widget\" data-widget_type=\"image.default\">\n\t\t\t\t<div class=\"elementor-widget-container\">\n\t\t\t\t\t\t\t\t\t\t\t\t\t\t\t<img fetchpriority=\"high\" decoding=\"async\" width=\"1920\" height=\"1182\" src=\"https:\/\/hepsi-markt.de\/wp-content\/uploads\/2022\/02\/Hepsi-Kasse-Angebote.webp\" class=\"attachment-full size-full wp-image-3400\" alt=\"Sonderangebote im Hepsi-Markt\" srcset=\"https:\/\/hepsi-markt.de\/wp-content\/uploads\/2022\/02\/Hepsi-Kasse-Angebote.webp 1920w, https:\/\/hepsi-markt.de\/wp-content\/uploads\/2022\/02\/Hepsi-Kasse-Angebote-500x308.webp 500w, https:\/\/hepsi-markt.de\/wp-content\/uploads\/2022\/02\/Hepsi-Kasse-Angebote-300x185.webp 300w, https:\/\/hepsi-markt.de\/wp-content\/uploads\/2022\/02\/Hepsi-Kasse-Angebote-1024x630.webp 1024w, https:\/\/hepsi-markt.de\/wp-content\/uploads\/2022\/02\/Hepsi-Kasse-Angebote-768x473.webp 768w, https:\/\/hepsi-markt.de\/wp-content\/uploads\/2022\/02\/Hepsi-Kasse-Angebote-1536x946.webp 1536w, https:\/\/hepsi-markt.de\/wp-content\/uploads\/2022\/02\/Hepsi-Kasse-Angebote-200x123.webp 200w\" sizes=\"(max-width: 1920px) 100vw, 1920px\" \/>\t\t\t\t\t\t\t\t\t\t\t\t\t\t\t<\/div>\n\t\t\t\t<\/div>\n\t\t\t\t<div class=\"elementor-element elementor-element-56dbea5 bu elementor-widget elementor-widget-text-editor\" data-id=\"56dbea5\" data-element_type=\"widget\" data-widget_type=\"text-editor.default\">\n\t\t\t\t<div class=\"elementor-widget-container\">\n\t\t\t\t\t\t\t\t\t<h6 style=\"text-align: left;\">\u041d\u0435 \u0442\u0430\u0432\u0441\u0438\u0435 \u044d\u0434\u0435\u0431\u0438\u043b\u0438\u0440\u0438\u0437? Hepsi&#8217;de al\u0131\u015fveri\u015f yapmak e\u011flencelidir. Geni\u015f \u00fcr\u00fcn yelpazesinde bir\u00e7ok uluslararas\u0131 \u00fcr\u00fcn\u00fc uygun fiyatlarla bulacaks\u0131n\u0131z &#8212; size tavsiyelerde bulunmaktan mutluluk duyar\u0131z.<\/h6>\n\t\t\t\t\t\t\t\t<\/div>\n\t\t\t\t<\/div>\n\t\t\t\t\t<\/div>\n\t\t<\/div>\n\t\t\t\t\t<\/div>\n\t\t<\/section>\n\t\t\t\t<section class=\"elementor-section elementor-top-section elementor-element elementor-element-48afdec6 elementor-section-boxed elementor-section-height-default elementor-section-height-default\" data-id=\"48afdec6\" data-element_type=\"section\">\n\t\t\t\t\t\t<div class=\"elementor-container elementor-column-gap-default\">\n\t\t\t\t\t<div class=\"elementor-column elementor-col-100 elementor-top-column elementor-element elementor-element-3b998962\" data-id=\"3b998962\" data-element_type=\"column\">\n\t\t\t<div class=\"elementor-widget-wrap elementor-element-populated\">\n\t\t\t\t\t\t<div class=\"elementor-element elementor-element-ecb71cb elementor-widget elementor-widget-spacer\" data-id=\"ecb71cb\" data-element_type=\"widget\" data-widget_type=\"spacer.default\">\n\t\t\t\t<div class=\"elementor-widget-container\">\n\t\t\t\t\t\t\t<div class=\"elementor-spacer\">\n\t\t\t<div class=\"elementor-spacer-inner\"><\/div>\n\t\t<\/div>\n\t\t\t\t\t\t<\/div>\n\t\t\t\t<\/div>\n\t\t\t\t<div class=\"elementor-element elementor-element-5a3d76ab elementor-widget elementor-widget-text-editor\" data-id=\"5a3d76ab\" data-element_type=\"widget\" data-widget_type=\"text-editor.default\">\n\t\t\t\t<div class=\"elementor-widget-container\">\n\t\t\t\t\t\t\t\t\t<h2>Hepsi&#8217;de s\u00fcrekli uygun fiyatlar<\/h2>\n<p>HepsiMarkt&#8217;ta s\u00fcrekli d\u00fc\u015f\u00fck fiyatlarla pek \u00e7ok \u00fcr\u00fcn bulunmaktad\u0131r. Kendiniz kar\u015f\u0131la\u015ft\u0131r\u0131n. Kendi \u00fcr\u00fcnlerimiz ve pek \u00e7ok <a href=\"#\">T\u00fcrk markal\u0131 \u00fcr\u00fcnler<\/a> Hepsi&#8217;de rakipsiz uygun fiyatlara sahip.<\/p>\n<h2>Temass\u0131z \u00f6deme yap\u0131n ve nakit para \u00e7ekin<\/h2>\n<p>Hepsi Markt&#8217;ta temass\u0131z olarak da \u00f6deme yapabilirsiniz. Girocard, MasterCard ve VISA kabul ediyoruz.<\/p>\n\t\t\t\t\t\t\t\t<\/div>\n\t\t\t\t<\/div>\n\t\t\t\t\t<\/div>\n\t\t<\/div>\n\t\t\t\t\t<\/div>\n\t\t<\/section>\n\t\t\t\t<section class=\"elementor-section elementor-top-section elementor-element elementor-element-2433fd42 elementor-section-boxed elementor-section-height-default elementor-section-height-default\" data-id=\"2433fd42\" data-element_type=\"section\">\n\t\t\t\t\t\t<div class=\"elementor-container elementor-column-gap-default\">\n\t\t\t\t\t<div class=\"elementor-column elementor-col-20 elementor-top-column elementor-element elementor-element-24ee3354\" data-id=\"24ee3354\" data-element_type=\"column\">\n\t\t\t<div class=\"elementor-widget-wrap elementor-element-populated\">\n\t\t\t\t\t\t<div class=\"elementor-element elementor-element-36473966 elementor-widget elementor-widget-image\" data-id=\"36473966\" data-element_type=\"widget\" data-widget_type=\"image.default\">\n\t\t\t\t<div class=\"elementor-widget-container\">\n\t\t\t\t\t\t\t\t\t\t\t\t\t\t\t<img decoding=\"async\" src=\"https:\/\/hepsi-markt.de\/wp-content\/uploads\/04\/Label-kontaktlos-bezahlen-e1620817163474.jpg\" title=\"\" alt=\"\" loading=\"lazy\" \/>\t\t\t\t\t\t\t\t\t\t\t\t\t\t\t<\/div>\n\t\t\t\t<\/div>\n\t\t\t\t\t<\/div>\n\t\t<\/div>\n\t\t\t\t<div class=\"elementor-column elementor-col-20 elementor-top-column elementor-element elementor-element-5ba4d319\" data-id=\"5ba4d319\" data-element_type=\"column\">\n\t\t\t<div class=\"elementor-widget-wrap elementor-element-populated\">\n\t\t\t\t\t\t<div class=\"elementor-element elementor-element-42178f51 elementor-widget elementor-widget-image\" data-id=\"42178f51\" data-element_type=\"widget\" data-widget_type=\"image.default\">\n\t\t\t\t<div class=\"elementor-widget-container\">\n\t\t\t\t\t\t\t\t\t\t\t\t\t\t\t<img decoding=\"async\" src=\"https:\/\/hepsi-markt.de\/wp-content\/uploads\/04\/Label-girocard-e1620817191143.png\" title=\"\" alt=\"\" loading=\"lazy\" \/>\t\t\t\t\t\t\t\t\t\t\t\t\t\t\t<\/div>\n\t\t\t\t<\/div>\n\t\t\t\t\t<\/div>\n\t\t<\/div>\n\t\t\t\t<div class=\"elementor-column elementor-col-20 elementor-top-column elementor-element elementor-element-68815ef8\" data-id=\"68815ef8\" data-element_type=\"column\">\n\t\t\t<div class=\"elementor-widget-wrap\">\n\t\t\t\t\t\t\t<\/div>\n\t\t<\/div>\n\t\t\t\t<div class=\"elementor-column elementor-col-20 elementor-top-column elementor-element elementor-element-65ab21af\" data-id=\"65ab21af\" data-element_type=\"column\">\n\t\t\t<div class=\"elementor-widget-wrap\">\n\t\t\t\t\t\t\t<\/div>\n\t\t<\/div>\n\t\t\t\t<div class=\"elementor-column elementor-col-20 elementor-top-column elementor-element elementor-element-11fbd66\" data-id=\"11fbd66\" data-element_type=\"column\">\n\t\t\t<div class=\"elementor-widget-wrap\">\n\t\t\t\t\t\t\t<\/div>\n\t\t<\/div>\n\t\t\t\t\t<\/div>\n\t\t<\/section>\n\t\t\t\t<section class=\"elementor-section elementor-top-section elementor-element elementor-element-5aa50dec elementor-section-boxed elementor-section-height-default elementor-section-height-default\" data-id=\"5aa50dec\" data-element_type=\"section\">\n\t\t\t\t\t\t<div class=\"elementor-container elementor-column-gap-default\">\n\t\t\t\t\t<div class=\"elementor-column elementor-col-100 elementor-top-column elementor-element elementor-element-38805972\" data-id=\"38805972\" data-element_type=\"column\">\n\t\t\t<div class=\"elementor-widget-wrap elementor-element-populated\">\n\t\t\t\t\t\t<div class=\"elementor-element elementor-element-26f29604 elementor-widget elementor-widget-text-editor\" data-id=\"26f29604\" data-element_type=\"widget\" data-widget_type=\"text-editor.default\">\n\t\t\t\t<div class=\"elementor-widget-container\">\n\t\t\t\t\t\t\t\t\t<p>Cashback hizmetimizi kullan\u0131n: 5 Euro ve \u00fczeri sat\u0131n alma de\u011feriyle, ciro kart\u0131n\u0131zla \u00fccretsiz olarak nakit para \u00e7ekebilirsiniz. \u0130stedi\u011finiz tutar\u0131 Hepsi kasas\u0131nda bildirin, PIN&#8217;i Girocard&#8217;a girin ve nakit paray\u0131 do\u011frudan al\u0131n.<\/p>\n\t\t\t\t\t\t\t\t<\/div>\n\t\t\t\t<\/div>\n\t\t\t\t<div class=\"elementor-element elementor-element-5461ec54 elementor-widget elementor-widget-spacer\" data-id=\"5461ec54\" data-element_type=\"widget\" data-widget_type=\"spacer.default\">\n\t\t\t\t<div class=\"elementor-widget-container\">\n\t\t\t\t\t\t\t<div class=\"elementor-spacer\">\n\t\t\t<div class=\"elementor-spacer-inner\"><\/div>\n\t\t<\/div>\n\t\t\t\t\t\t<\/div>\n\t\t\t\t<\/div>\n\t\t\t\t\t<\/div>\n\t\t<\/div>\n\t\t\t\t\t<\/div>\n\t\t<\/section>\n\t\t\t\t<\/div>\n\t\t","protected":false},"excerpt":{"rendered":"<p>HepsiMarkt&#8217;ta g\u00fcncel \u015fube f\u0131rsatlar\u0131 24 \u0438 25 Kas\u0131m tarihlerinde Black Friday&#8217;e gelin. \u041d\u0435 \u0442\u0430\u0432\u0441\u0438\u0435 \u044d\u0434\u0435\u0431\u0438\u043b\u0438\u0440\u0438\u0437? Hepsi&#8217;de al\u0131\u015fveri\u015f yapmak e\u011flencelidir. Geni\u015f \u00fcr\u00fcn yelpazesinde bir\u00e7ok uluslararas\u0131 \u00fcr\u00fcn\u00fc uygun fiyatlarla bulacaks\u0131n\u0131z &#8212; size tavsiyelerde bulunmaktan mutluluk duyar\u0131z. Hepsi&#8217;de s\u00fcrekli uygun fiyatlar HepsiMarkt&#8217;ta s\u00fcrekli d\u00fc\u015f\u00fck fiyatlarla pek \u00e7ok \u00fcr\u00fcn bulunmaktad\u0131r. Kendiniz kar\u015f\u0131la\u015ft\u0131r\u0131n. Kendi \u00fcr\u00fcnlerimiz ve pek \u00e7ok T\u00fcrk markal\u0131 [&hellip;]<\/p>\n","protected":false},"author":1,"featured_media":0,"parent":0,"menu_order":0,"comment_status":"closed","ping_status":"closed","template":"elementor_header_footer","meta":{"_acf_changed":false,"footnotes":""},"class_list":["post-7368","page","type-page","status-publish","hentry"],"acf":[],"_links":{"self":[{"href":"https:\/\/hepsi-markt.de\/ru\/wp-json\/wp\/v2\/pages\/7368","targetHints":{"allow":["GET"]}}],"collection":[{"href":"https:\/\/hepsi-markt.de\/ru\/wp-json\/wp\/v2\/pages"}],"about":[{"href":"https:\/\/hepsi-markt.de\/ru\/wp-json\/wp\/v2\/types\/page"}],"author":[{"embeddable":true,"href":"https:\/\/hepsi-markt.de\/ru\/wp-json\/wp\/v2\/users\/1"}],"replies":[{"embeddable":true,"href":"https:\/\/hepsi-markt.de\/ru\/wp-json\/wp\/v2\/comments?post=7368"}],"version-history":[{"count":0,"href":"https:\/\/hepsi-markt.de\/ru\/wp-json\/wp\/v2\/pages\/7368\/revisions"}],"wp:attachment":[{"href":"https:\/\/hepsi-markt.de\/ru\/wp-json\/wp\/v2\/media?parent=7368"}],"curies":[{"name":"wp","href":"https:\/\/api.w.org\/{rel}","templated":true}]}}