	{"id":61962,"date":"2024-05-10T11:27:56","date_gmt":"2024-05-10T09:27:56","guid":{"rendered":"https:\/\/hepsi-markt.de\/%d0%bf%d1%80%d0%b5%d0%b4%d0%bb%d0%be%d0%b6%d0%b5%d0%bd%d0%b8%d1%8f-2\/"},"modified":"2024-11-19T15:03:03","modified_gmt":"2024-11-19T14:03:03","slug":"%d0%bf%d1%80%d0%b5%d0%b4%d0%bb%d0%be%d0%b6%d0%b5%d0%bd%d0%b8%d1%8f-2","status":"publish","type":"page","link":"https:\/\/hepsi-markt.de\/ru\/%d0%bf%d1%80%d0%b5%d0%b4%d0%bb%d0%be%d0%b6%d0%b5%d0%bd%d0%b8%d1%8f-2\/","title":{"rendered":"\u041f\u0440\u0435\u0434\u043b\u043e\u0436\u0435\u043d\u0438\u044f"},"content":{"rendered":"\t\t<div data-elementor-type=\"wp-page\" data-elementor-id=\"61962\" class=\"elementor elementor-61962 elementor-61942\" data-elementor-post-type=\"page\">\n\t\t\t\t\t\t<section class=\"elementor-section elementor-top-section elementor-element elementor-element-4e0eac9 elementor-section-boxed elementor-section-height-default elementor-section-height-default\" data-id=\"4e0eac9\" data-element_type=\"section\" data-settings=\"{&quot;background_background&quot;:&quot;gradient&quot;}\">\n\t\t\t\t\t\t<div class=\"elementor-container elementor-column-gap-default\">\n\t\t\t\t\t<div class=\"elementor-column elementor-col-33 elementor-top-column elementor-element elementor-element-277e1a2\" data-id=\"277e1a2\" data-element_type=\"column\">\n\t\t\t<div class=\"elementor-widget-wrap elementor-element-populated\">\n\t\t\t\t\t\t<div class=\"elementor-element elementor-element-24e1b46 elementor-widget elementor-widget-sellkit-product-filter\" data-id=\"24e1b46\" data-element_type=\"widget\" data-settings=\"{&quot;content_style&quot;:&quot;vertical&quot;,&quot;reset_text&quot;:&quot;Alle L\\u00f6schen&quot;,&quot;filters&quot;:[{&quot;_id&quot;:&quot;aafeb5f&quot;,&quot;filter_type&quot;:&quot;search_text&quot;,&quot;on_sale_switch&quot;:null,&quot;search_text_label&quot;:&quot;Suchen&quot;,&quot;search_text_placeholder&quot;:&quot;Tippe hier um Produkte zu suchen ...&quot;,&quot;sorting_display&quot;:null,&quot;sorting_disable_radio_shape&quot;:null,&quot;sorting_layout&quot;:null,&quot;sorting_cloumns&quot;:null,&quot;custom_attribute_count&quot;:null,&quot;custom_attribute_select&quot;:null,&quot;custom_attribute_logic&quot;:null,&quot;custom_attribute_orderby&quot;:null,&quot;custom_attribute_order&quot;:null,&quot;custom_attribute_display&quot;:null,&quot;color_swatches_display&quot;:null,&quot;image_swatches_display&quot;:null,&quot;custom_attribute_disable_radio_shape&quot;:null,&quot;custom_attribute_layout&quot;:null,&quot;custom_attribute_cloumns&quot;:null,&quot;custom_attribute_label_hide&quot;:null,&quot;custom_attribute_view&quot;:null,&quot;stock_status_logic&quot;:null,&quot;stock_status_display&quot;:null,&quot;search_text_searchby&quot;:[&quot;title&quot;],&quot;search_text_icon_location&quot;:&quot;right&quot;,&quot;search_text_icon&quot;:{&quot;value&quot;:&quot;fa fa-search&quot;,&quot;library&quot;:&quot;solid&quot;},&quot;rating_count&quot;:null,&quot;rating_star&quot;:null,&quot;enable_label&quot;:null,&quot;rating_logic&quot;:null,&quot;rating_display&quot;:null,&quot;rating_disable_radio_shape&quot;:null,&quot;price_count&quot;:null,&quot;price_custom_range&quot;:null,&quot;price_distance&quot;:null,&quot;price_logic&quot;:null,&quot;price_display&quot;:null,&quot;brand_count&quot;:null,&quot;brand_childern&quot;:null,&quot;brand_sub_brands&quot;:null,&quot;brand_logic&quot;:null,&quot;brand_orderby&quot;:null,&quot;brand_order&quot;:null,&quot;brand_empty&quot;:null,&quot;brand_exclude&quot;:null,&quot;brand_display&quot;:null,&quot;brand_disable_radio_shape&quot;:null,&quot;brand_layout&quot;:null,&quot;brand_cloumns&quot;:null,&quot;tag_count&quot;:null,&quot;tag_logic&quot;:null,&quot;tag_orderby&quot;:null,&quot;tag_order&quot;:null,&quot;tag_empty&quot;:null,&quot;tag_exclude&quot;:null,&quot;tag_display&quot;:null,&quot;tag_disable_radio_shape&quot;:null,&quot;tag_layout&quot;:null,&quot;tag_cloumns&quot;:null,&quot;category_count&quot;:null,&quot;category_childern&quot;:null,&quot;category_sub_categories&quot;:null,&quot;category_childern_hierarchy&quot;:null,&quot;category_logic&quot;:null,&quot;category_orderby&quot;:null,&quot;category_order&quot;:null,&quot;category_empty&quot;:null,&quot;category_exclude&quot;:null,&quot;category_display&quot;:null,&quot;category_disable_radio_shape&quot;:null,&quot;category_layout&quot;:null,&quot;category_cloumns&quot;:null,&quot;filter_label&quot;:&quot;&quot;,&quot;label_icon&quot;:{&quot;value&quot;:&quot;fas fa-chevron-down&quot;,&quot;library&quot;:&quot;solid&quot;}},{&quot;_id&quot;:&quot;c87d405&quot;,&quot;on_sale_switch&quot;:null,&quot;search_text_label&quot;:null,&quot;search_text_placeholder&quot;:null,&quot;category_count&quot;:&quot;&quot;,&quot;category_empty&quot;:&quot;&quot;,&quot;category_layout&quot;:&quot;vertical&quot;,&quot;dropdown_alignment&quot;:&quot;left&quot;,&quot;label_icon&quot;:{&quot;value&quot;:&quot;fas fa-angle-right&quot;,&quot;library&quot;:&quot;fa-solid&quot;},&quot;dropdown_width&quot;:{&quot;unit&quot;:&quot;px&quot;,&quot;size&quot;:0,&quot;sizes&quot;:[]},&quot;category_display&quot;:&quot;links&quot;,&quot;filter_type&quot;:&quot;category&quot;,&quot;sorting_display&quot;:null,&quot;sorting_disable_radio_shape&quot;:null,&quot;sorting_layout&quot;:null,&quot;sorting_cloumns&quot;:null,&quot;custom_attribute_count&quot;:null,&quot;custom_attribute_select&quot;:null,&quot;custom_attribute_logic&quot;:null,&quot;custom_attribute_orderby&quot;:null,&quot;custom_attribute_order&quot;:null,&quot;custom_attribute_display&quot;:null,&quot;color_swatches_display&quot;:null,&quot;image_swatches_display&quot;:null,&quot;custom_attribute_disable_radio_shape&quot;:null,&quot;custom_attribute_layout&quot;:null,&quot;custom_attribute_cloumns&quot;:null,&quot;custom_attribute_label_hide&quot;:null,&quot;custom_attribute_view&quot;:null,&quot;stock_status_logic&quot;:null,&quot;stock_status_display&quot;:null,&quot;search_text_searchby&quot;:null,&quot;search_text_icon_location&quot;:null,&quot;search_text_icon&quot;:null,&quot;rating_count&quot;:null,&quot;rating_star&quot;:null,&quot;enable_label&quot;:null,&quot;rating_logic&quot;:null,&quot;rating_display&quot;:null,&quot;rating_disable_radio_shape&quot;:null,&quot;price_count&quot;:null,&quot;price_custom_range&quot;:null,&quot;price_distance&quot;:null,&quot;price_logic&quot;:null,&quot;price_display&quot;:null,&quot;brand_count&quot;:null,&quot;brand_childern&quot;:null,&quot;brand_sub_brands&quot;:null,&quot;brand_logic&quot;:null,&quot;brand_orderby&quot;:null,&quot;brand_order&quot;:null,&quot;brand_empty&quot;:null,&quot;brand_exclude&quot;:null,&quot;brand_display&quot;:null,&quot;brand_disable_radio_shape&quot;:null,&quot;brand_layout&quot;:null,&quot;brand_cloumns&quot;:null,&quot;tag_count&quot;:null,&quot;tag_logic&quot;:null,&quot;tag_orderby&quot;:null,&quot;tag_order&quot;:null,&quot;tag_empty&quot;:null,&quot;tag_exclude&quot;:null,&quot;tag_display&quot;:null,&quot;tag_disable_radio_shape&quot;:null,&quot;tag_layout&quot;:null,&quot;tag_cloumns&quot;:null,&quot;category_childern&quot;:&quot;yes&quot;,&quot;category_sub_categories&quot;:&quot;yes&quot;,&quot;category_childern_hierarchy&quot;:&quot;yes&quot;,&quot;category_logic&quot;:null,&quot;category_orderby&quot;:&quot;name&quot;,&quot;category_order&quot;:&quot;asc&quot;,&quot;category_exclude&quot;:&quot;&quot;,&quot;category_disable_radio_shape&quot;:null,&quot;category_cloumns&quot;:null,&quot;filter_label&quot;:&quot;&quot;}],&quot;content_location&quot;:&quot;topOfProductList&quot;,&quot;scroll_to_top&quot;:&quot;no&quot;}\" data-widget_type=\"sellkit-product-filter.default\">\n\t\t\t\t<div class=\"elementor-widget-container\">\n\t\t\t\t\t\t\t\t\t<div id=\"sellkit-product-filter-24e1b46\" class=\"sellkit-product-filter \" data-archive=\"{}\">\r\n\t\t\t<div class=\"sellkit-product-filter-form sellkit-product-filter-form-vertical\">\r\n\t\t\t<div class=\"sellkit-product-filter-repeater-item elementor-repeater-item-aafeb5f\">\t\t<div class=\"sellkit-product-filter-content sellkit-product-filter-content-aafeb5f \">\r\n\t\t\t<div class=\"sellkit-product-filter-item-wrapper sellkit-product-filter-search product-filter-item\"><h3 class=\"product-filter-item-heading sellkit-toggle-able-heading sellkit-toggle-expanded\">Search <a class=\"sellkit-toggle-able\"><span class=\"sellkit-toggle-able-collapsed\"><i class=\"fa fa-chevron-down\"><\/i><\/span><span class=\"sellkit-toggle-able-expanded\"><i class=\"fa fa-chevron-up\"><\/i><\/span><\/a><\/h3><div class='sellkit-product-filter-search-text-wrapper'><label>Suchen<\/label><div class='sellkit-product-filter-search-wrapper sellkit-product-filter-form-type sellkit-product-filter-search-right'><form id=\"search-text-search_text\" class=\"sellkit-product-filter-search-text\" data-logic=\"or\" data-type=\"search_text\" data-filter=aafeb5f ><input type='text' name='search_name' value='' placeholder='Tippe hier um Produkte zu suchen ...' autocomplete='off' required \/><input type=\"hidden\" name=\"product-filter-title\" value=\"1\" \/><button type=\"submit\" form=\"search-text-search_text\"><i class=\"fa fa-search\"><\/i><\/button><\/form><\/div><\/div><\/div>\t\t<\/div>\r\n\t\t<\/div><div class=\"sellkit-product-filter-repeater-item elementor-repeater-item-c87d405\">\t\t<div class=\"sellkit-product-filter-content sellkit-product-filter-content-c87d405 \">\r\n\t\t\t<div class=\"sellkit-product-filter-item-wrapper sellkit-product-filter-category sellkit-category-filter-toggle\"><h3 class=\"product-filter-item-heading sellkit-toggle-able-heading sellkit-toggle-expanded\">Category <a class=\"sellkit-toggle-able\"><span class=\"sellkit-toggle-able-collapsed\"><i class=\"fa fa-chevron-down\"><\/i><\/span><span class=\"sellkit-toggle-able-expanded\"><i class=\"fa fa-chevron-up\"><\/i><\/span><\/a><\/h3><div class=\"sellkit-product-filter-links\"><ul class=\"sellkit-product-filter-layout-vertical\"><\/div><\/ul><\/div>\t\t<\/div>\r\n\t\t<\/div>\t\t\t<\/div>\r\n\t\t<\/div>\r\n\t\t\t\t\t\t<\/div>\n\t\t\t\t<\/div>\n\t\t\t\t\t<\/div>\n\t\t<\/div>\n\t\t\t\t<div class=\"elementor-column elementor-col-66 elementor-top-column elementor-element elementor-element-91ef029\" data-id=\"91ef029\" data-element_type=\"column\">\n\t\t\t<div class=\"elementor-widget-wrap elementor-element-populated\">\n\t\t\t\t\t\t<div class=\"elementor-element elementor-element-beaf439 raven-pagination-page_based elementor-widget elementor-widget-raven-wc-products\" data-id=\"beaf439\" data-element_type=\"widget\" data-settings=\"{&quot;show_pagination&quot;:&quot;yes&quot;,&quot;query_orderby&quot;:&quot;menu_order&quot;,&quot;rows&quot;:&quot;4&quot;,&quot;query_order&quot;:&quot;DESC&quot;,&quot;query_offset&quot;:0,&quot;layout&quot;:&quot;default&quot;,&quot;columns&quot;:&quot;3&quot;,&quot;pagination_type&quot;:&quot;page_based&quot;}\" data-widget_type=\"raven-wc-products.default\">\n\t\t\t\t<div class=\"elementor-widget-container\">\n\t\t\t\t\t\t\t<div\r\n\t\t\tclass=\"raven-wc-products-wrapper raven-wc-products-default\"\r\n\t\t\tdata-settings=\"{&quot;layout&quot;:&quot;default&quot;,&quot;total_pages&quot;:7,&quot;image_size&quot;:&quot;woocommerce_thumbnail&quot;,&quot;atc_button&quot;:&quot;&quot;}\"\r\n\t\t\tdata-query=\"{&quot;\\u0000*\\u0000type&quot;:&quot;products&quot;,&quot;\\u0000*\\u0000attributes&quot;:{&quot;limit&quot;:12,&quot;columns&quot;:&quot;3&quot;,&quot;rows&quot;:&quot;4&quot;,&quot;orderby&quot;:&quot;menu_order&quot;,&quot;order&quot;:&quot;DESC&quot;,&quot;ids&quot;:&quot;&quot;,&quot;skus&quot;:&quot;&quot;,&quot;category&quot;:&quot;&quot;,&quot;cat_operator&quot;:&quot;IN&quot;,&quot;attribute&quot;:&quot;&quot;,&quot;terms&quot;:&quot;&quot;,&quot;terms_operator&quot;:&quot;IN&quot;,&quot;tag&quot;:&quot;&quot;,&quot;tag_operator&quot;:&quot;IN&quot;,&quot;visibility&quot;:&quot;visible&quot;,&quot;class&quot;:&quot;&quot;,&quot;page&quot;:1,&quot;paginate&quot;:true,&quot;cache&quot;:true,&quot;brand&quot;:&quot;&quot;,&quot;brand_operator&quot;:&quot;IN&quot;},&quot;\\u0000*\\u0000query_args&quot;:{&quot;post_type&quot;:&quot;product&quot;,&quot;post_status&quot;:&quot;publish&quot;,&quot;ignore_sticky_posts&quot;:true,&quot;no_found_rows&quot;:false,&quot;orderby&quot;:&quot;menu_order title&quot;,&quot;order&quot;:&quot;DESC&quot;,&quot;posts_per_page&quot;:12,&quot;meta_query&quot;:[],&quot;tax_query&quot;:[{&quot;taxonomy&quot;:&quot;product_visibility&quot;,&quot;field&quot;:&quot;term_taxonomy_id&quot;,&quot;terms&quot;:[415],&quot;operator&quot;:&quot;NOT IN&quot;}],&quot;lang&quot;:&quot;ru&quot;,&quot;post__in&quot;:[0,7650862,7651003,7651196,7651283,7651352,7651371,7651423,7651793,7651866,7652079,7652143,7652616,7652952,7653148,7653400,7657356,7657583,7657593,7658152,7658166,7658192,7658278,7658363,7658468,7658469,7658478,7659070,7659236,7659389,7660596,7661387,7661399,7662431,7662460,7662473,7662822,7662863,7668250,7668469,7669274,7669279,7783020,7786301,7788365,7788764,7794470,7802066,7805154,7807776,7808358,7808369,7810707,7812193,7814764,7815292,7815357,7817161,7818575,7818872,7821522,7821673,7822182,7822873,7823846,7824438,7825534,7827004,7827036,7827589,7828218,7828219,7828894,7828896,7828900],&quot;fields&quot;:&quot;ids&quot;},&quot;\\u0000*\\u0000custom_visibility&quot;:false,&quot;fallback_filter&quot;:null,&quot;context_id&quot;:&quot;ctx_0&quot;}\"\r\n\t\t\t\t\t>\r\n\t\t\t<h2 class=\"raven-wc-products-title\"><\/h2><div class=\"woocommerce columns-3 \"><div class=\"woocommerce-notices-wrapper\"><\/div><p class=\"woocommerce-result-count\" role=\"alert\" aria-relevant=\"all\" data-is-sorted-by=\"true\">\n\t\u041e\u0442\u043e\u0431\u0440\u0430\u0436\u0435\u043d\u0438\u0435 1&ndash;12 \u0438\u0437 74<span class=\"screen-reader-text\">\u0421\u043e\u0440\u0442\u0438\u0440\u043e\u0432\u043a\u0430: \u0441\u0430\u043c\u044b\u0435 \u043d\u0435\u0434\u0430\u0432\u043d\u0438\u0435<\/span><\/p>\n<form class=\"woocommerce-ordering\" method=\"get\">\n\t\t<select\n\t\tname=\"orderby\"\n\t\tclass=\"orderby\"\n\t\t\t\t\taria-label=\"\u0417\u0430\u043a\u0430\u0437 \u0432 \u043c\u0430\u0433\u0430\u0437\u0438\u043d\u0435\"\n\t\t\t>\n\t\t\t\t\t<option value=\"popularity\" >\u041f\u043e \u043f\u043e\u043f\u0443\u043b\u044f\u0440\u043d\u043e\u0441\u0442\u0438<\/option>\n\t\t\t\t\t<option value=\"date\"  selected='selected'>\u041f\u043e \u043d\u043e\u0432\u0438\u0437\u043d\u0435<\/option>\n\t\t\t\t\t<option value=\"price\" >\u041f\u043e \u0432\u043e\u0437\u0440\u0430\u0441\u0442\u0430\u043d\u0438\u044e \u0446\u0435\u043d\u044b<\/option>\n\t\t\t\t\t<option value=\"price-desc\" >\u041f\u043e \u0443\u0431\u044b\u0432\u0430\u043d\u0438\u044e \u0446\u0435\u043d\u044b<\/option>\n\t\t\t<\/select>\n\t<input type=\"hidden\" name=\"paged\" value=\"1\" \/>\n\t<\/form>\n<ul class=\"products columns-3\">\n<li class=\"product type-product post-7657356 status-publish first instock product_cat-fertiggerichte-konserven has-post-thumbnail sale shipping-taxable product-type-simple\">\r\n\t<a href=\"https:\/\/hepsi-markt.de\/ru\/produkt\/yakamoz-lombardi-biber-tursu-cam-720ml\/\" class=\"woocommerce-LoopProduct-link woocommerce-loop-product__link\"><\/a><\/li>\r\n<li class=\"product type-product post-7825534 status-publish instock product_cat-tiefkuehlwaren sale shipping-taxable product-type-simple\">\r\n\t<a href=\"https:\/\/hepsi-markt.de\/ru\/produkt\/vannamei-garnelen-roh-26-30-30-glasur-1000g\/\" class=\"woocommerce-LoopProduct-link woocommerce-loop-product__link\"><\/a><\/li>\r\n<li class=\"product type-product post-7807776 status-publish last outofstock product_cat-kochen-backen has-post-thumbnail sale shipping-taxable product-type-simple\">\r\n\t<a href=\"https:\/\/hepsi-markt.de\/ru\/produkt\/tukas-tomatenmark-700g\/\" class=\"woocommerce-LoopProduct-link woocommerce-loop-product__link\"><\/a><\/li>\r\n<li class=\"product type-product post-7812193 status-publish first outofstock product_cat-obst-gemuese has-post-thumbnail sale shipping-taxable product-type-simple\">\r\n\t<a href=\"https:\/\/hepsi-markt.de\/ru\/produkt\/trauben-hell-mit-kerne\/\" class=\"woocommerce-LoopProduct-link woocommerce-loop-product__link\"><\/a><\/li>\r\n<li class=\"product type-product post-7808369 status-publish outofstock product_cat-obst-gemuese has-post-thumbnail sale shipping-taxable product-type-simple\">\r\n\t<a href=\"https:\/\/hepsi-markt.de\/ru\/produkt\/trauben-blau-mit-kern\/\" class=\"woocommerce-LoopProduct-link woocommerce-loop-product__link\"><\/a><\/li>\r\n<li class=\"product type-product post-7651371 status-publish last instock product_cat-kochen-backen has-post-thumbnail sale shipping-taxable product-type-simple\">\r\n\t<a href=\"https:\/\/hepsi-markt.de\/ru\/produkt\/tosca-vermicelli-1kg\/\" class=\"woocommerce-LoopProduct-link woocommerce-loop-product__link\"><\/a><\/li>\r\n<li class=\"product type-product post-7815357 status-publish first outofstock product_cat-tiefkuehlwaren has-post-thumbnail sale shipping-taxable product-type-simple\">\r\n\t<a href=\"https:\/\/hepsi-markt.de\/ru\/produkt\/tintenfisch-ringe-paniert-500g\/\" class=\"woocommerce-LoopProduct-link woocommerce-loop-product__link\"><\/a><\/li>\r\n<li class=\"product type-product post-7669274 status-publish instock product_cat-backwaren-aufstriche-cerealien has-post-thumbnail sale shipping-taxable product-type-simple\">\r\n\t<a href=\"https:\/\/hepsi-markt.de\/ru\/produkt\/teschnef-weiss-400g\/\" class=\"woocommerce-LoopProduct-link woocommerce-loop-product__link\"><\/a><\/li>\r\n<li class=\"product type-product post-7651793 status-publish last instock product_cat-snacks-suessigkeiten has-post-thumbnail sale shipping-taxable product-type-simple\">\r\n\t<a href=\"https:\/\/hepsi-markt.de\/ru\/produkt\/stobi-flips-150g\/\" class=\"woocommerce-LoopProduct-link woocommerce-loop-product__link\"><\/a><\/li>\r\n<li class=\"product type-product post-7822182 status-publish first outofstock product_cat-obst-gemuese has-post-thumbnail sale shipping-taxable product-type-simple\">\r\n\t<a href=\"https:\/\/hepsi-markt.de\/ru\/produkt\/staudensellerie-bund\/\" class=\"woocommerce-LoopProduct-link woocommerce-loop-product__link\"><\/a><\/li>\r\n<li class=\"product type-product post-7668250 status-publish instock product_cat-backwaren-aufstriche-cerealien has-post-thumbnail sale shipping-taxable product-type-simple\">\r\n\t<a href=\"https:\/\/hepsi-markt.de\/ru\/produkt\/sesamring-simit-2-stk\/\" class=\"woocommerce-LoopProduct-link woocommerce-loop-product__link\"><\/a><\/li>\r\n<li class=\"product type-product post-7828218 status-publish last outofstock product_cat-frischetheke has-post-thumbnail sale shipping-taxable product-type-simple\">\r\n\t<a href=\"https:\/\/hepsi-markt.de\/ru\/produkt\/sardellen-hamsi\/\" class=\"woocommerce-LoopProduct-link woocommerce-loop-product__link\"><\/a><\/li>\r\n<\/ul>\n<nav class=\"woocommerce-pagination\" aria-label=\"\u041f\u043e\u0441\u0442\u0440\u0430\u043d\u0438\u0447\u043d\u0430\u044f \u043d\u0430\u0432\u0438\u0433\u0430\u0446\u0438\u044f \u043f\u043e \u0442\u043e\u0432\u0430\u0440\u0430\u043c\">\n\t<ul class='page-numbers'>\n\t<li><span aria-label=\"\u0421\u0442\u0440. 1\" aria-current=\"page\" class=\"page-numbers current\">1<\/span><\/li>\n\t<li><a aria-label=\"\u0421\u0442\u0440. 2\" class=\"page-numbers\" href=\"\/ru\/wp-json\/wp\/v2\/pages\/61962?product-page=2\">2<\/a><\/li>\n\t<li><a aria-label=\"\u0421\u0442\u0440. 3\" class=\"page-numbers\" href=\"\/ru\/wp-json\/wp\/v2\/pages\/61962?product-page=3\">3<\/a><\/li>\n\t<li><a aria-label=\"\u0421\u0442\u0440. 4\" class=\"page-numbers\" href=\"\/ru\/wp-json\/wp\/v2\/pages\/61962?product-page=4\">4<\/a><\/li>\n\t<li><a aria-label=\"\u0421\u0442\u0440. 5\" class=\"page-numbers\" href=\"\/ru\/wp-json\/wp\/v2\/pages\/61962?product-page=5\">5<\/a><\/li>\n\t<li><a aria-label=\"\u0421\u0442\u0440. 6\" class=\"page-numbers\" href=\"\/ru\/wp-json\/wp\/v2\/pages\/61962?product-page=6\">6<\/a><\/li>\n\t<li><a aria-label=\"\u0421\u0442\u0440. 7\" class=\"page-numbers\" href=\"\/ru\/wp-json\/wp\/v2\/pages\/61962?product-page=7\">7<\/a><\/li>\n\t<li><a class=\"next page-numbers\" href=\"\/ru\/wp-json\/wp\/v2\/pages\/61962?product-page=2\">&rarr;<\/a><\/li>\n<\/ul>\n<\/nav>\n<\/div>\t\t<\/div>\r\n\t\t\t\t\t\t<\/div>\n\t\t\t\t<\/div>\n\t\t\t\t\t<\/div>\n\t\t<\/div>\n\t\t\t\t\t<\/div>\n\t\t<\/section>\n\t\t\t\t<\/div>\n\t\t","protected":false},"excerpt":{"rendered":"<p>Search Suchen Category Backwaren, Aufstriche &amp; Cerealien Baklava Drogerie &amp; Kosmetik Fertiggerichte &amp; Konserven Frischetheke Getr\u00e4nke Kaffee,Tee &amp; Kakao K\u00e4se, Eier &amp; Molkerei Kochen &amp; Backen K\u00fcche &amp; Haushalt Obst &amp; Gem\u00fcse \u00d6le, So\u00dfen &amp; Gew\u00fcrze Oliven Snacks &amp; S\u00fc\u00dfigkeiten Tabakwaren Tiefk\u00fchlwaren Wurstwaren Ergebnisse 1 \u2013 12 von 72 werden angezeigt Nach Beliebtheit sortiertSortieren nach [&hellip;]<\/p>\n","protected":false},"author":2,"featured_media":0,"parent":0,"menu_order":0,"comment_status":"closed","ping_status":"closed","template":"full-width.php","meta":{"_acf_changed":false,"footnotes":""},"class_list":["post-61962","page","type-page","status-publish","hentry"],"acf":[],"_links":{"self":[{"href":"https:\/\/hepsi-markt.de\/ru\/wp-json\/wp\/v2\/pages\/61962","targetHints":{"allow":["GET"]}}],"collection":[{"href":"https:\/\/hepsi-markt.de\/ru\/wp-json\/wp\/v2\/pages"}],"about":[{"href":"https:\/\/hepsi-markt.de\/ru\/wp-json\/wp\/v2\/types\/page"}],"author":[{"embeddable":true,"href":"https:\/\/hepsi-markt.de\/ru\/wp-json\/wp\/v2\/users\/2"}],"replies":[{"embeddable":true,"href":"https:\/\/hepsi-markt.de\/ru\/wp-json\/wp\/v2\/comments?post=61962"}],"version-history":[{"count":0,"href":"https:\/\/hepsi-markt.de\/ru\/wp-json\/wp\/v2\/pages\/61962\/revisions"}],"wp:attachment":[{"href":"https:\/\/hepsi-markt.de\/ru\/wp-json\/wp\/v2\/media?parent=61962"}],"curies":[{"name":"wp","href":"https:\/\/api.w.org\/{rel}","templated":true}]}}