	{"id":6495,"date":"2021-04-29T15:16:21","date_gmt":"2021-04-29T13:16:21","guid":{"rendered":"https:\/\/hepsi-markt.de\/kariera\/szkolenie-zawodowe\/"},"modified":"2024-12-11T09:43:55","modified_gmt":"2024-12-11T08:43:55","slug":"szkolenie-zawodowe","status":"publish","type":"page","link":"https:\/\/hepsi-markt.de\/pl\/kariera\/szkolenie-zawodowe\/","title":{"rendered":"Szkolenie zawodowe"},"content":{"rendered":"\t\t<div data-elementor-type=\"wp-page\" data-elementor-id=\"6495\" class=\"elementor elementor-6495 elementor-979\" data-elementor-post-type=\"page\">\n\t\t\t\t\t\t<section class=\"elementor-section elementor-top-section elementor-element elementor-element-48f48d0 elementor-section-full_width elementor-section-height-default elementor-section-height-default\" data-id=\"48f48d0\" data-element_type=\"section\">\n\t\t\t\t\t\t<div class=\"elementor-container elementor-column-gap-default\">\n\t\t\t\t\t<div class=\"elementor-column elementor-col-100 elementor-top-column elementor-element elementor-element-60270c0\" data-id=\"60270c0\" data-element_type=\"column\">\n\t\t\t<div class=\"elementor-widget-wrap\">\n\t\t\t\t\t\t\t<\/div>\n\t\t<\/div>\n\t\t\t\t\t<\/div>\n\t\t<\/section>\n\t\t\t\t<section class=\"elementor-section elementor-top-section elementor-element elementor-element-25fe2d43 elementor-section-full_width elementor-section-stretched elementor-section-height-default elementor-section-height-default\" data-id=\"25fe2d43\" data-element_type=\"section\" data-settings=\"{&quot;stretch_section&quot;:&quot;section-stretched&quot;}\">\n\t\t\t\t\t\t<div class=\"elementor-container elementor-column-gap-default\">\n\t\t\t\t\t<div class=\"elementor-column elementor-col-100 elementor-top-column elementor-element elementor-element-6b8828f\" data-id=\"6b8828f\" data-element_type=\"column\">\n\t\t\t<div class=\"elementor-widget-wrap elementor-element-populated\">\n\t\t\t\t\t\t<div class=\"elementor-element elementor-element-52b5a3dc elementor-widget elementor-widget-heading\" data-id=\"52b5a3dc\" data-element_type=\"widget\" data-widget_type=\"heading.default\">\n\t\t\t\t<div class=\"elementor-widget-container\">\n\t\t\t\t\t<h1 class=\"elementor-heading-title elementor-size-default\">Szkolenie w zakresie sprzeda\u017cy<\/h1>\t\t\t\t<\/div>\n\t\t\t\t<\/div>\n\t\t\t\t\t<\/div>\n\t\t<\/div>\n\t\t\t\t\t<\/div>\n\t\t<\/section>\n\t\t\t\t<section class=\"elementor-section elementor-top-section elementor-element elementor-element-51bf2141 elementor-section-boxed elementor-section-height-default elementor-section-height-default\" data-id=\"51bf2141\" data-element_type=\"section\">\n\t\t\t\t\t\t<div class=\"elementor-container elementor-column-gap-default\">\n\t\t\t\t\t<div class=\"elementor-column elementor-col-100 elementor-top-column elementor-element elementor-element-ed99733\" data-id=\"ed99733\" data-element_type=\"column\">\n\t\t\t<div class=\"elementor-widget-wrap elementor-element-populated\">\n\t\t\t\t\t\t<div class=\"elementor-element elementor-element-3ce5266 elementor-widget elementor-widget-spacer\" data-id=\"3ce5266\" data-element_type=\"widget\" data-widget_type=\"spacer.default\">\n\t\t\t\t<div class=\"elementor-widget-container\">\n\t\t\t\t\t\t\t<div class=\"elementor-spacer\">\n\t\t\t<div class=\"elementor-spacer-inner\"><\/div>\n\t\t<\/div>\n\t\t\t\t\t\t<\/div>\n\t\t\t\t<\/div>\n\t\t\t\t<div class=\"elementor-element elementor-element-30c5253e elementor-widget elementor-widget-text-editor\" data-id=\"30c5253e\" data-element_type=\"widget\" data-widget_type=\"text-editor.default\">\n\t\t\t\t<div class=\"elementor-widget-container\">\n\t\t\t\t\t\t\t\t\t<h3>Rozpocz\u0119cie szkolenia: 1 sierpnia<\/h3>\n<\/p>\n<h4><strong> Hepsi Rozpocz\u0119cie kariery oznacza <\/strong> bycie w centrum wydarze\u0144 od samego pocz\u0105tku, a nie tylko bycie tam, branie na siebie odpowiedzialno\u015bci i ci\u0105g\u0142e uczenie si\u0119 nowych rzeczy. Z nami ka\u017cdego dnia mo\u017cesz zrobi\u0107 troch\u0119 wi\u0119cej dla siebie i swojej przysz\u0142o\u015bci &#8211; a przy tym dobrze si\u0119 bawi\u0107. Wsp\u00f3lna praca, zaanga\u017cowanie i dok\u0142adanie wszelkich stara\u0144 &#8211; a za to uczciwe wynagrodzenie: Hepsi Tak w\u0142a\u015bnie dzia\u0142a nasz zesp\u00f3\u0142.<\/h4>\n\t\t\t\t\t\t\t\t<\/div>\n\t\t\t\t<\/div>\n\t\t\t\t<div class=\"elementor-element elementor-element-7b2da0f8 elementor-widget elementor-widget-image\" data-id=\"7b2da0f8\" data-element_type=\"widget\" data-widget_type=\"image.default\">\n\t\t\t\t<div class=\"elementor-widget-container\">\n\t\t\t\t\t\t\t\t\t\t\t\t\t\t\t<img fetchpriority=\"high\" decoding=\"async\" width=\"1600\" height=\"800\" src=\"https:\/\/hepsi-markt.de\/wp-content\/uploads\/2024\/11\/Hepsi-Azubi.jpg\" class=\"attachment-full size-full wp-image-7639301\" alt=\"Hepsi-Azubi\" srcset=\"https:\/\/hepsi-markt.de\/wp-content\/uploads\/2024\/11\/Hepsi-Azubi.jpg 1600w, https:\/\/hepsi-markt.de\/wp-content\/uploads\/2024\/11\/Hepsi-Azubi-300x150.jpg 300w, https:\/\/hepsi-markt.de\/wp-content\/uploads\/2024\/11\/Hepsi-Azubi-1024x512.jpg 1024w, https:\/\/hepsi-markt.de\/wp-content\/uploads\/2024\/11\/Hepsi-Azubi-768x384.jpg 768w, https:\/\/hepsi-markt.de\/wp-content\/uploads\/2024\/11\/Hepsi-Azubi-1536x768.jpg 1536w, https:\/\/hepsi-markt.de\/wp-content\/uploads\/2024\/11\/Hepsi-Azubi-500x250.jpg 500w\" sizes=\"(max-width: 1600px) 100vw, 1600px\" \/>\t\t\t\t\t\t\t\t\t\t\t\t\t\t\t<\/div>\n\t\t\t\t<\/div>\n\t\t\t\t\t<\/div>\n\t\t<\/div>\n\t\t\t\t\t<\/div>\n\t\t<\/section>\n\t\t\t\t<section class=\"elementor-section elementor-top-section elementor-element elementor-element-26ac7e5e elementor-section-boxed elementor-section-height-default elementor-section-height-default\" data-id=\"26ac7e5e\" data-element_type=\"section\">\n\t\t\t\t\t\t<div class=\"elementor-container elementor-column-gap-default\">\n\t\t\t\t\t<div class=\"elementor-column elementor-col-100 elementor-top-column elementor-element elementor-element-5f5e375d\" data-id=\"5f5e375d\" data-element_type=\"column\">\n\t\t\t<div class=\"elementor-widget-wrap elementor-element-populated\">\n\t\t\t\t\t\t<div class=\"elementor-element elementor-element-803e96a elementor-widget elementor-widget-spacer\" data-id=\"803e96a\" data-element_type=\"widget\" data-widget_type=\"spacer.default\">\n\t\t\t\t<div class=\"elementor-widget-container\">\n\t\t\t\t\t\t\t<div class=\"elementor-spacer\">\n\t\t\t<div class=\"elementor-spacer-inner\"><\/div>\n\t\t<\/div>\n\t\t\t\t\t\t<\/div>\n\t\t\t\t<\/div>\n\t\t\t\t<div class=\"elementor-element elementor-element-74e0295b elementor-widget elementor-widget-text-editor\" data-id=\"74e0295b\" data-element_type=\"widget\" data-widget_type=\"text-editor.default\">\n\t\t\t\t<div class=\"elementor-widget-container\">\n\t\t\t\t\t\t\t\t\t<h2>W programie Hepsi-Markt mo\u017cna wykona\u0107 nast\u0119puj\u0105ce programy szkoleniowe:<\/h2>\n\t\t\t\t\t\t\t\t<\/div>\n\t\t\t\t<\/div>\n\t\t\t\t\t<\/div>\n\t\t<\/div>\n\t\t\t\t\t<\/div>\n\t\t<\/section>\n\t\t\t\t<section class=\"elementor-section elementor-top-section elementor-element elementor-element-5d520002 elementor-section-boxed elementor-section-height-default elementor-section-height-default\" data-id=\"5d520002\" data-element_type=\"section\">\n\t\t\t\t\t\t<div class=\"elementor-container elementor-column-gap-default\">\n\t\t\t\t\t<div class=\"elementor-column elementor-col-100 elementor-top-column elementor-element elementor-element-4749ffb6\" data-id=\"4749ffb6\" data-element_type=\"column\">\n\t\t\t<div class=\"elementor-widget-wrap elementor-element-populated\">\n\t\t\t\t\t\t<div class=\"elementor-element elementor-element-45c71890 elementor-widget elementor-widget-toggle\" data-id=\"45c71890\" data-element_type=\"widget\" data-widget_type=\"toggle.default\">\n\t\t\t\t<div class=\"elementor-widget-container\">\n\t\t\t\t\t\t\t<div class=\"elementor-toggle\">\n\t\t\t\t\t\t\t<div class=\"elementor-toggle-item\">\n\t\t\t\t\t<div id=\"elementor-tab-title-1171\" class=\"elementor-tab-title\" data-tab=\"1\" role=\"button\" aria-controls=\"elementor-tab-content-1171\" aria-expanded=\"false\">\n\t\t\t\t\t\t\t\t\t\t\t\t<span class=\"elementor-toggle-icon elementor-toggle-icon-left\" aria-hidden=\"true\">\n\t\t\t\t\t\t\t\t\t\t\t\t\t\t\t<span class=\"elementor-toggle-icon-closed\"><i class=\"fas fa-info-circle\"><\/i><\/span>\n\t\t\t\t\t\t\t\t<span class=\"elementor-toggle-icon-opened\"><i class=\"elementor-toggle-icon-opened fas fa-arrow-alt-circle-down\"><\/i><\/span>\n\t\t\t\t\t\t\t\t\t\t\t\t\t<\/span>\n\t\t\t\t\t\t\t\t\t\t\t\t<a class=\"elementor-toggle-title\" tabindex=\"0\">Sprzedawca (m\/k\/d), czas trwania: 2 lata  <\/a>\n\t\t\t\t\t<\/div>\n\n\t\t\t\t\t<div id=\"elementor-tab-content-1171\" class=\"elementor-tab-content elementor-clearfix\" data-tab=\"1\" role=\"region\" aria-labelledby=\"elementor-tab-title-1171\"><h3> <\/h3>\n<div class=\"jobsub\">Twoje zadania<\/div>\n<h4>HepsiPodczas 2-letniego sta\u017cu dowiesz si\u0119, co jest wa\u017cne w handlu detalicznym i jak zapewniamy udane zakupy w naszych sklepach dzi\u0119ki jako\u015bci, \u015bwie\u017co\u015bci i czysto\u015bci. Niezale\u017cnie od tego, czy chodzi o sprz\u0105tanie i prezentacj\u0119 towar\u00f3w, pieczenie czy kasowanie: Wchodzisz w to i dajesz z siebie wszystko. B\u0119dziesz sprawdza\u0107 przychodz\u0105ce towary, pomaga\u0107 w inwentaryzacji i zapewnia\u0107 naszym klientom porady i wsparcie. Aby dalej rozwija\u0107 swoje umiej\u0119tno\u015bci, we\u017amiesz udzia\u0142 w kursach szkoleniowych i ekscytuj\u0105cych projektach sta\u017cowych.<\/h4>\n<h3> <\/h3>\n<div class=\"jobsub\">Tw\u00f3j profil<\/div>\n<ul>\n<li>Pomy\u015blne uko\u0144czenie studi\u00f3w<\/li>\n<li>Niezawodny i zaanga\u017cowany spos\u00f3b pracy<\/li>\n<li>Duch pracy zespo\u0142owej, \u017cyczliwo\u015b\u0107 i rado\u015b\u0107 w kontaktach z lud\u017ami<\/li>\n<li>Elastyczno\u015b\u0107 czasowa w ramach godzin otwarcia oddzia\u0142u<\/li>\n<\/ul>\n<div class=\"jobsub\">Twoje zalety<\/div>\n<ul>\n<li>1,100 \u20ac\/miesi\u0105c w 1. rok, 1 200 \u20ac\/miesi\u0105c w 2. rok (pe\u0142ny etat)<\/li>\n<li>Indywidualne wsparcie, zach\u0119ta i nadz\u00f3r ze strony do\u015bwiadczonych trener\u00f3w<\/li>\n<li>Rozw\u00f3j zawodowy i osobisty poprzez przyjmowanie coraz wi\u0119kszej odpowiedzialno\u015bci<\/li>\n<li>R\u00f3\u017cnorodne zadania i projekty<\/li>\n<li>Najlepsze perspektywy obj\u0119cia i awansu na wy\u017csze stanowiska po pomy\u015blnym zdaniu egzaminu ko\u0144cowego.<\/li>\n<\/ul>\n<\/div>\n\t\t\t\t<\/div>\n\t\t\t\t\t\t\t<div class=\"elementor-toggle-item\">\n\t\t\t\t\t<div id=\"elementor-tab-title-1172\" class=\"elementor-tab-title\" data-tab=\"2\" role=\"button\" aria-controls=\"elementor-tab-content-1172\" aria-expanded=\"false\">\n\t\t\t\t\t\t\t\t\t\t\t\t<span class=\"elementor-toggle-icon elementor-toggle-icon-left\" aria-hidden=\"true\">\n\t\t\t\t\t\t\t\t\t\t\t\t\t\t\t<span class=\"elementor-toggle-icon-closed\"><i class=\"fas fa-info-circle\"><\/i><\/span>\n\t\t\t\t\t\t\t\t<span class=\"elementor-toggle-icon-opened\"><i class=\"elementor-toggle-icon-opened fas fa-arrow-alt-circle-down\"><\/i><\/span>\n\t\t\t\t\t\t\t\t\t\t\t\t\t<\/span>\n\t\t\t\t\t\t\t\t\t\t\t\t<a class=\"elementor-toggle-title\" tabindex=\"0\">Sprzedawca detaliczny (m\/k\/d), czas trwania: 3 lata  <\/a>\n\t\t\t\t\t<\/div>\n\n\t\t\t\t\t<div id=\"elementor-tab-content-1172\" class=\"elementor-tab-content elementor-clearfix\" data-tab=\"2\" role=\"region\" aria-labelledby=\"elementor-tab-title-1172\"><h3> <\/h3>\n<div class=\"jobsub\">Twoje zadania<\/div>\n<h4>HepsiPodczas 3-letniego sta\u017cu dowiesz si\u0119, co jest wa\u017cne w handlu detalicznym i jak zapewniamy udane zakupy w naszych sklepach dzi\u0119ki jako\u015bci, \u015bwie\u017co\u015bci i czysto\u015bci. Niezale\u017cnie od tego, czy chodzi o sprz\u0105tanie i prezentacj\u0119 towar\u00f3w, pieczenie czy kasowanie: Wchodzisz w to i dajesz z siebie wszystko. B\u0119dziesz sprawdza\u0107 przychodz\u0105ce towary, pomaga\u0107 w inwentaryzacji i zapewnia\u0107 naszym klientom porady i wsparcie. W trzecim roku szkolenia dowiesz si\u0119, jak tworzy\u0107 harmonogramy pracownik\u00f3w i zarz\u0105dza\u0107 pierwsz\u0105 zmian\u0105. Aby dalej rozwija\u0107 swoje umiej\u0119tno\u015bci, we\u017amiesz udzia\u0142 w kursach szkoleniowych i ekscytuj\u0105cych projektach sta\u017cowych.<\/h4>\n<h3> <\/h3>\n<div class=\"jobsub\">Tw\u00f3j profil<\/div>\n<ul>\n<li>Pomy\u015blne uko\u0144czenie studi\u00f3w<\/li>\n<li>Apetyt na dynamiczny \u015bwiat handlu detalicznego<\/li>\n<li>Motywacja i zaanga\u017cowany spos\u00f3b pracy<\/li>\n<li>Duch pracy zespo\u0142owej, \u017cyczliwo\u015b\u0107 i rado\u015b\u0107 w kontaktach z lud\u017ami<\/li>\n<li>Elastyczno\u015b\u0107 czasowa w ramach godzin otwarcia oddzia\u0142u<\/li>\n<\/ul>\n<h3> <\/h3>\n<div class=\"jobsub\">Twoje zalety<\/div>\n<ul>\n<li>Wynagrodzenie: 1,100 \u20ac\/miesi\u0105c w 1. rok, 1 200 \u20ac\/miesi\u0105c w 2. rok, 1350 \u20ac\/miesi\u0105c w 3. rok (pe\u0142ny etat)<\/li>\n<\/ul>\n<ul>\n<li>Indywidualne wsparcie, zach\u0119ta i nadz\u00f3r ze strony do\u015bwiadczonych trener\u00f3w<\/li>\n<li>Rozw\u00f3j zawodowy i osobisty poprzez przyjmowanie coraz wi\u0119kszej odpowiedzialno\u015bci<\/li>\n<li>R\u00f3\u017cnorodne zadania i projekty<\/li>\n<li>Najlepsze perspektywy obj\u0119cia i awansu na wy\u017csze stanowiska po pomy\u015blnym zdaniu egzaminu ko\u0144cowego.<\/li>\n<\/ul>\n<\/div>\n\t\t\t\t<\/div>\n\t\t\t\t\t\t\t\t<\/div>\n\t\t\t\t\t\t<\/div>\n\t\t\t\t<\/div>\n\t\t\t\t\t<\/div>\n\t\t<\/div>\n\t\t\t\t\t<\/div>\n\t\t<\/section>\n\t\t\t\t<section class=\"elementor-section elementor-top-section elementor-element elementor-element-4f77b16 elementor-section-boxed elementor-section-height-default elementor-section-height-default\" data-id=\"4f77b16\" data-element_type=\"section\">\n\t\t\t\t\t\t<div class=\"elementor-container elementor-column-gap-default\">\n\t\t\t\t\t<div class=\"elementor-column elementor-col-100 elementor-top-column elementor-element elementor-element-2cd813f\" data-id=\"2cd813f\" data-element_type=\"column\">\n\t\t\t<div class=\"elementor-widget-wrap elementor-element-populated\">\n\t\t\t\t\t\t<div class=\"elementor-element elementor-element-91d1a72 elementor-align-center elementor-widget elementor-widget-button\" data-id=\"91d1a72\" data-element_type=\"widget\" data-widget_type=\"button.default\">\n\t\t\t\t<div class=\"elementor-widget-container\">\n\t\t\t\t\t\t\t\t\t<div class=\"elementor-button-wrapper\">\n\t\t\t\t\t<a class=\"elementor-button elementor-button-link elementor-size-lg elementor-animation-shrink\" href=\"#elementor-action%3Aaction%3Dpopup%3Aopen%26settings%3DeyJpZCI6NzA2MSwidG9nZ2xlIjpmYWxzZX0%3D\">\n\t\t\t\t\t\t<span class=\"elementor-button-content-wrapper\">\n\t\t\t\t\t\t\t\t\t<span class=\"elementor-button-text\">Aplikuj teraz<\/span>\n\t\t\t\t\t<\/span>\n\t\t\t\t\t<\/a>\n\t\t\t\t<\/div>\n\t\t\t\t\t\t\t\t<\/div>\n\t\t\t\t<\/div>\n\t\t\t\t\t<\/div>\n\t\t<\/div>\n\t\t\t\t\t<\/div>\n\t\t<\/section>\n\t\t\t\t<section class=\"elementor-section elementor-top-section elementor-element elementor-element-4084d922 elementor-section-boxed elementor-section-height-default elementor-section-height-default\" data-id=\"4084d922\" data-element_type=\"section\">\n\t\t\t\t\t\t<div class=\"elementor-container elementor-column-gap-default\">\n\t\t\t\t\t<div class=\"elementor-column elementor-col-100 elementor-top-column elementor-element elementor-element-2dc47e3e\" data-id=\"2dc47e3e\" data-element_type=\"column\">\n\t\t\t<div class=\"elementor-widget-wrap elementor-element-populated\">\n\t\t\t\t\t\t<div class=\"elementor-element elementor-element-4829455f elementor-widget elementor-widget-spacer\" data-id=\"4829455f\" data-element_type=\"widget\" data-widget_type=\"spacer.default\">\n\t\t\t\t<div class=\"elementor-widget-container\">\n\t\t\t\t\t\t\t<div class=\"elementor-spacer\">\n\t\t\t<div class=\"elementor-spacer-inner\"><\/div>\n\t\t<\/div>\n\t\t\t\t\t\t<\/div>\n\t\t\t\t<\/div>\n\t\t\t\t\t<\/div>\n\t\t<\/div>\n\t\t\t\t\t<\/div>\n\t\t<\/section>\n\t\t\t\t<section class=\"elementor-section elementor-top-section elementor-element elementor-element-5e9458ae elementor-section-boxed elementor-section-height-default elementor-section-height-default\" data-id=\"5e9458ae\" data-element_type=\"section\">\n\t\t\t\t\t\t<div class=\"elementor-container elementor-column-gap-default\">\n\t\t\t\t\t<div class=\"elementor-column elementor-col-100 elementor-top-column elementor-element elementor-element-8f7124a\" data-id=\"8f7124a\" data-element_type=\"column\">\n\t\t\t<div class=\"elementor-widget-wrap elementor-element-populated\">\n\t\t\t\t\t\t<div class=\"elementor-element elementor-element-4f4e165e elementor-blockquote--skin-quotation elementor-widget elementor-widget-blockquote\" data-id=\"4f4e165e\" data-element_type=\"widget\" data-widget_type=\"blockquote.default\">\n\t\t\t\t<div class=\"elementor-widget-container\">\n\t\t\t\t\t\t\t<blockquote class=\"elementor-blockquote\">\n\t\t\t<p class=\"elementor-blockquote__content\">\n\t\t\t\tHepsi Jestem z nim zwi\u0105zany od 3 lat i jestem w pe\u0142ni zadowolony. Kierownicy liniowi widz\u0105, co nasi pracownicy osi\u0105gaj\u0105 ka\u017cdego dnia i chwal\u0105 nas, sami pomagaj\u0105 i maj\u0105 \u017cyczliwe ucho.\t\t\t<\/p>\n\t\t\t\t\t<\/blockquote>\n\t\t\t\t\t\t<\/div>\n\t\t\t\t<\/div>\n\t\t\t\t<div class=\"elementor-element elementor-element-772a0e0 elementor-blockquote--skin-quotation elementor-widget elementor-widget-blockquote\" data-id=\"772a0e0\" data-element_type=\"widget\" data-widget_type=\"blockquote.default\">\n\t\t\t\t<div class=\"elementor-widget-container\">\n\t\t\t\t\t\t\t<blockquote class=\"elementor-blockquote\">\n\t\t\t<p class=\"elementor-blockquote__content\">\n\t\t\t\tHepsi Podoba mi si\u0119 fakt, \u017ce mo\u017cna zrobi\u0107 karier\u0119 w . M\u00f3j prze\u0142o\u017cony widzia\u0142, \u017ce jestem w pe\u0142ni zaanga\u017cowany i ch\u0119tny do wzi\u0119cia na siebie odpowiedzialno\u015bci. By\u0142em w stanie odby\u0107 dalsze szkolenie i wkr\u00f3tce przenios\u0119 si\u0119 na stanowisko kierownicze.\t\t\t<\/p>\n\t\t\t\t\t<\/blockquote>\n\t\t\t\t\t\t<\/div>\n\t\t\t\t<\/div>\n\t\t\t\t\t<\/div>\n\t\t<\/div>\n\t\t\t\t\t<\/div>\n\t\t<\/section>\n\t\t\t\t<section class=\"elementor-section elementor-top-section elementor-element elementor-element-00d7b9c elementor-section-boxed elementor-section-height-default elementor-section-height-default\" data-id=\"00d7b9c\" data-element_type=\"section\">\n\t\t\t\t\t\t<div class=\"elementor-container elementor-column-gap-default\">\n\t\t\t\t\t<div class=\"elementor-column elementor-col-100 elementor-top-column elementor-element elementor-element-8f887cc\" data-id=\"8f887cc\" data-element_type=\"column\">\n\t\t\t<div class=\"elementor-widget-wrap elementor-element-populated\">\n\t\t\t\t\t\t<div class=\"elementor-element elementor-element-a82576d elementor-widget elementor-widget-spacer\" data-id=\"a82576d\" data-element_type=\"widget\" data-widget_type=\"spacer.default\">\n\t\t\t\t<div class=\"elementor-widget-container\">\n\t\t\t\t\t\t\t<div class=\"elementor-spacer\">\n\t\t\t<div class=\"elementor-spacer-inner\"><\/div>\n\t\t<\/div>\n\t\t\t\t\t\t<\/div>\n\t\t\t\t<\/div>\n\t\t\t\t<div class=\"elementor-element elementor-element-69ad3a2 elementor-widget elementor-widget-text-editor\" data-id=\"69ad3a2\" data-element_type=\"widget\" data-widget_type=\"text-editor.default\">\n\t\t\t\t<div class=\"elementor-widget-container\">\n\t\t\t\t\t\t\t\t\t<h2 style=\"text-align: center;\">Hepsi Kariera w firmie jest warta zachodu<\/h2>\n\t\t\t\t\t\t\t\t<\/div>\n\t\t\t\t<\/div>\n\t\t\t\t\t<\/div>\n\t\t<\/div>\n\t\t\t\t\t<\/div>\n\t\t<\/section>\n\t\t\t\t<section class=\"elementor-section elementor-top-section elementor-element elementor-element-b67f475 elementor-section-boxed elementor-section-height-default elementor-section-height-default\" data-id=\"b67f475\" data-element_type=\"section\">\n\t\t\t\t\t\t<div class=\"elementor-container elementor-column-gap-default\">\n\t\t\t\t\t<div class=\"elementor-column elementor-col-50 elementor-top-column elementor-element elementor-element-68f0752\" data-id=\"68f0752\" data-element_type=\"column\">\n\t\t\t<div class=\"elementor-widget-wrap elementor-element-populated\">\n\t\t\t\t\t\t<div class=\"elementor-element elementor-element-423d82b elementor-widget elementor-widget-spacer\" data-id=\"423d82b\" data-element_type=\"widget\" data-widget_type=\"spacer.default\">\n\t\t\t\t<div class=\"elementor-widget-container\">\n\t\t\t\t\t\t\t<div class=\"elementor-spacer\">\n\t\t\t<div class=\"elementor-spacer-inner\"><\/div>\n\t\t<\/div>\n\t\t\t\t\t\t<\/div>\n\t\t\t\t<\/div>\n\t\t\t\t<div class=\"elementor-element elementor-element-4e0c988 elementor-view-default elementor-position-top elementor-mobile-position-top elementor-widget elementor-widget-icon-box\" data-id=\"4e0c988\" data-element_type=\"widget\" data-widget_type=\"icon-box.default\">\n\t\t\t\t<div class=\"elementor-widget-container\">\n\t\t\t\t\t\t\t<div class=\"elementor-icon-box-wrapper\">\n\n\t\t\t\t\t\t<div class=\"elementor-icon-box-icon\">\n\t\t\t\t<a href=\"https:\/\/hepsi-markt.de\/pl\/kariera\/oferty-pracy-w-logistyce\/\" class=\"elementor-icon\" tabindex=\"-1\" aria-label=\"Aktualne oferty pracy w logistyce\">\n\t\t\t\t\t\t\t\t<\/a>\n\t\t\t<\/div>\n\t\t\t\n\t\t\t\t\t\t<div class=\"elementor-icon-box-content\">\n\n\t\t\t\t\t\t\t\t\t<h3 class=\"elementor-icon-box-title\">\n\t\t\t\t\t\t<a href=\"https:\/\/hepsi-markt.de\/pl\/kariera\/oferty-pracy-w-logistyce\/\" >\n\t\t\t\t\t\t\tAktualne oferty pracy w logistyce\t\t\t\t\t\t<\/a>\n\t\t\t\t\t<\/h3>\n\t\t\t\t\n\t\t\t\t\t\t\t\t\t<p class=\"elementor-icon-box-description\">\n\t\t\t\t\t\tDowiedz si\u0119 wi\u0119cej i aplikuj ju\u017c teraz!\t\t\t\t\t<\/p>\n\t\t\t\t\n\t\t\t<\/div>\n\t\t\t\n\t\t<\/div>\n\t\t\t\t\t\t<\/div>\n\t\t\t\t<\/div>\n\t\t\t\t\t<\/div>\n\t\t<\/div>\n\t\t\t\t<div class=\"elementor-column elementor-col-50 elementor-top-column elementor-element elementor-element-f38ede2\" data-id=\"f38ede2\" data-element_type=\"column\">\n\t\t\t<div class=\"elementor-widget-wrap elementor-element-populated\">\n\t\t\t\t\t\t<div class=\"elementor-element elementor-element-88a0985 elementor-widget elementor-widget-spacer\" data-id=\"88a0985\" data-element_type=\"widget\" data-widget_type=\"spacer.default\">\n\t\t\t\t<div class=\"elementor-widget-container\">\n\t\t\t\t\t\t\t<div class=\"elementor-spacer\">\n\t\t\t<div class=\"elementor-spacer-inner\"><\/div>\n\t\t<\/div>\n\t\t\t\t\t\t<\/div>\n\t\t\t\t<\/div>\n\t\t\t\t<div class=\"elementor-element elementor-element-217ee0e elementor-view-default elementor-position-top elementor-mobile-position-top elementor-widget elementor-widget-icon-box\" data-id=\"217ee0e\" data-element_type=\"widget\" data-widget_type=\"icon-box.default\">\n\t\t\t\t<div class=\"elementor-widget-container\">\n\t\t\t\t\t\t\t<div class=\"elementor-icon-box-wrapper\">\n\n\t\t\t\t\t\t<div class=\"elementor-icon-box-icon\">\n\t\t\t\t<a href=\"https:\/\/hepsi-markt.de\/pl\/kariera\/kariera-w-sprzedazy\/\" class=\"elementor-icon\" tabindex=\"-1\" aria-label=\"Praca w sprzeda\u017cy\">\n\t\t\t\t\t\t\t\t<\/a>\n\t\t\t<\/div>\n\t\t\t\n\t\t\t\t\t\t<div class=\"elementor-icon-box-content\">\n\n\t\t\t\t\t\t\t\t\t<h3 class=\"elementor-icon-box-title\">\n\t\t\t\t\t\t<a href=\"https:\/\/hepsi-markt.de\/pl\/kariera\/kariera-w-sprzedazy\/\" >\n\t\t\t\t\t\t\tPraca w sprzeda\u017cy\t\t\t\t\t\t<\/a>\n\t\t\t\t\t<\/h3>\n\t\t\t\t\n\t\t\t\t\t\t\t\t\t<p class=\"elementor-icon-box-description\">\n\t\t\t\t\t\tDowiedz si\u0119 wi\u0119cej i aplikuj ju\u017c teraz!\t\t\t\t\t<\/p>\n\t\t\t\t\n\t\t\t<\/div>\n\t\t\t\n\t\t<\/div>\n\t\t\t\t\t\t<\/div>\n\t\t\t\t<\/div>\n\t\t\t\t\t<\/div>\n\t\t<\/div>\n\t\t\t\t\t<\/div>\n\t\t<\/section>\n\t\t\t\t<section class=\"elementor-section elementor-top-section elementor-element elementor-element-150fd3db elementor-section-boxed elementor-section-height-default elementor-section-height-default\" data-id=\"150fd3db\" data-element_type=\"section\">\n\t\t\t\t\t\t<div class=\"elementor-container elementor-column-gap-default\">\n\t\t\t\t\t<div class=\"elementor-column elementor-col-100 elementor-top-column elementor-element elementor-element-4a1e21c8\" data-id=\"4a1e21c8\" data-element_type=\"column\">\n\t\t\t<div class=\"elementor-widget-wrap elementor-element-populated\">\n\t\t\t\t\t\t<div class=\"elementor-element elementor-element-6b10a575 elementor-widget elementor-widget-spacer\" data-id=\"6b10a575\" data-element_type=\"widget\" data-widget_type=\"spacer.default\">\n\t\t\t\t<div class=\"elementor-widget-container\">\n\t\t\t\t\t\t\t<div class=\"elementor-spacer\">\n\t\t\t<div class=\"elementor-spacer-inner\"><\/div>\n\t\t<\/div>\n\t\t\t\t\t\t<\/div>\n\t\t\t\t<\/div>\n\t\t\t\t\t<\/div>\n\t\t<\/div>\n\t\t\t\t\t<\/div>\n\t\t<\/section>\n\t\t\t\t<\/div>\n\t\t","protected":false},"excerpt":{"rendered":"<p>Szkolenie w zakresie sprzeda\u017cy Rozpocz\u0119cie szkolenia: 1 sierpnia Hepsi Rozpocz\u0119cie kariery oznacza bycie w centrum wydarze\u0144 od samego pocz\u0105tku, a nie tylko bycie tam, branie na siebie odpowiedzialno\u015bci i ci\u0105g\u0142e uczenie si\u0119 nowych rzeczy. Z nami ka\u017cdego dnia mo\u017cesz zrobi\u0107 troch\u0119 wi\u0119cej dla siebie i swojej przysz\u0142o\u015bci &#8211; a przy tym dobrze si\u0119 bawi\u0107. Wsp\u00f3lna [&hellip;]<\/p>\n","protected":false},"author":1,"featured_media":0,"parent":6162,"menu_order":0,"comment_status":"closed","ping_status":"closed","template":"elementor_header_footer","meta":{"_acf_changed":false,"footnotes":""},"class_list":["post-6495","page","type-page","status-publish","hentry"],"acf":[],"_links":{"self":[{"href":"https:\/\/hepsi-markt.de\/pl\/wp-json\/wp\/v2\/pages\/6495","targetHints":{"allow":["GET"]}}],"collection":[{"href":"https:\/\/hepsi-markt.de\/pl\/wp-json\/wp\/v2\/pages"}],"about":[{"href":"https:\/\/hepsi-markt.de\/pl\/wp-json\/wp\/v2\/types\/page"}],"author":[{"embeddable":true,"href":"https:\/\/hepsi-markt.de\/pl\/wp-json\/wp\/v2\/users\/1"}],"replies":[{"embeddable":true,"href":"https:\/\/hepsi-markt.de\/pl\/wp-json\/wp\/v2\/comments?post=6495"}],"version-history":[{"count":2,"href":"https:\/\/hepsi-markt.de\/pl\/wp-json\/wp\/v2\/pages\/6495\/revisions"}],"predecessor-version":[{"id":7661247,"href":"https:\/\/hepsi-markt.de\/pl\/wp-json\/wp\/v2\/pages\/6495\/revisions\/7661247"}],"up":[{"embeddable":true,"href":"https:\/\/hepsi-markt.de\/pl\/wp-json\/wp\/v2\/pages\/6162"}],"wp:attachment":[{"href":"https:\/\/hepsi-markt.de\/pl\/wp-json\/wp\/v2\/media?parent=6495"}],"curies":[{"name":"wp","href":"https:\/\/api.w.org\/{rel}","templated":true}]}}