	{"id":6457,"date":"2021-07-01T17:18:40","date_gmt":"2021-07-01T15:18:40","guid":{"rendered":"https:\/\/hepsi-markt.de\/strona-produktu\/"},"modified":"2024-01-16T18:21:17","modified_gmt":"2024-01-16T17:21:17","slug":"strona-produktu","status":"publish","type":"page","link":"https:\/\/hepsi-markt.de\/pl\/strona-produktu\/","title":{"rendered":"Strona produktu"},"content":{"rendered":"\t\t<div data-elementor-type=\"wp-page\" data-elementor-id=\"6457\" class=\"elementor elementor-6457 elementor-2797\" data-elementor-post-type=\"page\">\n\t\t\t\t\t\t<section class=\"elementor-section elementor-top-section elementor-element elementor-element-20a414ce elementor-section-boxed elementor-section-height-default elementor-section-height-default\" data-id=\"20a414ce\" data-element_type=\"section\">\n\t\t\t\t\t\t<div class=\"elementor-container elementor-column-gap-default\">\n\t\t\t\t\t<div class=\"elementor-column elementor-col-100 elementor-top-column elementor-element elementor-element-6ace6e8a\" data-id=\"6ace6e8a\" data-element_type=\"column\">\n\t\t\t<div class=\"elementor-widget-wrap elementor-element-populated\">\n\t\t\t\t\t\t<div class=\"elementor-element elementor-element-58cf66c2 elementor-product-loop-item--align-left elementor-products-grid elementor-wc-products elementor-show-pagination-border-yes elementor-widget elementor-widget-wc-archive-products\" data-id=\"58cf66c2\" data-element_type=\"widget\" data-widget_type=\"wc-archive-products.default\">\n\t\t\t\t<div class=\"elementor-widget-container\">\n\t\t\t\t\t<div class=\"elementor-nothing-found elementor-products-nothing-found\">Wygl\u0105da na to, \u017ce nie mo\u017cemy znale\u017a\u0107 tego, czego szukasz.<\/div>\t\t\t\t<\/div>\n\t\t\t\t<\/div>\n\t\t\t\t\t<\/div>\n\t\t<\/div>\n\t\t\t\t\t<\/div>\n\t\t<\/section>\n\t\t\t\t<\/div>\n\t\t","protected":false},"excerpt":{"rendered":"","protected":false},"author":1,"featured_media":0,"parent":0,"menu_order":0,"comment_status":"closed","ping_status":"closed","template":"elementor_header_footer","meta":{"_acf_changed":false,"footnotes":""},"class_list":["post-6457","page","type-page","status-publish","hentry"],"acf":[],"_links":{"self":[{"href":"https:\/\/hepsi-markt.de\/pl\/wp-json\/wp\/v2\/pages\/6457","targetHints":{"allow":["GET"]}}],"collection":[{"href":"https:\/\/hepsi-markt.de\/pl\/wp-json\/wp\/v2\/pages"}],"about":[{"href":"https:\/\/hepsi-markt.de\/pl\/wp-json\/wp\/v2\/types\/page"}],"author":[{"embeddable":true,"href":"https:\/\/hepsi-markt.de\/pl\/wp-json\/wp\/v2\/users\/1"}],"replies":[{"embeddable":true,"href":"https:\/\/hepsi-markt.de\/pl\/wp-json\/wp\/v2\/comments?post=6457"}],"version-history":[{"count":0,"href":"https:\/\/hepsi-markt.de\/pl\/wp-json\/wp\/v2\/pages\/6457\/revisions"}],"wp:attachment":[{"href":"https:\/\/hepsi-markt.de\/pl\/wp-json\/wp\/v2\/media?parent=6457"}],"curies":[{"name":"wp","href":"https:\/\/api.w.org\/{rel}","templated":true}]}}