	{"id":7831965,"date":"2026-05-09T04:54:10","date_gmt":"2026-05-09T02:54:10","guid":{"rendered":"https:\/\/hepsi-markt.de\/produkt\/milay-tavuk-goegsue\/"},"modified":"2026-05-09T04:54:10","modified_gmt":"2026-05-09T02:54:10","slug":"milay-tavuk-goegsue","status":"publish","type":"product","link":"https:\/\/hepsi-markt.de\/ku\/produkt\/milay-tavuk-goegsue\/","title":{"rendered":"Milay Tavuk G\u00f6gs\u00fc"},"content":{"rendered":"<p>Milay Tavuk G\u00f6gs\u00fc 150g<\/p>\n","protected":false},"excerpt":{"rendered":"<p>150g<br \/>1000 Gramm = 11,27<\/p>\n","protected":false},"featured_media":7805952,"template":"","meta":{"_acf_changed":false},"product_brand":[],"product_cat":[401],"product_tag":[],"class_list":{"0":"post-7831965","1":"product","2":"type-product","3":"status-publish","4":"has-post-thumbnail","6":"product_cat-wurstwaren","8":"first","9":"outofstock","10":"shipping-taxable","11":"product-type-simple"},"acf":[],"_links":{"self":[{"href":"https:\/\/hepsi-markt.de\/ku\/wp-json\/wp\/v2\/product\/7831965","targetHints":{"allow":["GET"]}}],"collection":[{"href":"https:\/\/hepsi-markt.de\/ku\/wp-json\/wp\/v2\/product"}],"about":[{"href":"https:\/\/hepsi-markt.de\/ku\/wp-json\/wp\/v2\/types\/product"}],"wp:featuredmedia":[{"embeddable":true,"href":"https:\/\/hepsi-markt.de\/ku\/wp-json\/wp\/v2\/media\/7805952"}],"wp:attachment":[{"href":"https:\/\/hepsi-markt.de\/ku\/wp-json\/wp\/v2\/media?parent=7831965"}],"wp:term":[{"taxonomy":"product_brand","embeddable":true,"href":"https:\/\/hepsi-markt.de\/ku\/wp-json\/wp\/v2\/product_brand?post=7831965"},{"taxonomy":"product_cat","embeddable":true,"href":"https:\/\/hepsi-markt.de\/ku\/wp-json\/wp\/v2\/product_cat?post=7831965"},{"taxonomy":"product_tag","embeddable":true,"href":"https:\/\/hepsi-markt.de\/ku\/wp-json\/wp\/v2\/product_tag?post=7831965"}],"curies":[{"name":"wp","href":"https:\/\/api.w.org\/{rel}","templated":true}]}}