	{"id":7831512,"date":"2026-05-07T02:49:54","date_gmt":"2026-05-07T00:49:54","guid":{"rendered":"https:\/\/hepsi-markt.de\/produkt\/oeztuerk-salami-mix\/"},"modified":"2026-05-07T02:49:54","modified_gmt":"2026-05-07T00:49:54","slug":"oeztuerk-salami-mix","status":"publish","type":"product","link":"https:\/\/hepsi-markt.de\/ku\/produkt\/oeztuerk-salami-mix\/","title":{"rendered":"\u00d6zt\u00fcrk Salami Mix"},"content":{"rendered":"<p>\u00d6zt\u00fcrk Sarimsakli Pul Biberli Hindi Dili<\/p>\n","protected":false},"excerpt":{"rendered":"<p>100g<br \/>1000 Gramm = 16,9<\/p>\n","protected":false},"featured_media":0,"template":"","meta":{"_acf_changed":false},"product_brand":[],"product_cat":[401],"product_tag":[],"class_list":{"0":"post-7831512","1":"product","2":"type-product","3":"status-publish","5":"product_cat-wurstwaren","7":"first","8":"outofstock","9":"shipping-taxable","10":"product-type-simple"},"acf":[],"_links":{"self":[{"href":"https:\/\/hepsi-markt.de\/ku\/wp-json\/wp\/v2\/product\/7831512","targetHints":{"allow":["GET"]}}],"collection":[{"href":"https:\/\/hepsi-markt.de\/ku\/wp-json\/wp\/v2\/product"}],"about":[{"href":"https:\/\/hepsi-markt.de\/ku\/wp-json\/wp\/v2\/types\/product"}],"wp:attachment":[{"href":"https:\/\/hepsi-markt.de\/ku\/wp-json\/wp\/v2\/media?parent=7831512"}],"wp:term":[{"taxonomy":"product_brand","embeddable":true,"href":"https:\/\/hepsi-markt.de\/ku\/wp-json\/wp\/v2\/product_brand?post=7831512"},{"taxonomy":"product_cat","embeddable":true,"href":"https:\/\/hepsi-markt.de\/ku\/wp-json\/wp\/v2\/product_cat?post=7831512"},{"taxonomy":"product_tag","embeddable":true,"href":"https:\/\/hepsi-markt.de\/ku\/wp-json\/wp\/v2\/product_tag?post=7831512"}],"curies":[{"name":"wp","href":"https:\/\/api.w.org\/{rel}","templated":true}]}}