	{"id":6622,"date":"2022-03-27T16:20:27","date_gmt":"2022-03-27T14:20:27","guid":{"rendered":"https:\/\/hepsi-markt.de\/remezana-2022-peskes-dike\/"},"modified":"2024-01-16T18:21:42","modified_gmt":"2024-01-16T17:21:42","slug":"remezana-2022-peskes-dike","status":"publish","type":"page","link":"https:\/\/hepsi-markt.de\/ku\/remezana-2022-peskes-dike\/","title":{"rendered":"Remezana 2022 p\u00ea\u015fk\u00ea\u015f dike"},"content":{"rendered":"\t\t<div data-elementor-type=\"wp-page\" data-elementor-id=\"6622\" class=\"elementor elementor-6622 elementor-3495\" data-elementor-post-type=\"page\">\n\t\t\t\t\t\t<section class=\"elementor-section elementor-top-section elementor-element elementor-element-2370ac01 elementor-section-full_width elementor-section-height-default elementor-section-height-default\" data-id=\"2370ac01\" data-element_type=\"section\">\n\t\t\t\t\t\t<div class=\"elementor-container elementor-column-gap-default\">\n\t\t\t\t\t<div class=\"elementor-column elementor-col-100 elementor-top-column elementor-element elementor-element-38de9ee2\" data-id=\"38de9ee2\" data-element_type=\"column\">\n\t\t\t<div class=\"elementor-widget-wrap elementor-element-populated\">\n\t\t\t\t\t\t<div class=\"elementor-element elementor-element-33d2f889 elementor-widget elementor-widget-image\" data-id=\"33d2f889\" data-element_type=\"widget\" data-widget_type=\"image.default\">\n\t\t\t\t<div class=\"elementor-widget-container\">\n\t\t\t\t\t\t\t\t\t\t\t\t\t\t\t\t<a href=\"https:\/\/hepsi-markt.de\/angebote-ramadan-2022-turk\/\">\n\t\t\t\t\t\t\t<img decoding=\"async\" src=\"https:\/\/hepsi-markt.de\/wp-content\/uploads\/06\/Lang-button-green-29.png\" title=\"\" alt=\"\" loading=\"lazy\" \/>\t\t\t\t\t\t\t\t<\/a>\n\t\t\t\t\t\t\t\t\t\t\t\t\t\t\t<\/div>\n\t\t\t\t<\/div>\n\t\t\t\t\t<\/div>\n\t\t<\/div>\n\t\t\t\t\t<\/div>\n\t\t<\/section>\n\t\t\t\t<section class=\"elementor-section elementor-top-section elementor-element elementor-element-4efe565 elementor-section-full_width elementor-section-stretched elementor-section-height-default elementor-section-height-default\" data-id=\"4efe565\" data-element_type=\"section\" data-settings=\"{&quot;stretch_section&quot;:&quot;section-stretched&quot;}\">\n\t\t\t\t\t\t<div class=\"elementor-container elementor-column-gap-default\">\n\t\t\t\t\t<div class=\"elementor-column elementor-col-100 elementor-top-column elementor-element elementor-element-9472e8c\" data-id=\"9472e8c\" data-element_type=\"column\">\n\t\t\t<div class=\"elementor-widget-wrap elementor-element-populated\">\n\t\t\t\t\t\t<div class=\"elementor-element elementor-element-2e418f6 elementor-widget elementor-widget-heading\" data-id=\"2e418f6\" data-element_type=\"widget\" data-widget_type=\"heading.default\">\n\t\t\t\t<div class=\"elementor-widget-container\">\n\t\t\t\t\t<h1 class=\"elementor-heading-title elementor-size-default\">Ji Hepsi-Markt \u015fax\u00ea niha p\u00ea\u015fk\u00ea\u015f dike<\/h1>\t\t\t\t<\/div>\n\t\t\t\t<\/div>\n\t\t\t\t<div class=\"elementor-element elementor-element-3653f52 elementor-widget elementor-widget-spacer\" data-id=\"3653f52\" data-element_type=\"widget\" data-widget_type=\"spacer.default\">\n\t\t\t\t<div class=\"elementor-widget-container\">\n\t\t\t\t\t\t\t<div class=\"elementor-spacer\">\n\t\t\t<div class=\"elementor-spacer-inner\"><\/div>\n\t\t<\/div>\n\t\t\t\t\t\t<\/div>\n\t\t\t\t<\/div>\n\t\t\t\t\t<\/div>\n\t\t<\/div>\n\t\t\t\t\t<\/div>\n\t\t<\/section>\n\t\t\t\t<section class=\"elementor-section elementor-top-section elementor-element elementor-element-6a399a98 elementor-section-boxed elementor-section-height-default elementor-section-height-default\" data-id=\"6a399a98\" data-element_type=\"section\">\n\t\t\t\t\t\t<div class=\"elementor-container elementor-column-gap-default\">\n\t\t\t\t\t<div class=\"elementor-column elementor-col-100 elementor-top-column elementor-element elementor-element-50c549f3\" data-id=\"50c549f3\" data-element_type=\"column\">\n\t\t\t<div class=\"elementor-widget-wrap elementor-element-populated\">\n\t\t\t\t\t\t<div class=\"elementor-element elementor-element-304b6f13 elementor-widget elementor-widget-text-editor\" data-id=\"304b6f13\" data-element_type=\"widget\" data-widget_type=\"text-editor.default\">\n\t\t\t\t<div class=\"elementor-widget-container\">\n\t\t\t\t\t\t\t\t\t<h4><strong>P\u00ea\u015fniyar\u00ean me y\u00ean Super Remezan\u00ea<\/strong> <em>ji 1-\u00ea N\u00eesan\u00ea heya 30-\u00ea Avr\u00eal, 2022-an ji bo we hene<\/em> . Ji kerema xwe <a href=\"https:\/\/hepsi-markt.de\/wp-content\/uploads\/2022\/03\/Flyer_Ramadan_2022-WEB.pdf\" target=\"_blank\" rel=\"noopener\">ji bo dak\u00ea\u015fana v\u00ea belavok\u00ea bi azad\u00ee h\u00ees bikin.<\/a><\/h4>\n\t\t\t\t\t\t\t\t<\/div>\n\t\t\t\t<\/div>\n\t\t\t\t\t<\/div>\n\t\t<\/div>\n\t\t\t\t\t<\/div>\n\t\t<\/section>\n\t\t\t\t<section class=\"elementor-section elementor-top-section elementor-element elementor-element-6a30057 elementor-section-boxed elementor-section-height-default elementor-section-height-default\" data-id=\"6a30057\" data-element_type=\"section\">\n\t\t\t\t\t\t<div class=\"elementor-container elementor-column-gap-default\">\n\t\t\t\t\t<div class=\"elementor-column elementor-col-100 elementor-top-column elementor-element elementor-element-ccf81e3\" data-id=\"ccf81e3\" data-element_type=\"column\">\n\t\t\t<div class=\"elementor-widget-wrap elementor-element-populated\">\n\t\t\t\t\t\t<div class=\"elementor-element elementor-element-e803dd1 elementor-widget elementor-widget-spacer\" data-id=\"e803dd1\" data-element_type=\"widget\" data-widget_type=\"spacer.default\">\n\t\t\t\t<div class=\"elementor-widget-container\">\n\t\t\t\t\t\t\t<div class=\"elementor-spacer\">\n\t\t\t<div class=\"elementor-spacer-inner\"><\/div>\n\t\t<\/div>\n\t\t\t\t\t\t<\/div>\n\t\t\t\t<\/div>\n\t\t\t\t<div class=\"elementor-element elementor-element-20e6778 elementor-widget elementor-widget-image-carousel\" data-id=\"20e6778\" data-element_type=\"widget\" data-settings=\"{&quot;slides_to_show&quot;:&quot;2&quot;,&quot;slides_to_scroll&quot;:&quot;1&quot;,&quot;autoplay_speed&quot;:7500,&quot;speed&quot;:750,&quot;navigation&quot;:&quot;none&quot;,&quot;autoplay&quot;:&quot;yes&quot;,&quot;pause_on_hover&quot;:&quot;yes&quot;,&quot;pause_on_interaction&quot;:&quot;yes&quot;,&quot;infinite&quot;:&quot;yes&quot;}\" data-widget_type=\"image-carousel.default\">\n\t\t\t\t<div class=\"elementor-widget-container\">\n\t\t\t\t\t\t\t<div class=\"elementor-image-carousel-wrapper swiper\" role=\"region\" aria-roledescription=\"carousel\" aria-label=\"Image Carousel\" dir=\"ltr\">\n\t\t\t<div class=\"elementor-image-carousel swiper-wrapper\" aria-live=\"off\">\n\t\t\t\t\t\t\t\t<div class=\"swiper-slide\" role=\"group\" aria-roledescription=\"slide\" aria-label=\"1 of 2\"><a data-elementor-open-lightbox=\"yes\" data-elementor-lightbox-slideshow=\"20e6778\" data-elementor-lightbox-title=\"Flyer_Ramadan_2022_Seite2\" data-e-action-hash=\"#elementor-action%3Aaction%3Dlightbox%26settings%3DeyJpZCI6MzQ5NCwidXJsIjoiaHR0cHM6XC9cL2hlcHNpLW1hcmt0LmRlXC93cC1jb250ZW50XC91cGxvYWRzXC8yMDIyXC8wM1wvRmx5ZXJfUmFtYWRhbl8yMDIyX1NlaXRlMi5qcGciLCJzbGlkZXNob3ciOiIyMGU2Nzc4In0%3D\" href=\"https:\/\/hepsi-markt.de\/wp-content\/uploads\/2022\/03\/Flyer_Ramadan_2022-WEB.pdf\"><figure class=\"swiper-slide-inner\"><img decoding=\"async\" class=\"swiper-slide-image\" src=\"https:\/\/hepsi-markt.de\/wp-content\/uploads\/2022\/03\/Flyer_Ramadan_2022_Seite2.jpg\" alt=\"Flyer Ramadan 2022 - Hepsi Markt\" \/><\/figure><\/a><\/div><div class=\"swiper-slide\" role=\"group\" aria-roledescription=\"slide\" aria-label=\"2 of 2\"><a data-elementor-open-lightbox=\"yes\" data-elementor-lightbox-slideshow=\"20e6778\" data-elementor-lightbox-title=\"Flyer_Ramadan_2022_Seite1\" data-e-action-hash=\"#elementor-action%3Aaction%3Dlightbox%26settings%3DeyJpZCI6MzQ5MywidXJsIjoiaHR0cHM6XC9cL2hlcHNpLW1hcmt0LmRlXC93cC1jb250ZW50XC91cGxvYWRzXC8yMDIyXC8wM1wvRmx5ZXJfUmFtYWRhbl8yMDIyX1NlaXRlMS5qcGciLCJzbGlkZXNob3ciOiIyMGU2Nzc4In0%3D\" href=\"https:\/\/hepsi-markt.de\/wp-content\/uploads\/2022\/03\/Flyer_Ramadan_2022-WEB.pdf\"><figure class=\"swiper-slide-inner\"><img decoding=\"async\" class=\"swiper-slide-image\" src=\"https:\/\/hepsi-markt.de\/wp-content\/uploads\/2022\/03\/Flyer_Ramadan_2022_Seite1.jpg\" alt=\"Flyer Ramadan 2022 - Hepsi Markt\" \/><\/figure><\/a><\/div>\t\t\t<\/div>\n\t\t\t\t\t\t\t\n\t\t\t\t\t\t\t\t\t<\/div>\n\t\t\t\t\t\t<\/div>\n\t\t\t\t<\/div>\n\t\t\t\t\t<\/div>\n\t\t<\/div>\n\t\t\t\t\t<\/div>\n\t\t<\/section>\n\t\t\t\t<section class=\"elementor-section elementor-top-section elementor-element elementor-element-5721233 elementor-section-boxed elementor-section-height-default elementor-section-height-default\" data-id=\"5721233\" data-element_type=\"section\">\n\t\t\t\t\t\t<div class=\"elementor-container elementor-column-gap-default\">\n\t\t\t\t\t<div class=\"elementor-column elementor-col-100 elementor-top-column elementor-element elementor-element-da0cd9c\" data-id=\"da0cd9c\" data-element_type=\"column\">\n\t\t\t<div class=\"elementor-widget-wrap elementor-element-populated\">\n\t\t\t\t\t\t<div class=\"elementor-element elementor-element-aafbb1d elementor-widget elementor-widget-spacer\" data-id=\"aafbb1d\" data-element_type=\"widget\" data-widget_type=\"spacer.default\">\n\t\t\t\t<div class=\"elementor-widget-container\">\n\t\t\t\t\t\t\t<div class=\"elementor-spacer\">\n\t\t\t<div class=\"elementor-spacer-inner\"><\/div>\n\t\t<\/div>\n\t\t\t\t\t\t<\/div>\n\t\t\t\t<\/div>\n\t\t\t\t<div class=\"elementor-element elementor-element-5a7195c elementor-widget elementor-widget-text-editor\" data-id=\"5a7195c\" data-element_type=\"widget\" data-widget_type=\"text-editor.default\">\n\t\t\t\t<div class=\"elementor-widget-container\">\n\t\t\t\t\t\t\t\t\t<h2>Hepsi herdem erzan e<\/h2>\n<p>Li Hepsi-Markt gelek berhem\u00ean bi buhay\u00ean da\u00eem\u00ee k\u00eam hene. Xwe bidin ber hev. Marqey\u00ean me \u00fb gelek berhem\u00ean markay\u00ean tirk\u00ee li Hepsi bihay\u00ean b\u00eahempa ne.<\/p>\n<\/p>\n<h2>B\u00ea t\u00eakil\u00ee bidin \u00fb drav veki\u015f\u00eenin<\/h2>\n<p>Her weha h\u00fbn dikarin li Hepsi-Markt ya b\u00eat\u00eakil\u00ee bidin. Em Girocard, MasterCard \u00fb VISA qeb\u00fbl dikin.<\/p>\n\t\t\t\t\t\t\t\t<\/div>\n\t\t\t\t<\/div>\n\t\t\t\t\t<\/div>\n\t\t<\/div>\n\t\t\t\t\t<\/div>\n\t\t<\/section>\n\t\t\t\t<section class=\"elementor-section elementor-top-section elementor-element elementor-element-dde7a26 elementor-section-boxed elementor-section-height-default elementor-section-height-default\" data-id=\"dde7a26\" data-element_type=\"section\">\n\t\t\t\t\t\t<div class=\"elementor-container elementor-column-gap-default\">\n\t\t\t\t\t<div class=\"elementor-column elementor-col-20 elementor-top-column elementor-element elementor-element-2368f76\" data-id=\"2368f76\" data-element_type=\"column\">\n\t\t\t<div class=\"elementor-widget-wrap elementor-element-populated\">\n\t\t\t\t\t\t<div class=\"elementor-element elementor-element-6f58633 elementor-widget elementor-widget-image\" data-id=\"6f58633\" data-element_type=\"widget\" data-widget_type=\"image.default\">\n\t\t\t\t<div class=\"elementor-widget-container\">\n\t\t\t\t\t\t\t\t\t\t\t\t\t\t\t<img decoding=\"async\" src=\"https:\/\/hepsi-markt.de\/wp-content\/uploads\/04\/Label-kontaktlos-bezahlen-e1620817163474.jpg\" title=\"\" alt=\"\" loading=\"lazy\" \/>\t\t\t\t\t\t\t\t\t\t\t\t\t\t\t<\/div>\n\t\t\t\t<\/div>\n\t\t\t\t\t<\/div>\n\t\t<\/div>\n\t\t\t\t<div class=\"elementor-column elementor-col-20 elementor-top-column elementor-element elementor-element-3a8ae3c\" data-id=\"3a8ae3c\" data-element_type=\"column\">\n\t\t\t<div class=\"elementor-widget-wrap elementor-element-populated\">\n\t\t\t\t\t\t<div class=\"elementor-element elementor-element-ed065f3 elementor-widget elementor-widget-image\" data-id=\"ed065f3\" data-element_type=\"widget\" data-widget_type=\"image.default\">\n\t\t\t\t<div class=\"elementor-widget-container\">\n\t\t\t\t\t\t\t\t\t\t\t\t\t\t\t<img decoding=\"async\" src=\"https:\/\/hepsi-markt.de\/wp-content\/uploads\/04\/Label-girocard-e1620817191143.png\" title=\"\" alt=\"\" loading=\"lazy\" \/>\t\t\t\t\t\t\t\t\t\t\t\t\t\t\t<\/div>\n\t\t\t\t<\/div>\n\t\t\t\t\t<\/div>\n\t\t<\/div>\n\t\t\t\t<div class=\"elementor-column elementor-col-20 elementor-top-column elementor-element elementor-element-cecc66e\" data-id=\"cecc66e\" data-element_type=\"column\">\n\t\t\t<div class=\"elementor-widget-wrap\">\n\t\t\t\t\t\t\t<\/div>\n\t\t<\/div>\n\t\t\t\t<div class=\"elementor-column elementor-col-20 elementor-top-column elementor-element elementor-element-7e1197a\" data-id=\"7e1197a\" data-element_type=\"column\">\n\t\t\t<div class=\"elementor-widget-wrap\">\n\t\t\t\t\t\t\t<\/div>\n\t\t<\/div>\n\t\t\t\t<div class=\"elementor-column elementor-col-20 elementor-top-column elementor-element elementor-element-464be97\" data-id=\"464be97\" data-element_type=\"column\">\n\t\t\t<div class=\"elementor-widget-wrap\">\n\t\t\t\t\t\t\t<\/div>\n\t\t<\/div>\n\t\t\t\t\t<\/div>\n\t\t<\/section>\n\t\t\t\t<section class=\"elementor-section elementor-top-section elementor-element elementor-element-7f1e6b3 elementor-section-boxed elementor-section-height-default elementor-section-height-default\" data-id=\"7f1e6b3\" data-element_type=\"section\">\n\t\t\t\t\t\t<div class=\"elementor-container elementor-column-gap-default\">\n\t\t\t\t\t<div class=\"elementor-column elementor-col-100 elementor-top-column elementor-element elementor-element-e1a8f32\" data-id=\"e1a8f32\" data-element_type=\"column\">\n\t\t\t<div class=\"elementor-widget-wrap elementor-element-populated\">\n\t\t\t\t\t\t<div class=\"elementor-element elementor-element-5634620 elementor-widget elementor-widget-text-editor\" data-id=\"5634620\" data-element_type=\"widget\" data-widget_type=\"text-editor.default\">\n\t\t\t\t<div class=\"elementor-widget-container\">\n\t\t\t\t\t\t\t\t\t<p>Kar\u00fbbar\u00ea meya dravdan\u00ea bikar b\u00eenin: Bi nirxa kir\u00een\u00ea ya 5 euro an z\u00eadetir, h\u00fbn dikarin bi qerta xweya deb\u00eet\u00ea bela\u015f drav biki\u015f\u00eenin. Bi ten\u00ea m\u00eeqdara xwestin\u00ea li qaseya Hepsi diyar bikin, PIN-a Girocarda xwe biniv\u00eesin \u00fb rasterast drav bist\u00eenin.<\/p>\n\t\t\t\t\t\t\t\t<\/div>\n\t\t\t\t<\/div>\n\t\t\t\t<div class=\"elementor-element elementor-element-ae2c0b7 elementor-widget elementor-widget-spacer\" data-id=\"ae2c0b7\" data-element_type=\"widget\" data-widget_type=\"spacer.default\">\n\t\t\t\t<div class=\"elementor-widget-container\">\n\t\t\t\t\t\t\t<div class=\"elementor-spacer\">\n\t\t\t<div class=\"elementor-spacer-inner\"><\/div>\n\t\t<\/div>\n\t\t\t\t\t\t<\/div>\n\t\t\t\t<\/div>\n\t\t\t\t\t<\/div>\n\t\t<\/div>\n\t\t\t\t\t<\/div>\n\t\t<\/section>\n\t\t\t\t<\/div>\n\t\t","protected":false},"excerpt":{"rendered":"<p>Ji Hepsi-Markt \u015fax\u00ea niha p\u00ea\u015fk\u00ea\u015f dike P\u00ea\u015fniyar\u00ean me y\u00ean Super Remezan\u00ea ji 1-\u00ea N\u00eesan\u00ea heya 30-\u00ea Avr\u00eal, 2022-an ji bo we hene . Ji kerema xwe ji bo dak\u00ea\u015fana v\u00ea belavok\u00ea bi azad\u00ee h\u00ees bikin. Hepsi herdem erzan e Li Hepsi-Markt gelek berhem\u00ean bi buhay\u00ean da\u00eem\u00ee k\u00eam hene. Xwe bidin ber hev. Marqey\u00ean me \u00fb [&hellip;]<\/p>\n","protected":false},"author":1,"featured_media":0,"parent":0,"menu_order":0,"comment_status":"closed","ping_status":"closed","template":"elementor_header_footer","meta":{"_acf_changed":false,"footnotes":""},"class_list":["post-6622","page","type-page","status-publish","hentry"],"acf":[],"_links":{"self":[{"href":"https:\/\/hepsi-markt.de\/ku\/wp-json\/wp\/v2\/pages\/6622","targetHints":{"allow":["GET"]}}],"collection":[{"href":"https:\/\/hepsi-markt.de\/ku\/wp-json\/wp\/v2\/pages"}],"about":[{"href":"https:\/\/hepsi-markt.de\/ku\/wp-json\/wp\/v2\/types\/page"}],"author":[{"embeddable":true,"href":"https:\/\/hepsi-markt.de\/ku\/wp-json\/wp\/v2\/users\/1"}],"replies":[{"embeddable":true,"href":"https:\/\/hepsi-markt.de\/ku\/wp-json\/wp\/v2\/comments?post=6622"}],"version-history":[{"count":0,"href":"https:\/\/hepsi-markt.de\/ku\/wp-json\/wp\/v2\/pages\/6622\/revisions"}],"wp:attachment":[{"href":"https:\/\/hepsi-markt.de\/ku\/wp-json\/wp\/v2\/media?parent=6622"}],"curies":[{"name":"wp","href":"https:\/\/api.w.org\/{rel}","templated":true}]}}