	{"id":6488,"date":"2021-07-07T09:47:53","date_gmt":"2021-07-07T07:47:53","guid":{"rendered":"https:\/\/hepsi-markt.de\/pesniyaren-beyi-navnisek\/"},"modified":"2024-01-16T18:21:21","modified_gmt":"2024-01-16T17:21:21","slug":"pesniyaren-beyi-navnisek","status":"publish","type":"page","link":"https:\/\/hepsi-markt.de\/ku\/pesniyaren-beyi-navnisek\/","title":{"rendered":"P\u00ea\u015fniyar\u00ean b\u00eay\u00ee navn\u00ee\u015fek"},"content":{"rendered":"\t\t<div data-elementor-type=\"wp-page\" data-elementor-id=\"6488\" class=\"elementor elementor-6488\" data-elementor-post-type=\"page\">\n\t\t\t\t\t\t<section class=\"elementor-section elementor-top-section elementor-element elementor-element-33120580 elementor-section-full_width elementor-section-height-default elementor-section-height-default\" data-id=\"33120580\" data-element_type=\"section\">\n\t\t\t\t\t\t<div class=\"elementor-container elementor-column-gap-default\">\n\t\t\t\t\t<div class=\"elementor-column elementor-col-100 elementor-top-column elementor-element elementor-element-736db6cc\" data-id=\"736db6cc\" data-element_type=\"column\">\n\t\t\t<div class=\"elementor-widget-wrap elementor-element-populated\">\n\t\t\t\t\t\t<div class=\"elementor-element elementor-element-67804298 elementor-widget elementor-widget-image\" data-id=\"67804298\" data-element_type=\"widget\" data-widget_type=\"image.default\">\n\t\t\t\t<div class=\"elementor-widget-container\">\n\t\t\t\t\t\t\t\t\t\t\t\t\t\t\t\t<a href=\"https:\/\/hepsi-markt.de\/sonraki-aksiyonlar\/\">\n\t\t\t\t\t\t\t<img decoding=\"async\" src=\"https:\/\/hepsi-markt.de\/wp-content\/uploads\/06\/Lang-button-green-29.png\" title=\"\" alt=\"\" loading=\"lazy\" \/>\t\t\t\t\t\t\t\t<\/a>\n\t\t\t\t\t\t\t\t\t\t\t\t\t\t\t<\/div>\n\t\t\t\t<\/div>\n\t\t\t\t\t<\/div>\n\t\t<\/div>\n\t\t\t\t\t<\/div>\n\t\t<\/section>\n\t\t\t\t<section class=\"elementor-section elementor-top-section elementor-element elementor-element-367190bf elementor-section-full_width elementor-section-stretched elementor-section-height-default elementor-section-height-default\" data-id=\"367190bf\" data-element_type=\"section\" data-settings=\"{&quot;stretch_section&quot;:&quot;section-stretched&quot;}\">\n\t\t\t\t\t\t<div class=\"elementor-container elementor-column-gap-default\">\n\t\t\t\t\t<div class=\"elementor-column elementor-col-100 elementor-top-column elementor-element elementor-element-75c9e487\" data-id=\"75c9e487\" data-element_type=\"column\">\n\t\t\t<div class=\"elementor-widget-wrap elementor-element-populated\">\n\t\t\t\t\t\t<div class=\"elementor-element elementor-element-5e6ef1a4 elementor-widget elementor-widget-heading\" data-id=\"5e6ef1a4\" data-element_type=\"widget\" data-widget_type=\"heading.default\">\n\t\t\t\t<div class=\"elementor-widget-container\">\n\t\t\t\t\t<h1 class=\"elementor-heading-title elementor-size-default\">Ji Hepsi-Markt \u015fax\u00ea niha p\u00ea\u015fk\u00ea\u015f dike<\/h1>\t\t\t\t<\/div>\n\t\t\t\t<\/div>\n\t\t\t\t<div class=\"elementor-element elementor-element-1764ab7f elementor-widget elementor-widget-spacer\" data-id=\"1764ab7f\" data-element_type=\"widget\" data-widget_type=\"spacer.default\">\n\t\t\t\t<div class=\"elementor-widget-container\">\n\t\t\t\t\t\t\t<div class=\"elementor-spacer\">\n\t\t\t<div class=\"elementor-spacer-inner\"><\/div>\n\t\t<\/div>\n\t\t\t\t\t\t<\/div>\n\t\t\t\t<\/div>\n\t\t\t\t\t<\/div>\n\t\t<\/div>\n\t\t\t\t\t<\/div>\n\t\t<\/section>\n\t\t\t\t<section class=\"elementor-section elementor-top-section elementor-element elementor-element-57a16f30 elementor-section-boxed elementor-section-height-default elementor-section-height-default\" data-id=\"57a16f30\" data-element_type=\"section\">\n\t\t\t\t\t\t<div class=\"elementor-container elementor-column-gap-default\">\n\t\t\t\t\t<div class=\"elementor-column elementor-col-100 elementor-top-column elementor-element elementor-element-148e6a13\" data-id=\"148e6a13\" data-element_type=\"column\">\n\t\t\t<div class=\"elementor-widget-wrap elementor-element-populated\">\n\t\t\t\t\t\t<div class=\"elementor-element elementor-element-4fe9c203 elementor-widget elementor-widget-text-editor\" data-id=\"4fe9c203\" data-element_type=\"widget\" data-widget_type=\"text-editor.default\">\n\t\t\t\t<div class=\"elementor-widget-container\">\n\t\t\t\t\t\t\t\t\t<h4>Di 24 \u00fb 25\u00ea Mijdar\u00ea de <strong>werin<\/strong> \u00cena Re\u015f.<\/h4>\n\t\t\t\t\t\t\t\t<\/div>\n\t\t\t\t<\/div>\n\t\t\t\t<div class=\"elementor-element elementor-element-266f0ca5 elementor-widget elementor-widget-spacer\" data-id=\"266f0ca5\" data-element_type=\"widget\" data-widget_type=\"spacer.default\">\n\t\t\t\t<div class=\"elementor-widget-container\">\n\t\t\t\t\t\t\t<div class=\"elementor-spacer\">\n\t\t\t<div class=\"elementor-spacer-inner\"><\/div>\n\t\t<\/div>\n\t\t\t\t\t\t<\/div>\n\t\t\t\t<\/div>\n\t\t\t\t\t<\/div>\n\t\t<\/div>\n\t\t\t\t\t<\/div>\n\t\t<\/section>\n\t\t\t\t<section class=\"elementor-section elementor-top-section elementor-element elementor-element-4867e2e5 elementor-section-boxed elementor-section-height-default elementor-section-height-default\" data-id=\"4867e2e5\" data-element_type=\"section\">\n\t\t\t\t\t\t<div class=\"elementor-container elementor-column-gap-default\">\n\t\t\t\t\t<div class=\"elementor-column elementor-col-100 elementor-top-column elementor-element elementor-element-579035c3\" data-id=\"579035c3\" data-element_type=\"column\">\n\t\t\t<div class=\"elementor-widget-wrap elementor-element-populated\">\n\t\t\t\t\t\t<div class=\"elementor-element elementor-element-950cd5d elementor-widget elementor-widget-image\" data-id=\"950cd5d\" data-element_type=\"widget\" data-widget_type=\"image.default\">\n\t\t\t\t<div class=\"elementor-widget-container\">\n\t\t\t\t\t\t\t\t\t\t\t\t\t\t\t<img fetchpriority=\"high\" decoding=\"async\" width=\"1920\" height=\"1182\" src=\"https:\/\/hepsi-markt.de\/wp-content\/uploads\/2022\/02\/Hepsi-Kasse-Angebote.webp\" class=\"attachment-full size-full wp-image-3400\" alt=\"Sonderangebote im Hepsi-Markt\" srcset=\"https:\/\/hepsi-markt.de\/wp-content\/uploads\/2022\/02\/Hepsi-Kasse-Angebote.webp 1920w, https:\/\/hepsi-markt.de\/wp-content\/uploads\/2022\/02\/Hepsi-Kasse-Angebote-500x308.webp 500w, https:\/\/hepsi-markt.de\/wp-content\/uploads\/2022\/02\/Hepsi-Kasse-Angebote-300x185.webp 300w, https:\/\/hepsi-markt.de\/wp-content\/uploads\/2022\/02\/Hepsi-Kasse-Angebote-1024x630.webp 1024w, https:\/\/hepsi-markt.de\/wp-content\/uploads\/2022\/02\/Hepsi-Kasse-Angebote-768x473.webp 768w, https:\/\/hepsi-markt.de\/wp-content\/uploads\/2022\/02\/Hepsi-Kasse-Angebote-1536x946.webp 1536w, https:\/\/hepsi-markt.de\/wp-content\/uploads\/2022\/02\/Hepsi-Kasse-Angebote-200x123.webp 200w\" sizes=\"(max-width: 1920px) 100vw, 1920px\" \/>\t\t\t\t\t\t\t\t\t\t\t\t\t\t\t<\/div>\n\t\t\t\t<\/div>\n\t\t\t\t<div class=\"elementor-element elementor-element-d437c75 bu elementor-widget elementor-widget-text-editor\" data-id=\"d437c75\" data-element_type=\"widget\" data-widget_type=\"text-editor.default\">\n\t\t\t\t<div class=\"elementor-widget-container\">\n\t\t\t\t\t\t\t\t\t<h6 style=\"text-align: left;\">Em dikarin \u00e7i p\u00ea\u015fniyar bikin? Kir\u00een li Hepsi k\u00eaf e. Di nav r\u00eazek mezin de h\u00fbn \u00ea gelek hilber\u00ean navnetewey\u00ee bi bihay\u00ean mezin bib\u00eenin &#8211; em \u00ea k\u00eafxwe\u015f bibin ku we \u015f\u00eeret bikin.<\/h6>\n\t\t\t\t\t\t\t\t<\/div>\n\t\t\t\t<\/div>\n\t\t\t\t\t<\/div>\n\t\t<\/div>\n\t\t\t\t\t<\/div>\n\t\t<\/section>\n\t\t\t\t<section class=\"elementor-section elementor-top-section elementor-element elementor-element-ffa3dff elementor-section-boxed elementor-section-height-default elementor-section-height-default\" data-id=\"ffa3dff\" data-element_type=\"section\">\n\t\t\t\t\t\t<div class=\"elementor-container elementor-column-gap-default\">\n\t\t\t\t\t<div class=\"elementor-column elementor-col-100 elementor-top-column elementor-element elementor-element-7f11744c\" data-id=\"7f11744c\" data-element_type=\"column\">\n\t\t\t<div class=\"elementor-widget-wrap elementor-element-populated\">\n\t\t\t\t\t\t<div class=\"elementor-element elementor-element-395f5868 elementor-widget elementor-widget-text-editor\" data-id=\"395f5868\" data-element_type=\"widget\" data-widget_type=\"text-editor.default\">\n\t\t\t\t<div class=\"elementor-widget-container\">\n\t\t\t\t\t\t\t\t\t<h2>Hepsi herdem erzan e<\/h2>\n<p>Li Hepsi-Markt gelek berhem\u00ean bi buhay\u00ean da\u00eem\u00ee k\u00eam hene. Xwe bidin ber hev. Marqey\u00ean me \u00fb gelek berhem\u00ean markay\u00ean tirk\u00ee li Hepsi bihay\u00ean b\u00eahempa ne.<\/p>\n<\/p>\n<h2>B\u00ea t\u00eakil\u00ee bidin \u00fb drav veki\u015f\u00eenin<\/h2>\n<p>Her weha h\u00fbn dikarin li Hepsi-Markt b\u00eat\u00eakil\u00ee bidin. Em Girocard, MasterCard \u00fb VISA qeb\u00fbl dikin.<\/p>\n\t\t\t\t\t\t\t\t<\/div>\n\t\t\t\t<\/div>\n\t\t\t\t\t<\/div>\n\t\t<\/div>\n\t\t\t\t\t<\/div>\n\t\t<\/section>\n\t\t\t\t<section class=\"elementor-section elementor-top-section elementor-element elementor-element-7d566956 elementor-section-boxed elementor-section-height-default elementor-section-height-default\" data-id=\"7d566956\" data-element_type=\"section\">\n\t\t\t\t\t\t<div class=\"elementor-container elementor-column-gap-default\">\n\t\t\t\t\t<div class=\"elementor-column elementor-col-20 elementor-top-column elementor-element elementor-element-7b75c90\" data-id=\"7b75c90\" data-element_type=\"column\">\n\t\t\t<div class=\"elementor-widget-wrap elementor-element-populated\">\n\t\t\t\t\t\t<div class=\"elementor-element elementor-element-7d49b882 elementor-widget elementor-widget-image\" data-id=\"7d49b882\" data-element_type=\"widget\" data-widget_type=\"image.default\">\n\t\t\t\t<div class=\"elementor-widget-container\">\n\t\t\t\t\t\t\t\t\t\t\t\t\t\t\t<img decoding=\"async\" src=\"https:\/\/hepsi-markt.de\/wp-content\/uploads\/04\/Label-kontaktlos-bezahlen-e1620817163474.jpg\" title=\"\" alt=\"\" loading=\"lazy\" \/>\t\t\t\t\t\t\t\t\t\t\t\t\t\t\t<\/div>\n\t\t\t\t<\/div>\n\t\t\t\t\t<\/div>\n\t\t<\/div>\n\t\t\t\t<div class=\"elementor-column elementor-col-20 elementor-top-column elementor-element elementor-element-2ad6e332\" data-id=\"2ad6e332\" data-element_type=\"column\">\n\t\t\t<div class=\"elementor-widget-wrap elementor-element-populated\">\n\t\t\t\t\t\t<div class=\"elementor-element elementor-element-7882ea3e elementor-widget elementor-widget-image\" data-id=\"7882ea3e\" data-element_type=\"widget\" data-widget_type=\"image.default\">\n\t\t\t\t<div class=\"elementor-widget-container\">\n\t\t\t\t\t\t\t\t\t\t\t\t\t\t\t<img decoding=\"async\" src=\"https:\/\/hepsi-markt.de\/wp-content\/uploads\/04\/Label-girocard-e1620817191143.png\" title=\"\" alt=\"\" loading=\"lazy\" \/>\t\t\t\t\t\t\t\t\t\t\t\t\t\t\t<\/div>\n\t\t\t\t<\/div>\n\t\t\t\t\t<\/div>\n\t\t<\/div>\n\t\t\t\t<div class=\"elementor-column elementor-col-20 elementor-top-column elementor-element elementor-element-4ca44488\" data-id=\"4ca44488\" data-element_type=\"column\">\n\t\t\t<div class=\"elementor-widget-wrap\">\n\t\t\t\t\t\t\t<\/div>\n\t\t<\/div>\n\t\t\t\t<div class=\"elementor-column elementor-col-20 elementor-top-column elementor-element elementor-element-5e373ce4\" data-id=\"5e373ce4\" data-element_type=\"column\">\n\t\t\t<div class=\"elementor-widget-wrap\">\n\t\t\t\t\t\t\t<\/div>\n\t\t<\/div>\n\t\t\t\t<div class=\"elementor-column elementor-col-20 elementor-top-column elementor-element elementor-element-70dd235e\" data-id=\"70dd235e\" data-element_type=\"column\">\n\t\t\t<div class=\"elementor-widget-wrap\">\n\t\t\t\t\t\t\t<\/div>\n\t\t<\/div>\n\t\t\t\t\t<\/div>\n\t\t<\/section>\n\t\t\t\t<section class=\"elementor-section elementor-top-section elementor-element elementor-element-2dc32817 elementor-section-boxed elementor-section-height-default elementor-section-height-default\" data-id=\"2dc32817\" data-element_type=\"section\">\n\t\t\t\t\t\t<div class=\"elementor-container elementor-column-gap-default\">\n\t\t\t\t\t<div class=\"elementor-column elementor-col-100 elementor-top-column elementor-element elementor-element-3ef60d79\" data-id=\"3ef60d79\" data-element_type=\"column\">\n\t\t\t<div class=\"elementor-widget-wrap elementor-element-populated\">\n\t\t\t\t\t\t<div class=\"elementor-element elementor-element-2abdf79e elementor-widget elementor-widget-text-editor\" data-id=\"2abdf79e\" data-element_type=\"widget\" data-widget_type=\"text-editor.default\">\n\t\t\t\t<div class=\"elementor-widget-container\">\n\t\t\t\t\t\t\t\t\t<p>Kar\u00fbbar\u00ea meya dravdan\u00ea bikar b\u00eenin: Bi nirxa kir\u00een\u00ea ya 5 euro an z\u00eadetir, h\u00fbn dikarin bi qerta xweya deb\u00eet\u00ea bela\u015f drav biki\u015f\u00eenin. Bi ten\u00ea m\u00eeqdara ku h\u00fbn dixwazin li qasey\u00ea Hepsi diyar bikin, PIN-a Girocarda xwe biniv\u00eesin \u00fb rasterast drav bist\u00eenin.<\/p>\n\t\t\t\t\t\t\t\t<\/div>\n\t\t\t\t<\/div>\n\t\t\t\t<div class=\"elementor-element elementor-element-4893a890 elementor-widget elementor-widget-spacer\" data-id=\"4893a890\" data-element_type=\"widget\" data-widget_type=\"spacer.default\">\n\t\t\t\t<div class=\"elementor-widget-container\">\n\t\t\t\t\t\t\t<div class=\"elementor-spacer\">\n\t\t\t<div class=\"elementor-spacer-inner\"><\/div>\n\t\t<\/div>\n\t\t\t\t\t\t<\/div>\n\t\t\t\t<\/div>\n\t\t\t\t\t<\/div>\n\t\t<\/div>\n\t\t\t\t\t<\/div>\n\t\t<\/section>\n\t\t\t\t<\/div>\n\t\t","protected":false},"excerpt":{"rendered":"<p>Ji Hepsi-Markt \u015fax\u00ea niha p\u00ea\u015fk\u00ea\u015f dike Di 24 \u00fb 25\u00ea Mijdar\u00ea de werin \u00cena Re\u015f. Em dikarin \u00e7i p\u00ea\u015fniyar bikin? Kir\u00een li Hepsi k\u00eaf e. Di nav r\u00eazek mezin de h\u00fbn \u00ea gelek hilber\u00ean navnetewey\u00ee bi bihay\u00ean mezin bib\u00eenin &#8211; em \u00ea k\u00eafxwe\u015f bibin ku we \u015f\u00eeret bikin. Hepsi herdem erzan e Li Hepsi-Markt gelek [&hellip;]<\/p>\n","protected":false},"author":1,"featured_media":0,"parent":0,"menu_order":0,"comment_status":"closed","ping_status":"closed","template":"elementor_header_footer","meta":{"_acf_changed":false,"footnotes":""},"class_list":["post-6488","page","type-page","status-publish","hentry"],"acf":[],"_links":{"self":[{"href":"https:\/\/hepsi-markt.de\/ku\/wp-json\/wp\/v2\/pages\/6488","targetHints":{"allow":["GET"]}}],"collection":[{"href":"https:\/\/hepsi-markt.de\/ku\/wp-json\/wp\/v2\/pages"}],"about":[{"href":"https:\/\/hepsi-markt.de\/ku\/wp-json\/wp\/v2\/types\/page"}],"author":[{"embeddable":true,"href":"https:\/\/hepsi-markt.de\/ku\/wp-json\/wp\/v2\/users\/1"}],"replies":[{"embeddable":true,"href":"https:\/\/hepsi-markt.de\/ku\/wp-json\/wp\/v2\/comments?post=6488"}],"version-history":[{"count":0,"href":"https:\/\/hepsi-markt.de\/ku\/wp-json\/wp\/v2\/pages\/6488\/revisions"}],"wp:attachment":[{"href":"https:\/\/hepsi-markt.de\/ku\/wp-json\/wp\/v2\/media?parent=6488"}],"curies":[{"name":"wp","href":"https:\/\/api.w.org\/{rel}","templated":true}]}}