	{"id":6344,"date":"2021-05-11T14:44:22","date_gmt":"2021-05-11T12:44:22","guid":{"rendered":"https:\/\/hepsi-markt.de\/sop\/"},"modified":"2024-12-11T09:40:10","modified_gmt":"2024-12-11T08:40:10","slug":"sop","status":"publish","type":"page","link":"https:\/\/hepsi-markt.de\/ku\/sop\/","title":{"rendered":"\u015fop"},"content":{"rendered":"\t\t<div data-elementor-type=\"wp-page\" data-elementor-id=\"6344\" class=\"elementor elementor-6344 elementor-1158\" data-elementor-post-type=\"page\">\n\t\t\t\t\t\t<section class=\"elementor-section elementor-top-section elementor-element elementor-element-504420c elementor-section-full_width elementor-section-height-default elementor-section-height-default\" data-id=\"504420c\" data-element_type=\"section\">\n\t\t\t\t\t\t<div class=\"elementor-container elementor-column-gap-default\">\n\t\t\t\t\t<div class=\"elementor-column elementor-col-100 elementor-top-column elementor-element elementor-element-a156378\" data-id=\"a156378\" data-element_type=\"column\">\n\t\t\t<div class=\"elementor-widget-wrap elementor-element-populated\">\n\t\t\t\t\t\t<div class=\"elementor-element elementor-element-a9f9698 elementor-widget elementor-widget-image\" data-id=\"a9f9698\" data-element_type=\"widget\" data-widget_type=\"image.default\">\n\t\t\t\t<div class=\"elementor-widget-container\">\n\t\t\t\t\t\t\t\t\t\t\t\t\t\t\t\t<a href=\"https:\/\/hepsi-markt.de\/impressum-turk\/\">\n\t\t\t\t\t\t\t<img decoding=\"async\" src=\"https:\/\/hepsi-markt.de\/wp-content\/uploads\/06\/Lang-button-green-29.png\" title=\"\" alt=\"\" loading=\"lazy\" \/>\t\t\t\t\t\t\t\t<\/a>\n\t\t\t\t\t\t\t\t\t\t\t\t\t\t\t<\/div>\n\t\t\t\t<\/div>\n\t\t\t\t\t<\/div>\n\t\t<\/div>\n\t\t\t\t\t<\/div>\n\t\t<\/section>\n\t\t\t\t<section class=\"elementor-section elementor-top-section elementor-element elementor-element-10a80ad elementor-section-full_width elementor-section-height-default elementor-section-height-default\" data-id=\"10a80ad\" data-element_type=\"section\">\n\t\t\t\t\t\t<div class=\"elementor-container elementor-column-gap-default\">\n\t\t\t\t\t<div class=\"elementor-column elementor-col-100 elementor-top-column elementor-element elementor-element-48d733c\" data-id=\"48d733c\" data-element_type=\"column\">\n\t\t\t<div class=\"elementor-widget-wrap elementor-element-populated\">\n\t\t\t\t\t\t<div class=\"elementor-element elementor-element-5638b7c elementor-widget elementor-widget-heading\" data-id=\"5638b7c\" data-element_type=\"widget\" data-widget_type=\"heading.default\">\n\t\t\t\t<div class=\"elementor-widget-container\">\n\t\t\t\t\t<h1 class=\"elementor-heading-title elementor-size-default\">\u015fop<\/h1>\t\t\t\t<\/div>\n\t\t\t\t<\/div>\n\t\t\t\t\t<\/div>\n\t\t<\/div>\n\t\t\t\t\t<\/div>\n\t\t<\/section>\n\t\t\t\t<section class=\"elementor-section elementor-top-section elementor-element elementor-element-59e5c094 elementor-section-boxed elementor-section-height-default elementor-section-height-default\" data-id=\"59e5c094\" data-element_type=\"section\">\n\t\t\t\t\t\t<div class=\"elementor-container elementor-column-gap-default\">\n\t\t\t\t\t<div class=\"elementor-column elementor-col-100 elementor-top-column elementor-element elementor-element-7d2b9679\" data-id=\"7d2b9679\" data-element_type=\"column\">\n\t\t\t<div class=\"elementor-widget-wrap elementor-element-populated\">\n\t\t\t\t\t\t<div class=\"elementor-element elementor-element-c26c23a elementor-widget elementor-widget-spacer\" data-id=\"c26c23a\" data-element_type=\"widget\" data-widget_type=\"spacer.default\">\n\t\t\t\t<div class=\"elementor-widget-container\">\n\t\t\t\t\t\t\t<div class=\"elementor-spacer\">\n\t\t\t<div class=\"elementor-spacer-inner\"><\/div>\n\t\t<\/div>\n\t\t\t\t\t\t<\/div>\n\t\t\t\t<\/div>\n\t\t\t\t<div class=\"elementor-element elementor-element-63668535 elementor-widget elementor-widget-text-editor\" data-id=\"63668535\" data-element_type=\"widget\" data-widget_type=\"text-editor.default\">\n\t\t\t\t<div class=\"elementor-widget-container\">\n\t\t\t\t\t\t\t\t\t<h3>Agah\u00ee li gor\u00ee \u00a7 5 TMG<\/h3>\n<p>Hepsi-Markt K\u00fcppersteger Stra\u00dfe 3 51373 Leverkusen<\/p>\n<h3>T\u00eakel\u00ee<\/h3>\n<p>Email: info@hepsi-markt.de<\/p>\n<p>Telefon: 0214 50083759<\/p>\n<p>Mob\u00eel: 0178 3508343<\/p>\n<\/p>\n<h3>Ji bo xer\u00eedaran<\/h3>\n<p>Ji kerema xwe her dem ji me re e-nameyek bi\u015f\u00eenin <a href=\"mailto:info@hepsi-markt.de\">info@hepsi-markt.de<\/a><\/p>\n<\/p>\n<h3>baca nirx\u00ea l\u00eaz\u00eadekir\u00ee<\/h3>\n<p>Hejmara nasnameya baca firotan\u00ea li gor\u00ee Be\u015fa 27 a ya Qan\u00fbna Baca Firotan\u00ea: DE206277720<\/p>\n<p>Em ne amade ne an ne mecb\u00fbr in ku be\u015fdar\u00ee prosedur\u00ean \u00e7areserkirina nakokiy\u00ea li ber desteya hakem\u00ea ya xer\u00eedar bibin.<\/p>\n<h3>Berpirsiyariya naverok\u00ea<\/h3>\n<p>Wek\u00ee p\u00ea\u015fk\u00ea\u015fkerek kar\u00fbbar, em li gor\u00ee Be\u015fa 7 Paragraf 1 in TMG ji naveroka xwe ya li ser van r\u00fbpelan li gor\u00ee qan\u00fbn\u00ean gi\u015ft\u00ee berpirsiyar e. L\u00eabel\u00ea, li gor\u00ee be\u015f\u00ean 8 heta 10 TMG, wek\u00ee peydakiroxek kar\u00fbbar em ne mecb\u00fbr in ku agahdariya s\u00eayem\u00een a hat\u00ee veguheztin an hilan\u00een bi\u015fop\u00eenin an j\u00ee rew\u015f\u00ean ku \u00e7alakiya neqan\u00fbn\u00ee destn\u00ee\u015fan dikin l\u00eakol\u00een bikin.<\/p>\n<p>Berpirsiyar\u00ean rakirin an astengkirina karan\u00eena agahdariya li gor\u00ee qan\u00fbn\u00ean gelemper\u00ee b\u00eabandor dim\u00eenin. L\u00eabel\u00ea, berpirsiyar\u00ee di v\u00ee war\u00ee de ten\u00ea ji dema zan\u00eena binp\u00eakirinek qan\u00fbn\u00ee ya taybet\u00ee gengaz e. Ger haya me ji binp\u00eakirin\u00ean qan\u00fbn\u00ee y\u00ean t\u00eakildar hebe, em \u00ea tavil\u00ea v\u00ea naverok\u00ea rakin.<\/p>\n<h3>Berpirsiyariya ji bo gir\u00eadan<\/h3>\n<p>P\u00ea\u015fniyara me gir\u00eadan\u00ean malper\u00ean s\u00eayem\u00een \u00ean dervey\u00ee y\u00ean ku bandora wan li ser naveroka wan tune ye. Ji ber v\u00ea yek\u00ea em nikarin ji bo v\u00ea naveroka dervey\u00ee ti berpirsiyariy\u00ea bigirin. P\u00ea\u015fk\u00ea\u015fkar an operator\u00ea r\u00fbpelan her dem ji naveroka r\u00fbpel\u00ean gir\u00eaday\u00ee berpirsiyar e. R\u00fbpel\u00ean gir\u00eaday\u00ee di dema gir\u00eadan\u00ea de ji bo binp\u00eakirin\u00ean qan\u00fbn\u00ee y\u00ean muhtemel hatin kontrol kirin. Naveroka neqan\u00fbn\u00ee di dema gir\u00eadan\u00ea de ne diyar b\u00fb.<\/p>\n<p>L\u00eabel\u00ea, kontrola da\u00eem\u00ee ya naveroka r\u00fbpel\u00ean gir\u00eaday\u00ee b\u00eay\u00ee del\u00eel\u00ean berbi\u00e7av \u00ean binp\u00eakirina qan\u00fbn\u00ee ne maq\u00fbl e. Ger haya me ji binp\u00eakirin\u00ean qan\u00fbn\u00ee hebe, em \u00ea tavil\u00ea l\u00eenk\u00ean weha rakin.<\/p>\n<h3>copyright<\/h3>\n<p>Naverok \u00fb kar\u00ean li ser van r\u00fbpelan ku ji h\u00eala operator\u00ean malper\u00ea ve hatine afirandin, li gor\u00ee qan\u00fbn\u00ean maf\u00ean tel\u00eef\u00ea y\u00ean Alman\u00ee ne. Ji n\u00fb ve hilberandin, hilberandin, belavkirin \u00fb her c\u00fbre \u00eest\u00eesmarkirina li dervey\u00ee s\u00eenor\u00ean qan\u00fbn\u00ean mafnasiy\u00ea bi dest\u00fbra niv\u00eesk\u00ee ya niv\u00eeskar an afir\u00eener\u00ea t\u00eakildar hewce dike. Daxistin \u00fb kopiy\u00ean v\u00ea r\u00fbpel\u00ea ten\u00ea ji bo karan\u00eena taybet, ne-bazirgan\u00ee t\u00eane dest\u00fbr kirin.<\/p>\n<p>Ger naveroka li ser v\u00ea malper\u00ea ji h\u00eala operator ve nehatibe afirandin, maf\u00ean xwer\u00fb y\u00ean aliy\u00ean s\u00eayem\u00een t\u00eane r\u00eaz kirin. Bi taybet\u00ee naveroka partiy\u00ean s\u00eayem\u00een wek\u00ee weha t\u00eane n\u00ee\u015fankirin. Ger d\u00eesa j\u00ee haya we ji binp\u00eakirinek mafnasiy\u00ea hebe, em daxwaz dikin ku h\u00fbn li gor\u00ee v\u00ea yek\u00ea me agahdar bikin. Ger haya me ji binp\u00eakirin\u00ean qan\u00fbn\u00ee hebe, em \u00ea tavil\u00ea naverokek weha rakin.<\/p>\n<h3>p\u00eakan\u00eena<\/h3>\n<p>T\u00eageh \/ s\u00eawirandin \/ p\u00eakan\u00een \/ w\u00eanek\u00ea\u015f\u00ee: <a href=\"https:\/\/umbra.de\" target=\"_blank\" rel=\"noopener\">S\u00eawirana Parg\u00eedaniya Umbra,<\/a> Solingen<br \/> T\u00eageh \/ niv\u00ees: <a href=\"http:\/\/pilavas.de\" target=\"_blank\" rel=\"noopener\">Dorothee Pilavas,<\/a> Dortmund<\/p>\n<p>\u00c7avkan\u00ee: eRecht24<\/p>\n\t\t\t\t\t\t\t\t<\/div>\n\t\t\t\t<\/div>\n\t\t\t\t<div class=\"elementor-element elementor-element-c3ca49c elementor-widget elementor-widget-spacer\" data-id=\"c3ca49c\" data-element_type=\"widget\" data-widget_type=\"spacer.default\">\n\t\t\t\t<div class=\"elementor-widget-container\">\n\t\t\t\t\t\t\t<div class=\"elementor-spacer\">\n\t\t\t<div class=\"elementor-spacer-inner\"><\/div>\n\t\t<\/div>\n\t\t\t\t\t\t<\/div>\n\t\t\t\t<\/div>\n\t\t\t\t\t<\/div>\n\t\t<\/div>\n\t\t\t\t\t<\/div>\n\t\t<\/section>\n\t\t\t\t<\/div>\n\t\t","protected":false},"excerpt":{"rendered":"<p>\u015fop Agah\u00ee li gor\u00ee \u00a7 5 TMG Hepsi-Markt K\u00fcppersteger Stra\u00dfe 3 51373 Leverkusen T\u00eakel\u00ee Email: info@hepsi-markt.de Telefon: 0214 50083759 Mob\u00eel: 0178 3508343 Ji bo xer\u00eedaran Ji kerema xwe her dem ji me re e-nameyek bi\u015f\u00eenin info@hepsi-markt.de baca nirx\u00ea l\u00eaz\u00eadekir\u00ee Hejmara nasnameya baca firotan\u00ea li gor\u00ee Be\u015fa 27 a ya Qan\u00fbna Baca Firotan\u00ea: DE206277720 Em ne [&hellip;]<\/p>\n","protected":false},"author":1,"featured_media":0,"parent":0,"menu_order":0,"comment_status":"closed","ping_status":"closed","template":"full-width.php","meta":{"_acf_changed":false,"footnotes":""},"class_list":["post-6344","page","type-page","status-publish","hentry"],"acf":[],"_links":{"self":[{"href":"https:\/\/hepsi-markt.de\/ku\/wp-json\/wp\/v2\/pages\/6344","targetHints":{"allow":["GET"]}}],"collection":[{"href":"https:\/\/hepsi-markt.de\/ku\/wp-json\/wp\/v2\/pages"}],"about":[{"href":"https:\/\/hepsi-markt.de\/ku\/wp-json\/wp\/v2\/types\/page"}],"author":[{"embeddable":true,"href":"https:\/\/hepsi-markt.de\/ku\/wp-json\/wp\/v2\/users\/1"}],"replies":[{"embeddable":true,"href":"https:\/\/hepsi-markt.de\/ku\/wp-json\/wp\/v2\/comments?post=6344"}],"version-history":[{"count":2,"href":"https:\/\/hepsi-markt.de\/ku\/wp-json\/wp\/v2\/pages\/6344\/revisions"}],"predecessor-version":[{"id":7660616,"href":"https:\/\/hepsi-markt.de\/ku\/wp-json\/wp\/v2\/pages\/6344\/revisions\/7660616"}],"wp:attachment":[{"href":"https:\/\/hepsi-markt.de\/ku\/wp-json\/wp\/v2\/media?parent=6344"}],"curies":[{"name":"wp","href":"https:\/\/api.w.org\/{rel}","templated":true}]}}