	{"id":6150,"date":"2021-04-26T11:37:26","date_gmt":"2021-04-26T09:37:26","guid":{"rendered":"https:\/\/hepsi-markt.de\/pesvecuni\/"},"modified":"2024-12-11T09:43:35","modified_gmt":"2024-12-11T08:43:35","slug":"pesvecuni","status":"publish","type":"page","link":"https:\/\/hepsi-markt.de\/ku\/pesvecuni\/","title":{"rendered":"P\u00ea\u015fve\u00e7\u00fbn\u00ee"},"content":{"rendered":"\t\t<div data-elementor-type=\"wp-page\" data-elementor-id=\"6150\" class=\"elementor elementor-6150 elementor-684\" data-elementor-post-type=\"page\">\n\t\t\t\t\t\t<section class=\"elementor-section elementor-top-section elementor-element elementor-element-04e7d8d elementor-section-full_width elementor-section-height-default elementor-section-height-default\" data-id=\"04e7d8d\" data-element_type=\"section\">\n\t\t\t\t\t\t<div class=\"elementor-container elementor-column-gap-default\">\n\t\t\t\t\t<div class=\"elementor-column elementor-col-100 elementor-top-column elementor-element elementor-element-244805d\" data-id=\"244805d\" data-element_type=\"column\">\n\t\t\t<div class=\"elementor-widget-wrap\">\n\t\t\t\t\t\t\t<\/div>\n\t\t<\/div>\n\t\t\t\t\t<\/div>\n\t\t<\/section>\n\t\t\t\t<section class=\"elementor-section elementor-top-section elementor-element elementor-element-7518a9a8 elementor-section-full_width elementor-section-stretched elementor-section-height-default elementor-section-height-default\" data-id=\"7518a9a8\" data-element_type=\"section\" data-settings=\"{&quot;stretch_section&quot;:&quot;section-stretched&quot;}\">\n\t\t\t\t\t\t<div class=\"elementor-container elementor-column-gap-default\">\n\t\t\t\t\t<div class=\"elementor-column elementor-col-100 elementor-top-column elementor-element elementor-element-1fcf0c13\" data-id=\"1fcf0c13\" data-element_type=\"column\">\n\t\t\t<div class=\"elementor-widget-wrap elementor-element-populated\">\n\t\t\t\t\t\t<div class=\"elementor-element elementor-element-3387d7e7 elementor-widget elementor-widget-heading\" data-id=\"3387d7e7\" data-element_type=\"widget\" data-widget_type=\"heading.default\">\n\t\t\t\t<div class=\"elementor-widget-container\">\n\t\t\t\t\t<h1 class=\"elementor-heading-title elementor-size-default\">Kariyera li Hepsi h\u00eaja ye<\/h1>\t\t\t\t<\/div>\n\t\t\t\t<\/div>\n\t\t\t\t<div class=\"elementor-element elementor-element-9c33601 elementor-widget elementor-widget-html\" data-id=\"9c33601\" data-element_type=\"widget\" data-widget_type=\"html.default\">\n\t\t\t\t<div class=\"elementor-widget-container\">\n\t\t\t\t\t[conversion-pixel pixel=\"meta\" meta-event=\"ViewCareer\"]\t\t\t\t<\/div>\n\t\t\t\t<\/div>\n\t\t\t\t\t<\/div>\n\t\t<\/div>\n\t\t\t\t\t<\/div>\n\t\t<\/section>\n\t\t\t\t<section class=\"elementor-section elementor-top-section elementor-element elementor-element-7f2aaa5a elementor-section-boxed elementor-section-height-default elementor-section-height-default\" data-id=\"7f2aaa5a\" data-element_type=\"section\">\n\t\t\t\t\t\t<div class=\"elementor-container elementor-column-gap-default\">\n\t\t\t\t\t<div class=\"elementor-column elementor-col-33 elementor-top-column elementor-element elementor-element-5dcfc6ec\" data-id=\"5dcfc6ec\" data-element_type=\"column\">\n\t\t\t<div class=\"elementor-widget-wrap elementor-element-populated\">\n\t\t\t\t\t\t<div class=\"elementor-element elementor-element-6a2e1a91 elementor-widget elementor-widget-spacer\" data-id=\"6a2e1a91\" data-element_type=\"widget\" data-widget_type=\"spacer.default\">\n\t\t\t\t<div class=\"elementor-widget-container\">\n\t\t\t\t\t\t\t<div class=\"elementor-spacer\">\n\t\t\t<div class=\"elementor-spacer-inner\"><\/div>\n\t\t<\/div>\n\t\t\t\t\t\t<\/div>\n\t\t\t\t<\/div>\n\t\t\t\t<div class=\"elementor-element elementor-element-d953970 elementor-view-default elementor-position-top elementor-mobile-position-top elementor-widget elementor-widget-icon-box\" data-id=\"d953970\" data-element_type=\"widget\" data-widget_type=\"icon-box.default\">\n\t\t\t\t<div class=\"elementor-widget-container\">\n\t\t\t\t\t\t\t<div class=\"elementor-icon-box-wrapper\">\n\n\t\t\t\t\t\t<div class=\"elementor-icon-box-icon\">\n\t\t\t\t<a href=\"https:\/\/hepsi-markt.de\/ku\/pesvecuni\/karen-lojistik\/\" class=\"elementor-icon\" tabindex=\"-1\" aria-label=\"Kar\u00ean di loj\u00eest\u00eek\u00ea de\">\n\t\t\t\t<svg xmlns=\"http:\/\/www.w3.org\/2000\/svg\" viewBox=\"0 0 51.02 51.02\"><defs><style>.cls-1{fill:#a5c400;}<\/style><\/defs><g id=\"Ebene_2\" data-name=\"Ebene 2\"><path class=\"cls-1\" d=\"M35.77,31.72a47.92,47.92,0,0,0,3.79-19A34.71,34.71,0,0,0,29.14,26.66a48,48,0,0,0-3.79-19,48.44,48.44,0,0,0-3.81,19.06,34.77,34.77,0,0,0-10.41-14,48.37,48.37,0,0,0,3.81,19A23.33,23.33,0,0,0,.72,26.67C6,38.82,15.51,45.61,25.3,45.65l0,0v0h0v0l0,0a23.1,23.1,0,0,0,14.21-5.09A34.74,34.74,0,0,0,50,26.65,23.07,23.07,0,0,0,35.77,31.72ZM25.33,45.63Z\"><\/path><\/g><\/svg>\t\t\t\t<\/a>\n\t\t\t<\/div>\n\t\t\t\n\t\t\t\t\t\t<div class=\"elementor-icon-box-content\">\n\n\t\t\t\t\t\t\t\t\t<h3 class=\"elementor-icon-box-title\">\n\t\t\t\t\t\t<a href=\"https:\/\/hepsi-markt.de\/ku\/pesvecuni\/karen-lojistik\/\" >\n\t\t\t\t\t\t\tKar\u00ean di loj\u00eest\u00eek\u00ea de\t\t\t\t\t\t<\/a>\n\t\t\t\t\t<\/h3>\n\t\t\t\t\n\t\t\t\t\t\t\t\t\t<p class=\"elementor-icon-box-description\">\n\t\t\t\t\t\tZ\u00eadetir f\u00ear bibin \u00fb niha serl\u00eadan bikin!\t\t\t\t\t<\/p>\n\t\t\t\t\n\t\t\t<\/div>\n\t\t\t\n\t\t<\/div>\n\t\t\t\t\t\t<\/div>\n\t\t\t\t<\/div>\n\t\t\t\t\t<\/div>\n\t\t<\/div>\n\t\t\t\t<div class=\"elementor-column elementor-col-33 elementor-top-column elementor-element elementor-element-06c4090\" data-id=\"06c4090\" data-element_type=\"column\">\n\t\t\t<div class=\"elementor-widget-wrap elementor-element-populated\">\n\t\t\t\t\t\t<div class=\"elementor-element elementor-element-6ee9db0 elementor-widget elementor-widget-spacer\" data-id=\"6ee9db0\" data-element_type=\"widget\" data-widget_type=\"spacer.default\">\n\t\t\t\t<div class=\"elementor-widget-container\">\n\t\t\t\t\t\t\t<div class=\"elementor-spacer\">\n\t\t\t<div class=\"elementor-spacer-inner\"><\/div>\n\t\t<\/div>\n\t\t\t\t\t\t<\/div>\n\t\t\t\t<\/div>\n\t\t\t\t<div class=\"elementor-element elementor-element-3be9da2 elementor-view-default elementor-position-top elementor-mobile-position-top elementor-widget elementor-widget-icon-box\" data-id=\"3be9da2\" data-element_type=\"widget\" data-widget_type=\"icon-box.default\">\n\t\t\t\t<div class=\"elementor-widget-container\">\n\t\t\t\t\t\t\t<div class=\"elementor-icon-box-wrapper\">\n\n\t\t\t\t\t\t<div class=\"elementor-icon-box-icon\">\n\t\t\t\t<a href=\"https:\/\/hepsi-markt.de\/ku\/pesvecuni\/career-sales\/\" class=\"elementor-icon\" tabindex=\"-1\" aria-label=\"Di firotan\u00ea de dixebitin\">\n\t\t\t\t<svg xmlns=\"http:\/\/www.w3.org\/2000\/svg\" viewBox=\"0 0 51.02 51.02\"><defs><style>.cls-1{fill:#a5c400;}<\/style><\/defs><g id=\"Ebene_2\" data-name=\"Ebene 2\"><path class=\"cls-1\" d=\"M35.77,31.72a47.92,47.92,0,0,0,3.79-19A34.71,34.71,0,0,0,29.14,26.66a48,48,0,0,0-3.79-19,48.44,48.44,0,0,0-3.81,19.06,34.77,34.77,0,0,0-10.41-14,48.37,48.37,0,0,0,3.81,19A23.33,23.33,0,0,0,.72,26.67C6,38.82,15.51,45.61,25.3,45.65l0,0v0h0v0l0,0a23.1,23.1,0,0,0,14.21-5.09A34.74,34.74,0,0,0,50,26.65,23.07,23.07,0,0,0,35.77,31.72ZM25.33,45.63Z\"><\/path><\/g><\/svg>\t\t\t\t<\/a>\n\t\t\t<\/div>\n\t\t\t\n\t\t\t\t\t\t<div class=\"elementor-icon-box-content\">\n\n\t\t\t\t\t\t\t\t\t<h3 class=\"elementor-icon-box-title\">\n\t\t\t\t\t\t<a href=\"https:\/\/hepsi-markt.de\/ku\/pesvecuni\/career-sales\/\" >\n\t\t\t\t\t\t\tDi firotan\u00ea de dixebitin\t\t\t\t\t\t<\/a>\n\t\t\t\t\t<\/h3>\n\t\t\t\t\n\t\t\t\t\t\t\t\t\t<p class=\"elementor-icon-box-description\">\n\t\t\t\t\t\tZ\u00eadetir f\u00ear bibin \u00fb niha serl\u00eadan bikin!\t\t\t\t\t<\/p>\n\t\t\t\t\n\t\t\t<\/div>\n\t\t\t\n\t\t<\/div>\n\t\t\t\t\t\t<\/div>\n\t\t\t\t<\/div>\n\t\t\t\t\t<\/div>\n\t\t<\/div>\n\t\t\t\t<div class=\"elementor-column elementor-col-33 elementor-top-column elementor-element elementor-element-576ed14\" data-id=\"576ed14\" data-element_type=\"column\">\n\t\t\t<div class=\"elementor-widget-wrap elementor-element-populated\">\n\t\t\t\t\t\t<div class=\"elementor-element elementor-element-dac2b76 elementor-widget elementor-widget-spacer\" data-id=\"dac2b76\" data-element_type=\"widget\" data-widget_type=\"spacer.default\">\n\t\t\t\t<div class=\"elementor-widget-container\">\n\t\t\t\t\t\t\t<div class=\"elementor-spacer\">\n\t\t\t<div class=\"elementor-spacer-inner\"><\/div>\n\t\t<\/div>\n\t\t\t\t\t\t<\/div>\n\t\t\t\t<\/div>\n\t\t\t\t<div class=\"elementor-element elementor-element-341f518 elementor-view-default elementor-position-top elementor-mobile-position-top elementor-widget elementor-widget-icon-box\" data-id=\"341f518\" data-element_type=\"widget\" data-widget_type=\"icon-box.default\">\n\t\t\t\t<div class=\"elementor-widget-container\">\n\t\t\t\t\t\t\t<div class=\"elementor-icon-box-wrapper\">\n\n\t\t\t\t\t\t<div class=\"elementor-icon-box-icon\">\n\t\t\t\t<a href=\"https:\/\/hepsi-markt.de\/ku\/pesvecuni\/perwerdehiya-kariyere\/\" class=\"elementor-icon\" tabindex=\"-1\" aria-label=\"Li Hepsi bibe \u015fagirt\">\n\t\t\t\t<svg xmlns=\"http:\/\/www.w3.org\/2000\/svg\" viewBox=\"0 0 51.02 51.02\"><defs><style>.cls-1{fill:#a5c400;}<\/style><\/defs><g id=\"Ebene_2\" data-name=\"Ebene 2\"><path class=\"cls-1\" d=\"M35.77,31.72a47.92,47.92,0,0,0,3.79-19A34.71,34.71,0,0,0,29.14,26.66a48,48,0,0,0-3.79-19,48.44,48.44,0,0,0-3.81,19.06,34.77,34.77,0,0,0-10.41-14,48.37,48.37,0,0,0,3.81,19A23.33,23.33,0,0,0,.72,26.67C6,38.82,15.51,45.61,25.3,45.65l0,0v0h0v0l0,0a23.1,23.1,0,0,0,14.21-5.09A34.74,34.74,0,0,0,50,26.65,23.07,23.07,0,0,0,35.77,31.72ZM25.33,45.63Z\"><\/path><\/g><\/svg>\t\t\t\t<\/a>\n\t\t\t<\/div>\n\t\t\t\n\t\t\t\t\t\t<div class=\"elementor-icon-box-content\">\n\n\t\t\t\t\t\t\t\t\t<h3 class=\"elementor-icon-box-title\">\n\t\t\t\t\t\t<a href=\"https:\/\/hepsi-markt.de\/ku\/pesvecuni\/perwerdehiya-kariyere\/\" >\n\t\t\t\t\t\t\tLi Hepsi bibe \u015fagirt\t\t\t\t\t\t<\/a>\n\t\t\t\t\t<\/h3>\n\t\t\t\t\n\t\t\t\t\t\t\t\t\t<p class=\"elementor-icon-box-description\">\n\t\t\t\t\t\tZ\u00eadetir f\u00ear bibin \u00fb niha serl\u00eadan bikin!\t\t\t\t\t<\/p>\n\t\t\t\t\n\t\t\t<\/div>\n\t\t\t\n\t\t<\/div>\n\t\t\t\t\t\t<\/div>\n\t\t\t\t<\/div>\n\t\t\t\t\t<\/div>\n\t\t<\/div>\n\t\t\t\t\t<\/div>\n\t\t<\/section>\n\t\t\t\t<section class=\"elementor-section elementor-top-section elementor-element elementor-element-3f1262c elementor-section-boxed elementor-section-height-default elementor-section-height-default\" data-id=\"3f1262c\" data-element_type=\"section\">\n\t\t\t\t\t\t<div class=\"elementor-container elementor-column-gap-default\">\n\t\t\t\t\t<div class=\"elementor-column elementor-col-100 elementor-top-column elementor-element elementor-element-2309679\" data-id=\"2309679\" data-element_type=\"column\">\n\t\t\t<div class=\"elementor-widget-wrap elementor-element-populated\">\n\t\t\t\t\t\t<div class=\"elementor-element elementor-element-5a2d1c4 elementor-widget elementor-widget-spacer\" data-id=\"5a2d1c4\" data-element_type=\"widget\" data-widget_type=\"spacer.default\">\n\t\t\t\t<div class=\"elementor-widget-container\">\n\t\t\t\t\t\t\t<div class=\"elementor-spacer\">\n\t\t\t<div class=\"elementor-spacer-inner\"><\/div>\n\t\t<\/div>\n\t\t\t\t\t\t<\/div>\n\t\t\t\t<\/div>\n\t\t\t\t\t<\/div>\n\t\t<\/div>\n\t\t\t\t\t<\/div>\n\t\t<\/section>\n\t\t\t\t<section class=\"elementor-section elementor-top-section elementor-element elementor-element-3d5677e6 elementor-section-boxed elementor-section-height-default elementor-section-height-default\" data-id=\"3d5677e6\" data-element_type=\"section\">\n\t\t\t\t\t\t<div class=\"elementor-container elementor-column-gap-default\">\n\t\t\t\t\t<div class=\"elementor-column elementor-col-100 elementor-top-column elementor-element elementor-element-3d226e99\" data-id=\"3d226e99\" data-element_type=\"column\">\n\t\t\t<div class=\"elementor-widget-wrap elementor-element-populated\">\n\t\t\t\t\t\t<div class=\"elementor-element elementor-element-11490d1a elementor-widget elementor-widget-text-editor\" data-id=\"11490d1a\" data-element_type=\"widget\" data-widget_type=\"text-editor.default\">\n\t\t\t\t<div class=\"elementor-widget-container\">\n\t\t\t\t\t\t\t\t\t<h2><strong>Hepsi-Markt &#8211; kard\u00earek balk\u00ea\u015f ji bo p\u00ea\u015ferojek ewledar<\/strong><\/h2>\n<p>Her kes\u00ea ku bixwaze berpirsiyariy\u00ea bigire ser xwe \u00fb n\u00ee\u015fan bide ku ew ji \u00e7i hat\u00ee \u00e7\u00eakirin, dikare li Hepsi p\u00ea\u015ferojek tij\u00ee perspekt\u00eev \u00fb derfet\u00ean p\u00ea\u015fkeftin\u00ea h\u00eav\u00ee bike. Ji firo\u015fkar bigire heya r\u00eaveber\u00ea \u015fax\u00ea &#8211; gelek r\u00ea t\u00eane xeyal kirin. Em pi\u015ftgiriya xebatkar\u00ean xwe dikin ku gav bi gav xwe bi kar\u00ean n\u00fb y\u00ean li Hepsi nas bikin \u00fb ji wan mezintir bibin. Bi gelemper\u00ee, her kes derfet heye ku li c\u00eeh\u00ea ku ew \u00e7\u00eatir\u00een j\u00ea hez dike p\u00ea\u015f bikeve \u00fb dikare \u00e7\u00eatir\u00een performansa xwe p\u00ea\u015fve bibe. Mebesta me ji hevkariya domdar \u00fb serkeftina hevpar ev e.<\/p>\n\t\t\t\t\t\t\t\t<\/div>\n\t\t\t\t<\/div>\n\t\t\t\t<div class=\"elementor-element elementor-element-4f2567ca elementor-widget elementor-widget-spacer\" data-id=\"4f2567ca\" data-element_type=\"widget\" data-widget_type=\"spacer.default\">\n\t\t\t\t<div class=\"elementor-widget-container\">\n\t\t\t\t\t\t\t<div class=\"elementor-spacer\">\n\t\t\t<div class=\"elementor-spacer-inner\"><\/div>\n\t\t<\/div>\n\t\t\t\t\t\t<\/div>\n\t\t\t\t<\/div>\n\t\t\t\t\t<\/div>\n\t\t<\/div>\n\t\t\t\t\t<\/div>\n\t\t<\/section>\n\t\t\t\t<section class=\"elementor-section elementor-top-section elementor-element elementor-element-2f83fb7c elementor-section-boxed elementor-section-height-default elementor-section-height-default\" data-id=\"2f83fb7c\" data-element_type=\"section\">\n\t\t\t\t\t\t<div class=\"elementor-container elementor-column-gap-default\">\n\t\t\t\t\t<div class=\"elementor-column elementor-col-100 elementor-top-column elementor-element elementor-element-7ffe08a5\" data-id=\"7ffe08a5\" data-element_type=\"column\">\n\t\t\t<div class=\"elementor-widget-wrap elementor-element-populated\">\n\t\t\t\t\t\t<div class=\"elementor-element elementor-element-49673fa1 elementor-widget elementor-widget-image\" data-id=\"49673fa1\" data-element_type=\"widget\" data-widget_type=\"image.default\">\n\t\t\t\t<div class=\"elementor-widget-container\">\n\t\t\t\t\t\t\t\t\t\t\t\t\t\t\t<img fetchpriority=\"high\" decoding=\"async\" width=\"2560\" height=\"1280\" src=\"https:\/\/hepsi-markt.de\/wp-content\/uploads\/2024\/12\/Hepsi-Filialleiter-2.jpg\" class=\"attachment-full size-full wp-image-7644974\" alt=\"Hepsi Karriere\" srcset=\"https:\/\/hepsi-markt.de\/wp-content\/uploads\/2024\/12\/Hepsi-Filialleiter-2.jpg 2560w, https:\/\/hepsi-markt.de\/wp-content\/uploads\/2024\/12\/Hepsi-Filialleiter-2-300x150.jpg 300w, https:\/\/hepsi-markt.de\/wp-content\/uploads\/2024\/12\/Hepsi-Filialleiter-2-1024x512.jpg 1024w, https:\/\/hepsi-markt.de\/wp-content\/uploads\/2024\/12\/Hepsi-Filialleiter-2-768x384.jpg 768w, https:\/\/hepsi-markt.de\/wp-content\/uploads\/2024\/12\/Hepsi-Filialleiter-2-1536x768.jpg 1536w, https:\/\/hepsi-markt.de\/wp-content\/uploads\/2024\/12\/Hepsi-Filialleiter-2-2048x1024.jpg 2048w, https:\/\/hepsi-markt.de\/wp-content\/uploads\/2024\/12\/Hepsi-Filialleiter-2-500x250.jpg 500w\" sizes=\"(max-width: 2560px) 100vw, 2560px\" \/>\t\t\t\t\t\t\t\t\t\t\t\t\t\t\t<\/div>\n\t\t\t\t<\/div>\n\t\t\t\t<div class=\"elementor-element elementor-element-64bd6c2c bu elementor-widget elementor-widget-text-editor\" data-id=\"64bd6c2c\" data-element_type=\"widget\" data-widget_type=\"text-editor.default\">\n\t\t\t\t<div class=\"elementor-widget-container\">\n\t\t\t\t\t\t\t\t\t<p>Bibin be\u015fek ji T\u00eema Hepsi<\/p>\n\t\t\t\t\t\t\t\t<\/div>\n\t\t\t\t<\/div>\n\t\t\t\t\t<\/div>\n\t\t<\/div>\n\t\t\t\t\t<\/div>\n\t\t<\/section>\n\t\t\t\t<section class=\"elementor-section elementor-top-section elementor-element elementor-element-7b67cac elementor-section-boxed elementor-section-height-default elementor-section-height-default\" data-id=\"7b67cac\" data-element_type=\"section\">\n\t\t\t\t\t\t<div class=\"elementor-container elementor-column-gap-default\">\n\t\t\t\t\t<div class=\"elementor-column elementor-col-100 elementor-top-column elementor-element elementor-element-2a922dfb\" data-id=\"2a922dfb\" data-element_type=\"column\">\n\t\t\t<div class=\"elementor-widget-wrap elementor-element-populated\">\n\t\t\t\t\t\t<div class=\"elementor-element elementor-element-594864b1 elementor-widget elementor-widget-text-editor\" data-id=\"594864b1\" data-element_type=\"widget\" data-widget_type=\"text-editor.default\">\n\t\t\t\t<div class=\"elementor-widget-container\">\n\t\t\t\t\t\t\t\t\t<h2><strong>m\u00fb\u00e7ey\u00ean adil<\/strong><\/h2>\n<p>Li Hepsi her kes xwed\u00ee heman derfet\u00ea ye ku di war\u00ea kesayet\u00ee \u00fb p\u00ee\u015fey\u00ee de p\u00ea\u015f bikeve \u00fb her kes di heman poz\u00eesyon\u00ea de heman m\u00fb\u00e7ey\u00ea dist\u00eene. Em m\u00fb\u00e7eyek destp\u00eak\u00ea ya jor\u00een-standard bi k\u00eam\u00ee ve 14 \u20ac \/ demjim\u00ear, an j\u00ee pir gir\u00eengtir li gor\u00ee ezm\u00fbna p\u00ee\u015fey\u00ee didin. Di karek\u00ee tam-dem de li Hepsi h\u00fbn dikarin meh\u00ea ji 2,400 \u20ac z\u00eadetir qezenc bikin &#8211; li k\u00eejan dever\u00ea dibe bila bibe.\nKarker\u00ean ku perwerdeya p\u00ee\u015fey\u00ee neqediyane, karker\u00ean n\u00eevdem\u00ee \u00fb karker\u00ean demk\u00ee j\u00ee ji m\u00fb\u00e7eya destp\u00eak\u00ea ya her\u00ee balk\u00ea\u015f a li Hepsi s\u00fbd werdigirin. <\/p>\n<h2>\u015fert \u00fb merc\u00ean xebat\u00ea adil<\/h2>\n<p>Em dixwazin ku xebatkar\u00ean me bi tevah\u00ee li ser kar\u00ea xwe li Hepsi konsantre bibin \u00fb ne xema pa\u015feroja xwe bikin. Ji ber v\u00ea yek\u00ea em bi gelemper\u00ee peymanek kar a da\u00eem\u00ee heye. Karker\u00ean me y\u00ean bi hev re lihevkir\u00ee ji fat\u00fbreya demjim\u00ear\u00ean xebat\u00ea deqe-bi-deqe s\u00fbd werdigirin. Ger wext\u00ea z\u00eade \u00e7\u00eabibe, ew rasterast t\u00ea tomar kirin \u00fb pi\u015ft\u00ee \u015f\u00eawirdariy\u00ea dikare bi wext\u00ea tezm\u00eenat\u00ea were day\u00een an k\u00eam kirin.<\/p>\n<h2>R\u00eaz \u00fb hurmet di t\u00eemek mezin de<\/h2>\n<p>Li Hepsi-Markt em gir\u00eengiy\u00ea didin atmosferek xwe\u015f a di t\u00eem\u00ea de, t\u00eakiliya bi r\u00eaz \u00fb hurmeta bi hev re \u00fb pesindana hev. Ten\u00ea xebatkar\u00ean ku di xebat\u00ea de xwe rehet h\u00ees dikin dikarin di haw\u00eerdora xwe de ba\u015f performans\u00ea bikin \u00fb ezm\u00fbn\u00ean er\u00ean\u00ee bi dest bixin. Em q\u00eemet\u00ea didin j\u00eahat\u00eeb\u00fbn \u00fb raman\u00ean xebatkar\u00ean xwe y\u00ean bi pa\u015feroj\u00ean c\u00fbda y\u00ean \u00e7and\u00ee an etn\u00eek\u00ee \u00fb serbilind in ku mirov\u00ean ji gelek neteweyan kar dikin. Ji bo me, b\u00ea gotin ku em hurmet\u00ea ji her kes\u00ee re n\u00ee\u015fan didin &#8211; b\u00eay\u00ee ku ji zayend, esl \u00fb ol\u00ea be.<\/p>\t\t\t\t\t\t\t\t<\/div>\n\t\t\t\t<\/div>\n\t\t\t\t<div class=\"elementor-element elementor-element-b9c55fd elementor-blockquote--skin-quotation elementor-blockquote--align-left elementor-widget elementor-widget-blockquote\" data-id=\"b9c55fd\" data-element_type=\"widget\" data-widget_type=\"blockquote.default\">\n\t\t\t\t<div class=\"elementor-widget-container\">\n\t\t\t\t\t\t\t<blockquote class=\"elementor-blockquote\">\n\t\t\t<p class=\"elementor-blockquote__content\">\n\t\t\t\t\"Ez difikirim ku ba\u015f e ku h\u00fbn dikarin li Hepsi kariyerek bi\u015fop\u00eenin. R\u00eavebir\u00ea min d\u00eet ku ez bi tevah\u00ee pabend im \u00fb amade me ku berpirsiyariy\u00ea hilgirim. Min kar\u00eeb\u00fb perwerdehiya din biqed\u00eenim \u00fb di demek n\u00eaz\u00eek de d\u00ea bi\u00e7im poz\u00eesyonek r\u00eaveberiy\u00ea.\n\t\t\t<\/p>\n\t\t\t\t\t<\/blockquote>\n\t\t\t\t\t\t<\/div>\n\t\t\t\t<\/div>\n\t\t\t\t<div class=\"elementor-element elementor-element-7109db2 elementor-widget elementor-widget-spacer\" data-id=\"7109db2\" data-element_type=\"widget\" data-widget_type=\"spacer.default\">\n\t\t\t\t<div class=\"elementor-widget-container\">\n\t\t\t\t\t\t\t<div class=\"elementor-spacer\">\n\t\t\t<div class=\"elementor-spacer-inner\"><\/div>\n\t\t<\/div>\n\t\t\t\t\t\t<\/div>\n\t\t\t\t<\/div>\n\t\t\t\t\t<\/div>\n\t\t<\/div>\n\t\t\t\t\t<\/div>\n\t\t<\/section>\n\t\t\t\t<\/div>\n\t\t","protected":false},"excerpt":{"rendered":"<p>Kariyera li Hepsi h\u00eaja ye [conversion-pixel pixel=&#8221;meta&#8221; meta-event=&#8221;ViewCareer&#8221;] Kar\u00ean di loj\u00eest\u00eek\u00ea de Z\u00eadetir f\u00ear bibin \u00fb niha serl\u00eadan bikin! Di firotan\u00ea de dixebitin Z\u00eadetir f\u00ear bibin \u00fb niha serl\u00eadan bikin! Li Hepsi bibe \u015fagirt Z\u00eadetir f\u00ear bibin \u00fb niha serl\u00eadan bikin! Hepsi-Markt &#8211; kard\u00earek balk\u00ea\u015f ji bo p\u00ea\u015ferojek ewledar Her kes\u00ea ku bixwaze berpirsiyariy\u00ea bigire [&hellip;]<\/p>\n","protected":false},"author":1,"featured_media":0,"parent":0,"menu_order":0,"comment_status":"closed","ping_status":"closed","template":"elementor_header_footer","meta":{"_acf_changed":false,"footnotes":""},"class_list":["post-6150","page","type-page","status-publish","hentry"],"acf":[],"_links":{"self":[{"href":"https:\/\/hepsi-markt.de\/ku\/wp-json\/wp\/v2\/pages\/6150","targetHints":{"allow":["GET"]}}],"collection":[{"href":"https:\/\/hepsi-markt.de\/ku\/wp-json\/wp\/v2\/pages"}],"about":[{"href":"https:\/\/hepsi-markt.de\/ku\/wp-json\/wp\/v2\/types\/page"}],"author":[{"embeddable":true,"href":"https:\/\/hepsi-markt.de\/ku\/wp-json\/wp\/v2\/users\/1"}],"replies":[{"embeddable":true,"href":"https:\/\/hepsi-markt.de\/ku\/wp-json\/wp\/v2\/comments?post=6150"}],"version-history":[{"count":2,"href":"https:\/\/hepsi-markt.de\/ku\/wp-json\/wp\/v2\/pages\/6150\/revisions"}],"predecessor-version":[{"id":7661188,"href":"https:\/\/hepsi-markt.de\/ku\/wp-json\/wp\/v2\/pages\/6150\/revisions\/7661188"}],"wp:attachment":[{"href":"https:\/\/hepsi-markt.de\/ku\/wp-json\/wp\/v2\/media?parent=6150"}],"curies":[{"name":"wp","href":"https:\/\/api.w.org\/{rel}","templated":true}]}}