	{"id":7828950,"date":"2026-04-10T03:00:07","date_gmt":"2026-04-10T01:00:07","guid":{"rendered":"https:\/\/hepsi-markt.de\/produkt\/oezmirac-hindi-goegsue-100g\/"},"modified":"2026-04-10T03:00:07","modified_gmt":"2026-04-10T01:00:07","slug":"oezmirac-hindi-goegsue-100g","status":"publish","type":"product","link":"https:\/\/hepsi-markt.de\/it\/produkt\/oezmirac-hindi-goegsue-100g\/","title":{"rendered":"\u00d6zmirac Hindi G\u00f6gs\u00fc 100g"},"content":{"rendered":"","protected":false},"excerpt":{"rendered":"<p>100g<br \/>1000 Gramm = 14,9<\/p>\n","protected":false},"featured_media":7778787,"template":"","meta":{"_acf_changed":false},"product_brand":[],"product_cat":[401],"product_tag":[],"class_list":{"0":"post-7828950","1":"product","2":"type-product","3":"status-publish","4":"has-post-thumbnail","6":"product_cat-wurstwaren","8":"first","9":"outofstock","10":"shipping-taxable","11":"product-type-simple"},"acf":[],"_links":{"self":[{"href":"https:\/\/hepsi-markt.de\/it\/wp-json\/wp\/v2\/product\/7828950","targetHints":{"allow":["GET"]}}],"collection":[{"href":"https:\/\/hepsi-markt.de\/it\/wp-json\/wp\/v2\/product"}],"about":[{"href":"https:\/\/hepsi-markt.de\/it\/wp-json\/wp\/v2\/types\/product"}],"wp:featuredmedia":[{"embeddable":true,"href":"https:\/\/hepsi-markt.de\/it\/wp-json\/wp\/v2\/media\/7778787"}],"wp:attachment":[{"href":"https:\/\/hepsi-markt.de\/it\/wp-json\/wp\/v2\/media?parent=7828950"}],"wp:term":[{"taxonomy":"product_brand","embeddable":true,"href":"https:\/\/hepsi-markt.de\/it\/wp-json\/wp\/v2\/product_brand?post=7828950"},{"taxonomy":"product_cat","embeddable":true,"href":"https:\/\/hepsi-markt.de\/it\/wp-json\/wp\/v2\/product_cat?post=7828950"},{"taxonomy":"product_tag","embeddable":true,"href":"https:\/\/hepsi-markt.de\/it\/wp-json\/wp\/v2\/product_tag?post=7828950"}],"curies":[{"name":"wp","href":"https:\/\/api.w.org\/{rel}","templated":true}]}}