	{"id":7828715,"date":"2026-04-07T02:53:19","date_gmt":"2026-04-07T00:53:19","guid":{"rendered":"https:\/\/hepsi-markt.de\/produkt\/puten-fluegel-helal-qualitaet\/"},"modified":"2026-04-07T02:53:19","modified_gmt":"2026-04-07T00:53:19","slug":"puten-fluegel-helal-qualitaet","status":"publish","type":"product","link":"https:\/\/hepsi-markt.de\/it\/produkt\/puten-fluegel-helal-qualitaet\/","title":{"rendered":"Puten Fl\u00fcgel Helal Qualit\u00e4t"},"content":{"rendered":"<p>Puten Fl\u00fcgel<\/p>\n","protected":false},"excerpt":{"rendered":"<p>1 KG<br \/>Kilogramm = 5,99<\/p>\n","protected":false},"featured_media":7805995,"template":"","meta":{"_acf_changed":false},"product_brand":[],"product_cat":[399],"product_tag":[],"class_list":{"0":"post-7828715","1":"product","2":"type-product","3":"status-publish","4":"has-post-thumbnail","6":"product_cat-frischetheke","8":"first","9":"instock","10":"shipping-taxable","11":"product-type-simple"},"acf":[],"_links":{"self":[{"href":"https:\/\/hepsi-markt.de\/it\/wp-json\/wp\/v2\/product\/7828715","targetHints":{"allow":["GET"]}}],"collection":[{"href":"https:\/\/hepsi-markt.de\/it\/wp-json\/wp\/v2\/product"}],"about":[{"href":"https:\/\/hepsi-markt.de\/it\/wp-json\/wp\/v2\/types\/product"}],"wp:featuredmedia":[{"embeddable":true,"href":"https:\/\/hepsi-markt.de\/it\/wp-json\/wp\/v2\/media\/7805995"}],"wp:attachment":[{"href":"https:\/\/hepsi-markt.de\/it\/wp-json\/wp\/v2\/media?parent=7828715"}],"wp:term":[{"taxonomy":"product_brand","embeddable":true,"href":"https:\/\/hepsi-markt.de\/it\/wp-json\/wp\/v2\/product_brand?post=7828715"},{"taxonomy":"product_cat","embeddable":true,"href":"https:\/\/hepsi-markt.de\/it\/wp-json\/wp\/v2\/product_cat?post=7828715"},{"taxonomy":"product_tag","embeddable":true,"href":"https:\/\/hepsi-markt.de\/it\/wp-json\/wp\/v2\/product_tag?post=7828715"}],"curies":[{"name":"wp","href":"https:\/\/api.w.org\/{rel}","templated":true}]}}