	{"id":7827032,"date":"2026-03-26T02:56:30","date_gmt":"2026-03-26T01:56:30","guid":{"rendered":"https:\/\/hepsi-markt.de\/produkt\/yoerem-cemen-gewuerzpaste\/"},"modified":"2026-04-05T02:29:55","modified_gmt":"2026-04-05T00:29:55","slug":"yoerem-cemen-gewuerzpaste","status":"publish","type":"product","link":"https:\/\/hepsi-markt.de\/it\/produkt\/yoerem-cemen-gewuerzpaste\/","title":{"rendered":"Y\u00f6rem Cemen Gew\u00fcrzpaste"},"content":{"rendered":"<p>Y\u00f6rem Cemen Gew\u00fcrzpaste<\/p>\n","protected":false},"excerpt":{"rendered":"<p>200 G<br \/>1000 Gramm = 11,45<\/p>\n","protected":false},"featured_media":7741962,"template":"","meta":{"_acf_changed":false},"product_brand":[],"product_cat":[393],"product_tag":[],"class_list":{"0":"post-7827032","1":"product","2":"type-product","3":"status-publish","4":"has-post-thumbnail","6":"product_cat-kaese-eier-molkerei","8":"first","9":"outofstock","10":"shipping-taxable","11":"product-type-simple"},"acf":[],"_links":{"self":[{"href":"https:\/\/hepsi-markt.de\/it\/wp-json\/wp\/v2\/product\/7827032","targetHints":{"allow":["GET"]}}],"collection":[{"href":"https:\/\/hepsi-markt.de\/it\/wp-json\/wp\/v2\/product"}],"about":[{"href":"https:\/\/hepsi-markt.de\/it\/wp-json\/wp\/v2\/types\/product"}],"wp:featuredmedia":[{"embeddable":true,"href":"https:\/\/hepsi-markt.de\/it\/wp-json\/wp\/v2\/media\/7741962"}],"wp:attachment":[{"href":"https:\/\/hepsi-markt.de\/it\/wp-json\/wp\/v2\/media?parent=7827032"}],"wp:term":[{"taxonomy":"product_brand","embeddable":true,"href":"https:\/\/hepsi-markt.de\/it\/wp-json\/wp\/v2\/product_brand?post=7827032"},{"taxonomy":"product_cat","embeddable":true,"href":"https:\/\/hepsi-markt.de\/it\/wp-json\/wp\/v2\/product_cat?post=7827032"},{"taxonomy":"product_tag","embeddable":true,"href":"https:\/\/hepsi-markt.de\/it\/wp-json\/wp\/v2\/product_tag?post=7827032"}],"curies":[{"name":"wp","href":"https:\/\/api.w.org\/{rel}","templated":true}]}}