	{"id":7825778,"date":"2026-03-20T02:51:35","date_gmt":"2026-03-20T01:51:35","guid":{"rendered":"https:\/\/hepsi-markt.de\/produkt\/uelker-poetiboer-biskuevi-4er-packs-800g\/"},"modified":"2026-04-06T02:13:43","modified_gmt":"2026-04-06T00:13:43","slug":"uelker-poetiboer-biskuevi-4er-packs-800g","status":"publish","type":"product","link":"https:\/\/hepsi-markt.de\/it\/produkt\/uelker-poetiboer-biskuevi-4er-packs-800g\/","title":{"rendered":"\u00dclker P\u00f6tib\u00f6r Bisk\u00fcvi 4er Packs 800g"},"content":{"rendered":"<p>\u00dclker P\u00f6tib\u00f6r Bisk\u00fcvi 4er Packs 800g<\/p>\n","protected":false},"excerpt":{"rendered":"<p>800g<br \/>1000 Gramm = 6,11<\/p>\n","protected":false},"featured_media":7721610,"template":"","meta":{"_acf_changed":false},"product_brand":[],"product_cat":[396],"product_tag":[],"class_list":{"0":"post-7825778","1":"product","2":"type-product","3":"status-publish","4":"has-post-thumbnail","6":"product_cat-snacks-suessigkeiten","8":"first","9":"outofstock","10":"shipping-taxable","11":"product-type-simple"},"acf":[],"_links":{"self":[{"href":"https:\/\/hepsi-markt.de\/it\/wp-json\/wp\/v2\/product\/7825778","targetHints":{"allow":["GET"]}}],"collection":[{"href":"https:\/\/hepsi-markt.de\/it\/wp-json\/wp\/v2\/product"}],"about":[{"href":"https:\/\/hepsi-markt.de\/it\/wp-json\/wp\/v2\/types\/product"}],"wp:featuredmedia":[{"embeddable":true,"href":"https:\/\/hepsi-markt.de\/it\/wp-json\/wp\/v2\/media\/7721610"}],"wp:attachment":[{"href":"https:\/\/hepsi-markt.de\/it\/wp-json\/wp\/v2\/media?parent=7825778"}],"wp:term":[{"taxonomy":"product_brand","embeddable":true,"href":"https:\/\/hepsi-markt.de\/it\/wp-json\/wp\/v2\/product_brand?post=7825778"},{"taxonomy":"product_cat","embeddable":true,"href":"https:\/\/hepsi-markt.de\/it\/wp-json\/wp\/v2\/product_cat?post=7825778"},{"taxonomy":"product_tag","embeddable":true,"href":"https:\/\/hepsi-markt.de\/it\/wp-json\/wp\/v2\/product_tag?post=7825778"}],"curies":[{"name":"wp","href":"https:\/\/api.w.org\/{rel}","templated":true}]}}