	{"id":7824454,"date":"2026-03-11T03:20:34","date_gmt":"2026-03-11T02:20:34","guid":{"rendered":"https:\/\/hepsi-markt.de\/produkt\/oencue-nar-eksisi\/"},"modified":"2026-04-08T02:13:43","modified_gmt":"2026-04-08T00:13:43","slug":"oencue-nar-eksisi","status":"publish","type":"product","link":"https:\/\/hepsi-markt.de\/it\/produkt\/oencue-nar-eksisi\/","title":{"rendered":"\u00d6nc\u00fc Nar Eksisi"},"content":{"rendered":"<p>\u00d6nc\u00fc Nar Eksisi 700ml<\/p>\n","protected":false},"excerpt":{"rendered":"<p>700 ml<br \/>1000 Milliliter = 2,84<\/p>\n","protected":false},"featured_media":7725452,"template":"","meta":{"_acf_changed":false},"product_brand":[],"product_cat":[395],"product_tag":[],"class_list":{"0":"post-7824454","1":"product","2":"type-product","3":"status-publish","4":"has-post-thumbnail","6":"product_cat-kochen-backen","8":"first","9":"outofstock","10":"shipping-taxable","11":"product-type-simple"},"acf":[],"_links":{"self":[{"href":"https:\/\/hepsi-markt.de\/it\/wp-json\/wp\/v2\/product\/7824454","targetHints":{"allow":["GET"]}}],"collection":[{"href":"https:\/\/hepsi-markt.de\/it\/wp-json\/wp\/v2\/product"}],"about":[{"href":"https:\/\/hepsi-markt.de\/it\/wp-json\/wp\/v2\/types\/product"}],"wp:featuredmedia":[{"embeddable":true,"href":"https:\/\/hepsi-markt.de\/it\/wp-json\/wp\/v2\/media\/7725452"}],"wp:attachment":[{"href":"https:\/\/hepsi-markt.de\/it\/wp-json\/wp\/v2\/media?parent=7824454"}],"wp:term":[{"taxonomy":"product_brand","embeddable":true,"href":"https:\/\/hepsi-markt.de\/it\/wp-json\/wp\/v2\/product_brand?post=7824454"},{"taxonomy":"product_cat","embeddable":true,"href":"https:\/\/hepsi-markt.de\/it\/wp-json\/wp\/v2\/product_cat?post=7824454"},{"taxonomy":"product_tag","embeddable":true,"href":"https:\/\/hepsi-markt.de\/it\/wp-json\/wp\/v2\/product_tag?post=7824454"}],"curies":[{"name":"wp","href":"https:\/\/api.w.org\/{rel}","templated":true}]}}