	{"id":7822280,"date":"2026-02-22T03:03:10","date_gmt":"2026-02-22T02:03:10","guid":{"rendered":"https:\/\/hepsi-markt.de\/produkt\/bayram-sekeri-suetlue-beyaz\/"},"modified":"2026-04-08T02:37:03","modified_gmt":"2026-04-08T00:37:03","slug":"bayram-sekeri-suetlue-beyaz","status":"publish","type":"product","link":"https:\/\/hepsi-markt.de\/it\/produkt\/bayram-sekeri-suetlue-beyaz\/","title":{"rendered":"Bayram Sekeri S\u00fctl\u00fc Beyaz"},"content":{"rendered":"<p>\u00dclker Toffee 225g<\/p>\n","protected":false},"excerpt":{"rendered":"<p>225g<br \/>1000 Gramm = 8,84<\/p>\n","protected":false},"featured_media":7783364,"template":"","meta":{"_acf_changed":false},"product_brand":[],"product_cat":[396],"product_tag":[],"class_list":{"0":"post-7822280","1":"product","2":"type-product","3":"status-publish","4":"has-post-thumbnail","6":"product_cat-snacks-suessigkeiten","8":"first","9":"outofstock","10":"shipping-taxable","11":"product-type-simple"},"acf":[],"_links":{"self":[{"href":"https:\/\/hepsi-markt.de\/it\/wp-json\/wp\/v2\/product\/7822280","targetHints":{"allow":["GET"]}}],"collection":[{"href":"https:\/\/hepsi-markt.de\/it\/wp-json\/wp\/v2\/product"}],"about":[{"href":"https:\/\/hepsi-markt.de\/it\/wp-json\/wp\/v2\/types\/product"}],"wp:featuredmedia":[{"embeddable":true,"href":"https:\/\/hepsi-markt.de\/it\/wp-json\/wp\/v2\/media\/7783364"}],"wp:attachment":[{"href":"https:\/\/hepsi-markt.de\/it\/wp-json\/wp\/v2\/media?parent=7822280"}],"wp:term":[{"taxonomy":"product_brand","embeddable":true,"href":"https:\/\/hepsi-markt.de\/it\/wp-json\/wp\/v2\/product_brand?post=7822280"},{"taxonomy":"product_cat","embeddable":true,"href":"https:\/\/hepsi-markt.de\/it\/wp-json\/wp\/v2\/product_cat?post=7822280"},{"taxonomy":"product_tag","embeddable":true,"href":"https:\/\/hepsi-markt.de\/it\/wp-json\/wp\/v2\/product_tag?post=7822280"}],"curies":[{"name":"wp","href":"https:\/\/api.w.org\/{rel}","templated":true}]}}