	{"id":7816451,"date":"2026-01-03T02:51:01","date_gmt":"2026-01-03T01:51:01","guid":{"rendered":"https:\/\/hepsi-markt.de\/produkt\/ganze-haehnchen-helal-qualitaet\/"},"modified":"2026-04-08T02:25:01","modified_gmt":"2026-04-08T00:25:01","slug":"ganze-haehnchen-helal-qualitaet","status":"publish","type":"product","link":"https:\/\/hepsi-markt.de\/it\/produkt\/ganze-haehnchen-helal-qualitaet\/","title":{"rendered":"Ganze H\u00e4hnchen Helal Qualit\u00e4t"},"content":{"rendered":"<p>Ganze H\u00e4hnchen<\/p>\n","protected":false},"excerpt":{"rendered":"<p>1 KG<br \/>Kilogramm = 3,99<\/p>\n","protected":false},"featured_media":7740511,"template":"","meta":{"_acf_changed":false},"product_brand":[],"product_cat":[399],"product_tag":[],"class_list":{"0":"post-7816451","1":"product","2":"type-product","3":"status-publish","4":"has-post-thumbnail","6":"product_cat-frischetheke","8":"first","9":"instock","10":"shipping-taxable","11":"product-type-simple"},"acf":[],"_links":{"self":[{"href":"https:\/\/hepsi-markt.de\/it\/wp-json\/wp\/v2\/product\/7816451","targetHints":{"allow":["GET"]}}],"collection":[{"href":"https:\/\/hepsi-markt.de\/it\/wp-json\/wp\/v2\/product"}],"about":[{"href":"https:\/\/hepsi-markt.de\/it\/wp-json\/wp\/v2\/types\/product"}],"wp:featuredmedia":[{"embeddable":true,"href":"https:\/\/hepsi-markt.de\/it\/wp-json\/wp\/v2\/media\/7740511"}],"wp:attachment":[{"href":"https:\/\/hepsi-markt.de\/it\/wp-json\/wp\/v2\/media?parent=7816451"}],"wp:term":[{"taxonomy":"product_brand","embeddable":true,"href":"https:\/\/hepsi-markt.de\/it\/wp-json\/wp\/v2\/product_brand?post=7816451"},{"taxonomy":"product_cat","embeddable":true,"href":"https:\/\/hepsi-markt.de\/it\/wp-json\/wp\/v2\/product_cat?post=7816451"},{"taxonomy":"product_tag","embeddable":true,"href":"https:\/\/hepsi-markt.de\/it\/wp-json\/wp\/v2\/product_tag?post=7816451"}],"curies":[{"name":"wp","href":"https:\/\/api.w.org\/{rel}","templated":true}]}}