	{"id":7815353,"date":"2025-12-21T02:51:53","date_gmt":"2025-12-21T01:51:53","guid":{"rendered":"https:\/\/hepsi-markt.de\/produkt\/bosna-gefluegelfleischwurst-mild\/"},"modified":"2026-04-06T02:25:25","modified_gmt":"2026-04-06T00:25:25","slug":"bosna-gefluegelfleischwurst-mild","status":"publish","type":"product","link":"https:\/\/hepsi-markt.de\/it\/produkt\/bosna-gefluegelfleischwurst-mild\/","title":{"rendered":"Bosna &#8211; Gefl\u00fcgelfleischwurst Mild"},"content":{"rendered":"<p>\u00d6z Gurbet H\u00fchnerwurst  Inaktiv <\/p>\n","protected":false},"excerpt":{"rendered":"<p>400g<br \/>1000 Gramm = 3,73<\/p>\n","protected":false},"featured_media":7788886,"template":"","meta":{"_acf_changed":false},"product_brand":[],"product_cat":[393],"product_tag":[],"class_list":{"0":"post-7815353","1":"product","2":"type-product","3":"status-publish","4":"has-post-thumbnail","6":"product_cat-kaese-eier-molkerei","8":"first","9":"outofstock","10":"shipping-taxable","11":"product-type-simple"},"acf":[],"_links":{"self":[{"href":"https:\/\/hepsi-markt.de\/it\/wp-json\/wp\/v2\/product\/7815353","targetHints":{"allow":["GET"]}}],"collection":[{"href":"https:\/\/hepsi-markt.de\/it\/wp-json\/wp\/v2\/product"}],"about":[{"href":"https:\/\/hepsi-markt.de\/it\/wp-json\/wp\/v2\/types\/product"}],"wp:featuredmedia":[{"embeddable":true,"href":"https:\/\/hepsi-markt.de\/it\/wp-json\/wp\/v2\/media\/7788886"}],"wp:attachment":[{"href":"https:\/\/hepsi-markt.de\/it\/wp-json\/wp\/v2\/media?parent=7815353"}],"wp:term":[{"taxonomy":"product_brand","embeddable":true,"href":"https:\/\/hepsi-markt.de\/it\/wp-json\/wp\/v2\/product_brand?post=7815353"},{"taxonomy":"product_cat","embeddable":true,"href":"https:\/\/hepsi-markt.de\/it\/wp-json\/wp\/v2\/product_cat?post=7815353"},{"taxonomy":"product_tag","embeddable":true,"href":"https:\/\/hepsi-markt.de\/it\/wp-json\/wp\/v2\/product_tag?post=7815353"}],"curies":[{"name":"wp","href":"https:\/\/api.w.org\/{rel}","templated":true}]}}