	{"id":7814117,"date":"2025-12-04T02:57:36","date_gmt":"2025-12-04T01:57:36","guid":{"rendered":"https:\/\/hepsi-markt.de\/produkt\/suetat-boereklik-kombi-800g\/"},"modified":"2026-04-06T02:22:19","modified_gmt":"2026-04-06T00:22:19","slug":"suetat-boereklik-kombi-800g","status":"publish","type":"product","link":"https:\/\/hepsi-markt.de\/it\/produkt\/suetat-boereklik-kombi-800g\/","title":{"rendered":"S\u00fctat B\u00f6reklik Kombi 800g"},"content":{"rendered":"<p>S\u00fctat B\u00f6reklik Kombi 800g<\/p>\n","protected":false},"excerpt":{"rendered":"<p>800 G<br \/>1000 Gramm = 4,99<\/p>\n","protected":false},"featured_media":7732980,"template":"","meta":{"_acf_changed":false},"product_brand":[],"product_cat":[393],"product_tag":[],"class_list":{"0":"post-7814117","1":"product","2":"type-product","3":"status-publish","4":"has-post-thumbnail","6":"product_cat-kaese-eier-molkerei","8":"first","9":"outofstock","10":"shipping-taxable","11":"product-type-simple"},"acf":[],"_links":{"self":[{"href":"https:\/\/hepsi-markt.de\/it\/wp-json\/wp\/v2\/product\/7814117","targetHints":{"allow":["GET"]}}],"collection":[{"href":"https:\/\/hepsi-markt.de\/it\/wp-json\/wp\/v2\/product"}],"about":[{"href":"https:\/\/hepsi-markt.de\/it\/wp-json\/wp\/v2\/types\/product"}],"wp:featuredmedia":[{"embeddable":true,"href":"https:\/\/hepsi-markt.de\/it\/wp-json\/wp\/v2\/media\/7732980"}],"wp:attachment":[{"href":"https:\/\/hepsi-markt.de\/it\/wp-json\/wp\/v2\/media?parent=7814117"}],"wp:term":[{"taxonomy":"product_brand","embeddable":true,"href":"https:\/\/hepsi-markt.de\/it\/wp-json\/wp\/v2\/product_brand?post=7814117"},{"taxonomy":"product_cat","embeddable":true,"href":"https:\/\/hepsi-markt.de\/it\/wp-json\/wp\/v2\/product_cat?post=7814117"},{"taxonomy":"product_tag","embeddable":true,"href":"https:\/\/hepsi-markt.de\/it\/wp-json\/wp\/v2\/product_tag?post=7814117"}],"curies":[{"name":"wp","href":"https:\/\/api.w.org\/{rel}","templated":true}]}}