	{"id":7808342,"date":"2025-10-12T02:47:35","date_gmt":"2025-10-12T00:47:35","guid":{"rendered":"https:\/\/hepsi-markt.de\/produkt\/cw-goldstuecke-9-weizenbroetchen\/"},"modified":"2026-04-06T02:02:34","modified_gmt":"2026-04-06T00:02:34","slug":"cw-goldstuecke-9-weizenbroetchen","status":"publish","type":"product","link":"https:\/\/hepsi-markt.de\/it\/produkt\/cw-goldstuecke-9-weizenbroetchen\/","title":{"rendered":"C&amp;W Goldst\u00fccke 9 Weizenbr\u00f6tchen"},"content":{"rendered":"<p>C&amp;w Goldst\u00fccke Weizenbr\u00f6tchen<\/p>\n","protected":false},"excerpt":{"rendered":"<p>450 G<br \/>1000 Gramm = 4,42<\/p>\n","protected":false},"featured_media":7710053,"template":"","meta":{"_acf_changed":false},"product_brand":[],"product_cat":[398],"product_tag":[],"class_list":{"0":"post-7808342","1":"product","2":"type-product","3":"status-publish","4":"has-post-thumbnail","6":"product_cat-tiefkuehlwaren","8":"first","9":"outofstock","10":"shipping-taxable","11":"product-type-simple"},"acf":[],"_links":{"self":[{"href":"https:\/\/hepsi-markt.de\/it\/wp-json\/wp\/v2\/product\/7808342","targetHints":{"allow":["GET"]}}],"collection":[{"href":"https:\/\/hepsi-markt.de\/it\/wp-json\/wp\/v2\/product"}],"about":[{"href":"https:\/\/hepsi-markt.de\/it\/wp-json\/wp\/v2\/types\/product"}],"wp:featuredmedia":[{"embeddable":true,"href":"https:\/\/hepsi-markt.de\/it\/wp-json\/wp\/v2\/media\/7710053"}],"wp:attachment":[{"href":"https:\/\/hepsi-markt.de\/it\/wp-json\/wp\/v2\/media?parent=7808342"}],"wp:term":[{"taxonomy":"product_brand","embeddable":true,"href":"https:\/\/hepsi-markt.de\/it\/wp-json\/wp\/v2\/product_brand?post=7808342"},{"taxonomy":"product_cat","embeddable":true,"href":"https:\/\/hepsi-markt.de\/it\/wp-json\/wp\/v2\/product_cat?post=7808342"},{"taxonomy":"product_tag","embeddable":true,"href":"https:\/\/hepsi-markt.de\/it\/wp-json\/wp\/v2\/product_tag?post=7808342"}],"curies":[{"name":"wp","href":"https:\/\/api.w.org\/{rel}","templated":true}]}}