	{"id":7805743,"date":"2025-09-24T04:05:48","date_gmt":"2025-09-24T02:05:48","guid":{"rendered":"https:\/\/hepsi-markt.de\/produkt\/fresh-frost-peynirli-guel-boerek-480g\/"},"modified":"2026-04-07T02:31:16","modified_gmt":"2026-04-07T00:31:16","slug":"fresh-frost-peynirli-guel-boerek-480g","status":"publish","type":"product","link":"https:\/\/hepsi-markt.de\/it\/produkt\/fresh-frost-peynirli-guel-boerek-480g\/","title":{"rendered":"Fresh Frost Peynirli G\u00fcl B\u00f6rek 480g"},"content":{"rendered":"<p>Fresh Frost Peynirli G\u00fcl B\u00f6rek 480g<\/p>\n","protected":false},"excerpt":{"rendered":"<p>480 G<br \/>1000 Gramm = 6,23<\/p>\n","protected":false},"featured_media":7753007,"template":"","meta":{"_acf_changed":false},"product_brand":[],"product_cat":[398],"product_tag":[],"class_list":{"0":"post-7805743","1":"product","2":"type-product","3":"status-publish","4":"has-post-thumbnail","6":"product_cat-tiefkuehlwaren","8":"first","9":"instock","10":"shipping-taxable","11":"product-type-simple"},"acf":[],"_links":{"self":[{"href":"https:\/\/hepsi-markt.de\/it\/wp-json\/wp\/v2\/product\/7805743","targetHints":{"allow":["GET"]}}],"collection":[{"href":"https:\/\/hepsi-markt.de\/it\/wp-json\/wp\/v2\/product"}],"about":[{"href":"https:\/\/hepsi-markt.de\/it\/wp-json\/wp\/v2\/types\/product"}],"wp:featuredmedia":[{"embeddable":true,"href":"https:\/\/hepsi-markt.de\/it\/wp-json\/wp\/v2\/media\/7753007"}],"wp:attachment":[{"href":"https:\/\/hepsi-markt.de\/it\/wp-json\/wp\/v2\/media?parent=7805743"}],"wp:term":[{"taxonomy":"product_brand","embeddable":true,"href":"https:\/\/hepsi-markt.de\/it\/wp-json\/wp\/v2\/product_brand?post=7805743"},{"taxonomy":"product_cat","embeddable":true,"href":"https:\/\/hepsi-markt.de\/it\/wp-json\/wp\/v2\/product_cat?post=7805743"},{"taxonomy":"product_tag","embeddable":true,"href":"https:\/\/hepsi-markt.de\/it\/wp-json\/wp\/v2\/product_tag?post=7805743"}],"curies":[{"name":"wp","href":"https:\/\/api.w.org\/{rel}","templated":true}]}}