	{"id":7800273,"date":"2025-07-25T03:18:37","date_gmt":"2025-07-25T01:18:37","guid":{"rendered":"https:\/\/hepsi-markt.de\/produkt\/ace-koepuek-banyo-cicek-kokulu-700ml\/"},"modified":"2026-04-05T02:36:32","modified_gmt":"2026-04-05T00:36:32","slug":"ace-koepuek-banyo-cicek-kokulu-700ml","status":"publish","type":"product","link":"https:\/\/hepsi-markt.de\/it\/produkt\/ace-koepuek-banyo-cicek-kokulu-700ml\/","title":{"rendered":"ACE K\u00f6p\u00fck Banyo Cicek Kokulu 700ml"},"content":{"rendered":"<p>ACE K\u00f6p\u00fck Banyo Cicek Kokulu 700ml<\/p>\n","protected":false},"excerpt":{"rendered":"<p>700ml<br \/>1000 Milliliter = 5,27<\/p>\n","protected":false},"featured_media":7800081,"template":"","meta":{"_acf_changed":false},"product_brand":[],"product_cat":[391],"product_tag":[],"class_list":{"0":"post-7800273","1":"product","2":"type-product","3":"status-publish","4":"has-post-thumbnail","6":"product_cat-drogerie-kosmetik","8":"first","9":"outofstock","10":"shipping-taxable","11":"product-type-simple"},"acf":[],"_links":{"self":[{"href":"https:\/\/hepsi-markt.de\/it\/wp-json\/wp\/v2\/product\/7800273","targetHints":{"allow":["GET"]}}],"collection":[{"href":"https:\/\/hepsi-markt.de\/it\/wp-json\/wp\/v2\/product"}],"about":[{"href":"https:\/\/hepsi-markt.de\/it\/wp-json\/wp\/v2\/types\/product"}],"wp:featuredmedia":[{"embeddable":true,"href":"https:\/\/hepsi-markt.de\/it\/wp-json\/wp\/v2\/media\/7800081"}],"wp:attachment":[{"href":"https:\/\/hepsi-markt.de\/it\/wp-json\/wp\/v2\/media?parent=7800273"}],"wp:term":[{"taxonomy":"product_brand","embeddable":true,"href":"https:\/\/hepsi-markt.de\/it\/wp-json\/wp\/v2\/product_brand?post=7800273"},{"taxonomy":"product_cat","embeddable":true,"href":"https:\/\/hepsi-markt.de\/it\/wp-json\/wp\/v2\/product_cat?post=7800273"},{"taxonomy":"product_tag","embeddable":true,"href":"https:\/\/hepsi-markt.de\/it\/wp-json\/wp\/v2\/product_tag?post=7800273"}],"curies":[{"name":"wp","href":"https:\/\/api.w.org\/{rel}","templated":true}]}}