	{"id":7788306,"date":"2025-05-07T03:58:34","date_gmt":"2025-05-07T01:58:34","guid":{"rendered":"https:\/\/hepsi-markt.de\/produkt\/alu-menzir-kuenefe-tabagi-bueyuek\/"},"modified":"2026-04-05T02:52:32","modified_gmt":"2026-04-05T00:52:32","slug":"alu-menzir-kuenefe-tabagi-bueyuek","status":"publish","type":"product","link":"https:\/\/hepsi-markt.de\/it\/produkt\/alu-menzir-kuenefe-tabagi-bueyuek\/","title":{"rendered":"Alu Menzir K\u00fcnefe Tabagi b\u00fcy\u00fck"},"content":{"rendered":"","protected":false},"excerpt":{"rendered":"<p>STK<br \/>St\u00fcck = 3,79<\/p>\n","protected":false},"featured_media":7787971,"template":"","meta":{"_acf_changed":false},"product_brand":[],"product_cat":[392],"product_tag":[],"class_list":{"0":"post-7788306","1":"product","2":"type-product","3":"status-publish","4":"has-post-thumbnail","6":"product_cat-kueche-haushalt","8":"first","9":"instock","10":"shipping-taxable","11":"product-type-simple"},"acf":[],"_links":{"self":[{"href":"https:\/\/hepsi-markt.de\/it\/wp-json\/wp\/v2\/product\/7788306","targetHints":{"allow":["GET"]}}],"collection":[{"href":"https:\/\/hepsi-markt.de\/it\/wp-json\/wp\/v2\/product"}],"about":[{"href":"https:\/\/hepsi-markt.de\/it\/wp-json\/wp\/v2\/types\/product"}],"wp:featuredmedia":[{"embeddable":true,"href":"https:\/\/hepsi-markt.de\/it\/wp-json\/wp\/v2\/media\/7787971"}],"wp:attachment":[{"href":"https:\/\/hepsi-markt.de\/it\/wp-json\/wp\/v2\/media?parent=7788306"}],"wp:term":[{"taxonomy":"product_brand","embeddable":true,"href":"https:\/\/hepsi-markt.de\/it\/wp-json\/wp\/v2\/product_brand?post=7788306"},{"taxonomy":"product_cat","embeddable":true,"href":"https:\/\/hepsi-markt.de\/it\/wp-json\/wp\/v2\/product_cat?post=7788306"},{"taxonomy":"product_tag","embeddable":true,"href":"https:\/\/hepsi-markt.de\/it\/wp-json\/wp\/v2\/product_tag?post=7788306"}],"curies":[{"name":"wp","href":"https:\/\/api.w.org\/{rel}","templated":true}]}}