	{"id":7669275,"date":"2025-02-24T02:34:50","date_gmt":"2025-02-24T01:34:50","guid":{"rendered":"https:\/\/hepsi-markt.de\/produkt\/baguette-broetchen-4-stueck\/"},"modified":"2026-04-06T02:22:39","modified_gmt":"2026-04-06T00:22:39","slug":"baguette-broetchen-4-stueck","status":"publish","type":"product","link":"https:\/\/hepsi-markt.de\/it\/produkt\/baguette-broetchen-4-stueck\/","title":{"rendered":"Baguette Br\u00f6tchen  4 St\u00fcck"},"content":{"rendered":"<p>Baguette Br\u00f6tchen  4 St\u00fcck<\/p>\n","protected":false},"excerpt":{"rendered":"<p>1 BTL.<br \/>St\u00fcck = 0,42<\/p>\n","protected":false},"featured_media":7733436,"template":"","meta":{"_acf_changed":false},"product_brand":[],"product_cat":[394],"product_tag":[],"class_list":{"0":"post-7669275","1":"product","2":"type-product","3":"status-publish","4":"has-post-thumbnail","6":"product_cat-backwaren-aufstriche-cerealien","8":"first","9":"instock","10":"shipping-taxable","11":"product-type-simple"},"acf":[],"_links":{"self":[{"href":"https:\/\/hepsi-markt.de\/it\/wp-json\/wp\/v2\/product\/7669275","targetHints":{"allow":["GET"]}}],"collection":[{"href":"https:\/\/hepsi-markt.de\/it\/wp-json\/wp\/v2\/product"}],"about":[{"href":"https:\/\/hepsi-markt.de\/it\/wp-json\/wp\/v2\/types\/product"}],"wp:featuredmedia":[{"embeddable":true,"href":"https:\/\/hepsi-markt.de\/it\/wp-json\/wp\/v2\/media\/7733436"}],"wp:attachment":[{"href":"https:\/\/hepsi-markt.de\/it\/wp-json\/wp\/v2\/media?parent=7669275"}],"wp:term":[{"taxonomy":"product_brand","embeddable":true,"href":"https:\/\/hepsi-markt.de\/it\/wp-json\/wp\/v2\/product_brand?post=7669275"},{"taxonomy":"product_cat","embeddable":true,"href":"https:\/\/hepsi-markt.de\/it\/wp-json\/wp\/v2\/product_cat?post=7669275"},{"taxonomy":"product_tag","embeddable":true,"href":"https:\/\/hepsi-markt.de\/it\/wp-json\/wp\/v2\/product_tag?post=7669275"}],"curies":[{"name":"wp","href":"https:\/\/api.w.org\/{rel}","templated":true}]}}