	{"id":7667977,"date":"2025-02-16T02:36:30","date_gmt":"2025-02-16T01:36:30","guid":{"rendered":"https:\/\/hepsi-markt.de\/produkt\/weinblaetter-gefuellt-mit-reis\/"},"modified":"2026-04-06T02:30:33","modified_gmt":"2026-04-06T00:30:33","slug":"weinblaetter-gefuellt-mit-reis","status":"publish","type":"product","link":"https:\/\/hepsi-markt.de\/it\/produkt\/weinblaetter-gefuellt-mit-reis\/","title":{"rendered":"Weinbl\u00e4tter gef\u00fcllt mit Reis"},"content":{"rendered":"<p>Weinbl\u00e4tter mit Reis Vorspeise<\/p>\n","protected":false},"excerpt":{"rendered":"<p>100-g Preis  <br \/>100 Gramm = 1,69<\/p>\n","protected":false},"featured_media":7744156,"template":"","meta":{"_acf_changed":false},"product_brand":[],"product_cat":[399],"product_tag":[],"class_list":{"0":"post-7667977","1":"product","2":"type-product","3":"status-publish","4":"has-post-thumbnail","6":"product_cat-frischetheke","8":"first","9":"instock","10":"shipping-taxable","11":"product-type-simple"},"acf":[],"_links":{"self":[{"href":"https:\/\/hepsi-markt.de\/it\/wp-json\/wp\/v2\/product\/7667977","targetHints":{"allow":["GET"]}}],"collection":[{"href":"https:\/\/hepsi-markt.de\/it\/wp-json\/wp\/v2\/product"}],"about":[{"href":"https:\/\/hepsi-markt.de\/it\/wp-json\/wp\/v2\/types\/product"}],"wp:featuredmedia":[{"embeddable":true,"href":"https:\/\/hepsi-markt.de\/it\/wp-json\/wp\/v2\/media\/7744156"}],"wp:attachment":[{"href":"https:\/\/hepsi-markt.de\/it\/wp-json\/wp\/v2\/media?parent=7667977"}],"wp:term":[{"taxonomy":"product_brand","embeddable":true,"href":"https:\/\/hepsi-markt.de\/it\/wp-json\/wp\/v2\/product_brand?post=7667977"},{"taxonomy":"product_cat","embeddable":true,"href":"https:\/\/hepsi-markt.de\/it\/wp-json\/wp\/v2\/product_cat?post=7667977"},{"taxonomy":"product_tag","embeddable":true,"href":"https:\/\/hepsi-markt.de\/it\/wp-json\/wp\/v2\/product_tag?post=7667977"}],"curies":[{"name":"wp","href":"https:\/\/api.w.org\/{rel}","templated":true}]}}