	{"id":7658389,"date":"2024-12-09T11:42:27","date_gmt":"2024-12-09T10:42:27","guid":{"rendered":"https:\/\/hepsi-markt.de\/produkt\/tuna-huehnerwuerstchen-250g\/"},"modified":"2026-04-06T02:26:44","modified_gmt":"2026-04-06T00:26:44","slug":"tuna-huehnerwuerstchen-250g","status":"publish","type":"product","link":"https:\/\/hepsi-markt.de\/it\/produkt\/tuna-huehnerwuerstchen-250g\/","title":{"rendered":"Tuna H\u00fchnerw\u00fcrstchen 250g"},"content":{"rendered":"<p>Tuna H\u00fchnerw\u00fcrstchen 250g<\/p>\n","protected":false},"excerpt":{"rendered":"<p>250 G<br \/>1000 Gramm = 18,76<\/p>\n","protected":false},"featured_media":7738700,"template":"","meta":{"_acf_changed":false},"product_brand":[],"product_cat":[397],"product_tag":[],"class_list":{"0":"post-7658389","1":"product","2":"type-product","3":"status-publish","4":"has-post-thumbnail","6":"product_cat-fertiggerichte-konserven","8":"first","9":"outofstock","10":"shipping-taxable","11":"product-type-simple"},"acf":[],"_links":{"self":[{"href":"https:\/\/hepsi-markt.de\/it\/wp-json\/wp\/v2\/product\/7658389","targetHints":{"allow":["GET"]}}],"collection":[{"href":"https:\/\/hepsi-markt.de\/it\/wp-json\/wp\/v2\/product"}],"about":[{"href":"https:\/\/hepsi-markt.de\/it\/wp-json\/wp\/v2\/types\/product"}],"wp:featuredmedia":[{"embeddable":true,"href":"https:\/\/hepsi-markt.de\/it\/wp-json\/wp\/v2\/media\/7738700"}],"wp:attachment":[{"href":"https:\/\/hepsi-markt.de\/it\/wp-json\/wp\/v2\/media?parent=7658389"}],"wp:term":[{"taxonomy":"product_brand","embeddable":true,"href":"https:\/\/hepsi-markt.de\/it\/wp-json\/wp\/v2\/product_brand?post=7658389"},{"taxonomy":"product_cat","embeddable":true,"href":"https:\/\/hepsi-markt.de\/it\/wp-json\/wp\/v2\/product_cat?post=7658389"},{"taxonomy":"product_tag","embeddable":true,"href":"https:\/\/hepsi-markt.de\/it\/wp-json\/wp\/v2\/product_tag?post=7658389"}],"curies":[{"name":"wp","href":"https:\/\/api.w.org\/{rel}","templated":true}]}}