	{"id":7658319,"date":"2024-12-09T11:41:30","date_gmt":"2024-12-09T10:41:30","guid":{"rendered":"https:\/\/hepsi-markt.de\/produkt\/uelker-gemuesecremsuppe\/"},"modified":"2026-04-06T02:25:40","modified_gmt":"2026-04-06T00:25:40","slug":"uelker-gemuesecremsuppe","status":"publish","type":"product","link":"https:\/\/hepsi-markt.de\/it\/produkt\/uelker-gemuesecremsuppe\/","title":{"rendered":"\u00dclker  Gem\u00fcsecremsuppe"},"content":{"rendered":"<p>\u00dclker  Gem\u00fcsecremsuppe<\/p>\n","protected":false},"excerpt":{"rendered":"<p>45g<br \/>100 Gramm = 1,09<\/p>\n","protected":false},"featured_media":7737183,"template":"","meta":{"_acf_changed":false},"product_brand":[],"product_cat":[397],"product_tag":[],"class_list":{"0":"post-7658319","1":"product","2":"type-product","3":"status-publish","4":"has-post-thumbnail","6":"product_cat-fertiggerichte-konserven","8":"first","9":"outofstock","10":"shipping-taxable","11":"product-type-simple"},"acf":[],"_links":{"self":[{"href":"https:\/\/hepsi-markt.de\/it\/wp-json\/wp\/v2\/product\/7658319","targetHints":{"allow":["GET"]}}],"collection":[{"href":"https:\/\/hepsi-markt.de\/it\/wp-json\/wp\/v2\/product"}],"about":[{"href":"https:\/\/hepsi-markt.de\/it\/wp-json\/wp\/v2\/types\/product"}],"wp:featuredmedia":[{"embeddable":true,"href":"https:\/\/hepsi-markt.de\/it\/wp-json\/wp\/v2\/media\/7737183"}],"wp:attachment":[{"href":"https:\/\/hepsi-markt.de\/it\/wp-json\/wp\/v2\/media?parent=7658319"}],"wp:term":[{"taxonomy":"product_brand","embeddable":true,"href":"https:\/\/hepsi-markt.de\/it\/wp-json\/wp\/v2\/product_brand?post=7658319"},{"taxonomy":"product_cat","embeddable":true,"href":"https:\/\/hepsi-markt.de\/it\/wp-json\/wp\/v2\/product_cat?post=7658319"},{"taxonomy":"product_tag","embeddable":true,"href":"https:\/\/hepsi-markt.de\/it\/wp-json\/wp\/v2\/product_tag?post=7658319"}],"curies":[{"name":"wp","href":"https:\/\/api.w.org\/{rel}","templated":true}]}}