	{"id":7658290,"date":"2024-12-09T11:41:06","date_gmt":"2024-12-09T10:41:06","guid":{"rendered":"https:\/\/hepsi-markt.de\/produkt\/saklikoey-suetlue-cikolatali-100g\/"},"modified":"2026-04-07T02:21:41","modified_gmt":"2026-04-07T00:21:41","slug":"saklikoey-suetlue-cikolatali-100g","status":"publish","type":"product","link":"https:\/\/hepsi-markt.de\/it\/produkt\/saklikoey-suetlue-cikolatali-100g\/","title":{"rendered":"Saklik\u00f6y S\u00fctl\u00fc Cikolatali 100g"},"content":{"rendered":"<p>Saklik\u00f6y S\u00fctl\u00fc Cikolatali 100g<\/p>\n","protected":false},"excerpt":{"rendered":"<p>100 G<br \/>1000 Gramm = 14,9<\/p>\n","protected":false},"featured_media":7736657,"template":"","meta":{"_acf_changed":false},"product_brand":[],"product_cat":[396],"product_tag":[],"class_list":{"0":"post-7658290","1":"product","2":"type-product","3":"status-publish","4":"has-post-thumbnail","6":"product_cat-snacks-suessigkeiten","8":"first","9":"outofstock","10":"shipping-taxable","11":"product-type-simple"},"acf":[],"_links":{"self":[{"href":"https:\/\/hepsi-markt.de\/it\/wp-json\/wp\/v2\/product\/7658290","targetHints":{"allow":["GET"]}}],"collection":[{"href":"https:\/\/hepsi-markt.de\/it\/wp-json\/wp\/v2\/product"}],"about":[{"href":"https:\/\/hepsi-markt.de\/it\/wp-json\/wp\/v2\/types\/product"}],"wp:featuredmedia":[{"embeddable":true,"href":"https:\/\/hepsi-markt.de\/it\/wp-json\/wp\/v2\/media\/7736657"}],"wp:attachment":[{"href":"https:\/\/hepsi-markt.de\/it\/wp-json\/wp\/v2\/media?parent=7658290"}],"wp:term":[{"taxonomy":"product_brand","embeddable":true,"href":"https:\/\/hepsi-markt.de\/it\/wp-json\/wp\/v2\/product_brand?post=7658290"},{"taxonomy":"product_cat","embeddable":true,"href":"https:\/\/hepsi-markt.de\/it\/wp-json\/wp\/v2\/product_cat?post=7658290"},{"taxonomy":"product_tag","embeddable":true,"href":"https:\/\/hepsi-markt.de\/it\/wp-json\/wp\/v2\/product_tag?post=7658290"}],"curies":[{"name":"wp","href":"https:\/\/api.w.org\/{rel}","templated":true}]}}