	{"id":7656972,"date":"2024-12-09T11:23:29","date_gmt":"2024-12-09T10:23:29","guid":{"rendered":"https:\/\/hepsi-markt.de\/produkt\/tadelle-suetlue-cikolata-30g\/"},"modified":"2026-04-06T02:07:04","modified_gmt":"2026-04-06T00:07:04","slug":"tadelle-suetlue-cikolata-30g","status":"publish","type":"product","link":"https:\/\/hepsi-markt.de\/it\/produkt\/tadelle-suetlue-cikolata-30g\/","title":{"rendered":"Tadelle S\u00fctl\u00fc Cikolata 30g"},"content":{"rendered":"<p>Tadelle S\u00fctl\u00fc Cikolata 30g<\/p>\n","protected":false},"excerpt":{"rendered":"<p>30 G<br \/>100 Gramm = 2,3<\/p>\n","protected":false},"featured_media":7714934,"template":"","meta":{"_acf_changed":false},"product_brand":[],"product_cat":[396],"product_tag":[],"class_list":{"0":"post-7656972","1":"product","2":"type-product","3":"status-publish","4":"has-post-thumbnail","6":"product_cat-snacks-suessigkeiten","8":"first","9":"outofstock","10":"shipping-taxable","11":"product-type-simple"},"acf":[],"_links":{"self":[{"href":"https:\/\/hepsi-markt.de\/it\/wp-json\/wp\/v2\/product\/7656972","targetHints":{"allow":["GET"]}}],"collection":[{"href":"https:\/\/hepsi-markt.de\/it\/wp-json\/wp\/v2\/product"}],"about":[{"href":"https:\/\/hepsi-markt.de\/it\/wp-json\/wp\/v2\/types\/product"}],"wp:featuredmedia":[{"embeddable":true,"href":"https:\/\/hepsi-markt.de\/it\/wp-json\/wp\/v2\/media\/7714934"}],"wp:attachment":[{"href":"https:\/\/hepsi-markt.de\/it\/wp-json\/wp\/v2\/media?parent=7656972"}],"wp:term":[{"taxonomy":"product_brand","embeddable":true,"href":"https:\/\/hepsi-markt.de\/it\/wp-json\/wp\/v2\/product_brand?post=7656972"},{"taxonomy":"product_cat","embeddable":true,"href":"https:\/\/hepsi-markt.de\/it\/wp-json\/wp\/v2\/product_cat?post=7656972"},{"taxonomy":"product_tag","embeddable":true,"href":"https:\/\/hepsi-markt.de\/it\/wp-json\/wp\/v2\/product_tag?post=7656972"}],"curies":[{"name":"wp","href":"https:\/\/api.w.org\/{rel}","templated":true}]}}