	{"id":7656860,"date":"2024-12-09T11:22:00","date_gmt":"2024-12-09T10:22:00","guid":{"rendered":"https:\/\/hepsi-markt.de\/produkt\/uelker-poetiboer-biskuevi-450g\/"},"modified":"2026-04-06T02:05:17","modified_gmt":"2026-04-06T00:05:17","slug":"uelker-poetiboer-biskuevi-450g","status":"publish","type":"product","link":"https:\/\/hepsi-markt.de\/it\/produkt\/uelker-poetiboer-biskuevi-450g\/","title":{"rendered":"\u00dclker Petib\u00f6r Cifte Kavrulmus Bisk\u00fcvi"},"content":{"rendered":"<p>\u00dclker P\u00f6tib\u00f6r Bisk\u00fcvi 450g<\/p>\n","protected":false},"excerpt":{"rendered":"<p>450 G<br \/>1000 Gramm = 6,64<\/p>\n","protected":false},"featured_media":7712619,"template":"","meta":{"_acf_changed":false},"product_brand":[],"product_cat":[396],"product_tag":[],"class_list":{"0":"post-7656860","1":"product","2":"type-product","3":"status-publish","4":"has-post-thumbnail","6":"product_cat-snacks-suessigkeiten","8":"first","9":"outofstock","10":"shipping-taxable","11":"product-type-simple"},"acf":[],"_links":{"self":[{"href":"https:\/\/hepsi-markt.de\/it\/wp-json\/wp\/v2\/product\/7656860","targetHints":{"allow":["GET"]}}],"collection":[{"href":"https:\/\/hepsi-markt.de\/it\/wp-json\/wp\/v2\/product"}],"about":[{"href":"https:\/\/hepsi-markt.de\/it\/wp-json\/wp\/v2\/types\/product"}],"wp:featuredmedia":[{"embeddable":true,"href":"https:\/\/hepsi-markt.de\/it\/wp-json\/wp\/v2\/media\/7712619"}],"wp:attachment":[{"href":"https:\/\/hepsi-markt.de\/it\/wp-json\/wp\/v2\/media?parent=7656860"}],"wp:term":[{"taxonomy":"product_brand","embeddable":true,"href":"https:\/\/hepsi-markt.de\/it\/wp-json\/wp\/v2\/product_brand?post=7656860"},{"taxonomy":"product_cat","embeddable":true,"href":"https:\/\/hepsi-markt.de\/it\/wp-json\/wp\/v2\/product_cat?post=7656860"},{"taxonomy":"product_tag","embeddable":true,"href":"https:\/\/hepsi-markt.de\/it\/wp-json\/wp\/v2\/product_tag?post=7656860"}],"curies":[{"name":"wp","href":"https:\/\/api.w.org\/{rel}","templated":true}]}}