	{"id":7656859,"date":"2024-12-09T11:21:59","date_gmt":"2024-12-09T10:21:59","guid":{"rendered":"https:\/\/hepsi-markt.de\/produkt\/uelker-petiboer-kakao\/"},"modified":"2026-04-06T02:05:16","modified_gmt":"2026-04-06T00:05:16","slug":"uelker-petiboer-kakao","status":"publish","type":"product","link":"https:\/\/hepsi-markt.de\/it\/produkt\/uelker-petiboer-kakao\/","title":{"rendered":"\u00dclker Petib\u00f6r Kakao"},"content":{"rendered":"<p>\u00dclker Petib\u00f6r Kakao<\/p>\n","protected":false},"excerpt":{"rendered":"<p>450 G<br \/>1000 Gramm = 7,76<\/p>\n","protected":false},"featured_media":7712606,"template":"","meta":{"_acf_changed":false},"product_brand":[],"product_cat":[396],"product_tag":[],"class_list":{"0":"post-7656859","1":"product","2":"type-product","3":"status-publish","4":"has-post-thumbnail","6":"product_cat-snacks-suessigkeiten","8":"first","9":"outofstock","10":"shipping-taxable","11":"product-type-simple"},"acf":[],"_links":{"self":[{"href":"https:\/\/hepsi-markt.de\/it\/wp-json\/wp\/v2\/product\/7656859","targetHints":{"allow":["GET"]}}],"collection":[{"href":"https:\/\/hepsi-markt.de\/it\/wp-json\/wp\/v2\/product"}],"about":[{"href":"https:\/\/hepsi-markt.de\/it\/wp-json\/wp\/v2\/types\/product"}],"wp:featuredmedia":[{"embeddable":true,"href":"https:\/\/hepsi-markt.de\/it\/wp-json\/wp\/v2\/media\/7712606"}],"wp:attachment":[{"href":"https:\/\/hepsi-markt.de\/it\/wp-json\/wp\/v2\/media?parent=7656859"}],"wp:term":[{"taxonomy":"product_brand","embeddable":true,"href":"https:\/\/hepsi-markt.de\/it\/wp-json\/wp\/v2\/product_brand?post=7656859"},{"taxonomy":"product_cat","embeddable":true,"href":"https:\/\/hepsi-markt.de\/it\/wp-json\/wp\/v2\/product_cat?post=7656859"},{"taxonomy":"product_tag","embeddable":true,"href":"https:\/\/hepsi-markt.de\/it\/wp-json\/wp\/v2\/product_tag?post=7656859"}],"curies":[{"name":"wp","href":"https:\/\/api.w.org\/{rel}","templated":true}]}}