	{"id":7656651,"date":"2024-12-09T11:19:10","date_gmt":"2024-12-09T10:19:10","guid":{"rendered":"https:\/\/hepsi-markt.de\/produkt\/gg-kaffeefilter-groesse-4\/"},"modified":"2026-04-04T02:53:13","modified_gmt":"2026-04-04T00:53:13","slug":"gg-kaffeefilter-groesse-4","status":"publish","type":"product","link":"https:\/\/hepsi-markt.de\/it\/produkt\/gg-kaffeefilter-groesse-4\/","title":{"rendered":"G&amp;g Kaffeefilter Gr\u00f6\u00dfe 4"},"content":{"rendered":"<p>G&amp;g Kaffeefilter Gr\u00f6\u00dfe 4<\/p>\n","protected":false},"excerpt":{"rendered":"<p>100 ST<br \/>St\u00fcck = 0,01<\/p>\n","protected":false},"featured_media":7708804,"template":"","meta":{"_acf_changed":false},"product_brand":[],"product_cat":[392],"product_tag":[],"class_list":{"0":"post-7656651","1":"product","2":"type-product","3":"status-publish","4":"has-post-thumbnail","6":"product_cat-kueche-haushalt","8":"first","9":"outofstock","10":"shipping-taxable","11":"product-type-simple"},"acf":[],"_links":{"self":[{"href":"https:\/\/hepsi-markt.de\/it\/wp-json\/wp\/v2\/product\/7656651","targetHints":{"allow":["GET"]}}],"collection":[{"href":"https:\/\/hepsi-markt.de\/it\/wp-json\/wp\/v2\/product"}],"about":[{"href":"https:\/\/hepsi-markt.de\/it\/wp-json\/wp\/v2\/types\/product"}],"wp:featuredmedia":[{"embeddable":true,"href":"https:\/\/hepsi-markt.de\/it\/wp-json\/wp\/v2\/media\/7708804"}],"wp:attachment":[{"href":"https:\/\/hepsi-markt.de\/it\/wp-json\/wp\/v2\/media?parent=7656651"}],"wp:term":[{"taxonomy":"product_brand","embeddable":true,"href":"https:\/\/hepsi-markt.de\/it\/wp-json\/wp\/v2\/product_brand?post=7656651"},{"taxonomy":"product_cat","embeddable":true,"href":"https:\/\/hepsi-markt.de\/it\/wp-json\/wp\/v2\/product_cat?post=7656651"},{"taxonomy":"product_tag","embeddable":true,"href":"https:\/\/hepsi-markt.de\/it\/wp-json\/wp\/v2\/product_tag?post=7656651"}],"curies":[{"name":"wp","href":"https:\/\/api.w.org\/{rel}","templated":true}]}}