	{"id":7656650,"date":"2024-12-09T11:19:09","date_gmt":"2024-12-09T10:19:09","guid":{"rendered":"https:\/\/hepsi-markt.de\/produkt\/gg-frischkaese-mit-kraeutern\/"},"modified":"2026-04-05T02:01:58","modified_gmt":"2026-04-05T00:01:58","slug":"gg-frischkaese-mit-kraeutern","status":"publish","type":"product","link":"https:\/\/hepsi-markt.de\/it\/produkt\/gg-frischkaese-mit-kraeutern\/","title":{"rendered":"G&amp;g Frischk\u00e4se Mit Kr\u00e4utern"},"content":{"rendered":"<p>G&amp;g Frischk\u00e4se Mit Kr\u00e4utern<\/p>\n","protected":false},"excerpt":{"rendered":"<p>300 G<br \/>1000 Gramm = 5,63<\/p>\n","protected":false},"featured_media":7708771,"template":"","meta":{"_acf_changed":false},"product_brand":[],"product_cat":[393],"product_tag":[],"class_list":{"0":"post-7656650","1":"product","2":"type-product","3":"status-publish","4":"has-post-thumbnail","6":"product_cat-kaese-eier-molkerei","8":"first","9":"outofstock","10":"shipping-taxable","11":"product-type-simple"},"acf":[],"_links":{"self":[{"href":"https:\/\/hepsi-markt.de\/it\/wp-json\/wp\/v2\/product\/7656650","targetHints":{"allow":["GET"]}}],"collection":[{"href":"https:\/\/hepsi-markt.de\/it\/wp-json\/wp\/v2\/product"}],"about":[{"href":"https:\/\/hepsi-markt.de\/it\/wp-json\/wp\/v2\/types\/product"}],"wp:featuredmedia":[{"embeddable":true,"href":"https:\/\/hepsi-markt.de\/it\/wp-json\/wp\/v2\/media\/7708771"}],"wp:attachment":[{"href":"https:\/\/hepsi-markt.de\/it\/wp-json\/wp\/v2\/media?parent=7656650"}],"wp:term":[{"taxonomy":"product_brand","embeddable":true,"href":"https:\/\/hepsi-markt.de\/it\/wp-json\/wp\/v2\/product_brand?post=7656650"},{"taxonomy":"product_cat","embeddable":true,"href":"https:\/\/hepsi-markt.de\/it\/wp-json\/wp\/v2\/product_cat?post=7656650"},{"taxonomy":"product_tag","embeddable":true,"href":"https:\/\/hepsi-markt.de\/it\/wp-json\/wp\/v2\/product_tag?post=7656650"}],"curies":[{"name":"wp","href":"https:\/\/api.w.org\/{rel}","templated":true}]}}